{"id":9286,"date":"2026-04-15T12:49:58","date_gmt":"2026-04-15T10:49:58","guid":{"rendered":"https:\/\/cirmar.com\/dienste\/"},"modified":"2026-04-21T12:07:24","modified_gmt":"2026-04-21T10:07:24","slug":"dienste","status":"publish","type":"page","link":"https:\/\/cirmar.com\/de\/dienste\/","title":{"rendered":"Dienste"},"content":{"rendered":"\n<div style=\"height:134px\" aria-hidden=\"true\" class=\"wp-block-spacer\"><\/div>\n\n\n\n<p class=\"has-text-align-center has-medium-font-size\">Cirmar unterst\u00fctzt Organisationen beim \u00dcbergang von linearen zu zirkul\u00e4ren Arbeitsweisen. Wir bieten Unterst\u00fctzung bei Strategieentwicklung, operativer Transformation, technischer Implementierung und Kommunikation \u2013 stets datenbasiert, unter Ber\u00fccksichtigung regulatorischer Vorgaben und realer Machbarkeit.<\/p>\n\n\n\n<div style=\"height:51px\" aria-hidden=\"true\" class=\"wp-block-spacer\"><\/div>\n\n\n\n<h3 class=\"wp-block-heading\"><strong>Strategie<\/strong> \u2013 die Art und Weise, wie Sie arbeiten<\/h3>\n\n\n\n<h3 class=\"wp-block-heading\"><strong>Branchen<\/strong> \u2013 unsere St\u00e4rke ist Vielfalt<\/h3>\n\n\n\n<h3 class=\"wp-block-heading\"><strong>Betriebsabl\u00e4ufe<\/strong> \u2013 Umsetzung der Kreislaufwirtschaft in die Praxis<\/h3>\n\n\n\n<h3 class=\"wp-block-heading\">Technische Dienste \u2013 Integrationen und Datenstrategie<\/h3>\n\n\n\n<h3 class=\"wp-block-heading\"><strong>Wissen und Forschung<\/strong> \u2013 im Dienste des \u00dcbergangs zu einer Kreislaufwirtschaft<\/h3>\n\n\n\n<div style=\"height:83px\" aria-hidden=\"true\" class=\"wp-block-spacer\"><\/div>\n\n\n\n<div class=\"wp-block-media-text is-stacked-on-mobile\"><figure class=\"wp-block-media-text__media\"><img loading=\"lazy\" decoding=\"async\" width=\"1024\" height=\"653\" src=\"https:\/\/cirmar.com\/\/app\/uploads\/2026\/02\/frans-ispt-1024x653.jpeg\" alt=\"\" class=\"wp-image-7990 size-full\" srcset=\"https:\/\/cirmar.com\/\/app\/uploads\/2026\/02\/frans-ispt-1024x653.jpeg 1024w, https:\/\/cirmar.com\/\/app\/uploads\/2026\/02\/frans-ispt-300x191.jpeg 300w, https:\/\/cirmar.com\/\/app\/uploads\/2026\/02\/frans-ispt-768x490.jpeg 768w, https:\/\/cirmar.com\/\/app\/uploads\/2026\/02\/frans-ispt-1536x980.jpeg 1536w, https:\/\/cirmar.com\/\/app\/uploads\/2026\/02\/frans-ispt-1694x1080.jpeg 1694w, https:\/\/cirmar.com\/\/app\/uploads\/2026\/02\/frans-ispt-862x550.jpeg 862w, https:\/\/cirmar.com\/\/app\/uploads\/2026\/02\/frans-ispt-250x159.jpeg 250w, https:\/\/cirmar.com\/\/app\/uploads\/2026\/02\/frans-ispt-600x383.jpeg 600w, https:\/\/cirmar.com\/\/app\/uploads\/2026\/02\/frans-ispt.jpeg 2048w\" sizes=\"(max-width: 1024px) 100vw, 1024px\" \/><\/figure><div class=\"wp-block-media-text__content\">\n<h2 class=\"wp-block-heading has-medium-font-size\">Strategie<\/h2>\n\n\n\n<p class=\"has-medium-font-size\"><a href=\"https:\/\/cirmar.com\/de\/linear-bis-zirkulaer\/\">Linear bis zirkul\u00e4r<\/a><\/p>\n\n\n\n<p class=\"has-medium-font-size\"><a href=\"https:\/\/cirmar.com\/de\/netto-null-und-dekarbonisierung\/\">Netto-Null und Dekarbonisierung<\/a><\/p>\n\n\n\n<p class=\"has-medium-font-size\"><a href=\"https:\/\/cirmar.com\/de\/zirkulaere-geschaeftsmodelle\/\">Zirkul\u00e4re Gesch\u00e4ftsmodelle<\/a><\/p>\n\n\n\n<p class=\"has-medium-font-size\"><a href=\"https:\/\/cirmar.com\/de\/zweckstrategie\/\">Purpose-Strategie<\/a><\/p>\n\n\n\n<p class=\"has-medium-font-size\"><a href=\"https:\/\/cirmar.com\/de\/einhaltung-gesetzlicher-vorschriften\/\">Einhaltung gesetzlicher Vorschriften<\/a><\/p>\n\n\n\n<p class=\"has-medium-font-size\"><a href=\"https:\/\/cirmar.com\/de\/unternehmens-produkt-footprinting\/\">Unternehmens- und Produkt-Footprinting<\/a><\/p>\n<\/div><\/div>\n\n\n\n<div style=\"height:63px\" aria-hidden=\"true\" class=\"wp-block-spacer\"><\/div>\n\n\n\n<div class=\"wp-block-media-text has-media-on-the-right is-stacked-on-mobile\"><div class=\"wp-block-media-text__content\">\n<h2 class=\"wp-block-heading\">Sektoren<\/h2>\n\n\n\n<p class=\"has-medium-font-size\"><a href=\"https:\/\/cirmar.com\/de\/textilien\/\">Textilien<\/a><\/p>\n\n\n\n<p class=\"has-medium-font-size\"><a href=\"https:\/\/cirmar.com\/de\/der-bausektor\/\">Der Bausektor<\/a><\/p>\n\n\n\n<p class=\"has-medium-font-size\"><a href=\"https:\/\/cirmar.com\/de\/einzelhandel\/\">Einzelhandel<\/a><\/p>\n\n\n\n<p class=\"has-medium-font-size\"><a href=\"https:\/\/cirmar.com\/de\/reinigungsprodukte\/\">Reinigungsprodukte<\/a><\/p>\n\n\n\n<p class=\"has-medium-font-size\"><a href=\"https:\/\/cirmar.com\/de\/persoenliche-schutzausruestung-psa\/\">Pers\u00f6nliche Schutzausr\u00fcstung (PSA)<\/a><\/p>\n<\/div><figure class=\"wp-block-media-text__media\"><img loading=\"lazy\" decoding=\"async\" width=\"570\" height=\"798\" src=\"https:\/\/cirmar.com\/\/app\/uploads\/2021\/08\/fibers-slider-1-1-1.jpeg\" alt=\"\" class=\"wp-image-400 size-full\" srcset=\"https:\/\/cirmar.com\/\/app\/uploads\/2021\/08\/fibers-slider-1-1-1.jpeg 570w, https:\/\/cirmar.com\/\/app\/uploads\/2021\/08\/fibers-slider-1-1-1-214x300.jpeg 214w, https:\/\/cirmar.com\/\/app\/uploads\/2021\/08\/fibers-slider-1-1-1-393x550.jpeg 393w, https:\/\/cirmar.com\/\/app\/uploads\/2021\/08\/fibers-slider-1-1-1-157x220.jpeg 157w, https:\/\/cirmar.com\/\/app\/uploads\/2021\/08\/fibers-slider-1-1-1-179x250.jpeg 179w, https:\/\/cirmar.com\/\/app\/uploads\/2021\/08\/fibers-slider-1-1-1-321x450.jpeg 321w\" sizes=\"(max-width: 570px) 100vw, 570px\" \/><\/figure><\/div>\n\n\n\n<div style=\"height:92px\" aria-hidden=\"true\" class=\"wp-block-spacer\"><\/div>\n\n\n\n<div class=\"wp-block-media-text is-stacked-on-mobile\"><figure class=\"wp-block-media-text__media\"><img loading=\"lazy\" decoding=\"async\" width=\"1024\" height=\"781\" src=\"https:\/\/cirmar.com\/\/app\/uploads\/2022\/08\/IMG_3906-1-1024x781.jpg\" alt=\"\" class=\"wp-image-1322 size-full\" srcset=\"https:\/\/cirmar.com\/\/app\/uploads\/2022\/08\/IMG_3906-1-1024x781.jpg 1024w, https:\/\/cirmar.com\/\/app\/uploads\/2022\/08\/IMG_3906-1-300x229.jpg 300w, https:\/\/cirmar.com\/\/app\/uploads\/2022\/08\/IMG_3906-1-768x586.jpg 768w, https:\/\/cirmar.com\/\/app\/uploads\/2022\/08\/IMG_3906-1-1536x1172.jpg 1536w, https:\/\/cirmar.com\/\/app\/uploads\/2022\/08\/IMG_3906-1-1415x1080.jpg 1415w, https:\/\/cirmar.com\/\/app\/uploads\/2022\/08\/IMG_3906-1-721x550.jpg 721w, https:\/\/cirmar.com\/\/app\/uploads\/2022\/08\/IMG_3906-1-250x191.jpg 250w, https:\/\/cirmar.com\/\/app\/uploads\/2022\/08\/IMG_3906-1-590x450.jpg 590w, https:\/\/cirmar.com\/\/app\/uploads\/2022\/08\/IMG_3906-1.jpg 1895w\" sizes=\"(max-width: 1024px) 100vw, 1024px\" \/><\/figure><div class=\"wp-block-media-text__content\">\n<h2 class=\"wp-block-heading\">Operationen<\/h2>\n\n\n\n<p class=\"has-medium-font-size\"><a href=\"https:\/\/cirmar.com\/de\/rueckwaertslogistik\/\">R\u00fcckw\u00e4rtslogistik<\/a><\/p>\n\n\n\n<p class=\"has-medium-font-size\"><a href=\"https:\/\/cirmar.com\/de\/ueberholung-und-wiederaufbereitung\/\">\u00dcberholung und Wiederaufbereitung<\/a><\/p>\n\n\n\n<p class=\"has-medium-font-size\"><a href=\"https:\/\/cirmar.com\/de\/recycling\/\">Recycling<\/a><\/p>\n\n\n\n<p class=\"has-medium-font-size\"><a href=\"https:\/\/cirmar.com\/de\/rohstoffforschung\/\">Rohstoffforschung<\/a><\/p>\n\n\n\n<p class=\"has-medium-font-size\"><a href=\"https:\/\/cirmar.com\/de\/neue-anwendungen\/\">Neue Anwendungen<\/a><\/p>\n\n\n\n<p class=\"has-medium-font-size\"><a href=\"https:\/\/cirmar.com\/de\/vom-abfall-zur-ressource\/\">Von Abfall zur Rohstoff<\/a><\/p>\n<\/div><\/div>\n\n\n\n<div style=\"height:118px\" aria-hidden=\"true\" class=\"wp-block-spacer\"><\/div>\n\n\n\n<figure class=\"wp-block-gallery has-nested-images columns-default is-cropped wp-block-gallery-1 is-layout-flex wp-block-gallery-is-layout-flex\">\n<figure class=\"wp-block-image size-large\"><img loading=\"lazy\" decoding=\"async\" width=\"1024\" height=\"683\" data-id=\"6616\" src=\"https:\/\/cirmar.com\/\/app\/uploads\/2025\/12\/53528791359_70f9aa9670_h-1024x683.jpg\" alt=\"\" class=\"wp-image-6616\" srcset=\"https:\/\/cirmar.com\/\/app\/uploads\/2025\/12\/53528791359_70f9aa9670_h-1024x683.jpg 1024w, https:\/\/cirmar.com\/\/app\/uploads\/2025\/12\/53528791359_70f9aa9670_h-300x200.jpg 300w, https:\/\/cirmar.com\/\/app\/uploads\/2025\/12\/53528791359_70f9aa9670_h-768x512.jpg 768w, https:\/\/cirmar.com\/\/app\/uploads\/2025\/12\/53528791359_70f9aa9670_h-1536x1024.jpg 1536w, https:\/\/cirmar.com\/\/app\/uploads\/2025\/12\/53528791359_70f9aa9670_h-825x550.jpg 825w, https:\/\/cirmar.com\/\/app\/uploads\/2025\/12\/53528791359_70f9aa9670_h-250x167.jpg 250w, https:\/\/cirmar.com\/\/app\/uploads\/2025\/12\/53528791359_70f9aa9670_h-600x400.jpg 600w, https:\/\/cirmar.com\/\/app\/uploads\/2025\/12\/53528791359_70f9aa9670_h.jpg 1599w\" sizes=\"(max-width: 1024px) 100vw, 1024px\" \/><\/figure>\n\n\n\n<figure class=\"wp-block-image size-large\"><img loading=\"lazy\" decoding=\"async\" width=\"1024\" height=\"854\" data-id=\"6097\" src=\"https:\/\/cirmar.com\/\/app\/uploads\/2025\/08\/dijkstra-plastics-visit-1024x854.jpeg\" alt=\"\" class=\"wp-image-6097\" srcset=\"https:\/\/cirmar.com\/\/app\/uploads\/2025\/08\/dijkstra-plastics-visit-1024x854.jpeg 1024w, https:\/\/cirmar.com\/\/app\/uploads\/2025\/08\/dijkstra-plastics-visit-300x250.jpeg 300w, https:\/\/cirmar.com\/\/app\/uploads\/2025\/08\/dijkstra-plastics-visit-768x640.jpeg 768w, https:\/\/cirmar.com\/\/app\/uploads\/2025\/08\/dijkstra-plastics-visit-1536x1281.jpeg 1536w, https:\/\/cirmar.com\/\/app\/uploads\/2025\/08\/dijkstra-plastics-visit-1295x1080.jpeg 1295w, https:\/\/cirmar.com\/\/app\/uploads\/2025\/08\/dijkstra-plastics-visit-660x550.jpeg 660w, https:\/\/cirmar.com\/\/app\/uploads\/2025\/08\/dijkstra-plastics-visit-250x208.jpeg 250w, https:\/\/cirmar.com\/\/app\/uploads\/2025\/08\/dijkstra-plastics-visit-540x450.jpeg 540w, https:\/\/cirmar.com\/\/app\/uploads\/2025\/08\/dijkstra-plastics-visit.jpeg 1600w\" sizes=\"(max-width: 1024px) 100vw, 1024px\" \/><\/figure>\n\n\n\n<figure class=\"wp-block-image size-large\"><img loading=\"lazy\" decoding=\"async\" width=\"1024\" height=\"768\" data-id=\"3806\" src=\"https:\/\/cirmar.com\/\/app\/uploads\/2024\/06\/Afbeelding11-1024x768.jpg\" alt=\"\" class=\"wp-image-3806\" srcset=\"https:\/\/cirmar.com\/\/app\/uploads\/2024\/06\/Afbeelding11-1024x768.jpg 1024w, https:\/\/cirmar.com\/\/app\/uploads\/2024\/06\/Afbeelding11-300x225.jpg 300w, https:\/\/cirmar.com\/\/app\/uploads\/2024\/06\/Afbeelding11-768x576.jpg 768w, https:\/\/cirmar.com\/\/app\/uploads\/2024\/06\/Afbeelding11-1440x1080.jpg 1440w, https:\/\/cirmar.com\/\/app\/uploads\/2024\/06\/Afbeelding11-733x550.jpg 733w, https:\/\/cirmar.com\/\/app\/uploads\/2024\/06\/Afbeelding11-250x188.jpg 250w, https:\/\/cirmar.com\/\/app\/uploads\/2024\/06\/Afbeelding11-600x450.jpg 600w, https:\/\/cirmar.com\/\/app\/uploads\/2024\/06\/Afbeelding11.jpg 1512w\" sizes=\"(max-width: 1024px) 100vw, 1024px\" \/><\/figure>\n<\/figure>\n\n\n\n<div style=\"height:140px\" aria-hidden=\"true\" class=\"wp-block-spacer\"><\/div>\n\n\n\n<div class=\"wp-block-media-text has-media-on-the-right is-stacked-on-mobile\"><div class=\"wp-block-media-text__content\">\n<h2 class=\"wp-block-heading\">Technische Dienstleistungen<\/h2>\n\n\n\n<p class=\"has-medium-font-size\"><a href=\"https:\/\/cirmar.com\/de\/erstellung-von-dpps-mit-code-standards\/\">Erstellung von DPPs mit Codestandards<\/a><\/p>\n\n\n\n<p class=\"has-medium-font-size\"><a href=\"https:\/\/cirmar.com\/de\/verbindungen-mit-pim-und-erp-systemen\/\">PIM- und ERP-Verbindungen<\/a><\/p>\n\n\n\n<p class=\"has-medium-font-size\">API-Dienste<\/p>\n\n\n\n<p class=\"has-medium-font-size\"><a href=\"https:\/\/cirmar.com\/de\/datenluecken-schliessen\/\">Datenl\u00fccken schlie\u00dfen<\/a><\/p>\n<\/div><figure class=\"wp-block-media-text__media\"><img loading=\"lazy\" decoding=\"async\" width=\"1024\" height=\"593\" src=\"https:\/\/cirmar.com\/\/app\/uploads\/2026\/02\/Scherm\u00adafbeelding-2026-02-16-om-16.23.07-1024x593.png\" alt=\"\" class=\"wp-image-8032 size-full\" srcset=\"https:\/\/cirmar.com\/\/app\/uploads\/2026\/02\/Scherm\u00adafbeelding-2026-02-16-om-16.23.07-1024x593.png 1024w, https:\/\/cirmar.com\/\/app\/uploads\/2026\/02\/Scherm\u00adafbeelding-2026-02-16-om-16.23.07-300x174.png 300w, https:\/\/cirmar.com\/\/app\/uploads\/2026\/02\/Scherm\u00adafbeelding-2026-02-16-om-16.23.07-768x444.png 768w, https:\/\/cirmar.com\/\/app\/uploads\/2026\/02\/Scherm\u00adafbeelding-2026-02-16-om-16.23.07-950x550.png 950w, https:\/\/cirmar.com\/\/app\/uploads\/2026\/02\/Scherm\u00adafbeelding-2026-02-16-om-16.23.07-250x145.png 250w, https:\/\/cirmar.com\/\/app\/uploads\/2026\/02\/Scherm\u00adafbeelding-2026-02-16-om-16.23.07-600x347.png 600w, https:\/\/cirmar.com\/\/app\/uploads\/2026\/02\/Scherm\u00adafbeelding-2026-02-16-om-16.23.07.png 1080w\" sizes=\"(max-width: 1024px) 100vw, 1024px\" \/><\/figure><\/div>\n\n\n\n<div style=\"height:83px\" aria-hidden=\"true\" class=\"wp-block-spacer\"><\/div>\n\n\n\n<div class=\"wp-block-media-text is-stacked-on-mobile\"><figure class=\"wp-block-media-text__media\"><img loading=\"lazy\" decoding=\"async\" width=\"900\" height=\"600\" src=\"https:\/\/cirmar.com\/\/app\/uploads\/2024\/04\/presentatie-LIOF.jpeg\" alt=\"\" class=\"wp-image-3509 size-full\" srcset=\"https:\/\/cirmar.com\/\/app\/uploads\/2024\/04\/presentatie-LIOF.jpeg 900w, https:\/\/cirmar.com\/\/app\/uploads\/2024\/04\/presentatie-LIOF-300x200.jpeg 300w, https:\/\/cirmar.com\/\/app\/uploads\/2024\/04\/presentatie-LIOF-768x512.jpeg 768w, https:\/\/cirmar.com\/\/app\/uploads\/2024\/04\/presentatie-LIOF-825x550.jpeg 825w, https:\/\/cirmar.com\/\/app\/uploads\/2024\/04\/presentatie-LIOF-250x167.jpeg 250w, https:\/\/cirmar.com\/\/app\/uploads\/2024\/04\/presentatie-LIOF-600x400.jpeg 600w\" sizes=\"(max-width: 900px) 100vw, 900px\" \/><\/figure><div class=\"wp-block-media-text__content\">\n<h2 class=\"wp-block-heading\">Wissen<\/h2>\n\n\n\n<p class=\"has-medium-font-size\"><a href=\"https:\/\/cirmar.com\/de\/compliance-scans\/\">Compliance-Scans<\/a><\/p>\n\n\n\n<p class=\"has-medium-font-size\">Forschungsprojekte<\/p>\n\n\n\n<p class=\"has-medium-font-size\">Workshops<\/p>\n\n\n\n<p class=\"has-medium-font-size\">Projektmanagement<\/p>\n\n\n\n<p class=\"has-medium-font-size\">Positionierung und Kommunikation<\/p>\n<\/div><\/div>\n\n\n\n<div style=\"height:93px\" aria-hidden=\"true\" class=\"wp-block-spacer\"><\/div>\n\n\n\n<p class=\"has-medium-font-size\">Unsere Experten f\u00fcr Kreislaufwirtschaft sind bereit, Ihr Unternehmen zu transformieren.<\/p>\n\n\n\n<div class=\"wp-block-buttons is-layout-flex wp-block-buttons-is-layout-flex\">\n<div class=\"wp-block-button\"><a class=\"wp-block-button__link wp-element-button\" href=\"https:\/\/cirmar.com\/de\/kontakt\/\">Nehmen Sie jetzt Kontakt auf<\/a><\/div>\n<\/div>\n\n\n\n<div style=\"height:93px\" aria-hidden=\"true\" class=\"wp-block-spacer\"><\/div>\n\n\n\n<p class=\"has-medium-font-size\">Erfahren Sie mehr \u00fcber unsere Kreislauftransformationen, indem Sie in unsere Kreislaufgeschichten eintauchen.<\/p>\n\n\n\n<div class=\"wp-block-buttons is-layout-flex wp-block-buttons-is-layout-flex\">\n<div class=\"wp-block-button\"><a class=\"wp-block-button__link wp-element-button\" href=\"https:\/\/cirmar.com\/use-cases\/alpheios\/\">Vebego Bright Solutions<\/a><\/div>\n\n\n\n<div class=\"wp-block-button\"><a class=\"wp-block-button__link wp-element-button\" href=\"https:\/\/cirmar.com\/use-cases\/refurbished-containers\/\">TTC Nederland<\/a><\/div>\n\n\n\n<div class=\"wp-block-button\"><a class=\"wp-block-button__link wp-element-button\" href=\"https:\/\/cirmar.com\/use-cases\/centerparcs-cottages\/\">Center Parcs<\/a><\/div>\n\n\n\n<div class=\"wp-block-button\"><a class=\"wp-block-button__link wp-element-button\" href=\"https:\/\/cirmar.com\/use-cases\/gaia-circulair-return-logistics\/\">GAIA Circulair<\/a><\/div>\n<\/div>\n\n\n\n<p><\/p>\n","protected":false},"excerpt":{"rendered":"<p>Cirmar unterst\u00fctzt Organisationen beim \u00dcbergang von linearen zu zirkul\u00e4ren Arbeitsweisen. Wir bieten Unterst\u00fctzung bei Strategieentwicklung, operativer Transformation, technischer Implementierung und Kommunikation \u2013 stets datenbasiert, unter Ber\u00fccksichtigung regulatorischer Vorgaben und realer Machbarkeit. Strategie \u2013 die Art und Weise, wie Sie arbeiten Branchen \u2013 unsere St\u00e4rke ist Vielfalt Betriebsabl\u00e4ufe \u2013 Umsetzung der Kreislaufwirtschaft in die Praxis Technische&#8230;<\/p>\n","protected":false},"author":2,"featured_media":0,"parent":0,"menu_order":0,"comment_status":"closed","ping_status":"closed","template":"","meta":{"footnotes":""},"class_list":["post-9286","page","type-page","status-publish","hentry"],"acf":[],"yoast_head":"<!-- This site is optimized with the Yoast SEO plugin v22.1 - https:\/\/yoast.com\/wordpress\/plugins\/seo\/ -->\n<title>Dienste - Cirmar<\/title>\n<meta name=\"description\" content=\"Die Dienste von Cirmar unterst\u00fctzen Unternehmen bei der Transformation hin zu kreislauforientierteren Strategien und Produkten. Unterst\u00fctzt durch C_passport\u00ae \u2013 den digitalen Produktpass.\" \/>\n<meta name=\"robots\" content=\"index, follow, max-snippet:-1, max-image-preview:large, max-video-preview:-1\" \/>\n<link rel=\"canonical\" href=\"https:\/\/cirmar.com\/de\/dienste\/\" \/>\n<meta property=\"og:locale\" content=\"de_DE\" \/>\n<meta property=\"og:type\" content=\"article\" \/>\n<meta property=\"og:title\" content=\"Dienste - Cirmar\" \/>\n<meta property=\"og:description\" content=\"Die Dienste von Cirmar unterst\u00fctzen Unternehmen bei der Transformation hin zu kreislauforientierteren Strategien und Produkten. Unterst\u00fctzt durch C_passport\u00ae \u2013 den digitalen Produktpass.\" \/>\n<meta property=\"og:url\" content=\"https:\/\/cirmar.com\/de\/dienste\/\" \/>\n<meta property=\"og:site_name\" content=\"Cirmar\" \/>\n<meta property=\"article:modified_time\" content=\"2026-04-21T10:07:24+00:00\" \/>\n<meta property=\"og:image\" content=\"https:\/\/cirmar.com\/\/app\/uploads\/2026\/02\/frans-ispt-1024x653.jpeg\" \/>\n<meta name=\"twitter:card\" content=\"summary_large_image\" \/>\n<meta name=\"twitter:label1\" content=\"Est. reading time\" \/>\n\t<meta name=\"twitter:data1\" content=\"3 minutes\" \/>\n<script type=\"application\/ld+json\" class=\"yoast-schema-graph\">{\"@context\":\"https:\/\/schema.org\",\"@graph\":[{\"@type\":\"WebPage\",\"@id\":\"https:\/\/cirmar.com\/de\/dienste\/\",\"url\":\"https:\/\/cirmar.com\/de\/dienste\/\",\"name\":\"Dienste - Cirmar\",\"isPartOf\":{\"@id\":\"https:\/\/cirmar.com\/#website\"},\"datePublished\":\"2026-04-15T10:49:58+00:00\",\"dateModified\":\"2026-04-21T10:07:24+00:00\",\"description\":\"Die Dienste von Cirmar unterst\u00fctzen Unternehmen bei der Transformation hin zu kreislauforientierteren Strategien und Produkten. Unterst\u00fctzt durch C_passport\u00ae \u2013 den digitalen Produktpass.\",\"breadcrumb\":{\"@id\":\"https:\/\/cirmar.com\/de\/dienste\/#breadcrumb\"},\"inLanguage\":\"de-DE\",\"potentialAction\":[{\"@type\":\"ReadAction\",\"target\":[\"https:\/\/cirmar.com\/de\/dienste\/\"]}]},{\"@type\":\"BreadcrumbList\",\"@id\":\"https:\/\/cirmar.com\/de\/dienste\/#breadcrumb\",\"itemListElement\":[{\"@type\":\"ListItem\",\"position\":1,\"name\":\"Cirmar\",\"item\":\"https:\/\/cirmar.com\/de\/\"},{\"@type\":\"ListItem\",\"position\":2,\"name\":\"Dienste\"}]},{\"@type\":\"WebSite\",\"@id\":\"https:\/\/cirmar.com\/#website\",\"url\":\"https:\/\/cirmar.com\/\",\"name\":\"Cirmar\",\"description\":\"The Digital Product Passport\",\"publisher\":{\"@id\":\"https:\/\/cirmar.com\/#organization\"},\"potentialAction\":[{\"@type\":\"SearchAction\",\"target\":{\"@type\":\"EntryPoint\",\"urlTemplate\":\"https:\/\/cirmar.com\/?s={search_term_string}\"},\"query-input\":\"required name=search_term_string\"}],\"inLanguage\":\"de-DE\"},{\"@type\":\"Organization\",\"@id\":\"https:\/\/cirmar.com\/#organization\",\"name\":\"Cirmar\",\"url\":\"https:\/\/cirmar.com\/\",\"logo\":{\"@type\":\"ImageObject\",\"inLanguage\":\"de-DE\",\"@id\":\"https:\/\/cirmar.com\/#\/schema\/logo\/image\/\",\"url\":\"https:\/\/www.cirmar.com\/app\/uploads\/2021\/09\/Group-14.png\",\"contentUrl\":\"https:\/\/www.cirmar.com\/app\/uploads\/2021\/09\/Group-14.png\",\"width\":233,\"height\":95,\"caption\":\"Cirmar\"},\"image\":{\"@id\":\"https:\/\/cirmar.com\/#\/schema\/logo\/image\/\"}}]}<\/script>\n<!-- \/ Yoast SEO plugin. -->","yoast_head_json":{"title":"Dienste - Cirmar","description":"Die Dienste von Cirmar unterst\u00fctzen Unternehmen bei der Transformation hin zu kreislauforientierteren Strategien und Produkten. Unterst\u00fctzt durch C_passport\u00ae \u2013 den digitalen Produktpass.","robots":{"index":"index","follow":"follow","max-snippet":"max-snippet:-1","max-image-preview":"max-image-preview:large","max-video-preview":"max-video-preview:-1"},"canonical":"https:\/\/cirmar.com\/de\/dienste\/","og_locale":"de_DE","og_type":"article","og_title":"Dienste - Cirmar","og_description":"Die Dienste von Cirmar unterst\u00fctzen Unternehmen bei der Transformation hin zu kreislauforientierteren Strategien und Produkten. Unterst\u00fctzt durch C_passport\u00ae \u2013 den digitalen Produktpass.","og_url":"https:\/\/cirmar.com\/de\/dienste\/","og_site_name":"Cirmar","article_modified_time":"2026-04-21T10:07:24+00:00","og_image":[{"url":"https:\/\/cirmar.com\/\/app\/uploads\/2026\/02\/frans-ispt-1024x653.jpeg"}],"twitter_card":"summary_large_image","twitter_misc":{"Est. reading time":"3 minutes"},"schema":{"@context":"https:\/\/schema.org","@graph":[{"@type":"WebPage","@id":"https:\/\/cirmar.com\/de\/dienste\/","url":"https:\/\/cirmar.com\/de\/dienste\/","name":"Dienste - Cirmar","isPartOf":{"@id":"https:\/\/cirmar.com\/#website"},"datePublished":"2026-04-15T10:49:58+00:00","dateModified":"2026-04-21T10:07:24+00:00","description":"Die Dienste von Cirmar unterst\u00fctzen Unternehmen bei der Transformation hin zu kreislauforientierteren Strategien und Produkten. Unterst\u00fctzt durch C_passport\u00ae \u2013 den digitalen Produktpass.","breadcrumb":{"@id":"https:\/\/cirmar.com\/de\/dienste\/#breadcrumb"},"inLanguage":"de-DE","potentialAction":[{"@type":"ReadAction","target":["https:\/\/cirmar.com\/de\/dienste\/"]}]},{"@type":"BreadcrumbList","@id":"https:\/\/cirmar.com\/de\/dienste\/#breadcrumb","itemListElement":[{"@type":"ListItem","position":1,"name":"Cirmar","item":"https:\/\/cirmar.com\/de\/"},{"@type":"ListItem","position":2,"name":"Dienste"}]},{"@type":"WebSite","@id":"https:\/\/cirmar.com\/#website","url":"https:\/\/cirmar.com\/","name":"Cirmar","description":"The Digital Product Passport","publisher":{"@id":"https:\/\/cirmar.com\/#organization"},"potentialAction":[{"@type":"SearchAction","target":{"@type":"EntryPoint","urlTemplate":"https:\/\/cirmar.com\/?s={search_term_string}"},"query-input":"required name=search_term_string"}],"inLanguage":"de-DE"},{"@type":"Organization","@id":"https:\/\/cirmar.com\/#organization","name":"Cirmar","url":"https:\/\/cirmar.com\/","logo":{"@type":"ImageObject","inLanguage":"de-DE","@id":"https:\/\/cirmar.com\/#\/schema\/logo\/image\/","url":"https:\/\/www.cirmar.com\/app\/uploads\/2021\/09\/Group-14.png","contentUrl":"https:\/\/www.cirmar.com\/app\/uploads\/2021\/09\/Group-14.png","width":233,"height":95,"caption":"Cirmar"},"image":{"@id":"https:\/\/cirmar.com\/#\/schema\/logo\/image\/"}}]}},"_links":{"self":[{"href":"https:\/\/cirmar.com\/de\/wp-json\/wp\/v2\/pages\/9286"}],"collection":[{"href":"https:\/\/cirmar.com\/de\/wp-json\/wp\/v2\/pages"}],"about":[{"href":"https:\/\/cirmar.com\/de\/wp-json\/wp\/v2\/types\/page"}],"author":[{"embeddable":true,"href":"https:\/\/cirmar.com\/de\/wp-json\/wp\/v2\/users\/2"}],"replies":[{"embeddable":true,"href":"https:\/\/cirmar.com\/de\/wp-json\/wp\/v2\/comments?post=9286"}],"version-history":[{"count":2,"href":"https:\/\/cirmar.com\/de\/wp-json\/wp\/v2\/pages\/9286\/revisions"}],"predecessor-version":[{"id":9439,"href":"https:\/\/cirmar.com\/de\/wp-json\/wp\/v2\/pages\/9286\/revisions\/9439"}],"wp:attachment":[{"href":"https:\/\/cirmar.com\/de\/wp-json\/wp\/v2\/media?parent=9286"}],"curies":[{"name":"wp","href":"https:\/\/api.w.org\/{rel}","templated":true}]}}