{"id":9292,"date":"2026-04-15T12:56:16","date_gmt":"2026-04-15T10:56:16","guid":{"rendered":"https:\/\/cirmar.com\/linear-bis-zirkulaer\/"},"modified":"2026-04-15T12:56:17","modified_gmt":"2026-04-15T10:56:17","slug":"linear-bis-zirkulaer","status":"publish","type":"page","link":"https:\/\/cirmar.com\/de\/linear-bis-zirkulaer\/","title":{"rendered":"Linear bis zirkul\u00e4r"},"content":{"rendered":"\n<h2 class=\"wp-block-heading\">Entwicklung von Kreislaufstrategien, die echte Wirkung erzielen<\/h2>\n\n<div style=\"height:105px\" aria-hidden=\"true\" class=\"wp-block-spacer\"><\/div>\n\n<p class=\"has-medium-font-size\"><strong>Der \u00dcbergang von einem linearen zu einem zirkul\u00e4ren Gesch\u00e4ftsmodell ist mehr als nur ein Nachhaltigkeitsziel \u2013 es ist eine strategische Transformation, die alle Bereiche Ihres Unternehmens betrifft. Unternehmen stehen heute unter zunehmendem Druck von Kunden, Regulierungsbeh\u00f6rden und Lieferketten, die Art und Weise, wie Produkte entwickelt, hergestellt, genutzt und recycelt werden, zu \u00fcberdenken. Wir bei Cirmar begleiten Unternehmen durch diese komplexe Welt mit praxisorientierten, datengest\u00fctzten und durch digitale Produktp\u00e4sse (DPPs) erm\u00f6glichten Strategien f\u00fcr eine Kreislaufwirtschaft.<\/strong><\/p>\n\n<div style=\"height:72px\" aria-hidden=\"true\" class=\"wp-block-spacer\"><\/div>\n\n<h2 class=\"wp-block-heading\"><strong>Warum die lineare Wirtschaft nicht mehr funktioniert<\/strong><\/h2>\n\n<p class=\"has-medium-font-size\">Jahrzehntelang trieb das lineare \u201eNehmen-Herstellen-Entsorgen\u201c-Modell das Wachstum an. Doch steigende Materialkosten, volatile Lieferketten und klimabedingte Vorschriften zwingen Unternehmen, ihre Arbeitsweise grundlegend zu \u00fcberdenken. Dieser Wandel ist unausweichlich, aber nicht immer einfach. Unternehmen ben\u00f6tigen Klarheit dar\u00fcber, wo sie anfangen, wie sie Priorit\u00e4ten setzen und wie sie ihre Ziele im Bereich der Kreislaufwirtschaft in messbare Ergebnisse umsetzen k\u00f6nnen.<\/p>\n\n<div style=\"height:50px\" aria-hidden=\"true\" class=\"wp-block-spacer\"><\/div>\n<div class=\"wp-block-image\">\n<figure class=\"aligncenter size-large is-resized\"><img loading=\"lazy\" decoding=\"async\" width=\"1024\" height=\"683\" src=\"https:\/\/cirmar.com\/\/app\/uploads\/2026\/02\/impact-circulariteit-op-emissies-1-1024x683.png\" alt=\"Zirkularit&#xE4;t im Scope 3\" class=\"wp-image-7930\" style=\"width:551px;height:auto\" srcset=\"https:\/\/cirmar.com\/\/app\/uploads\/2026\/02\/impact-circulariteit-op-emissies-1-1024x683.png 1024w, https:\/\/cirmar.com\/\/app\/uploads\/2026\/02\/impact-circulariteit-op-emissies-1-300x200.png 300w, https:\/\/cirmar.com\/\/app\/uploads\/2026\/02\/impact-circulariteit-op-emissies-1-768x512.png 768w, https:\/\/cirmar.com\/\/app\/uploads\/2026\/02\/impact-circulariteit-op-emissies-1-825x550.png 825w, https:\/\/cirmar.com\/\/app\/uploads\/2026\/02\/impact-circulariteit-op-emissies-1-250x167.png 250w, https:\/\/cirmar.com\/\/app\/uploads\/2026\/02\/impact-circulariteit-op-emissies-1-600x400.png 600w, https:\/\/cirmar.com\/\/app\/uploads\/2026\/02\/impact-circulariteit-op-emissies-1.png 1536w\" sizes=\"(max-width: 1024px) 100vw, 1024px\" \/><\/figure><\/div>\n<div style=\"height:43px\" aria-hidden=\"true\" class=\"wp-block-spacer\"><\/div>\n\n<h2 class=\"wp-block-heading\"><strong>Entwicklung einer Kreislaufstrategie, die zu Ihrem Unternehmen passt<\/strong><\/h2>\n\n<p class=\"has-medium-font-size\">Cirmar unterst\u00fctzt Unternehmen bei der Entwicklung einer praxisnahen, profitablen und skalierbaren Strategie. Wir arbeiten mit F\u00fchrungsteams zusammen, um den aktuellen Wertsch\u00f6pfungszyklus abzubilden, Potenziale f\u00fcr Kreislaufwirtschaft zu identifizieren und Ma\u00dfnahmen zu entwickeln, die die langfristige Wettbewerbsf\u00e4higkeit f\u00f6rdern. Unser Ansatz umfasst:<\/p>\n\n<ul class=\"wp-block-list\">\n<li class=\"has-medium-font-size\">Entwicklung eines zirkul\u00e4ren Gesch\u00e4ftsmodells<\/li>\n\n\n\n<li class=\"has-medium-font-size\">Material- und Wirkungsanalysen<\/li>\n\n\n\n<li class=\"has-medium-font-size\">Demontagegerechtes Design und Kreislaufwirtschaft auf Produktebene<\/li>\n\n\n\n<li class=\"has-medium-font-size\">Zirkularit\u00e4t im Betrieb<\/li>\n\n\n\n<li class=\"has-medium-font-size\">Wertsch\u00f6pfungszyklus und Stakeholder-Ausrichtung durch Storytelling<\/li>\n\n\n\n<li class=\"has-medium-font-size\">Regulatorische Bereitschaft (einschlie\u00dflich ESRS- und DPP-Anforderungen)<\/li>\n<\/ul>\n\n<p class=\"has-medium-font-size\">Jede von uns entwickelte Strategie ist auf die jeweilige Organisation zugeschnitten, datenbasiert und darauf ausgerichtet, echten Mehrwert zu schaffen \u2013 und nicht nur die gesetzlichen Vorgaben zu erf\u00fcllen.<\/p>\n\n<div style=\"height:72px\" aria-hidden=\"true\" class=\"wp-block-spacer\"><\/div>\n\n<div class=\"wp-block-media-text is-stacked-on-mobile\"><figure class=\"wp-block-media-text__media\"><img loading=\"lazy\" decoding=\"async\" width=\"1024\" height=\"653\" src=\"https:\/\/cirmar.com\/\/app\/uploads\/2026\/02\/frans-ispt-1024x653.jpeg\" alt=\"\" class=\"wp-image-7990 size-full\" srcset=\"https:\/\/cirmar.com\/\/app\/uploads\/2026\/02\/frans-ispt-1024x653.jpeg 1024w, https:\/\/cirmar.com\/\/app\/uploads\/2026\/02\/frans-ispt-300x191.jpeg 300w, https:\/\/cirmar.com\/\/app\/uploads\/2026\/02\/frans-ispt-768x490.jpeg 768w, https:\/\/cirmar.com\/\/app\/uploads\/2026\/02\/frans-ispt-1536x980.jpeg 1536w, https:\/\/cirmar.com\/\/app\/uploads\/2026\/02\/frans-ispt-1694x1080.jpeg 1694w, https:\/\/cirmar.com\/\/app\/uploads\/2026\/02\/frans-ispt-862x550.jpeg 862w, https:\/\/cirmar.com\/\/app\/uploads\/2026\/02\/frans-ispt-250x159.jpeg 250w, https:\/\/cirmar.com\/\/app\/uploads\/2026\/02\/frans-ispt-600x383.jpeg 600w, https:\/\/cirmar.com\/\/app\/uploads\/2026\/02\/frans-ispt.jpeg 2048w\" sizes=\"(max-width: 1024px) 100vw, 1024px\" \/><\/figure><div class=\"wp-block-media-text__content\">\n<p class=\"has-medium-font-size\">\u201eDer \u00dcbergang von linearer zu zirkul\u00e4rer Produktion ist weit mehr als ein Schritt in Richtung Nachhaltigkeit. Es geht darum, die Qualit\u00e4t und den Wert der Materialien zu sichern. Das ist ein wirtschaftliches Argument: Es entsteht ein neuer Wert sowohl durch die Vermeidung von Emissionen als auch durch den Euro-Einsatz.\u201c<\/p>\n\n\n\n<p class=\"has-medium-font-size\"><strong>Frans Beckers<\/strong><\/p>\n<\/div><\/div>\n\n<div style=\"height:72px\" aria-hidden=\"true\" class=\"wp-block-spacer\"><\/div>\n\n<h2 class=\"wp-block-heading\"><strong>Digitale Produktp\u00e4sse als strategischer Beschleuniger<\/strong><\/h2>\n\n<p class=\"has-medium-font-size\">Die Transformation hin zu einer Kreislaufwirtschaft erfordert Transparenz. Deshalb spielen digitale Produktp\u00e4sse eine zentrale Rolle in unseren Beratungsleistungen. Mit C_passport\u00ae k\u00f6nnen Unternehmen:<\/p>\n\n<ul class=\"wp-block-list\">\n<li class=\"has-medium-font-size\">Materialien, Komponenten und Produkte erfassen und aufbewahren<\/li>\n\n\n\n<li class=\"has-medium-font-size\">Erm\u00f6glichen Sie Reparatur, Aufarbeitung, Wiederverwendung, hochwertiges Recycling und Anwendungen f\u00fcr die n\u00e4chste Nutzungsphase.<\/li>\n\n\n\n<li class=\"has-medium-font-size\">Kreislaufwirtschaft aufzeigen und Auswirkungen berechnen<\/li>\n\n\n\n<li class=\"has-medium-font-size\">Einhaltung der k\u00fcnftigen EU-Vorschriften und Unterst\u00fctzung von Anspr\u00fcchen<\/li>\n\n\n\n<li class=\"has-medium-font-size\">Vertrauen zu Kunden und Partnern in der Lieferkette aufbauen<\/li>\n\n\n\n<li class=\"has-medium-font-size\">Die Plattform von Cirmar macht die Implementierung von DPPs einfach, skalierbar und von Anfang an auf Ihre Strategie abgestimmt.<\/li>\n<\/ul>\n\n<figure class=\"wp-block-image size-full\"><img decoding=\"async\" src=\"https:\/\/cirmar.com\/\/app\/uploads\/2023\/12\/Scherm&#xAD;afbeelding-2023-12-10-om-22.03.41.png\" alt=\"\" class=\"wp-image-2987\"\/><\/figure>\n\n<div style=\"height:72px\" aria-hidden=\"true\" class=\"wp-block-spacer\"><\/div>\n\n<h2 class=\"wp-block-heading\"><strong>Kreislaufkonzepte in konkrete Ergebnisse umsetzen<\/strong><\/h2>\n\n<p class=\"has-medium-font-size\">Wir beraten nicht nur \u2013 wir helfen Organisationen, ihre Strategien in die Tat umzusetzen. Unser Team unterst\u00fctzt die Implementierung, \u00fcberwacht den Fortschritt und verkn\u00fcpft operative Verbesserungen mit strategischen KPIs. Das Ergebnis: Materialeinsparung, Abfallreduzierung, geringere Kosten, vermiedene Emissionen und eine transparentere Nachhaltigkeitsstrategie, untermauert durch verifizierbare Daten.<\/p>\n\n<div style=\"height:72px\" aria-hidden=\"true\" class=\"wp-block-spacer\"><\/div>\n\n<h2 class=\"wp-block-heading\"><strong>Starten Sie Ihre zirkul\u00e4re Transformation<\/strong><\/h2>\n\n<p class=\"has-medium-font-size\">Der \u00dcbergang von linearen zu zirkul\u00e4ren Prozessen muss nicht \u00fcberfordernd sein. Mit der richtigen Strategie, den passenden Werkzeugen und der richtigen Beratung kann Ihr Unternehmen die Herausforderungen von heute in den Wettbewerbsvorteil von morgen verwandeln.<\/p>\n\n<p class=\"has-medium-font-size\">Unsere Experten f\u00fcr Kreislaufwirtschaftsstrategien sind bereit, Ihr Unternehmen zu transformieren.<\/p>\n\n<div class=\"wp-block-buttons is-layout-flex wp-block-buttons-is-layout-flex\">\n<div class=\"wp-block-button\"><a class=\"wp-block-button__link wp-element-button\" href=\"https:\/\/cirmar.com\/de\/kontakt\/\">Nehmen Sie jetzt Kontakt auf<\/a><\/div>\n<\/div>\n\n<div style=\"height:41px\" aria-hidden=\"true\" class=\"wp-block-spacer\"><\/div>\n\n<p class=\"has-medium-font-size\">Erfahren Sie mehr \u00fcber unsere Kreislauftransformationen, indem Sie in unsere Kreislaufgeschichten eintauchen.<\/p>\n\n<div class=\"wp-block-buttons is-layout-flex wp-block-buttons-is-layout-flex\">\n<div class=\"wp-block-button\"><a class=\"wp-block-button__link wp-element-button\" href=\"https:\/\/cirmar.com\/use-cases\/securing-material-value-and-quality\/\">Jumbo<\/a><\/div>\n\n\n\n<div class=\"wp-block-button\"><a class=\"wp-block-button__link wp-element-button\" href=\"https:\/\/cirmar.com\/use-cases\/alpheios\/\">Vebego Bright Solutions<\/a><\/div>\n<\/div>\n\n<p><a id=\"_msocom_1\"><\/a><\/p>\n","protected":false},"excerpt":{"rendered":"<p>Entwicklung von Kreislaufstrategien, die echte Wirkung erzielen Der \u00dcbergang von einem linearen zu einem zirkul\u00e4ren Gesch\u00e4ftsmodell ist mehr als nur ein Nachhaltigkeitsziel \u2013 es ist eine strategische Transformation, die alle Bereiche Ihres Unternehmens betrifft. Unternehmen stehen heute unter zunehmendem Druck von Kunden, Regulierungsbeh\u00f6rden und Lieferketten, die Art und Weise, wie Produkte entwickelt, hergestellt, genutzt und&#8230;<\/p>\n","protected":false},"author":2,"featured_media":0,"parent":0,"menu_order":0,"comment_status":"closed","ping_status":"closed","template":"","meta":{"footnotes":""},"class_list":["post-9292","page","type-page","status-publish","hentry"],"acf":[],"yoast_head":"<!-- This site is optimized with the Yoast SEO plugin v22.1 - https:\/\/yoast.com\/wordpress\/plugins\/seo\/ -->\n<title>Cirmar - Linear bis zirkul\u00e4r<\/title>\n<meta name=\"description\" content=\"Von linear zu zirkul\u00e4r \u2013 so gestalten wir Ihr Gesch\u00e4ftsmodell zukunftssicher. Erhalten Sie die Qualit\u00e4t und den Wert Ihrer Materialien und schaffen Sie Mehrwert.\" \/>\n<meta name=\"robots\" content=\"index, follow, max-snippet:-1, max-image-preview:large, max-video-preview:-1\" \/>\n<link rel=\"canonical\" href=\"https:\/\/cirmar.com\/de\/linear-bis-zirkulaer\/\" \/>\n<meta property=\"og:locale\" content=\"de_DE\" \/>\n<meta property=\"og:type\" content=\"article\" \/>\n<meta property=\"og:title\" content=\"Cirmar - Linear bis zirkul\u00e4r\" \/>\n<meta property=\"og:description\" content=\"Von linear zu zirkul\u00e4r \u2013 so gestalten wir Ihr Gesch\u00e4ftsmodell zukunftssicher. Erhalten Sie die Qualit\u00e4t und den Wert Ihrer Materialien und schaffen Sie Mehrwert.\" \/>\n<meta property=\"og:url\" content=\"https:\/\/cirmar.com\/de\/linear-bis-zirkulaer\/\" \/>\n<meta property=\"og:site_name\" content=\"Cirmar\" \/>\n<meta property=\"article:modified_time\" content=\"2026-04-15T10:56:17+00:00\" \/>\n<meta property=\"og:image\" content=\"https:\/\/cirmar.com\/\/app\/uploads\/2026\/02\/impact-circulariteit-op-emissies-1-1024x683.png\" \/>\n<meta name=\"twitter:card\" content=\"summary_large_image\" \/>\n<meta name=\"twitter:label1\" content=\"Est. reading time\" \/>\n\t<meta name=\"twitter:data1\" content=\"3 minutes\" \/>\n<script type=\"application\/ld+json\" class=\"yoast-schema-graph\">{\"@context\":\"https:\/\/schema.org\",\"@graph\":[{\"@type\":\"WebPage\",\"@id\":\"https:\/\/cirmar.com\/de\/linear-bis-zirkulaer\/\",\"url\":\"https:\/\/cirmar.com\/de\/linear-bis-zirkulaer\/\",\"name\":\"Cirmar - Linear bis zirkul\u00e4r\",\"isPartOf\":{\"@id\":\"https:\/\/cirmar.com\/#website\"},\"datePublished\":\"2026-04-15T10:56:16+00:00\",\"dateModified\":\"2026-04-15T10:56:17+00:00\",\"description\":\"Von linear zu zirkul\u00e4r \u2013 so gestalten wir Ihr Gesch\u00e4ftsmodell zukunftssicher. Erhalten Sie die Qualit\u00e4t und den Wert Ihrer Materialien und schaffen Sie Mehrwert.\",\"breadcrumb\":{\"@id\":\"https:\/\/cirmar.com\/de\/linear-bis-zirkulaer\/#breadcrumb\"},\"inLanguage\":\"de-DE\",\"potentialAction\":[{\"@type\":\"ReadAction\",\"target\":[\"https:\/\/cirmar.com\/de\/linear-bis-zirkulaer\/\"]}]},{\"@type\":\"BreadcrumbList\",\"@id\":\"https:\/\/cirmar.com\/de\/linear-bis-zirkulaer\/#breadcrumb\",\"itemListElement\":[{\"@type\":\"ListItem\",\"position\":1,\"name\":\"Cirmar\",\"item\":\"https:\/\/cirmar.com\/de\/\"},{\"@type\":\"ListItem\",\"position\":2,\"name\":\"Linear bis zirkul\u00e4r\"}]},{\"@type\":\"WebSite\",\"@id\":\"https:\/\/cirmar.com\/#website\",\"url\":\"https:\/\/cirmar.com\/\",\"name\":\"Cirmar\",\"description\":\"The Digital Product Passport\",\"publisher\":{\"@id\":\"https:\/\/cirmar.com\/#organization\"},\"potentialAction\":[{\"@type\":\"SearchAction\",\"target\":{\"@type\":\"EntryPoint\",\"urlTemplate\":\"https:\/\/cirmar.com\/?s={search_term_string}\"},\"query-input\":\"required name=search_term_string\"}],\"inLanguage\":\"de-DE\"},{\"@type\":\"Organization\",\"@id\":\"https:\/\/cirmar.com\/#organization\",\"name\":\"Cirmar\",\"url\":\"https:\/\/cirmar.com\/\",\"logo\":{\"@type\":\"ImageObject\",\"inLanguage\":\"de-DE\",\"@id\":\"https:\/\/cirmar.com\/#\/schema\/logo\/image\/\",\"url\":\"https:\/\/www.cirmar.com\/app\/uploads\/2021\/09\/Group-14.png\",\"contentUrl\":\"https:\/\/www.cirmar.com\/app\/uploads\/2021\/09\/Group-14.png\",\"width\":233,\"height\":95,\"caption\":\"Cirmar\"},\"image\":{\"@id\":\"https:\/\/cirmar.com\/#\/schema\/logo\/image\/\"}}]}<\/script>\n<!-- \/ Yoast SEO plugin. -->","yoast_head_json":{"title":"Cirmar - Linear bis zirkul\u00e4r","description":"Von linear zu zirkul\u00e4r \u2013 so gestalten wir Ihr Gesch\u00e4ftsmodell zukunftssicher. Erhalten Sie die Qualit\u00e4t und den Wert Ihrer Materialien und schaffen Sie Mehrwert.","robots":{"index":"index","follow":"follow","max-snippet":"max-snippet:-1","max-image-preview":"max-image-preview:large","max-video-preview":"max-video-preview:-1"},"canonical":"https:\/\/cirmar.com\/de\/linear-bis-zirkulaer\/","og_locale":"de_DE","og_type":"article","og_title":"Cirmar - Linear bis zirkul\u00e4r","og_description":"Von linear zu zirkul\u00e4r \u2013 so gestalten wir Ihr Gesch\u00e4ftsmodell zukunftssicher. Erhalten Sie die Qualit\u00e4t und den Wert Ihrer Materialien und schaffen Sie Mehrwert.","og_url":"https:\/\/cirmar.com\/de\/linear-bis-zirkulaer\/","og_site_name":"Cirmar","article_modified_time":"2026-04-15T10:56:17+00:00","og_image":[{"url":"https:\/\/cirmar.com\/\/app\/uploads\/2026\/02\/impact-circulariteit-op-emissies-1-1024x683.png"}],"twitter_card":"summary_large_image","twitter_misc":{"Est. reading time":"3 minutes"},"schema":{"@context":"https:\/\/schema.org","@graph":[{"@type":"WebPage","@id":"https:\/\/cirmar.com\/de\/linear-bis-zirkulaer\/","url":"https:\/\/cirmar.com\/de\/linear-bis-zirkulaer\/","name":"Cirmar - Linear bis zirkul\u00e4r","isPartOf":{"@id":"https:\/\/cirmar.com\/#website"},"datePublished":"2026-04-15T10:56:16+00:00","dateModified":"2026-04-15T10:56:17+00:00","description":"Von linear zu zirkul\u00e4r \u2013 so gestalten wir Ihr Gesch\u00e4ftsmodell zukunftssicher. Erhalten Sie die Qualit\u00e4t und den Wert Ihrer Materialien und schaffen Sie Mehrwert.","breadcrumb":{"@id":"https:\/\/cirmar.com\/de\/linear-bis-zirkulaer\/#breadcrumb"},"inLanguage":"de-DE","potentialAction":[{"@type":"ReadAction","target":["https:\/\/cirmar.com\/de\/linear-bis-zirkulaer\/"]}]},{"@type":"BreadcrumbList","@id":"https:\/\/cirmar.com\/de\/linear-bis-zirkulaer\/#breadcrumb","itemListElement":[{"@type":"ListItem","position":1,"name":"Cirmar","item":"https:\/\/cirmar.com\/de\/"},{"@type":"ListItem","position":2,"name":"Linear bis zirkul\u00e4r"}]},{"@type":"WebSite","@id":"https:\/\/cirmar.com\/#website","url":"https:\/\/cirmar.com\/","name":"Cirmar","description":"The Digital Product Passport","publisher":{"@id":"https:\/\/cirmar.com\/#organization"},"potentialAction":[{"@type":"SearchAction","target":{"@type":"EntryPoint","urlTemplate":"https:\/\/cirmar.com\/?s={search_term_string}"},"query-input":"required name=search_term_string"}],"inLanguage":"de-DE"},{"@type":"Organization","@id":"https:\/\/cirmar.com\/#organization","name":"Cirmar","url":"https:\/\/cirmar.com\/","logo":{"@type":"ImageObject","inLanguage":"de-DE","@id":"https:\/\/cirmar.com\/#\/schema\/logo\/image\/","url":"https:\/\/www.cirmar.com\/app\/uploads\/2021\/09\/Group-14.png","contentUrl":"https:\/\/www.cirmar.com\/app\/uploads\/2021\/09\/Group-14.png","width":233,"height":95,"caption":"Cirmar"},"image":{"@id":"https:\/\/cirmar.com\/#\/schema\/logo\/image\/"}}]}},"_links":{"self":[{"href":"https:\/\/cirmar.com\/de\/wp-json\/wp\/v2\/pages\/9292"}],"collection":[{"href":"https:\/\/cirmar.com\/de\/wp-json\/wp\/v2\/pages"}],"about":[{"href":"https:\/\/cirmar.com\/de\/wp-json\/wp\/v2\/types\/page"}],"author":[{"embeddable":true,"href":"https:\/\/cirmar.com\/de\/wp-json\/wp\/v2\/users\/2"}],"replies":[{"embeddable":true,"href":"https:\/\/cirmar.com\/de\/wp-json\/wp\/v2\/comments?post=9292"}],"version-history":[{"count":1,"href":"https:\/\/cirmar.com\/de\/wp-json\/wp\/v2\/pages\/9292\/revisions"}],"predecessor-version":[{"id":9295,"href":"https:\/\/cirmar.com\/de\/wp-json\/wp\/v2\/pages\/9292\/revisions\/9295"}],"wp:attachment":[{"href":"https:\/\/cirmar.com\/de\/wp-json\/wp\/v2\/media?parent=9292"}],"curies":[{"name":"wp","href":"https:\/\/api.w.org\/{rel}","templated":true}]}}