{"id":9298,"date":"2026-04-15T13:02:37","date_gmt":"2026-04-15T11:02:37","guid":{"rendered":"https:\/\/cirmar.com\/netto-null-und-dekarbonisierung\/"},"modified":"2026-04-15T13:02:38","modified_gmt":"2026-04-15T11:02:38","slug":"netto-null-und-dekarbonisierung","status":"publish","type":"page","link":"https:\/\/cirmar.com\/de\/netto-null-und-dekarbonisierung\/","title":{"rendered":"Netto-Null- und Dekarbonisierung"},"content":{"rendered":"\n<h2 class=\"wp-block-heading\">Beschleunigen Sie Ihren Weg durch Kreislauftransformation<\/h2>\n\n<div style=\"height:50px\" aria-hidden=\"true\" class=\"wp-block-spacer\"><\/div>\n\n<p class=\"has-medium-font-size\"><strong>Klimaneutralit\u00e4t zu erreichen ist keine Option mehr \u2013 es ist eine strategische Notwendigkeit, die durch Gesetze, Markterwartungen und globale Klimaverpflichtungen bedingt ist. Die Herausforderung f\u00fcr die meisten Unternehmen liegt nicht im Ziel, sondern im Weg dorthin: Wie lassen sich Emissionen sinnvoll, schnell und ohne Beeintr\u00e4chtigung der Gesch\u00e4ftsergebnisse reduzieren? Wir raten Unternehmen, sich auf das zu konzentrieren, was die gr\u00f6\u00dfte Wirkung erzielt: Energie und Materialien. Emissionsvermeidung ergibt sich aus dem \u00dcbergang zu Kreislaufwirtschaft und der Wiederverwertung von Materialien.<\/strong><\/p>\n\n<div style=\"height:41px\" aria-hidden=\"true\" class=\"wp-block-spacer\"><\/div>\n\n<h2 class=\"wp-block-heading\"><strong>Dekarbonisierung erfordert mehr als CO2-Kompensationen.<\/strong><\/h2>\n\n<p class=\"has-medium-font-size\">Herk\u00f6mmliche Netto-Null-Pl\u00e4ne st\u00fctzen sich oft stark auf Kompensationsma\u00dfnahmen oder schrittweise Effizienzsteigerungen. Diese Ans\u00e4tze allein reichen jedoch nicht aus, um den erforderlichen Umfang und die Geschwindigkeit des Wandels zu erreichen. Rohstoffgewinnung, Produktion und Entsorgungsprozesse sind f\u00fcr den Gro\u00dfteil der globalen Emissionen verantwortlich. Das bedeutet, dass eine wirklich wirkungsvolle Dekarbonisierung damit beginnt, die Art und Weise, wie Produkte entwickelt, verwendet und recycelt werden, grundlegend zu \u00fcberdenken.<\/p>\n\n<p class=\"has-medium-font-size\">Kreislaufwirtschaftliche Gesch\u00e4ftsmodelle \u2013 \u00dcberdenken, Wiederverwenden, Wiederaufbereiten, Recyceln \u2013 bieten eine der effektivsten M\u00f6glichkeiten, Emissionen an der Quelle zu vermeiden und den CO2-Fu\u00dfabdruck eines Unternehmens dauerhaft zu reduzieren.<\/p>\n\n<div style=\"height:41px\" aria-hidden=\"true\" class=\"wp-block-spacer\"><\/div>\n\n<h2 class=\"wp-block-heading\"><strong>Entwicklung einer Strategie zur Emissionsreduzierung an der Wurzel<\/strong><\/h2>\n\n<p class=\"has-medium-font-size\">Cirmar unterst\u00fctzt Organisationen beim \u00dcbergang zu Kreislaufwirtschaft und tr\u00e4gt so effektiv zur Dekarbonisierung bei. Wir helfen dabei, Emissionsquellen zu identifizieren, Bereiche zu finden, in denen Materialien l\u00e4nger im Kreislauf gehalten werden k\u00f6nnen, und Gesch\u00e4ftsmodelle weiterzuentwickeln, um sowohl wirtschaftliche als auch \u00f6kologische Vorteile zu erzielen. Unser Beratungsansatz umfasst:<\/p>\n\n<ul class=\"wp-block-list\">\n<li class=\"has-medium-font-size\">Materialwirkungsanalyse \u2013 gem\u00e4\u00df verschiedenen Protokollen und Normen<\/li>\n\n\n\n<li class=\"has-medium-font-size\">Kreislaufwirtschaftliche Emissionsreduktionsstrategien<\/li>\n\n\n\n<li class=\"has-medium-font-size\">Netto-Null-Fahrplan im Einklang mit den EU- und globalen Klimazielen<\/li>\n\n\n\n<li class=\"has-medium-font-size\">Lieferanten- und Wertsch\u00f6pfungsketten-Engagement<\/li>\n\n\n\n<li class=\"has-medium-font-size\">Regulatorische Angleichung an <a href=\"https:\/\/finance.ec.europa.eu\/capital-markets-union-and-financial-markets\/company-reporting-and-auditing\/company-reporting\/corporate-sustainability-reporting_en\">ESRS<\/a>, CSRD und die bevorstehenden DPP-Anforderungen<\/li>\n<\/ul>\n\n<p class=\"has-medium-font-size\">Durch den \u00dcbergang von einer linearen zu einer zirkul\u00e4ren Wertsch\u00f6pfungskette reduzieren Unternehmen den Ressourcenverbrauch, begrenzen Abfall und vermeiden Emissionen, die andernfalls in ihren Wertsch\u00f6pfungszyklus eingebunden w\u00e4ren.<\/p>\n\n<div style=\"height:41px\" aria-hidden=\"true\" class=\"wp-block-spacer\"><\/div>\n\n<div class=\"wp-block-media-text is-stacked-on-mobile\"><figure class=\"wp-block-media-text__media\"><img loading=\"lazy\" decoding=\"async\" width=\"900\" height=\"600\" src=\"https:\/\/cirmar.com\/\/app\/uploads\/2024\/04\/presentatie-LIOF.jpeg\" alt=\"\" class=\"wp-image-3509 size-full\" srcset=\"https:\/\/cirmar.com\/\/app\/uploads\/2024\/04\/presentatie-LIOF.jpeg 900w, https:\/\/cirmar.com\/\/app\/uploads\/2024\/04\/presentatie-LIOF-300x200.jpeg 300w, https:\/\/cirmar.com\/\/app\/uploads\/2024\/04\/presentatie-LIOF-768x512.jpeg 768w, https:\/\/cirmar.com\/\/app\/uploads\/2024\/04\/presentatie-LIOF-825x550.jpeg 825w, https:\/\/cirmar.com\/\/app\/uploads\/2024\/04\/presentatie-LIOF-250x167.jpeg 250w, https:\/\/cirmar.com\/\/app\/uploads\/2024\/04\/presentatie-LIOF-600x400.jpeg 600w\" sizes=\"(max-width: 900px) 100vw, 900px\" \/><\/figure><div class=\"wp-block-media-text__content\">\n<p class=\"has-medium-font-size\">\u201eWenn Ihr Hauptziel die Dekarbonisierung ist, ist eine solide Kreislaufstrategie der schnellste Weg, dies zu erreichen. Reduzieren Sie den Kohlenstoff dort, wo es darauf ankommt: bei den verwendeten Materialien.\u201c<\/p>\n\n\n\n<p class=\"has-medium-font-size\">Jasper Martin<\/p>\n<\/div><\/div>\n\n<div style=\"height:41px\" aria-hidden=\"true\" class=\"wp-block-spacer\"><\/div>\n\n<h2 class=\"wp-block-heading\"><strong>Digitale Produktp\u00e4sse: Datengesteuerte Dekarbonisierung<\/strong><\/h2>\n\n<p class=\"has-medium-font-size\">F\u00fcr eine effektive Dekarbonisierung ben\u00f6tigen Unternehmen verl\u00e4ssliche Produktdaten. C_passport\u00ae liefert genau diese. Durch die Erfassung detaillierter Informationen zu Materialien, Komponenten und Produktnutzungszyklen erm\u00f6glichen DPPs Folgendes:<\/p>\n\n<ul class=\"wp-block-list\">\n<li class=\"has-medium-font-size\">Messen und nachweisen Sie reale Emissionsreduktionen<\/li>\n\n\n\n<li class=\"has-medium-font-size\">Kreislaufstrategien mit transparenten Daten validieren<\/li>\n\n\n\n<li class=\"has-medium-font-size\">Auswirkungen von <a href=\"https:\/\/cirmar.com\/article\/scope-3-emissions-and-circularity\/\">Scope 3<\/a> \u00fcber die gesamten Lieferketten hinweg \u00fcberwachen<\/li>\n\n\n\n<li class=\"has-medium-font-size\">Reparatur- und Wiederverwendungswege erm\u00f6glichen, die unn\u00f6tige Emissionen vermeiden<\/li>\n\n\n\n<li class=\"has-medium-font-size\">Die EU-Vorschriften f\u00fcr Netto-Null-Emissionen und Kreislaufwirtschaft einhalten<\/li>\n\n\n\n<li class=\"has-medium-font-size\">Die Plattform von Cirmar integriert sich nahtlos in Ihre Dekarbonisierungsstrategie und wandelt Daten in umsetzbare Erkenntnisse um.<\/li>\n<\/ul>\n\n<figure class=\"wp-block-image size-full\"><img decoding=\"async\" src=\"https:\/\/cirmar.com\/\/app\/uploads\/2024\/08\/Scherm&#xAD;afbeelding-2024-08-01-om-16.06.45.png\" alt=\"Netto-Null-Emissionen und Dekarbonisierung\" class=\"wp-image-4118\"\/><\/figure>\n\n<div style=\"height:41px\" aria-hidden=\"true\" class=\"wp-block-spacer\"><\/div>\n\n<h2 class=\"wp-block-heading\"><strong>Von Klimaverpflichtungen zu realen Auswirkungen<\/strong><\/h2>\n\n<p class=\"has-medium-font-size\">Wir unterst\u00fctzen Organisationen nicht nur bei der Erstellung von Netto-Null-Pl\u00e4nen, sondern begleiten sie auf dem gesamten Weg von der Strategie bis zur Umsetzung. Unser Team arbeitet eng mit Ihrer Organisation zusammen, um Kreislaufwirtschaftsma\u00dfnahmen zu operationalisieren, Fortschritte zu \u00fcberwachen und Verbesserungen direkt mit Klimazielen zu verkn\u00fcpfen. Das Ergebnis: reduzierte Emissionen, st\u00e4rkere regulatorische Resilienz und ein klarer, verifizierter Weg zur Netto-Null-Erreichung.<\/p>\n\n<div style=\"height:41px\" aria-hidden=\"true\" class=\"wp-block-spacer\"><\/div>\n\n<h2 class=\"wp-block-heading\"><strong>Ein Kreislaufansatz zur Erreichung von Netto-Null<\/strong><\/h2>\n\n<p class=\"has-medium-font-size\">Durch die Anwendung von Kreislaufprinzipien tragen Unternehmen zu ihren eigenen Klimazielen und zu den globalen Bem\u00fchungen zur Begrenzung der Erderw\u00e4rmung im Einklang mit europ\u00e4ischen und internationalen Abkommen bei. Kreislaufwirtschaft ist keine zus\u00e4tzliche Ma\u00dfnahme \u2013 sie ist eine Kernstrategie f\u00fcr eine wirksame Dekarbonisierung.<\/p>\n\n<p class=\"has-medium-font-size\">Unsere Experten f\u00fcr Kreislaufwirtschaftsstrategien sind bereit, Ihr Unternehmen zu transformieren.<\/p>\n\n<div class=\"wp-block-buttons is-layout-flex wp-block-buttons-is-layout-flex\">\n<div class=\"wp-block-button\"><a class=\"wp-block-button__link wp-element-button\" href=\"https:\/\/cirmar.com\/de\/kontakt\/\">Nehmen Sie jetzt Kontakt auf<\/a><\/div>\n<\/div>\n\n<div style=\"height:41px\" aria-hidden=\"true\" class=\"wp-block-spacer\"><\/div>\n\n<p class=\"has-medium-font-size\">Erfahren Sie mehr \u00fcber unsere Kreislauftransformationen, indem Sie in unsere Kreislaufgeschichten eintauchen.<\/p>\n\n<div class=\"wp-block-buttons is-layout-flex wp-block-buttons-is-layout-flex\">\n<div class=\"wp-block-button\"><a class=\"wp-block-button__link wp-element-button\" href=\"https:\/\/cirmar.com\/use-cases\/alpheios\/\">Vebego Bright Solutions<\/a><\/div>\n\n\n\n<div class=\"wp-block-button\"><a class=\"wp-block-button__link wp-element-button\" href=\"https:\/\/cirmar.com\/use-cases\/retail-bouw-management\/\">Zirkularit\u00e4t im Einzelhandel<\/a><\/div>\n<\/div>\n","protected":false},"excerpt":{"rendered":"<p>Beschleunigen Sie Ihren Weg durch Kreislauftransformation Klimaneutralit\u00e4t zu erreichen ist keine Option mehr \u2013 es ist eine strategische Notwendigkeit, die durch Gesetze, Markterwartungen und globale Klimaverpflichtungen bedingt ist. Die Herausforderung f\u00fcr die meisten Unternehmen liegt nicht im Ziel, sondern im Weg dorthin: Wie lassen sich Emissionen sinnvoll, schnell und ohne Beeintr\u00e4chtigung der Gesch\u00e4ftsergebnisse reduzieren? Wir&#8230;<\/p>\n","protected":false},"author":2,"featured_media":0,"parent":0,"menu_order":0,"comment_status":"closed","ping_status":"closed","template":"","meta":{"footnotes":""},"class_list":["post-9298","page","type-page","status-publish","hentry"],"acf":[],"yoast_head":"<!-- This site is optimized with the Yoast SEO plugin v22.1 - https:\/\/yoast.com\/wordpress\/plugins\/seo\/ -->\n<title>Netto-Null- und Dekarbonisierung - Cirmar<\/title>\n<meta name=\"description\" content=\"Netto-Null-Emissionen und Dekarbonisierung sind g\u00e4ngige Strategien f\u00fcr nachhaltigere L\u00f6sungen. Dies erreichen wir durch Kreislaufwirtschaft.\" \/>\n<meta name=\"robots\" content=\"index, follow, max-snippet:-1, max-image-preview:large, max-video-preview:-1\" \/>\n<link rel=\"canonical\" href=\"https:\/\/cirmar.com\/de\/netto-null-und-dekarbonisierung\/\" \/>\n<meta property=\"og:locale\" content=\"de_DE\" \/>\n<meta property=\"og:type\" content=\"article\" \/>\n<meta property=\"og:title\" content=\"Netto-Null- und Dekarbonisierung - Cirmar\" \/>\n<meta property=\"og:description\" content=\"Netto-Null-Emissionen und Dekarbonisierung sind g\u00e4ngige Strategien f\u00fcr nachhaltigere L\u00f6sungen. Dies erreichen wir durch Kreislaufwirtschaft.\" \/>\n<meta property=\"og:url\" content=\"https:\/\/cirmar.com\/de\/netto-null-und-dekarbonisierung\/\" \/>\n<meta property=\"og:site_name\" content=\"Cirmar\" \/>\n<meta property=\"article:modified_time\" content=\"2026-04-15T11:02:38+00:00\" \/>\n<meta property=\"og:image\" content=\"https:\/\/cirmar.com\/\/app\/uploads\/2024\/04\/presentatie-LIOF.jpeg\" \/>\n<meta name=\"twitter:card\" content=\"summary_large_image\" \/>\n<meta name=\"twitter:label1\" content=\"Est. reading time\" \/>\n\t<meta name=\"twitter:data1\" content=\"3 minutes\" \/>\n<script type=\"application\/ld+json\" class=\"yoast-schema-graph\">{\"@context\":\"https:\/\/schema.org\",\"@graph\":[{\"@type\":\"WebPage\",\"@id\":\"https:\/\/cirmar.com\/de\/netto-null-und-dekarbonisierung\/\",\"url\":\"https:\/\/cirmar.com\/de\/netto-null-und-dekarbonisierung\/\",\"name\":\"Netto-Null- und Dekarbonisierung - Cirmar\",\"isPartOf\":{\"@id\":\"https:\/\/cirmar.com\/#website\"},\"datePublished\":\"2026-04-15T11:02:37+00:00\",\"dateModified\":\"2026-04-15T11:02:38+00:00\",\"description\":\"Netto-Null-Emissionen und Dekarbonisierung sind g\u00e4ngige Strategien f\u00fcr nachhaltigere L\u00f6sungen. Dies erreichen wir durch Kreislaufwirtschaft.\",\"breadcrumb\":{\"@id\":\"https:\/\/cirmar.com\/de\/netto-null-und-dekarbonisierung\/#breadcrumb\"},\"inLanguage\":\"de-DE\",\"potentialAction\":[{\"@type\":\"ReadAction\",\"target\":[\"https:\/\/cirmar.com\/de\/netto-null-und-dekarbonisierung\/\"]}]},{\"@type\":\"BreadcrumbList\",\"@id\":\"https:\/\/cirmar.com\/de\/netto-null-und-dekarbonisierung\/#breadcrumb\",\"itemListElement\":[{\"@type\":\"ListItem\",\"position\":1,\"name\":\"Cirmar\",\"item\":\"https:\/\/cirmar.com\/de\/\"},{\"@type\":\"ListItem\",\"position\":2,\"name\":\"Netto-Null- und Dekarbonisierung\"}]},{\"@type\":\"WebSite\",\"@id\":\"https:\/\/cirmar.com\/#website\",\"url\":\"https:\/\/cirmar.com\/\",\"name\":\"Cirmar\",\"description\":\"The Digital Product Passport\",\"publisher\":{\"@id\":\"https:\/\/cirmar.com\/#organization\"},\"potentialAction\":[{\"@type\":\"SearchAction\",\"target\":{\"@type\":\"EntryPoint\",\"urlTemplate\":\"https:\/\/cirmar.com\/?s={search_term_string}\"},\"query-input\":\"required name=search_term_string\"}],\"inLanguage\":\"de-DE\"},{\"@type\":\"Organization\",\"@id\":\"https:\/\/cirmar.com\/#organization\",\"name\":\"Cirmar\",\"url\":\"https:\/\/cirmar.com\/\",\"logo\":{\"@type\":\"ImageObject\",\"inLanguage\":\"de-DE\",\"@id\":\"https:\/\/cirmar.com\/#\/schema\/logo\/image\/\",\"url\":\"https:\/\/www.cirmar.com\/app\/uploads\/2021\/09\/Group-14.png\",\"contentUrl\":\"https:\/\/www.cirmar.com\/app\/uploads\/2021\/09\/Group-14.png\",\"width\":233,\"height\":95,\"caption\":\"Cirmar\"},\"image\":{\"@id\":\"https:\/\/cirmar.com\/#\/schema\/logo\/image\/\"}}]}<\/script>\n<!-- \/ Yoast SEO plugin. -->","yoast_head_json":{"title":"Netto-Null- und Dekarbonisierung - Cirmar","description":"Netto-Null-Emissionen und Dekarbonisierung sind g\u00e4ngige Strategien f\u00fcr nachhaltigere L\u00f6sungen. Dies erreichen wir durch Kreislaufwirtschaft.","robots":{"index":"index","follow":"follow","max-snippet":"max-snippet:-1","max-image-preview":"max-image-preview:large","max-video-preview":"max-video-preview:-1"},"canonical":"https:\/\/cirmar.com\/de\/netto-null-und-dekarbonisierung\/","og_locale":"de_DE","og_type":"article","og_title":"Netto-Null- und Dekarbonisierung - Cirmar","og_description":"Netto-Null-Emissionen und Dekarbonisierung sind g\u00e4ngige Strategien f\u00fcr nachhaltigere L\u00f6sungen. Dies erreichen wir durch Kreislaufwirtschaft.","og_url":"https:\/\/cirmar.com\/de\/netto-null-und-dekarbonisierung\/","og_site_name":"Cirmar","article_modified_time":"2026-04-15T11:02:38+00:00","og_image":[{"url":"https:\/\/cirmar.com\/\/app\/uploads\/2024\/04\/presentatie-LIOF.jpeg"}],"twitter_card":"summary_large_image","twitter_misc":{"Est. reading time":"3 minutes"},"schema":{"@context":"https:\/\/schema.org","@graph":[{"@type":"WebPage","@id":"https:\/\/cirmar.com\/de\/netto-null-und-dekarbonisierung\/","url":"https:\/\/cirmar.com\/de\/netto-null-und-dekarbonisierung\/","name":"Netto-Null- und Dekarbonisierung - Cirmar","isPartOf":{"@id":"https:\/\/cirmar.com\/#website"},"datePublished":"2026-04-15T11:02:37+00:00","dateModified":"2026-04-15T11:02:38+00:00","description":"Netto-Null-Emissionen und Dekarbonisierung sind g\u00e4ngige Strategien f\u00fcr nachhaltigere L\u00f6sungen. Dies erreichen wir durch Kreislaufwirtschaft.","breadcrumb":{"@id":"https:\/\/cirmar.com\/de\/netto-null-und-dekarbonisierung\/#breadcrumb"},"inLanguage":"de-DE","potentialAction":[{"@type":"ReadAction","target":["https:\/\/cirmar.com\/de\/netto-null-und-dekarbonisierung\/"]}]},{"@type":"BreadcrumbList","@id":"https:\/\/cirmar.com\/de\/netto-null-und-dekarbonisierung\/#breadcrumb","itemListElement":[{"@type":"ListItem","position":1,"name":"Cirmar","item":"https:\/\/cirmar.com\/de\/"},{"@type":"ListItem","position":2,"name":"Netto-Null- und Dekarbonisierung"}]},{"@type":"WebSite","@id":"https:\/\/cirmar.com\/#website","url":"https:\/\/cirmar.com\/","name":"Cirmar","description":"The Digital Product Passport","publisher":{"@id":"https:\/\/cirmar.com\/#organization"},"potentialAction":[{"@type":"SearchAction","target":{"@type":"EntryPoint","urlTemplate":"https:\/\/cirmar.com\/?s={search_term_string}"},"query-input":"required name=search_term_string"}],"inLanguage":"de-DE"},{"@type":"Organization","@id":"https:\/\/cirmar.com\/#organization","name":"Cirmar","url":"https:\/\/cirmar.com\/","logo":{"@type":"ImageObject","inLanguage":"de-DE","@id":"https:\/\/cirmar.com\/#\/schema\/logo\/image\/","url":"https:\/\/www.cirmar.com\/app\/uploads\/2021\/09\/Group-14.png","contentUrl":"https:\/\/www.cirmar.com\/app\/uploads\/2021\/09\/Group-14.png","width":233,"height":95,"caption":"Cirmar"},"image":{"@id":"https:\/\/cirmar.com\/#\/schema\/logo\/image\/"}}]}},"_links":{"self":[{"href":"https:\/\/cirmar.com\/de\/wp-json\/wp\/v2\/pages\/9298"}],"collection":[{"href":"https:\/\/cirmar.com\/de\/wp-json\/wp\/v2\/pages"}],"about":[{"href":"https:\/\/cirmar.com\/de\/wp-json\/wp\/v2\/types\/page"}],"author":[{"embeddable":true,"href":"https:\/\/cirmar.com\/de\/wp-json\/wp\/v2\/users\/2"}],"replies":[{"embeddable":true,"href":"https:\/\/cirmar.com\/de\/wp-json\/wp\/v2\/comments?post=9298"}],"version-history":[{"count":1,"href":"https:\/\/cirmar.com\/de\/wp-json\/wp\/v2\/pages\/9298\/revisions"}],"predecessor-version":[{"id":9301,"href":"https:\/\/cirmar.com\/de\/wp-json\/wp\/v2\/pages\/9298\/revisions\/9301"}],"wp:attachment":[{"href":"https:\/\/cirmar.com\/de\/wp-json\/wp\/v2\/media?parent=9298"}],"curies":[{"name":"wp","href":"https:\/\/api.w.org\/{rel}","templated":true}]}}