{"id":9316,"date":"2026-04-16T14:17:30","date_gmt":"2026-04-16T12:17:30","guid":{"rendered":"https:\/\/cirmar.com\/zirkulaere-geschaeftsmodelle\/"},"modified":"2026-04-16T14:17:31","modified_gmt":"2026-04-16T12:17:31","slug":"zirkulaere-geschaeftsmodelle","status":"publish","type":"page","link":"https:\/\/cirmar.com\/de\/zirkulaere-geschaeftsmodelle\/","title":{"rendered":"Zirkul\u00e4re Gesch\u00e4ftsmodelle"},"content":{"rendered":"\n<h2 class=\"wp-block-heading\">Neugestaltung von Werten f\u00fcr eine wettbewerbsf\u00e4hige Zukunft<\/h2>\n\n<div style=\"height:106px\" aria-hidden=\"true\" class=\"wp-block-spacer\"><\/div>\n\n<p class=\"has-medium-font-size\"><strong>Kreislaufwirtschaftliche Gesch\u00e4ftsmodelle entwickeln sich rasant zu einem Eckpfeiler resilienter und zukunftssicherer Unternehmen. Doch f\u00fcr viele bleibt die Frage: K\u00f6nnen zirkul\u00e4re Produkte kosteneffektiv, profitabel und skalierbar sein? Bei Cirmar lautet unsere Antwort ein klares Ja. Wir sind \u00fcberzeugt \u2013 und beweisen es immer wieder \u2013, dass zirkul\u00e4re Produkte niemals teurer sein sollten als ihre konventionellen Pendants. Strategisch konzipiert, erschlie\u00dft die Kreislaufwirtschaft neue Werte, neue Einnahmequellen und langfristige Kosteneffizienz.<\/strong><\/p>\n\n<div style=\"height:46px\" aria-hidden=\"true\" class=\"wp-block-spacer\"><\/div>\n\n<h2 class=\"wp-block-heading\"><strong>Der \u00dcbergang zu zirkul\u00e4rer Wertsch\u00f6pfung<\/strong><\/h2>\n\n<p class=\"has-medium-font-size\">Lineare Gesch\u00e4ftsmodelle basieren auf kontinuierlicher Ressourcengewinnung und einseitigen Produktfl\u00fcssen. Dies setzt Unternehmen steigenden Materialpreisen, regulatorischem Druck und Lieferkettenrisiken aus. Kreislaufwirtschaftliche Gesch\u00e4ftsmodelle durchbrechen diese Abh\u00e4ngigkeit, indem sie Produkte und Materialien so lange wie m\u00f6glich ihren h\u00f6chsten Wert erhalten \u2013 durch Wiederverwendung, Reparatur, Wiederaufbereitung, Instandsetzung, Recycling und neue servicebasierte Modelle.<\/p>\n\n<p class=\"has-medium-font-size\">Bei diesem Wandel geht es nicht nur um Nachhaltigkeit; es geht darum, intelligentere und widerstandsf\u00e4higere Unternehmen zu schaffen, die wirtschaftlich erfolgreich sind und gleichzeitig die Umweltbelastung reduzieren.<\/p>\n\n<div style=\"height:46px\" aria-hidden=\"true\" class=\"wp-block-spacer\"><\/div>\n\n<h2 class=\"wp-block-heading\"><strong>Kreislaufprodukte m\u00fcssen nicht teurer sein<\/strong><\/h2>\n\n<p class=\"has-medium-font-size\">Eines der gr\u00f6\u00dften Missverst\u00e4ndnisse \u00fcber Kreislaufwirtschaft ist die Annahme, sie sei grunds\u00e4tzlich teurer. Tats\u00e4chlich generieren zirkul\u00e4re Modelle oft Mehrwert auf eine Weise, die lineare Modelle schlichtweg nicht leisten k\u00f6nnen:<\/p>\n\n<ul class=\"wp-block-list\">\n<li class=\"has-medium-font-size\">Reduzierte Material- und Beschaffungskosten<\/li>\n\n\n\n<li class=\"has-medium-font-size\">L\u00e4ngere Produktlebensdauer und niedrigere Gesamtbetriebskosten<\/li>\n\n\n\n<li class=\"has-medium-font-size\">Neue Einnahmequellen aus Dienstleistungen, R\u00fcckgewinnung und h\u00f6herem Restwert<\/li>\n\n\n\n<li class=\"has-medium-font-size\">Geringeres regulatorisches und Compliance-Risiko<\/li>\n\n\n\n<li class=\"has-medium-font-size\">St\u00e4rkere Kundenbindung und Markendifferenzierung<\/li>\n\n\n\n<li class=\"has-medium-font-size\">W\u00e4hrend des \u00dcbergangs zu einer Kreislaufwirtschaft sind zwar einige Investitionen erforderlich, doch die langfristigen wirtschaftlichen Vorteile sind \u00fcberzeugend und realisierbar.<\/li>\n<\/ul>\n\n<p class=\"has-medium-font-size\">Cirmar unterst\u00fctzt Unternehmen bei der Bew\u00e4ltigung dieser Anlaufphase, indem es Modelle entwirft, in denen Kreislaufprodukte zur logischen und kosteneffizienten Wahl werden.<\/p>\n\n<div style=\"height:46px\" aria-hidden=\"true\" class=\"wp-block-spacer\"><\/div>\n\n<div class=\"wp-block-media-text is-stacked-on-mobile\"><figure class=\"wp-block-media-text__media\"><img loading=\"lazy\" decoding=\"async\" width=\"1024\" height=\"653\" src=\"https:\/\/cirmar.com\/\/app\/uploads\/2026\/02\/frans-ispt-1024x653.jpeg\" alt=\"\" class=\"wp-image-7990 size-full\" srcset=\"https:\/\/cirmar.com\/\/app\/uploads\/2026\/02\/frans-ispt-1024x653.jpeg 1024w, https:\/\/cirmar.com\/\/app\/uploads\/2026\/02\/frans-ispt-300x191.jpeg 300w, https:\/\/cirmar.com\/\/app\/uploads\/2026\/02\/frans-ispt-768x490.jpeg 768w, https:\/\/cirmar.com\/\/app\/uploads\/2026\/02\/frans-ispt-1536x980.jpeg 1536w, https:\/\/cirmar.com\/\/app\/uploads\/2026\/02\/frans-ispt-1694x1080.jpeg 1694w, https:\/\/cirmar.com\/\/app\/uploads\/2026\/02\/frans-ispt-862x550.jpeg 862w, https:\/\/cirmar.com\/\/app\/uploads\/2026\/02\/frans-ispt-250x159.jpeg 250w, https:\/\/cirmar.com\/\/app\/uploads\/2026\/02\/frans-ispt-600x383.jpeg 600w, https:\/\/cirmar.com\/\/app\/uploads\/2026\/02\/frans-ispt.jpeg 2048w\" sizes=\"(max-width: 1024px) 100vw, 1024px\" \/><\/figure><div class=\"wp-block-media-text__content\">\n<p class=\"has-medium-font-size\">\u201eKreislaufsysteme sollten gleich viel oder weniger kosten als lineare Systeme. Deshalb entwickeln wir neue Gesch\u00e4ftsmodelle und machen deutlich, was n\u00f6tig ist, um Ambitionen in Wert zu verwandeln.\u201c<\/p>\n\n\n\n<p class=\"has-medium-font-size\">Frans Beckers<\/p>\n<\/div><\/div>\n\n<div style=\"height:46px\" aria-hidden=\"true\" class=\"wp-block-spacer\"><\/div>\n\n<h2 class=\"wp-block-heading\"><strong>Entwicklung funktionierender Kreislaufwirtschaftsmodelle<\/strong><\/h2>\n\n<p class=\"has-medium-font-size\">Wir unterst\u00fctzen Organisationen bei der Neugestaltung ihrer Produkte, Dienstleistungen und Abl\u00e4ufe im Hinblick auf Kreislaufwirtschaft und Wirtschaftlichkeit. Unser Beratungsansatz umfasst:<\/p>\n\n<ul class=\"wp-block-list\">\n<li class=\"has-medium-font-size\">Gesch\u00e4ftsmodellinnovation und Szenarioplanung<\/li>\n\n\n\n<li class=\"has-medium-font-size\">Produktdesign f\u00fcr Kreislaufwirtschaft und Werterhalt<\/li>\n\n\n\n<li class=\"has-medium-font-size\">Servicebasierte und Produkt-als-Service-Modelle<\/li>\n\n\n\n<li class=\"has-medium-font-size\">R\u00fcckw\u00e4rtslogistik, R\u00fcckgewinnungsstrategien und -prozesse<\/li>\n\n\n\n<li class=\"has-medium-font-size\">Finanzmodellierung, die an den realen Kreislaufwert gekoppelt ist<\/li>\n\n\n\n<li class=\"has-medium-font-size\">Regulatorische Ausrichtung zur Zukunftssicherung Ihres Angebots<\/li>\n<\/ul>\n\n<p class=\"has-medium-font-size\">Jedes von uns entworfene Modell spiegelt Ihre betriebliche Realit\u00e4t, den Marktkontext und Ihre langfristigen strategischen Ziele wider \u2013 damit Kreislaufwirtschaft zu einem nachhaltigen Vorteil und nicht zu einer Kostenbelastung wird.<\/p>\n\n<div style=\"height:46px\" aria-hidden=\"true\" class=\"wp-block-spacer\"><\/div>\n\n<h2 class=\"wp-block-heading\"><strong>Digitale Produktp\u00e4sse: Erm\u00f6glichung profitabler Kreislaufwirtschaftsmodelle<\/strong><\/h2>\n\n<p class=\"has-medium-font-size\">Kreislaufwirtschaftliche Gesch\u00e4ftsmodelle basieren auf Daten \u2013 zu Materialien, Komponenten, Reparaturen, Aufbereitungszyklen und Wertstoffr\u00fcckgewinnung. Digitale Produktp\u00e4sse (DPPs) erm\u00f6glichen dies durch transparente, strukturierte Informationen, die Folgendes erm\u00f6glichen:<\/p>\n\n<ul class=\"wp-block-list\">\n<li class=\"has-medium-font-size\">H\u00f6herer Informationswert von Produkten, Komponenten und Materialien<\/li>\n\n\n\n<li class=\"has-medium-font-size\">H\u00f6herer R\u00fcckgewinnungswert am Ende der Nutzungsdauer<\/li>\n\n\n\n<li class=\"has-medium-font-size\">Effiziente Reparatur- und Sanierungsprozesse<\/li>\n\n\n\n<li class=\"has-medium-font-size\">Nachweis der Kreislaufwirtschaft f\u00fcr Kunden und Regulierungsbeh\u00f6rden<\/li>\n\n\n\n<li class=\"has-medium-font-size\">Intelligentere Entscheidungsfindung bei Produktdesign und Wiederverwendung<\/li>\n<\/ul>\n\n<p class=\"has-medium-font-size\">Mit <a href=\"https:\/\/cirmar.com\/de\/products-services\/c_passport-3\/\">C_passport\u00ae<\/a> lassen sich DPPs nahtlos in Ihr Gesch\u00e4ftsmodell integrieren und machen Transparenz zu einem wirtschaftlichen Vorteil.<\/p>\n\n<figure class=\"wp-block-image size-full\"><img decoding=\"async\" src=\"https:\/\/cirmar.com\/\/app\/uploads\/2023\/12\/Scherm&#xAD;afbeelding-2023-12-10-om-22.03.41.png\" alt=\"\" class=\"wp-image-2987\"\/><\/figure>\n\n<div style=\"height:46px\" aria-hidden=\"true\" class=\"wp-block-spacer\"><\/div>\n\n<h2 class=\"wp-block-heading\">Kreislaufwirtschaft als strategische Chance<\/h2>\n\n<p class=\"has-medium-font-size\">Bei Cirmar sehen wir zirkul\u00e4re Gesch\u00e4ftsmodelle als eine der spannendsten Herausforderungen moderner Strategieentwicklung \u2013 und gleichzeitig als eine der lohnendsten. Unternehmen, die heute auf Kreislaufwirtschaft setzen, schaffen einen h\u00f6heren Kundennutzen, resilientere Lieferketten und wettbewerbsf\u00e4higere Kostenstrukturen. Wir unterst\u00fctzen Organisationen bei diesem Wandel \u2013 wirtschaftlich tragf\u00e4hig, zukunftssicher und im Einklang mit Nachhaltigkeit und Rentabilit\u00e4t.<\/p>\n\n<div style=\"height:46px\" aria-hidden=\"true\" class=\"wp-block-spacer\"><\/div>\n\n<p class=\"has-medium-font-size\">Unsere Experten f\u00fcr Kreislaufwirtschaftsstrategien sind bereit, Ihr Unternehmen zu transformieren.<\/p>\n\n<div class=\"wp-block-buttons is-layout-flex wp-block-buttons-is-layout-flex\">\n<div class=\"wp-block-button\"><a class=\"wp-block-button__link wp-element-button\" href=\"https:\/\/cirmar.com\/de\/kontakt\/\">Nehmen Sie jetzt Kontakt auf<\/a><\/div>\n<\/div>\n\n<div style=\"height:41px\" aria-hidden=\"true\" class=\"wp-block-spacer\"><\/div>\n\n<p class=\"has-medium-font-size\">Erfahren Sie mehr \u00fcber unsere Kreislauftransformationen, indem Sie in unsere Kreislaufgeschichten eintauchen.<\/p>\n\n<div class=\"wp-block-buttons is-layout-flex wp-block-buttons-is-layout-flex\">\n<div class=\"wp-block-button\"><a class=\"wp-block-button__link wp-element-button\" href=\"https:\/\/cirmar.com\/use-cases\/alpheios\/\">Vebego Bright Solutions<\/a><\/div>\n\n\n\n<div class=\"wp-block-button\"><a class=\"wp-block-button__link wp-element-button\" href=\"https:\/\/cirmar.com\/use-cases\/retail-bouw-management\/\">Zirkularit\u00e4t im Einzelhandel<\/a><\/div>\n<\/div>\n","protected":false},"excerpt":{"rendered":"<p>Neugestaltung von Werten f\u00fcr eine wettbewerbsf\u00e4hige Zukunft Kreislaufwirtschaftliche Gesch\u00e4ftsmodelle entwickeln sich rasant zu einem Eckpfeiler resilienter und zukunftssicherer Unternehmen. Doch f\u00fcr viele bleibt die Frage: K\u00f6nnen zirkul\u00e4re Produkte kosteneffektiv, profitabel und skalierbar sein? Bei Cirmar lautet unsere Antwort ein klares Ja. Wir sind \u00fcberzeugt \u2013 und beweisen es immer wieder \u2013, dass zirkul\u00e4re Produkte niemals&#8230;<\/p>\n","protected":false},"author":2,"featured_media":0,"parent":0,"menu_order":0,"comment_status":"closed","ping_status":"closed","template":"","meta":{"footnotes":""},"class_list":["post-9316","page","type-page","status-publish","hentry"],"acf":[],"yoast_head":"<!-- This site is optimized with the Yoast SEO plugin v22.1 - https:\/\/yoast.com\/wordpress\/plugins\/seo\/ -->\n<title>Zirkul\u00e4re Gesch\u00e4ftsmodelle - Cirmar<\/title>\n<meta name=\"description\" content=\"Kreislaufwirtschaftliche Gesch\u00e4ftsmodelle erm\u00f6glichen die Umsetzung des nachhaltigen Wandels. Wir schaffen neuen Wert in der R\u00fcckgewinnung und Wiederverwendung von Materialien.\" \/>\n<meta name=\"robots\" content=\"index, follow, max-snippet:-1, max-image-preview:large, max-video-preview:-1\" \/>\n<link rel=\"canonical\" href=\"https:\/\/cirmar.com\/de\/zirkulaere-geschaeftsmodelle\/\" \/>\n<meta property=\"og:locale\" content=\"de_DE\" \/>\n<meta property=\"og:type\" content=\"article\" \/>\n<meta property=\"og:title\" content=\"Zirkul\u00e4re Gesch\u00e4ftsmodelle - Cirmar\" \/>\n<meta property=\"og:description\" content=\"Kreislaufwirtschaftliche Gesch\u00e4ftsmodelle erm\u00f6glichen die Umsetzung des nachhaltigen Wandels. Wir schaffen neuen Wert in der R\u00fcckgewinnung und Wiederverwendung von Materialien.\" \/>\n<meta property=\"og:url\" content=\"https:\/\/cirmar.com\/de\/zirkulaere-geschaeftsmodelle\/\" \/>\n<meta property=\"og:site_name\" content=\"Cirmar\" \/>\n<meta property=\"article:modified_time\" content=\"2026-04-16T12:17:31+00:00\" \/>\n<meta property=\"og:image\" content=\"https:\/\/cirmar.com\/\/app\/uploads\/2026\/02\/frans-ispt-1024x653.jpeg\" \/>\n<meta name=\"twitter:card\" content=\"summary_large_image\" \/>\n<meta name=\"twitter:label1\" content=\"Est. reading time\" \/>\n\t<meta name=\"twitter:data1\" content=\"3 minutes\" \/>\n<script type=\"application\/ld+json\" class=\"yoast-schema-graph\">{\"@context\":\"https:\/\/schema.org\",\"@graph\":[{\"@type\":\"WebPage\",\"@id\":\"https:\/\/cirmar.com\/de\/zirkulaere-geschaeftsmodelle\/\",\"url\":\"https:\/\/cirmar.com\/de\/zirkulaere-geschaeftsmodelle\/\",\"name\":\"Zirkul\u00e4re Gesch\u00e4ftsmodelle - Cirmar\",\"isPartOf\":{\"@id\":\"https:\/\/cirmar.com\/#website\"},\"datePublished\":\"2026-04-16T12:17:30+00:00\",\"dateModified\":\"2026-04-16T12:17:31+00:00\",\"description\":\"Kreislaufwirtschaftliche Gesch\u00e4ftsmodelle erm\u00f6glichen die Umsetzung des nachhaltigen Wandels. Wir schaffen neuen Wert in der R\u00fcckgewinnung und Wiederverwendung von Materialien.\",\"breadcrumb\":{\"@id\":\"https:\/\/cirmar.com\/de\/zirkulaere-geschaeftsmodelle\/#breadcrumb\"},\"inLanguage\":\"de-DE\",\"potentialAction\":[{\"@type\":\"ReadAction\",\"target\":[\"https:\/\/cirmar.com\/de\/zirkulaere-geschaeftsmodelle\/\"]}]},{\"@type\":\"BreadcrumbList\",\"@id\":\"https:\/\/cirmar.com\/de\/zirkulaere-geschaeftsmodelle\/#breadcrumb\",\"itemListElement\":[{\"@type\":\"ListItem\",\"position\":1,\"name\":\"Cirmar\",\"item\":\"https:\/\/cirmar.com\/de\/\"},{\"@type\":\"ListItem\",\"position\":2,\"name\":\"Zirkul\u00e4re Gesch\u00e4ftsmodelle\"}]},{\"@type\":\"WebSite\",\"@id\":\"https:\/\/cirmar.com\/#website\",\"url\":\"https:\/\/cirmar.com\/\",\"name\":\"Cirmar\",\"description\":\"The Digital Product Passport\",\"publisher\":{\"@id\":\"https:\/\/cirmar.com\/#organization\"},\"potentialAction\":[{\"@type\":\"SearchAction\",\"target\":{\"@type\":\"EntryPoint\",\"urlTemplate\":\"https:\/\/cirmar.com\/?s={search_term_string}\"},\"query-input\":\"required name=search_term_string\"}],\"inLanguage\":\"de-DE\"},{\"@type\":\"Organization\",\"@id\":\"https:\/\/cirmar.com\/#organization\",\"name\":\"Cirmar\",\"url\":\"https:\/\/cirmar.com\/\",\"logo\":{\"@type\":\"ImageObject\",\"inLanguage\":\"de-DE\",\"@id\":\"https:\/\/cirmar.com\/#\/schema\/logo\/image\/\",\"url\":\"https:\/\/www.cirmar.com\/app\/uploads\/2021\/09\/Group-14.png\",\"contentUrl\":\"https:\/\/www.cirmar.com\/app\/uploads\/2021\/09\/Group-14.png\",\"width\":233,\"height\":95,\"caption\":\"Cirmar\"},\"image\":{\"@id\":\"https:\/\/cirmar.com\/#\/schema\/logo\/image\/\"}}]}<\/script>\n<!-- \/ Yoast SEO plugin. -->","yoast_head_json":{"title":"Zirkul\u00e4re Gesch\u00e4ftsmodelle - Cirmar","description":"Kreislaufwirtschaftliche Gesch\u00e4ftsmodelle erm\u00f6glichen die Umsetzung des nachhaltigen Wandels. Wir schaffen neuen Wert in der R\u00fcckgewinnung und Wiederverwendung von Materialien.","robots":{"index":"index","follow":"follow","max-snippet":"max-snippet:-1","max-image-preview":"max-image-preview:large","max-video-preview":"max-video-preview:-1"},"canonical":"https:\/\/cirmar.com\/de\/zirkulaere-geschaeftsmodelle\/","og_locale":"de_DE","og_type":"article","og_title":"Zirkul\u00e4re Gesch\u00e4ftsmodelle - Cirmar","og_description":"Kreislaufwirtschaftliche Gesch\u00e4ftsmodelle erm\u00f6glichen die Umsetzung des nachhaltigen Wandels. Wir schaffen neuen Wert in der R\u00fcckgewinnung und Wiederverwendung von Materialien.","og_url":"https:\/\/cirmar.com\/de\/zirkulaere-geschaeftsmodelle\/","og_site_name":"Cirmar","article_modified_time":"2026-04-16T12:17:31+00:00","og_image":[{"url":"https:\/\/cirmar.com\/\/app\/uploads\/2026\/02\/frans-ispt-1024x653.jpeg"}],"twitter_card":"summary_large_image","twitter_misc":{"Est. reading time":"3 minutes"},"schema":{"@context":"https:\/\/schema.org","@graph":[{"@type":"WebPage","@id":"https:\/\/cirmar.com\/de\/zirkulaere-geschaeftsmodelle\/","url":"https:\/\/cirmar.com\/de\/zirkulaere-geschaeftsmodelle\/","name":"Zirkul\u00e4re Gesch\u00e4ftsmodelle - Cirmar","isPartOf":{"@id":"https:\/\/cirmar.com\/#website"},"datePublished":"2026-04-16T12:17:30+00:00","dateModified":"2026-04-16T12:17:31+00:00","description":"Kreislaufwirtschaftliche Gesch\u00e4ftsmodelle erm\u00f6glichen die Umsetzung des nachhaltigen Wandels. Wir schaffen neuen Wert in der R\u00fcckgewinnung und Wiederverwendung von Materialien.","breadcrumb":{"@id":"https:\/\/cirmar.com\/de\/zirkulaere-geschaeftsmodelle\/#breadcrumb"},"inLanguage":"de-DE","potentialAction":[{"@type":"ReadAction","target":["https:\/\/cirmar.com\/de\/zirkulaere-geschaeftsmodelle\/"]}]},{"@type":"BreadcrumbList","@id":"https:\/\/cirmar.com\/de\/zirkulaere-geschaeftsmodelle\/#breadcrumb","itemListElement":[{"@type":"ListItem","position":1,"name":"Cirmar","item":"https:\/\/cirmar.com\/de\/"},{"@type":"ListItem","position":2,"name":"Zirkul\u00e4re Gesch\u00e4ftsmodelle"}]},{"@type":"WebSite","@id":"https:\/\/cirmar.com\/#website","url":"https:\/\/cirmar.com\/","name":"Cirmar","description":"The Digital Product Passport","publisher":{"@id":"https:\/\/cirmar.com\/#organization"},"potentialAction":[{"@type":"SearchAction","target":{"@type":"EntryPoint","urlTemplate":"https:\/\/cirmar.com\/?s={search_term_string}"},"query-input":"required name=search_term_string"}],"inLanguage":"de-DE"},{"@type":"Organization","@id":"https:\/\/cirmar.com\/#organization","name":"Cirmar","url":"https:\/\/cirmar.com\/","logo":{"@type":"ImageObject","inLanguage":"de-DE","@id":"https:\/\/cirmar.com\/#\/schema\/logo\/image\/","url":"https:\/\/www.cirmar.com\/app\/uploads\/2021\/09\/Group-14.png","contentUrl":"https:\/\/www.cirmar.com\/app\/uploads\/2021\/09\/Group-14.png","width":233,"height":95,"caption":"Cirmar"},"image":{"@id":"https:\/\/cirmar.com\/#\/schema\/logo\/image\/"}}]}},"_links":{"self":[{"href":"https:\/\/cirmar.com\/de\/wp-json\/wp\/v2\/pages\/9316"}],"collection":[{"href":"https:\/\/cirmar.com\/de\/wp-json\/wp\/v2\/pages"}],"about":[{"href":"https:\/\/cirmar.com\/de\/wp-json\/wp\/v2\/types\/page"}],"author":[{"embeddable":true,"href":"https:\/\/cirmar.com\/de\/wp-json\/wp\/v2\/users\/2"}],"replies":[{"embeddable":true,"href":"https:\/\/cirmar.com\/de\/wp-json\/wp\/v2\/comments?post=9316"}],"version-history":[{"count":1,"href":"https:\/\/cirmar.com\/de\/wp-json\/wp\/v2\/pages\/9316\/revisions"}],"predecessor-version":[{"id":9319,"href":"https:\/\/cirmar.com\/de\/wp-json\/wp\/v2\/pages\/9316\/revisions\/9319"}],"wp:attachment":[{"href":"https:\/\/cirmar.com\/de\/wp-json\/wp\/v2\/media?parent=9316"}],"curies":[{"name":"wp","href":"https:\/\/api.w.org\/{rel}","templated":true}]}}