{"id":9322,"date":"2026-04-16T14:23:10","date_gmt":"2026-04-16T12:23:10","guid":{"rendered":"https:\/\/cirmar.com\/zweckstrategie\/"},"modified":"2026-04-16T14:23:11","modified_gmt":"2026-04-16T12:23:11","slug":"zweckstrategie","status":"publish","type":"page","link":"https:\/\/cirmar.com\/de\/zweckstrategie\/","title":{"rendered":"Zweckstrategie"},"content":{"rendered":"\n<h2 class=\"wp-block-heading\">Die Vision einer Kreislaufwirtschaft mit einem sinnvollen Gesch\u00e4ftswert in Einklang bringen<\/h2>\n\n<div style=\"height:104px\" aria-hidden=\"true\" class=\"wp-block-spacer\"><\/div>\n\n<p class=\"has-medium-font-size\"><strong>Organisationen wollen oft mehr als nur finanzielle Erfolge erzielen \u2013 sie wollen Sinnhaftigkeit, Verantwortung und langfristige Wertsch\u00f6pfung demonstrieren. F\u00fcr Unternehmen, die auf Kreislaufwirtschaft setzen, ist diese Ausrichtung noch wichtiger. Cirmar unterst\u00fctzt Organisationen bei der Entwicklung sinnstiftender Strategien, die wirtschaftliche Leistung mit einer sinnvollen und nachhaltigen Wirkung verbinden.<\/strong><\/p>\n\n<div style=\"height:67px\" aria-hidden=\"true\" class=\"wp-block-spacer\"><\/div>\n\n<h2 class=\"wp-block-heading\"><strong>Zweck als strategische Grundlage<\/strong><\/h2>\n\n<p class=\"has-medium-font-size\">Ein starker Unternehmenszweck ist mehr als eine blo\u00dfe Aussage \u2013 er ist eine strategische Leitlinie, die Entscheidungen entlang der gesamten Wertsch\u00f6pfungskette beeinflusst. Klar definiert und konsequent angewendet, schafft ein Unternehmenszweck Koh\u00e4renz: Produkte, Betriebsabl\u00e4ufe, Kundenbeziehungen und Partnerschaften entwickeln sich in dieselbe Richtung. Diese Klarheit ist essenziell f\u00fcr Unternehmen, die den \u00dcbergang von einer linearen zu einer zirkul\u00e4ren Wertsch\u00f6pfung vollziehen. Neue Modelle, neue Materialien und neue Wertsch\u00f6pfungsketten erfordern ein tief verwurzeltes Verst\u00e4ndnis daf\u00fcr, warum diese Transformation so wichtig ist. Letztlich l\u00e4sst sich der \u00dcbergang zu einer zirkul\u00e4ren Wertsch\u00f6pfung in f\u00fcnf Wertarten \u00fcbersetzen: Materialwert, finanzieller Wert, Emissionswert, Reputationswert und Compliance-Wert.<\/p>\n\n<div style=\"height:67px\" aria-hidden=\"true\" class=\"wp-block-spacer\"><\/div>\n\n<h2 class=\"wp-block-heading\"><strong>Wirtschaftlicher Wert und Zweck gehen Hand in Hand<\/strong><\/h2>\n\n<p class=\"has-medium-font-size\">Kreislaufstrategien m\u00fcssen wirtschaftlich sinnvoll sein. Cirmar verfolgt einen wertorientierten Ansatz: Kreislaufprodukte, -dienstleistungen und -modelle sollen neben ihren \u00f6kologischen Vorteilen auch wirtschaftliche Vorteile generieren \u2013 Kosteneinsparungen, neue Umsatzm\u00f6glichkeiten, h\u00f6here Resilienz.<\/p>\n\n<p class=\"has-medium-font-size\">Wir sind uns aber auch bewusst, dass eine echte Kreislaufwirtschaft am wirkungsvollsten ist, wenn sie von einem \u00fcbergeordneten Ziel geleitet wird. Unternehmen, die in diesem Bereich erfolgreich sind, betrachten Kreislaufwirtschaft nicht als blo\u00dfes Nachhaltigkeits-Add-on; sie integrieren das Ziel in ihre Strategie, sodass jede finanzielle Entscheidung langfristig positive Auswirkungen hat.<\/p>\n\n<div style=\"height:67px\" aria-hidden=\"true\" class=\"wp-block-spacer\"><\/div>\n\n<h2 class=\"wp-block-heading\"><strong>Eine zielgerichtete Strategie gew\u00e4hrleistet:<\/strong><\/h2>\n\n<ul class=\"wp-block-list\">\n<li class=\"has-medium-font-size\">Der \u00f6konomische Wert ist mit dem \u00f6kologischen und sozialen Wert verbunden.<\/li>\n\n\n\n<li class=\"has-medium-font-size\">Kreislaufwirtschaftliche Initiativen unterst\u00fctzen die Mission und Identit\u00e4t der Organisation.<\/li>\n\n\n\n<li class=\"has-medium-font-size\">Die Teams verstehen nicht nur, was sich \u00e4ndert, sondern auch warum.<\/li>\n\n\n\n<li class=\"has-medium-font-size\">Kunden und Partner erkennen Authentizit\u00e4t und langfristiges Engagement.<\/li>\n\n\n\n<li class=\"has-medium-font-size\">Zweck und Rentabilit\u00e4t sind keine Gegens\u00e4tze \u2013 sie verst\u00e4rken sich gegenseitig.<\/li>\n<\/ul>\n\n<div style=\"height:67px\" aria-hidden=\"true\" class=\"wp-block-spacer\"><\/div>\n\n<h2 class=\"wp-block-heading\">Sinn und Zweck in den Gesch\u00e4ftsalltag \u00fcbersetzen<\/h2>\n\n<p class=\"has-medium-font-size\">Wir unterst\u00fctzen Organisationen dabei, ihren Unternehmenszweck praktisch und umsetzbar zu gestalten. Das bedeutet, die Zweckstrategie in Produktentwicklung, operative Abl\u00e4ufe, Partnerschaften und Kommunikation zu \u00fcbersetzen. Unser Ansatz umfasst:<\/p>\n\n<ul class=\"wp-block-list\">\n<li class=\"has-medium-font-size\">Definition oder Pr\u00e4zisierung des Organisationszwecks<\/li>\n\n\n\n<li class=\"has-medium-font-size\">Zweckorientierte strategische Planung und Entscheidungsfindung<\/li>\n\n\n\n<li class=\"has-medium-font-size\">Einbettung von Kreislaufprinzipien in die Organisationsabl\u00e4ufe<\/li>\n\n\n\n<li class=\"has-medium-font-size\">Einbindung von Interessengruppen und Entwicklung einer Erz\u00e4hlung<\/li>\n\n\n\n<li class=\"has-medium-font-size\">Verkn\u00fcpfung von Sinnhaftigkeit mit KPIs, Governance und Kultur<\/li>\n\n\n\n<li class=\"has-medium-font-size\">Das Ergebnis ist eine koh\u00e4rente Strategie, bei der Kreislaufwirtschaft keine separate Initiative ist, sondern ein nat\u00fcrlicher Ausdruck der Unternehmensmission.<\/li>\n<\/ul>\n\n<div style=\"height:51px\" aria-hidden=\"true\" class=\"wp-block-spacer\"><\/div>\n\n<div class=\"wp-block-media-text is-stacked-on-mobile\"><figure class=\"wp-block-media-text__media\"><img loading=\"lazy\" decoding=\"async\" width=\"900\" height=\"600\" src=\"https:\/\/cirmar.com\/\/app\/uploads\/2024\/04\/presentatie-LIOF.jpeg\" alt=\"\" class=\"wp-image-3509 size-full\" srcset=\"https:\/\/cirmar.com\/\/app\/uploads\/2024\/04\/presentatie-LIOF.jpeg 900w, https:\/\/cirmar.com\/\/app\/uploads\/2024\/04\/presentatie-LIOF-300x200.jpeg 300w, https:\/\/cirmar.com\/\/app\/uploads\/2024\/04\/presentatie-LIOF-768x512.jpeg 768w, https:\/\/cirmar.com\/\/app\/uploads\/2024\/04\/presentatie-LIOF-825x550.jpeg 825w, https:\/\/cirmar.com\/\/app\/uploads\/2024\/04\/presentatie-LIOF-250x167.jpeg 250w, https:\/\/cirmar.com\/\/app\/uploads\/2024\/04\/presentatie-LIOF-600x400.jpeg 600w\" sizes=\"(max-width: 900px) 100vw, 900px\" \/><\/figure><div class=\"wp-block-media-text__content\">\n<p class=\"has-medium-font-size\">\u201eDas Problem liegt oft nicht in der Motivation von Menschen und Unternehmen. Es ist einfach schwierig, den Ehrgeiz in die Tat umzusetzen \u2013 und genau da setzen wir an!\u201c<\/p>\n\n\n\n<p class=\"has-medium-font-size\">Jasper Martin<\/p>\n<\/div><\/div>\n\n<div style=\"height:51px\" aria-hidden=\"true\" class=\"wp-block-spacer\"><\/div>\n\n<h2 class=\"wp-block-heading\"><strong>Digitale Produktp\u00e4sse: Nachweis des Zwecks in der Praxis<\/strong><\/h2>\n\n<p class=\"has-medium-font-size\">Ein Unternehmenszweck wird glaubw\u00fcrdig, wenn er durch transparente und \u00fcberpr\u00fcfbare Daten belegt wird. Digitale Produktp\u00e4sse (DPPs) spielen eine zentrale Rolle dabei, aufzuzeigen, wie eine Organisation ihren Zweck lebt durch:<\/p>\n\n<ul class=\"wp-block-list\">\n<li class=\"has-medium-font-size\">Transparente Material- und Produktinformationen<\/li>\n\n\n\n<li class=\"has-medium-font-size\">Nachweise f\u00fcr Kreislaufwirtschaft<\/li>\n\n\n\n<li class=\"has-medium-font-size\">Unterst\u00fctzung der R\u00fcckverfolgbarkeit entlang des gesamten Lieferzyklus<\/li>\n\n\n\n<li class=\"has-medium-font-size\">Verbessertes Kundenvertrauen durch kommunizierte Wirkung<\/li>\n\n\n\n<li class=\"has-medium-font-size\">Daten, die Produktentscheidungen mit zweckorientierten Ergebnissen verkn\u00fcpfen<\/li>\n\n\n\n<li class=\"has-medium-font-size\"><a href=\"https:\/\/cirmar.com\/de\/products-services\/c_passport-3\/\">Die Plattform von Cirmar<\/a> erm\u00f6glicht es Organisationen, ihren Zweck nicht nur durch Worte, sondern auch durch messbare Ma\u00dfnahmen zu kommunizieren.<\/li>\n<\/ul>\n\n<figure class=\"wp-block-image size-full\"><img decoding=\"async\" src=\"https:\/\/cirmar.com\/\/app\/uploads\/2023\/12\/Scherm&#xAD;afbeelding-2023-12-10-om-22.03.41.png\" alt=\"\" class=\"wp-image-2987\"\/><\/figure>\n\n<div style=\"height:51px\" aria-hidden=\"true\" class=\"wp-block-spacer\"><\/div>\n\n<h2 class=\"wp-block-heading\"><strong>Zielorientierung treibt langfristigen strategischen Erfolg voran<\/strong><\/h2>\n\n<p class=\"has-medium-font-size\">Eine klar definierte Sinnstrategie st\u00e4rkt die Wettbewerbsposition, f\u00f6rdert die Kundenbindung und richtet Teams auf gemeinsame Ziele aus. In Kombination mit wirtschaftlich sinnvollen Kreislaufwirtschaftspraktiken wird Sinn zum strategischen Katalysator \u2013 er beschleunigt Innovationen, reduziert Risiken und schafft ein resilientes, verantwortungsvolles Unternehmen, das f\u00fcr eine zirkul\u00e4re Zukunft ger\u00fcstet ist.<\/p>\n\n<div style=\"height:51px\" aria-hidden=\"true\" class=\"wp-block-spacer\"><\/div>\n\n<p class=\"has-medium-font-size\">Unsere Experten f\u00fcr Kreislaufwirtschaftsstrategien sind bereit, Ihr Unternehmen zu transformieren.<\/p>\n\n<div class=\"wp-block-buttons is-layout-flex wp-block-buttons-is-layout-flex\">\n<div class=\"wp-block-button\"><a class=\"wp-block-button__link wp-element-button\" href=\"https:\/\/cirmar.com\/de\/kontakt\/\">Nehmen Sie jetzt Kontakt auf<\/a><\/div>\n<\/div>\n\n<div style=\"height:41px\" aria-hidden=\"true\" class=\"wp-block-spacer\"><\/div>\n\n<p class=\"has-medium-font-size\">Erfahren Sie mehr \u00fcber unsere Kreislauftransformationen, indem Sie in unsere Kreislaufgeschichten eintauchen.<\/p>\n\n<div class=\"wp-block-buttons is-layout-flex wp-block-buttons-is-layout-flex\">\n<div class=\"wp-block-button\"><a class=\"wp-block-button__link wp-element-button\" href=\"https:\/\/cirmar.com\/use-cases\/alpheios\/\">Vebego Bright Solutions<\/a><\/div>\n\n\n\n<div class=\"wp-block-button\"><a class=\"wp-block-button__link wp-element-button\" href=\"https:\/\/cirmar.com\/use-cases\/emma-safety-footwear\/\">EMMA Safety Footwear<\/a><\/div>\n<\/div>\n","protected":false},"excerpt":{"rendered":"<p>Die Vision einer Kreislaufwirtschaft mit einem sinnvollen Gesch\u00e4ftswert in Einklang bringen Organisationen wollen oft mehr als nur finanzielle Erfolge erzielen \u2013 sie wollen Sinnhaftigkeit, Verantwortung und langfristige Wertsch\u00f6pfung demonstrieren. F\u00fcr Unternehmen, die auf Kreislaufwirtschaft setzen, ist diese Ausrichtung noch wichtiger. Cirmar unterst\u00fctzt Organisationen bei der Entwicklung sinnstiftender Strategien, die wirtschaftliche Leistung mit einer sinnvollen und&#8230;<\/p>\n","protected":false},"author":2,"featured_media":0,"parent":0,"menu_order":0,"comment_status":"closed","ping_status":"closed","template":"","meta":{"footnotes":""},"class_list":["post-9322","page","type-page","status-publish","hentry"],"acf":[],"yoast_head":"<!-- This site is optimized with the Yoast SEO plugin v22.1 - https:\/\/yoast.com\/wordpress\/plugins\/seo\/ -->\n<title>Zweckstrategie - Cirmar<\/title>\n<meta name=\"description\" content=\"Ihre Unternehmenszweckstrategie definiert, warum Ihr Unternehmen tut, was es tut. Die meisten Unternehmen kennen ihr \u201eWarum\u201c \u2013 wir helfen ihnen, es zu formulieren und in die Praxis umzusetzen.\" \/>\n<meta name=\"robots\" content=\"index, follow, max-snippet:-1, max-image-preview:large, max-video-preview:-1\" \/>\n<link rel=\"canonical\" href=\"https:\/\/cirmar.com\/de\/zweckstrategie\/\" \/>\n<meta property=\"og:locale\" content=\"de_DE\" \/>\n<meta property=\"og:type\" content=\"article\" \/>\n<meta property=\"og:title\" content=\"Zweckstrategie - Cirmar\" \/>\n<meta property=\"og:description\" content=\"Ihre Unternehmenszweckstrategie definiert, warum Ihr Unternehmen tut, was es tut. Die meisten Unternehmen kennen ihr \u201eWarum\u201c \u2013 wir helfen ihnen, es zu formulieren und in die Praxis umzusetzen.\" \/>\n<meta property=\"og:url\" content=\"https:\/\/cirmar.com\/de\/zweckstrategie\/\" \/>\n<meta property=\"og:site_name\" content=\"Cirmar\" \/>\n<meta property=\"article:modified_time\" content=\"2026-04-16T12:23:11+00:00\" \/>\n<meta property=\"og:image\" content=\"https:\/\/cirmar.com\/\/app\/uploads\/2024\/04\/presentatie-LIOF.jpeg\" \/>\n<meta name=\"twitter:card\" content=\"summary_large_image\" \/>\n<meta name=\"twitter:label1\" content=\"Est. reading time\" \/>\n\t<meta name=\"twitter:data1\" content=\"3 minutes\" \/>\n<script type=\"application\/ld+json\" class=\"yoast-schema-graph\">{\"@context\":\"https:\/\/schema.org\",\"@graph\":[{\"@type\":\"WebPage\",\"@id\":\"https:\/\/cirmar.com\/de\/zweckstrategie\/\",\"url\":\"https:\/\/cirmar.com\/de\/zweckstrategie\/\",\"name\":\"Zweckstrategie - Cirmar\",\"isPartOf\":{\"@id\":\"https:\/\/cirmar.com\/#website\"},\"datePublished\":\"2026-04-16T12:23:10+00:00\",\"dateModified\":\"2026-04-16T12:23:11+00:00\",\"description\":\"Ihre Unternehmenszweckstrategie definiert, warum Ihr Unternehmen tut, was es tut. Die meisten Unternehmen kennen ihr \u201eWarum\u201c \u2013 wir helfen ihnen, es zu formulieren und in die Praxis umzusetzen.\",\"breadcrumb\":{\"@id\":\"https:\/\/cirmar.com\/de\/zweckstrategie\/#breadcrumb\"},\"inLanguage\":\"de-DE\",\"potentialAction\":[{\"@type\":\"ReadAction\",\"target\":[\"https:\/\/cirmar.com\/de\/zweckstrategie\/\"]}]},{\"@type\":\"BreadcrumbList\",\"@id\":\"https:\/\/cirmar.com\/de\/zweckstrategie\/#breadcrumb\",\"itemListElement\":[{\"@type\":\"ListItem\",\"position\":1,\"name\":\"Cirmar\",\"item\":\"https:\/\/cirmar.com\/de\/\"},{\"@type\":\"ListItem\",\"position\":2,\"name\":\"Zweckstrategie\"}]},{\"@type\":\"WebSite\",\"@id\":\"https:\/\/cirmar.com\/#website\",\"url\":\"https:\/\/cirmar.com\/\",\"name\":\"Cirmar\",\"description\":\"The Digital Product Passport\",\"publisher\":{\"@id\":\"https:\/\/cirmar.com\/#organization\"},\"potentialAction\":[{\"@type\":\"SearchAction\",\"target\":{\"@type\":\"EntryPoint\",\"urlTemplate\":\"https:\/\/cirmar.com\/?s={search_term_string}\"},\"query-input\":\"required name=search_term_string\"}],\"inLanguage\":\"de-DE\"},{\"@type\":\"Organization\",\"@id\":\"https:\/\/cirmar.com\/#organization\",\"name\":\"Cirmar\",\"url\":\"https:\/\/cirmar.com\/\",\"logo\":{\"@type\":\"ImageObject\",\"inLanguage\":\"de-DE\",\"@id\":\"https:\/\/cirmar.com\/#\/schema\/logo\/image\/\",\"url\":\"https:\/\/www.cirmar.com\/app\/uploads\/2021\/09\/Group-14.png\",\"contentUrl\":\"https:\/\/www.cirmar.com\/app\/uploads\/2021\/09\/Group-14.png\",\"width\":233,\"height\":95,\"caption\":\"Cirmar\"},\"image\":{\"@id\":\"https:\/\/cirmar.com\/#\/schema\/logo\/image\/\"}}]}<\/script>\n<!-- \/ Yoast SEO plugin. -->","yoast_head_json":{"title":"Zweckstrategie - Cirmar","description":"Ihre Unternehmenszweckstrategie definiert, warum Ihr Unternehmen tut, was es tut. Die meisten Unternehmen kennen ihr \u201eWarum\u201c \u2013 wir helfen ihnen, es zu formulieren und in die Praxis umzusetzen.","robots":{"index":"index","follow":"follow","max-snippet":"max-snippet:-1","max-image-preview":"max-image-preview:large","max-video-preview":"max-video-preview:-1"},"canonical":"https:\/\/cirmar.com\/de\/zweckstrategie\/","og_locale":"de_DE","og_type":"article","og_title":"Zweckstrategie - Cirmar","og_description":"Ihre Unternehmenszweckstrategie definiert, warum Ihr Unternehmen tut, was es tut. Die meisten Unternehmen kennen ihr \u201eWarum\u201c \u2013 wir helfen ihnen, es zu formulieren und in die Praxis umzusetzen.","og_url":"https:\/\/cirmar.com\/de\/zweckstrategie\/","og_site_name":"Cirmar","article_modified_time":"2026-04-16T12:23:11+00:00","og_image":[{"url":"https:\/\/cirmar.com\/\/app\/uploads\/2024\/04\/presentatie-LIOF.jpeg"}],"twitter_card":"summary_large_image","twitter_misc":{"Est. reading time":"3 minutes"},"schema":{"@context":"https:\/\/schema.org","@graph":[{"@type":"WebPage","@id":"https:\/\/cirmar.com\/de\/zweckstrategie\/","url":"https:\/\/cirmar.com\/de\/zweckstrategie\/","name":"Zweckstrategie - Cirmar","isPartOf":{"@id":"https:\/\/cirmar.com\/#website"},"datePublished":"2026-04-16T12:23:10+00:00","dateModified":"2026-04-16T12:23:11+00:00","description":"Ihre Unternehmenszweckstrategie definiert, warum Ihr Unternehmen tut, was es tut. Die meisten Unternehmen kennen ihr \u201eWarum\u201c \u2013 wir helfen ihnen, es zu formulieren und in die Praxis umzusetzen.","breadcrumb":{"@id":"https:\/\/cirmar.com\/de\/zweckstrategie\/#breadcrumb"},"inLanguage":"de-DE","potentialAction":[{"@type":"ReadAction","target":["https:\/\/cirmar.com\/de\/zweckstrategie\/"]}]},{"@type":"BreadcrumbList","@id":"https:\/\/cirmar.com\/de\/zweckstrategie\/#breadcrumb","itemListElement":[{"@type":"ListItem","position":1,"name":"Cirmar","item":"https:\/\/cirmar.com\/de\/"},{"@type":"ListItem","position":2,"name":"Zweckstrategie"}]},{"@type":"WebSite","@id":"https:\/\/cirmar.com\/#website","url":"https:\/\/cirmar.com\/","name":"Cirmar","description":"The Digital Product Passport","publisher":{"@id":"https:\/\/cirmar.com\/#organization"},"potentialAction":[{"@type":"SearchAction","target":{"@type":"EntryPoint","urlTemplate":"https:\/\/cirmar.com\/?s={search_term_string}"},"query-input":"required name=search_term_string"}],"inLanguage":"de-DE"},{"@type":"Organization","@id":"https:\/\/cirmar.com\/#organization","name":"Cirmar","url":"https:\/\/cirmar.com\/","logo":{"@type":"ImageObject","inLanguage":"de-DE","@id":"https:\/\/cirmar.com\/#\/schema\/logo\/image\/","url":"https:\/\/www.cirmar.com\/app\/uploads\/2021\/09\/Group-14.png","contentUrl":"https:\/\/www.cirmar.com\/app\/uploads\/2021\/09\/Group-14.png","width":233,"height":95,"caption":"Cirmar"},"image":{"@id":"https:\/\/cirmar.com\/#\/schema\/logo\/image\/"}}]}},"_links":{"self":[{"href":"https:\/\/cirmar.com\/de\/wp-json\/wp\/v2\/pages\/9322"}],"collection":[{"href":"https:\/\/cirmar.com\/de\/wp-json\/wp\/v2\/pages"}],"about":[{"href":"https:\/\/cirmar.com\/de\/wp-json\/wp\/v2\/types\/page"}],"author":[{"embeddable":true,"href":"https:\/\/cirmar.com\/de\/wp-json\/wp\/v2\/users\/2"}],"replies":[{"embeddable":true,"href":"https:\/\/cirmar.com\/de\/wp-json\/wp\/v2\/comments?post=9322"}],"version-history":[{"count":1,"href":"https:\/\/cirmar.com\/de\/wp-json\/wp\/v2\/pages\/9322\/revisions"}],"predecessor-version":[{"id":9325,"href":"https:\/\/cirmar.com\/de\/wp-json\/wp\/v2\/pages\/9322\/revisions\/9325"}],"wp:attachment":[{"href":"https:\/\/cirmar.com\/de\/wp-json\/wp\/v2\/media?parent=9322"}],"curies":[{"name":"wp","href":"https:\/\/api.w.org\/{rel}","templated":true}]}}