{"id":9328,"date":"2026-04-21T09:31:36","date_gmt":"2026-04-21T07:31:36","guid":{"rendered":"https:\/\/cirmar.com\/einhaltung-gesetzlicher-vorschriften\/"},"modified":"2026-04-21T09:31:37","modified_gmt":"2026-04-21T07:31:37","slug":"einhaltung-gesetzlicher-vorschriften","status":"publish","type":"page","link":"https:\/\/cirmar.com\/de\/einhaltung-gesetzlicher-vorschriften\/","title":{"rendered":"Einhaltung gesetzlicher Vorschriften"},"content":{"rendered":"\n<h2 class=\"wp-block-heading\">Von der Erf\u00fcllung von Anforderungen bis hin zur F\u00fchrung des \u00dcbergangs zu einer Kreislaufwirtschaft<\/h2>\n\n<div style=\"height:65px\" aria-hidden=\"true\" class=\"wp-block-spacer\"><\/div>\n\n<p class=\"has-medium-font-size\"><strong>Die regulatorischen Rahmenbedingungen f\u00fcr Nachhaltigkeit und Kreislaufwirtschaft entwickeln sich rasant. Unternehmen sehen sich mit einer wachsenden Zahl von Verpflichtungen konfrontiert \u2013 von der CSRD und PPWR bis hin zu den kommenden Anforderungen des Digital Product Passport und branchenspezifischen Gesetzen. Wir betrachten die Einhaltung von Vorschriften als Selbstverst\u00e4ndlichkeit. Zwar ist die Erf\u00fcllung gesetzlicher Vorgaben unerl\u00e4sslich, doch allein die Einhaltung f\u00fchrt nicht zu positiven Ver\u00e4nderungen. Wahre F\u00fchrungsst\u00e4rke zeigt sich darin, \u00fcber die Regeln hinauszugehen und sie als Grundlage f\u00fcr einen echten Wandel zu nutzen.<\/strong><\/p>\n\n<div style=\"height:65px\" aria-hidden=\"true\" class=\"wp-block-spacer\"><\/div>\n\n<h2 class=\"wp-block-heading\"><strong>Compliance ist der Ausgangspunkt, nicht das Ziel.<\/strong><\/h2>\n\n<p class=\"has-medium-font-size\">F\u00fcr viele Organisationen wirken Nachhaltigkeitsvorschriften \u00fcberfordernd. Die Anforderungen werden immer detaillierter, datenbasierter und st\u00e4rker \u00fcber den gesamten Wertsch\u00f6pfungszyklus hinweg vernetzt. Doch das blo\u00dfe Abhaken von Kriterien ist nicht das Endziel \u2013 es ist lediglich die Basis. Unternehmen, die sich ausschlie\u00dflich auf die Einhaltung dieser Vorgaben verlassen, verpassen die Chance, ihre Abl\u00e4ufe zu transformieren, ihre Wettbewerbsf\u00e4higkeit zu st\u00e4rken und einen nachhaltigen Mehrwert zu schaffen.<\/p>\n\n<p class=\"has-medium-font-size\">Cirmar unterst\u00fctzt Unternehmen dabei, diese Vorschriften klar und sicher zu verstehen. Wir verf\u00fcgen \u00fcber umfassende Branchenerfahrung und \u00fcbersetzen komplexe Regelungen in praxisnahe Ma\u00dfnahmen, die f\u00fcr Ihr Unternehmen sinnvoll sind.<\/p>\n\n<div style=\"height:65px\" aria-hidden=\"true\" class=\"wp-block-spacer\"><\/div>\n\n<h2 class=\"wp-block-heading\"><strong>Regulierung in einen strategischen Vorteil verwandeln<\/strong><\/h2>\n\n<p class=\"has-medium-font-size\">Anstatt Compliance als Pflicht zu betrachten, sehen wir sie als Chance, den \u00dcbergang zu einer Kreislaufwirtschaft zu beschleunigen. Indem Sie Ihre Compliance-Bem\u00fchungen an Ihren strategischen Zielen ausrichten, kann Ihr Unternehmen:<\/p>\n\n<ul class=\"wp-block-list\">\n<li class=\"has-medium-font-size\">Risiko und regulatorische Belastung reduzieren<\/li>\n\n\n\n<li class=\"has-medium-font-size\">St\u00e4rkung der Marktpositionierung und des Kundenvertrauens<\/li>\n\n\n\n<li class=\"has-medium-font-size\">Erschlie\u00dfen Sie neue Umsatzm\u00f6glichkeiten im Kreislaufsektor<\/li>\n\n\n\n<li class=\"has-medium-font-size\">Datenmanagement und Produkttransparenz verbessern<\/li>\n\n\n\n<li class=\"has-medium-font-size\">Schaffen Sie zukunftssichere Abl\u00e4ufe, die sich leichter an neue Regeln anpassen lassen.<\/li>\n<\/ul>\n\n<div style=\"height:51px\" aria-hidden=\"true\" class=\"wp-block-spacer\"><\/div>\n\n<h2 class=\"wp-block-heading\"><strong>Unser Beratungsansatz umfasst:<\/strong><\/h2>\n\n<ul class=\"wp-block-list\">\n<li class=\"has-medium-font-size\">Bewertung der aktuellen Compliance-L\u00fccken und Risiken<\/li>\n\n\n\n<li class=\"has-medium-font-size\">Auslegung von Nachhaltigkeits- und Kreislaufwirtschaftsvorschriften<\/li>\n\n\n\n<li class=\"has-medium-font-size\">Unterst\u00fctzung bei spezifischen Themen der Abfallverwertung<\/li>\n\n\n\n<li class=\"has-medium-font-size\">Fahrpl\u00e4ne f\u00fcr z. B. PPWR, ESPR und DPP-Bereitschaft<\/li>\n\n\n\n<li class=\"has-medium-font-size\">Branchenspezifische Leitf\u00e4den und umsetzbare Implementierungspl\u00e4ne<\/li>\n<\/ul>\n\n<p class=\"has-medium-font-size\">Regulierung muss Sie nicht einschr\u00e4nken \u2013 sie kann Sie zu einem st\u00e4rkeren und zirkul\u00e4reren Gesch\u00e4ftsmodell f\u00fchren.<\/p>\n\n<div style=\"height:51px\" aria-hidden=\"true\" class=\"wp-block-spacer\"><\/div>\n\n<div class=\"wp-block-media-text is-stacked-on-mobile\"><figure class=\"wp-block-media-text__media\"><img loading=\"lazy\" decoding=\"async\" width=\"1024\" height=\"653\" src=\"https:\/\/cirmar.com\/\/app\/uploads\/2026\/02\/frans-ispt-1024x653.jpeg\" alt=\"\" class=\"wp-image-7990 size-full\" srcset=\"https:\/\/cirmar.com\/\/app\/uploads\/2026\/02\/frans-ispt-1024x653.jpeg 1024w, https:\/\/cirmar.com\/\/app\/uploads\/2026\/02\/frans-ispt-300x191.jpeg 300w, https:\/\/cirmar.com\/\/app\/uploads\/2026\/02\/frans-ispt-768x490.jpeg 768w, https:\/\/cirmar.com\/\/app\/uploads\/2026\/02\/frans-ispt-1536x980.jpeg 1536w, https:\/\/cirmar.com\/\/app\/uploads\/2026\/02\/frans-ispt-1694x1080.jpeg 1694w, https:\/\/cirmar.com\/\/app\/uploads\/2026\/02\/frans-ispt-862x550.jpeg 862w, https:\/\/cirmar.com\/\/app\/uploads\/2026\/02\/frans-ispt-250x159.jpeg 250w, https:\/\/cirmar.com\/\/app\/uploads\/2026\/02\/frans-ispt-600x383.jpeg 600w, https:\/\/cirmar.com\/\/app\/uploads\/2026\/02\/frans-ispt.jpeg 2048w\" sizes=\"(max-width: 1024px) 100vw, 1024px\" \/><\/figure><div class=\"wp-block-media-text__content\">\n<p class=\"has-medium-font-size\">\u201eWir brauchen keine Gesetze, um unsere Zukunft zu sichern. Der Wert steht immer an erster Stelle, aber wir achten selbstverst\u00e4ndlich darauf, dass wir alle Vorschriften einhalten.\u201c<\/p>\n\n\n\n<p class=\"has-medium-font-size\"><strong>Frans Beckers<\/strong><\/p>\n<\/div><\/div>\n\n<div style=\"height:40px\" aria-hidden=\"true\" class=\"wp-block-spacer\"><\/div>\n\n<h2 class=\"wp-block-heading\"><strong>Digitale Produktp\u00e4sse: Compliance durch Transparenz<\/strong><\/h2>\n\n<p class=\"has-medium-font-size\">Eine der wichtigsten regulatorischen Entwicklungen ist die Einf\u00fchrung digitaler Produktp\u00e4sse (Digital Product Passports, DPPs). Diese P\u00e4sse erfordern strukturierte Produktdaten, die Kreislaufwirtschaft und Transparenz entlang der Lieferketten unterst\u00fctzen. Cirmars C_passport\u00ae wurde entwickelt, um Unternehmen dabei zu helfen:<\/p>\n\n<ul class=\"wp-block-list\">\n<li class=\"has-medium-font-size\">Erf\u00fcllen Sie die k\u00fcnftigen EU-Passanforderungen<\/li>\n\n\n\n<li class=\"has-medium-font-size\">Materialien, Komponenten und Umweltdaten verfolgen<\/li>\n\n\n\n<li class=\"has-medium-font-size\">Legen Sie Nachweise \u00fcber die Einhaltung produktspezifischer Regeln vor.<\/li>\n\n\n\n<li class=\"has-medium-font-size\">Reparatur-, Wiederverwendungs- und Recyclingprozesse erm\u00f6glichen<\/li>\n\n\n\n<li class=\"has-medium-font-size\">\u00dcber die reine Einhaltung von Vorschriften hinaus hin zu messbarer Kreislaufleistung<\/li>\n<\/ul>\n\n<p class=\"has-medium-font-size\">Mit C_passport\u00ae wird Compliance zu einem Instrument der Wertsteigerung und nicht zu einer administrativen Belastung.<\/p>\n\n<div style=\"height:54px\" aria-hidden=\"true\" class=\"wp-block-spacer\"><\/div>\n\n<h2 class=\"wp-block-heading\"><strong>Praktische Leitlinien f\u00fcr die Einhaltung der Kreislaufwirtschaftsrichtlinien und dar\u00fcber hinaus<\/strong><\/h2>\n\n<p class=\"has-medium-font-size\">Unsere Aufgabe ist es, Unternehmen zu helfen, die Regeln zu verstehen, ohne sie unn\u00f6tig zu verkomplizieren. Wir \u00fcbersetzen regulatorische Anforderungen in klare, umsetzbare Schritte, die die Produktentwicklung, den Betrieb und strategische Entscheidungen leiten. Und wir unterst\u00fctzen Organisationen dabei, noch einen Schritt weiter zu gehen \u2013 indem wir Compliance als Grundlage f\u00fcr echten Fortschritt in der Kreislaufwirtschaft und langfristige Wettbewerbsvorteile nutzen.<\/p>\n\n<div style=\"height:54px\" aria-hidden=\"true\" class=\"wp-block-spacer\"><\/div>\n\n<h2 class=\"wp-block-heading\"><strong>Einhaltung von Zweck, Strategie und Wirkung<\/strong><\/h2>\n\n<p class=\"has-medium-font-size\">Die Einhaltung von Vorschriften ist unerl\u00e4sslich \u2013 doch um im Bereich der Kreislaufwirtschaft eine Vorreiterrolle einzunehmen, ist mehr n\u00f6tig. Mit Cirmar wird Compliance Teil einer umfassenderen Strategie: eines praktischen, zielorientierten Wandels hin zu widerstandsf\u00e4higeren Produkten, transparenten Lieferketten und messbaren Auswirkungen auf die Kreislaufwirtschaft.<\/p>\n\n<div style=\"height:38px\" aria-hidden=\"true\" class=\"wp-block-spacer\"><\/div>\n\n<p class=\"has-medium-font-size\">Unsere Experten f\u00fcr Kreislaufwirtschaftsstrategien sind bereit, Ihr Unternehmen zu transformieren.<\/p>\n\n<div class=\"wp-block-buttons is-layout-flex wp-block-buttons-is-layout-flex\">\n<div class=\"wp-block-button\"><a class=\"wp-block-button__link wp-element-button\" href=\"https:\/\/cirmar.com\/de\/kontakt\/\">Nehmen Sie jetzt Kontakt auf<\/a><\/div>\n<\/div>\n\n<div style=\"height:41px\" aria-hidden=\"true\" class=\"wp-block-spacer\"><\/div>\n\n<p class=\"has-medium-font-size\">Erfahren Sie mehr \u00fcber unsere Kreislauftransformationen, indem Sie in unsere Kreislaufgeschichten eintauchen.<\/p>\n\n<div class=\"wp-block-buttons is-layout-flex wp-block-buttons-is-layout-flex\">\n<div class=\"wp-block-button\"><a class=\"wp-block-button__link wp-element-button\" href=\"https:\/\/cirmar.com\/use-cases\/alpheios\/\">Vebego Bright Solutions<\/a><\/div>\n\n\n\n<div class=\"wp-block-button\"><a class=\"wp-block-button__link wp-element-button\" href=\"https:\/\/cirmar.com\/use-cases\/emma-safety-footwear\/\">EMMA Safety Footwear<\/a><\/div>\n\n\n<\/div>\n","protected":false},"excerpt":{"rendered":"<p>Von der Erf\u00fcllung von Anforderungen bis hin zur F\u00fchrung des \u00dcbergangs zu einer Kreislaufwirtschaft Die regulatorischen Rahmenbedingungen f\u00fcr Nachhaltigkeit und Kreislaufwirtschaft entwickeln sich rasant. Unternehmen sehen sich mit einer wachsenden Zahl von Verpflichtungen konfrontiert \u2013 von der CSRD und PPWR bis hin zu den kommenden Anforderungen des Digital Product Passport und branchenspezifischen Gesetzen. Wir betrachten&#8230;<\/p>\n","protected":false},"author":2,"featured_media":0,"parent":0,"menu_order":0,"comment_status":"closed","ping_status":"closed","template":"","meta":{"footnotes":""},"class_list":["post-9328","page","type-page","status-publish","hentry"],"acf":[],"yoast_head":"<!-- This site is optimized with the Yoast SEO plugin v22.1 - https:\/\/yoast.com\/wordpress\/plugins\/seo\/ -->\n<title>Einhaltung gesetzlicher Vorschriften - Cirmar<\/title>\n<meta name=\"description\" content=\"Die Einhaltung gesetzlicher Bestimmungen sorgt f\u00fcr einen fairen europ\u00e4ischen Markt und steigert die Produktqualit\u00e4t. Wir sind \u00fcberzeugt, dass Wertsch\u00f6pfung an erster Stelle steht, unterst\u00fctzt durch die Einhaltung gesetzlicher Vorschriften.\" \/>\n<meta name=\"robots\" content=\"index, follow, max-snippet:-1, max-image-preview:large, max-video-preview:-1\" \/>\n<link rel=\"canonical\" href=\"https:\/\/cirmar.com\/de\/einhaltung-gesetzlicher-vorschriften\/\" \/>\n<meta property=\"og:locale\" content=\"de_DE\" \/>\n<meta property=\"og:type\" content=\"article\" \/>\n<meta property=\"og:title\" content=\"Einhaltung gesetzlicher Vorschriften - Cirmar\" \/>\n<meta property=\"og:description\" content=\"Die Einhaltung gesetzlicher Bestimmungen sorgt f\u00fcr einen fairen europ\u00e4ischen Markt und steigert die Produktqualit\u00e4t. Wir sind \u00fcberzeugt, dass Wertsch\u00f6pfung an erster Stelle steht, unterst\u00fctzt durch die Einhaltung gesetzlicher Vorschriften.\" \/>\n<meta property=\"og:url\" content=\"https:\/\/cirmar.com\/de\/einhaltung-gesetzlicher-vorschriften\/\" \/>\n<meta property=\"og:site_name\" content=\"Cirmar\" \/>\n<meta property=\"article:modified_time\" content=\"2026-04-21T07:31:37+00:00\" \/>\n<meta property=\"og:image\" content=\"https:\/\/cirmar.com\/\/app\/uploads\/2026\/02\/frans-ispt-1024x653.jpeg\" \/>\n<meta name=\"twitter:card\" content=\"summary_large_image\" \/>\n<meta name=\"twitter:label1\" content=\"Est. reading time\" \/>\n\t<meta name=\"twitter:data1\" content=\"3 minutes\" \/>\n<script type=\"application\/ld+json\" class=\"yoast-schema-graph\">{\"@context\":\"https:\/\/schema.org\",\"@graph\":[{\"@type\":\"WebPage\",\"@id\":\"https:\/\/cirmar.com\/de\/einhaltung-gesetzlicher-vorschriften\/\",\"url\":\"https:\/\/cirmar.com\/de\/einhaltung-gesetzlicher-vorschriften\/\",\"name\":\"Einhaltung gesetzlicher Vorschriften - Cirmar\",\"isPartOf\":{\"@id\":\"https:\/\/cirmar.com\/#website\"},\"datePublished\":\"2026-04-21T07:31:36+00:00\",\"dateModified\":\"2026-04-21T07:31:37+00:00\",\"description\":\"Die Einhaltung gesetzlicher Bestimmungen sorgt f\u00fcr einen fairen europ\u00e4ischen Markt und steigert die Produktqualit\u00e4t. Wir sind \u00fcberzeugt, dass Wertsch\u00f6pfung an erster Stelle steht, unterst\u00fctzt durch die Einhaltung gesetzlicher Vorschriften.\",\"breadcrumb\":{\"@id\":\"https:\/\/cirmar.com\/de\/einhaltung-gesetzlicher-vorschriften\/#breadcrumb\"},\"inLanguage\":\"de-DE\",\"potentialAction\":[{\"@type\":\"ReadAction\",\"target\":[\"https:\/\/cirmar.com\/de\/einhaltung-gesetzlicher-vorschriften\/\"]}]},{\"@type\":\"BreadcrumbList\",\"@id\":\"https:\/\/cirmar.com\/de\/einhaltung-gesetzlicher-vorschriften\/#breadcrumb\",\"itemListElement\":[{\"@type\":\"ListItem\",\"position\":1,\"name\":\"Cirmar\",\"item\":\"https:\/\/cirmar.com\/de\/\"},{\"@type\":\"ListItem\",\"position\":2,\"name\":\"Einhaltung gesetzlicher Vorschriften\"}]},{\"@type\":\"WebSite\",\"@id\":\"https:\/\/cirmar.com\/#website\",\"url\":\"https:\/\/cirmar.com\/\",\"name\":\"Cirmar\",\"description\":\"The Digital Product Passport\",\"publisher\":{\"@id\":\"https:\/\/cirmar.com\/#organization\"},\"potentialAction\":[{\"@type\":\"SearchAction\",\"target\":{\"@type\":\"EntryPoint\",\"urlTemplate\":\"https:\/\/cirmar.com\/?s={search_term_string}\"},\"query-input\":\"required name=search_term_string\"}],\"inLanguage\":\"de-DE\"},{\"@type\":\"Organization\",\"@id\":\"https:\/\/cirmar.com\/#organization\",\"name\":\"Cirmar\",\"url\":\"https:\/\/cirmar.com\/\",\"logo\":{\"@type\":\"ImageObject\",\"inLanguage\":\"de-DE\",\"@id\":\"https:\/\/cirmar.com\/#\/schema\/logo\/image\/\",\"url\":\"https:\/\/www.cirmar.com\/app\/uploads\/2021\/09\/Group-14.png\",\"contentUrl\":\"https:\/\/www.cirmar.com\/app\/uploads\/2021\/09\/Group-14.png\",\"width\":233,\"height\":95,\"caption\":\"Cirmar\"},\"image\":{\"@id\":\"https:\/\/cirmar.com\/#\/schema\/logo\/image\/\"}}]}<\/script>\n<!-- \/ Yoast SEO plugin. -->","yoast_head_json":{"title":"Einhaltung gesetzlicher Vorschriften - Cirmar","description":"Die Einhaltung gesetzlicher Bestimmungen sorgt f\u00fcr einen fairen europ\u00e4ischen Markt und steigert die Produktqualit\u00e4t. Wir sind \u00fcberzeugt, dass Wertsch\u00f6pfung an erster Stelle steht, unterst\u00fctzt durch die Einhaltung gesetzlicher Vorschriften.","robots":{"index":"index","follow":"follow","max-snippet":"max-snippet:-1","max-image-preview":"max-image-preview:large","max-video-preview":"max-video-preview:-1"},"canonical":"https:\/\/cirmar.com\/de\/einhaltung-gesetzlicher-vorschriften\/","og_locale":"de_DE","og_type":"article","og_title":"Einhaltung gesetzlicher Vorschriften - Cirmar","og_description":"Die Einhaltung gesetzlicher Bestimmungen sorgt f\u00fcr einen fairen europ\u00e4ischen Markt und steigert die Produktqualit\u00e4t. Wir sind \u00fcberzeugt, dass Wertsch\u00f6pfung an erster Stelle steht, unterst\u00fctzt durch die Einhaltung gesetzlicher Vorschriften.","og_url":"https:\/\/cirmar.com\/de\/einhaltung-gesetzlicher-vorschriften\/","og_site_name":"Cirmar","article_modified_time":"2026-04-21T07:31:37+00:00","og_image":[{"url":"https:\/\/cirmar.com\/\/app\/uploads\/2026\/02\/frans-ispt-1024x653.jpeg"}],"twitter_card":"summary_large_image","twitter_misc":{"Est. reading time":"3 minutes"},"schema":{"@context":"https:\/\/schema.org","@graph":[{"@type":"WebPage","@id":"https:\/\/cirmar.com\/de\/einhaltung-gesetzlicher-vorschriften\/","url":"https:\/\/cirmar.com\/de\/einhaltung-gesetzlicher-vorschriften\/","name":"Einhaltung gesetzlicher Vorschriften - Cirmar","isPartOf":{"@id":"https:\/\/cirmar.com\/#website"},"datePublished":"2026-04-21T07:31:36+00:00","dateModified":"2026-04-21T07:31:37+00:00","description":"Die Einhaltung gesetzlicher Bestimmungen sorgt f\u00fcr einen fairen europ\u00e4ischen Markt und steigert die Produktqualit\u00e4t. Wir sind \u00fcberzeugt, dass Wertsch\u00f6pfung an erster Stelle steht, unterst\u00fctzt durch die Einhaltung gesetzlicher Vorschriften.","breadcrumb":{"@id":"https:\/\/cirmar.com\/de\/einhaltung-gesetzlicher-vorschriften\/#breadcrumb"},"inLanguage":"de-DE","potentialAction":[{"@type":"ReadAction","target":["https:\/\/cirmar.com\/de\/einhaltung-gesetzlicher-vorschriften\/"]}]},{"@type":"BreadcrumbList","@id":"https:\/\/cirmar.com\/de\/einhaltung-gesetzlicher-vorschriften\/#breadcrumb","itemListElement":[{"@type":"ListItem","position":1,"name":"Cirmar","item":"https:\/\/cirmar.com\/de\/"},{"@type":"ListItem","position":2,"name":"Einhaltung gesetzlicher Vorschriften"}]},{"@type":"WebSite","@id":"https:\/\/cirmar.com\/#website","url":"https:\/\/cirmar.com\/","name":"Cirmar","description":"The Digital Product Passport","publisher":{"@id":"https:\/\/cirmar.com\/#organization"},"potentialAction":[{"@type":"SearchAction","target":{"@type":"EntryPoint","urlTemplate":"https:\/\/cirmar.com\/?s={search_term_string}"},"query-input":"required name=search_term_string"}],"inLanguage":"de-DE"},{"@type":"Organization","@id":"https:\/\/cirmar.com\/#organization","name":"Cirmar","url":"https:\/\/cirmar.com\/","logo":{"@type":"ImageObject","inLanguage":"de-DE","@id":"https:\/\/cirmar.com\/#\/schema\/logo\/image\/","url":"https:\/\/www.cirmar.com\/app\/uploads\/2021\/09\/Group-14.png","contentUrl":"https:\/\/www.cirmar.com\/app\/uploads\/2021\/09\/Group-14.png","width":233,"height":95,"caption":"Cirmar"},"image":{"@id":"https:\/\/cirmar.com\/#\/schema\/logo\/image\/"}}]}},"_links":{"self":[{"href":"https:\/\/cirmar.com\/de\/wp-json\/wp\/v2\/pages\/9328"}],"collection":[{"href":"https:\/\/cirmar.com\/de\/wp-json\/wp\/v2\/pages"}],"about":[{"href":"https:\/\/cirmar.com\/de\/wp-json\/wp\/v2\/types\/page"}],"author":[{"embeddable":true,"href":"https:\/\/cirmar.com\/de\/wp-json\/wp\/v2\/users\/2"}],"replies":[{"embeddable":true,"href":"https:\/\/cirmar.com\/de\/wp-json\/wp\/v2\/comments?post=9328"}],"version-history":[{"count":1,"href":"https:\/\/cirmar.com\/de\/wp-json\/wp\/v2\/pages\/9328\/revisions"}],"predecessor-version":[{"id":9331,"href":"https:\/\/cirmar.com\/de\/wp-json\/wp\/v2\/pages\/9328\/revisions\/9331"}],"wp:attachment":[{"href":"https:\/\/cirmar.com\/de\/wp-json\/wp\/v2\/media?parent=9328"}],"curies":[{"name":"wp","href":"https:\/\/api.w.org\/{rel}","templated":true}]}}