{"id":9334,"date":"2026-04-21T09:35:31","date_gmt":"2026-04-21T07:35:31","guid":{"rendered":"https:\/\/cirmar.com\/unternehmens-produkt-footprinting\/"},"modified":"2026-04-21T09:35:31","modified_gmt":"2026-04-21T07:35:31","slug":"unternehmens-produkt-footprinting","status":"publish","type":"page","link":"https:\/\/cirmar.com\/de\/unternehmens-produkt-footprinting\/","title":{"rendered":"Unternehmens- &amp; Produkt-Footprinting"},"content":{"rendered":"\n<h2 class=\"wp-block-heading\">Klare Erkenntnisse f\u00fcr intelligentere Entscheidungen im Bereich der Kreislaufwirtschaft<\/h2>\n\n<div style=\"height:78px\" aria-hidden=\"true\" class=\"wp-block-spacer\"><\/div>\n\n<p class=\"has-medium-font-size\"><strong>Das Verst\u00e4ndnis der Umweltauswirkungen ist f\u00fcr jedes Unternehmen, das den \u00dcbergang zu einer Kreislaufwirtschaft anstrebt, unerl\u00e4sslich. Doch die Erstellung von Fu\u00dfabdruckanalysen ist oft zeitaufwendig, komplex und kostspielig \u2013 insbesondere bei der Betrachtung der detaillierten Realit\u00e4ten von Produkten. Wir bei Cirmar konzentrieren uns daher prim\u00e4r auf die Produktfu\u00dfabdruckanalyse, da hier der gr\u00f6\u00dfte Teil der Umweltauswirkungen eines Unternehmens entsteht. Durch die direkte Analyse von Produkten gewinnen wir die notwendigen Erkenntnisse, um das Design zu verbessern, Materialfl\u00fcsse zu optimieren und zirkul\u00e4re Gesch\u00e4ftsmodelle zu beschleunigen.<\/strong><\/p>\n\n<p class=\"has-medium-font-size\">Wir unterst\u00fctzen Unternehmen auch dabei, ihren unternehmensweiten \u00f6kologischen Fu\u00dfabdruck zu ermitteln. Dies liefert zwar einen n\u00fctzlichen \u00dcberblick, unsere St\u00e4rke liegt jedoch darin, die zugrundeliegenden Problemfelder aufzudecken und Unternehmen zu beraten, wo ihre Anstrengungen die gr\u00f6\u00dfte Wirkung erzielen. Das Ergebnis ist ein praxisorientiertes und strategisches Verst\u00e4ndnis der Auswirkungen entlang der gesamten Wertsch\u00f6pfungskette.<\/p>\n\n<div style=\"height:42px\" aria-hidden=\"true\" class=\"wp-block-spacer\"><\/div>\n\n<h2 class=\"wp-block-heading\"><strong>Warum der Produkt-Fu\u00dfabdruck wichtig ist<\/strong><\/h2>\n\n<p class=\"has-medium-font-size\">Der Gro\u00dfteil der Umweltauswirkungen eines Unternehmens h\u00e4ngt mit den Materialien, Prozessen und Entscheidungen zusammen, die hinter seinen Produkten stehen. Eine detaillierte Produktanalyse zeigt auf, welche Komponenten Emissionen verursachen, wo Ressourcen verloren gehen und wie sich Design und Nutzungszyklus auf die Gesamtleistung auswirken. Mit diesen Informationen k\u00f6nnen Unternehmen fundiertere Entscheidungen hinsichtlich Produktentwicklung, Beschaffung, Reparatur, Wiederverwendung, Recycling und Entsorgungsstrategie treffen.<\/p>\n\n<p class=\"has-medium-font-size\">Durch die Fokussierung auf die Produktebene wird die Analyse des \u00f6kologischen Fu\u00dfabdrucks zu einem wirkungsvollen Instrument f\u00fcr die Entwicklung zirkul\u00e4rer Gesch\u00e4ftsmodelle. Die gewonnenen Erkenntnisse lassen sich direkt in M\u00f6glichkeiten zur Kosteneinsparung, Materialeffizienz und Werterhaltung umsetzen.<\/p>\n\n<figure class=\"wp-block-image size-full\"><img loading=\"lazy\" decoding=\"async\" width=\"940\" height=\"660\" src=\"https:\/\/cirmar.com\/\/app\/uploads\/2025\/07\/image.png\" alt=\"\" class=\"wp-image-5995\" srcset=\"https:\/\/cirmar.com\/\/app\/uploads\/2025\/07\/image.png 940w, https:\/\/cirmar.com\/\/app\/uploads\/2025\/07\/image-300x211.png 300w, https:\/\/cirmar.com\/\/app\/uploads\/2025\/07\/image-768x539.png 768w, https:\/\/cirmar.com\/\/app\/uploads\/2025\/07\/image-783x550.png 783w, https:\/\/cirmar.com\/\/app\/uploads\/2025\/07\/image-250x176.png 250w, https:\/\/cirmar.com\/\/app\/uploads\/2025\/07\/image-600x421.png 600w\" sizes=\"(max-width: 940px) 100vw, 940px\" \/><\/figure>\n\n<div style=\"height:59px\" aria-hidden=\"true\" class=\"wp-block-spacer\"><\/div>\n\n<h2 class=\"wp-block-heading\"><strong>Unterst\u00fctzung der Unternehmenspr\u00e4senz durch aussagekr\u00e4ftige Einblicke<\/strong><\/h2>\n\n<p class=\"has-medium-font-size\">Obwohl unser Schwerpunkt auf Produkten liegt, unterst\u00fctzen wir Unternehmen auch bei der Erfassung ihrer gesamten Unternehmensstruktur. Dabei geht es nicht nur um die Ermittlung von Kennzahlen, sondern darum, Teams zu helfen, die Einflussfaktoren ihrer Wirkung zu verstehen und zu erkennen, wo Ver\u00e4nderungen am effektivsten sind. Wir bringen Klarheit in komplexe Datens\u00e4tze, heben die wichtigsten Bereiche hervor und unterst\u00fctzen Unternehmen dabei, die Ergebnisse der Strukturanalyse mit konkreten Verbesserungen in den Bereichen Betrieb, Lieferketten und Produktportfolios zu verkn\u00fcpfen.<\/p>\n\n<div style=\"height:59px\" aria-hidden=\"true\" class=\"wp-block-spacer\"><\/div>\n\n<h2 class=\"wp-block-heading has-medium-font-size\"><strong>ISO-konforme Fl\u00e4chennutzung ohne Engp\u00e4sse<\/strong><\/h2>\n\n<p class=\"has-medium-font-size\">Herk\u00f6mmliche \u00d6kobilanzen sind zwar wertvoll, dauern aber oft Monate und erfordern einen hohen manuellen Aufwand. Cirmar orientiert sich an den ISO-Normen f\u00fcr Wirkungsberechnungen, hat jedoch eine effizientere Methodik entwickelt, die den Prozess deutlich beschleunigt. Durch die digitale Strukturierung von Produktinformationen und die Verwendung einheitlicher Berechnungsrahmen erzielen wir deutlich schneller zuverl\u00e4ssige Ergebnisse als mit herk\u00f6mmlichen \u00d6kobilanzans\u00e4tzen.<\/p>\n\n<p class=\"has-medium-font-size\">Diese Effizienz erm\u00f6glicht es Organisationen, mehrere Produkte zu analysieren, Varianten zu vergleichen und Designentscheidungen zu bewerten, ohne sich in teuren und langwierigen Analysen zu verstricken. Wirkungsdaten werden zug\u00e4nglich, wiederholbar und skalierbar \u2013 genau so, wie es sein sollte.<\/p>\n<div class=\"wp-block-image\">\n<figure class=\"aligncenter size-full\"><img decoding=\"async\" src=\"https:\/\/cirmar.com\/\/app\/uploads\/2024\/08\/Scherm&#xAD;afbeelding-2024-08-01-om-16.06.45.png\" alt=\"\" class=\"wp-image-4118\"\/><\/figure><\/div>\n<div style=\"height:59px\" aria-hidden=\"true\" class=\"wp-block-spacer\"><\/div>\n\n<h2 class=\"wp-block-heading\"><strong>Wir stellen LCA<sup>+<\/sup> vor: Gemeinsame Messung von Umwelt- und Kreislaufwirkungen<\/strong><\/h2>\n\n<p class=\"has-medium-font-size\">Herk\u00f6mmliche \u00d6kobilanzen messen zwar die Umweltauswirkungen, vernachl\u00e4ssigen aber einen entscheidenden Aspekt: \u200b\u200bdie Kreislaufwirtschaft. Um diese L\u00fccke zu schlie\u00dfen, haben wir LCA+ entwickelt, eine erweiterte Methodik, die die Auswirkungen der Kreislaufwirtschaft in die Berechnung einbezieht. Sie erfasst, wie effektiv Materialien im Kreislauf bleiben, wie viel Wert am Ende der Nutzungsdauer erhalten bleibt und wie sich Designentscheidungen auf Wiederverwendung, Aufarbeitung und Recycling auswirken.<\/p>\n\n<div style=\"height:57px\" aria-hidden=\"true\" class=\"wp-block-spacer\"><\/div>\n<div class=\"wp-block-image\">\n<figure class=\"aligncenter size-large is-resized\"><img decoding=\"async\" src=\"https:\/\/cirmar.com\/\/app\/uploads\/2024\/03\/Scherm&#xAD;afbeelding-2024-03-13-om-11.41.44-1024x748.png\" alt=\"\" class=\"wp-image-3235\" style=\"width:840px;height:auto\"\/><\/figure><\/div>\n<div style=\"height:57px\" aria-hidden=\"true\" class=\"wp-block-spacer\"><\/div>\n\n<p class=\"has-medium-font-size\">Mit LCA+ erhalten Unternehmen ein umfassenderes Bild der Produktleistung \u2013 eines, das sowohl den \u00f6kologischen Fu\u00dfabdruck als auch das in ihren Produkten liegende Kreislaufpotenzial widerspiegelt. Diese doppelte Perspektive ist unerl\u00e4sslich f\u00fcr Organisationen, die nicht nur ihre Umweltauswirkungen verstehen, sondern auch ihren Beitrag zur Kreislaufwirtschaft leisten wollen.<\/p>\n\n<div style=\"height:59px\" aria-hidden=\"true\" class=\"wp-block-spacer\"><\/div>\n\n<div class=\"wp-block-media-text is-stacked-on-mobile\"><figure class=\"wp-block-media-text__media\"><img loading=\"lazy\" decoding=\"async\" width=\"1024\" height=\"653\" src=\"https:\/\/cirmar.com\/\/app\/uploads\/2026\/02\/frans-ispt-1024x653.jpeg\" alt=\"\" class=\"wp-image-7990 size-full\" srcset=\"https:\/\/cirmar.com\/\/app\/uploads\/2026\/02\/frans-ispt-1024x653.jpeg 1024w, https:\/\/cirmar.com\/\/app\/uploads\/2026\/02\/frans-ispt-300x191.jpeg 300w, https:\/\/cirmar.com\/\/app\/uploads\/2026\/02\/frans-ispt-768x490.jpeg 768w, https:\/\/cirmar.com\/\/app\/uploads\/2026\/02\/frans-ispt-1536x980.jpeg 1536w, https:\/\/cirmar.com\/\/app\/uploads\/2026\/02\/frans-ispt-1694x1080.jpeg 1694w, https:\/\/cirmar.com\/\/app\/uploads\/2026\/02\/frans-ispt-862x550.jpeg 862w, https:\/\/cirmar.com\/\/app\/uploads\/2026\/02\/frans-ispt-250x159.jpeg 250w, https:\/\/cirmar.com\/\/app\/uploads\/2026\/02\/frans-ispt-600x383.jpeg 600w, https:\/\/cirmar.com\/\/app\/uploads\/2026\/02\/frans-ispt.jpeg 2048w\" sizes=\"(max-width: 1024px) 100vw, 1024px\" \/><\/figure><div class=\"wp-block-media-text__content\">\n<p class=\"has-medium-font-size\">\u201eWir k\u00f6nnen die tats\u00e4chliche Wirkung von Kreislaufprodukten verdeutlichen. Durch die Anwendung desselben Berechnungsrahmens f\u00fcr die Kreislaufwirkung werden die positiven Effekte der Kreislaufwirtschaft deutlich. Mit dem Footprinting erm\u00f6glichen wir schnelle und aussagekr\u00e4ftige Erkenntnisse.\u201c<\/p>\n\n\n\n<p class=\"has-medium-font-size\"><strong>Frans Beckers<\/strong><\/p>\n<\/div><\/div>\n\n<div style=\"height:59px\" aria-hidden=\"true\" class=\"wp-block-spacer\"><\/div>\n\n<h2 class=\"wp-block-heading\"><strong>Digitale Produktp\u00e4sse: Wie man aus Daten zum \u00f6kologischen Fu\u00dfabdruck praktischen Nutzen gewinnt<\/strong><\/h2>\n\n<p class=\"has-medium-font-size\">Die Erkenntnisse \u00fcber den \u00f6kologischen Fu\u00dfabdruck gewinnen noch mehr an Aussagekraft, wenn sie direkt mit Produkten verkn\u00fcpft werden. Mit digitalen Produktp\u00e4ssen k\u00f6nnen Unternehmen verl\u00e4ssliche Informationen zu den Umweltauswirkungen in die Produktdokumentation einbetten und Stakeholdern so transparente, zug\u00e4ngliche und \u00fcberpr\u00fcfbare Daten bereitstellen. Dies unterst\u00fctzt zuk\u00fcnftige regulatorische Anforderungen, st\u00e4rkt das Kundenvertrauen und macht Nachhaltigkeitsaussagen glaubw\u00fcrdiger.<\/p>\n\n<p class=\"has-medium-font-size\">Durch die Integration von Fu\u00dfabdruckdaten \u2013 sowohl \u00f6kologischen als auch zirkul\u00e4ren \u2013 in <a href=\"https:\/\/cirmar.com\/de\/products-services\/c_passport-3\/\">C_passport\u00ae<\/a> schaffen Organisationen eine Grundlage f\u00fcr fundiertere Entscheidungen \u00fcber den gesamten Lebenszyklus ihrer Produkte hinweg.<\/p>\n\n<div style=\"height:57px\" aria-hidden=\"true\" class=\"wp-block-spacer\"><\/div>\n<div class=\"wp-block-image\">\n<figure class=\"aligncenter size-full\"><img decoding=\"async\" src=\"https:\/\/cirmar.com\/\/app\/uploads\/2023\/12\/Scherm&#xAD;afbeelding-2023-12-10-om-22.03.41.png\" alt=\"\" class=\"wp-image-2987\"\/><\/figure><\/div>\n<div style=\"height:57px\" aria-hidden=\"true\" class=\"wp-block-spacer\"><\/div>\n\n<h2 class=\"wp-block-heading\"><strong>Von der Erkenntnis zur Handlung<\/strong><\/h2>\n\n<p class=\"has-medium-font-size\">Die Erfassung des \u00f6kologischen Fu\u00dfabdrucks ist nur dann sinnvoll, wenn sie zu echten Ver\u00e4nderungen f\u00fchrt. Cirmar unterst\u00fctzt Unternehmen dabei, Ergebnisse in praktische Verbesserungen umzusetzen \u2013 sei es durch die Neugestaltung von Produkten und deren Zusammensetzung, die Anpassung der Materialbeschaffung, die Optimierung von Recyclingprozessen oder die \u00dcberarbeitung von Gesch\u00e4ftsmodellen. Mit den richtigen Erkenntnissen k\u00f6nnen Organisationen den Weg zu einer zirkul\u00e4reren und nachhaltigeren Betriebsweise beschreiten.<\/p>\n\n<div style=\"height:43px\" aria-hidden=\"true\" class=\"wp-block-spacer\"><\/div>\n\n<p class=\"has-medium-font-size\">Unsere Experten f\u00fcr Kreislaufwirtschaftsstrategien sind bereit, Ihr Unternehmen zu transformieren.<\/p>\n\n<div class=\"wp-block-buttons is-layout-flex wp-block-buttons-is-layout-flex\">\n<div class=\"wp-block-button\"><a class=\"wp-block-button__link wp-element-button\" href=\"https:\/\/cirmar.com\/de\/kontakt\/\">Nehmen Sie jetzt Kontakt auf<\/a><\/div>\n<\/div>\n\n<div style=\"height:41px\" aria-hidden=\"true\" class=\"wp-block-spacer\"><\/div>\n\n<p class=\"has-medium-font-size\">Erfahren Sie mehr \u00fcber unsere Kreislauftransformationen, indem Sie in unsere Kreislaufgeschichten eintauchen.<\/p>\n\n<div class=\"wp-block-buttons is-layout-flex wp-block-buttons-is-layout-flex\">\n<div class=\"wp-block-button\"><a class=\"wp-block-button__link wp-element-button\" href=\"https:\/\/cirmar.com\/use-cases\/alpheios\/\">Vebego Bright Solutions<\/a><\/div>\n\n\n\n<div class=\"wp-block-button\"><a class=\"wp-block-button__link wp-element-button\" href=\"https:\/\/cirmar.com\/use-cases\/refurbished-containers\/\">TTC Nederland<\/a><\/div>\n\n\n\n<div class=\"wp-block-button\"><a class=\"wp-block-button__link wp-element-button\" href=\"https:\/\/cirmar.com\/use-cases\/centerparcs-cottages\/\">Center Parcs<\/a><\/div>\n\n\n\n<div class=\"wp-block-button\"><a class=\"wp-block-button__link wp-element-button\" href=\"https:\/\/cirmar.com\/use-cases\/gaia-circulair-return-logistics\/\">GAIA Circulair<\/a><\/div>\n<\/div>\n","protected":false},"excerpt":{"rendered":"<p>Klare Erkenntnisse f\u00fcr intelligentere Entscheidungen im Bereich der Kreislaufwirtschaft Das Verst\u00e4ndnis der Umweltauswirkungen ist f\u00fcr jedes Unternehmen, das den \u00dcbergang zu einer Kreislaufwirtschaft anstrebt, unerl\u00e4sslich. Doch die Erstellung von Fu\u00dfabdruckanalysen ist oft zeitaufwendig, komplex und kostspielig \u2013 insbesondere bei der Betrachtung der detaillierten Realit\u00e4ten von Produkten. Wir bei Cirmar konzentrieren uns daher prim\u00e4r auf die&#8230;<\/p>\n","protected":false},"author":2,"featured_media":0,"parent":0,"menu_order":0,"comment_status":"closed","ping_status":"closed","template":"","meta":{"footnotes":""},"class_list":["post-9334","page","type-page","status-publish","hentry"],"acf":[],"yoast_head":"<!-- This site is optimized with the Yoast SEO plugin v22.1 - https:\/\/yoast.com\/wordpress\/plugins\/seo\/ -->\n<title>Unternehmens- &amp; Produkt-Footprinting - Cirmar<\/title>\n<meta name=\"description\" content=\"Footprinting kann auf Unternehmens- und Produktebene erfolgen. Letzteres mag schwieriger erscheinen, aber Cirmar macht es einfach und umsetzbar.\" \/>\n<meta name=\"robots\" content=\"index, follow, max-snippet:-1, max-image-preview:large, max-video-preview:-1\" \/>\n<link rel=\"canonical\" href=\"https:\/\/cirmar.com\/de\/unternehmens-produkt-footprinting\/\" \/>\n<meta property=\"og:locale\" content=\"de_DE\" \/>\n<meta property=\"og:type\" content=\"article\" \/>\n<meta property=\"og:title\" content=\"Unternehmens- &amp; Produkt-Footprinting - Cirmar\" \/>\n<meta property=\"og:description\" content=\"Footprinting kann auf Unternehmens- und Produktebene erfolgen. Letzteres mag schwieriger erscheinen, aber Cirmar macht es einfach und umsetzbar.\" \/>\n<meta property=\"og:url\" content=\"https:\/\/cirmar.com\/de\/unternehmens-produkt-footprinting\/\" \/>\n<meta property=\"og:site_name\" content=\"Cirmar\" \/>\n<meta property=\"og:image\" content=\"https:\/\/cirmar.com\/\/app\/uploads\/2025\/07\/image.png\" \/>\n<meta name=\"twitter:card\" content=\"summary_large_image\" \/>\n<meta name=\"twitter:label1\" content=\"Est. reading time\" \/>\n\t<meta name=\"twitter:data1\" content=\"4 minutes\" \/>\n<script type=\"application\/ld+json\" class=\"yoast-schema-graph\">{\"@context\":\"https:\/\/schema.org\",\"@graph\":[{\"@type\":\"WebPage\",\"@id\":\"https:\/\/cirmar.com\/de\/unternehmens-produkt-footprinting\/\",\"url\":\"https:\/\/cirmar.com\/de\/unternehmens-produkt-footprinting\/\",\"name\":\"Unternehmens- &amp; Produkt-Footprinting - Cirmar\",\"isPartOf\":{\"@id\":\"https:\/\/cirmar.com\/#website\"},\"datePublished\":\"2026-04-21T07:35:31+00:00\",\"dateModified\":\"2026-04-21T07:35:31+00:00\",\"description\":\"Footprinting kann auf Unternehmens- und Produktebene erfolgen. Letzteres mag schwieriger erscheinen, aber Cirmar macht es einfach und umsetzbar.\",\"breadcrumb\":{\"@id\":\"https:\/\/cirmar.com\/de\/unternehmens-produkt-footprinting\/#breadcrumb\"},\"inLanguage\":\"de-DE\",\"potentialAction\":[{\"@type\":\"ReadAction\",\"target\":[\"https:\/\/cirmar.com\/de\/unternehmens-produkt-footprinting\/\"]}]},{\"@type\":\"BreadcrumbList\",\"@id\":\"https:\/\/cirmar.com\/de\/unternehmens-produkt-footprinting\/#breadcrumb\",\"itemListElement\":[{\"@type\":\"ListItem\",\"position\":1,\"name\":\"Cirmar\",\"item\":\"https:\/\/cirmar.com\/de\/\"},{\"@type\":\"ListItem\",\"position\":2,\"name\":\"Unternehmens- &amp; Produkt-Footprinting\"}]},{\"@type\":\"WebSite\",\"@id\":\"https:\/\/cirmar.com\/#website\",\"url\":\"https:\/\/cirmar.com\/\",\"name\":\"Cirmar\",\"description\":\"The Digital Product Passport\",\"publisher\":{\"@id\":\"https:\/\/cirmar.com\/#organization\"},\"potentialAction\":[{\"@type\":\"SearchAction\",\"target\":{\"@type\":\"EntryPoint\",\"urlTemplate\":\"https:\/\/cirmar.com\/?s={search_term_string}\"},\"query-input\":\"required name=search_term_string\"}],\"inLanguage\":\"de-DE\"},{\"@type\":\"Organization\",\"@id\":\"https:\/\/cirmar.com\/#organization\",\"name\":\"Cirmar\",\"url\":\"https:\/\/cirmar.com\/\",\"logo\":{\"@type\":\"ImageObject\",\"inLanguage\":\"de-DE\",\"@id\":\"https:\/\/cirmar.com\/#\/schema\/logo\/image\/\",\"url\":\"https:\/\/www.cirmar.com\/app\/uploads\/2021\/09\/Group-14.png\",\"contentUrl\":\"https:\/\/www.cirmar.com\/app\/uploads\/2021\/09\/Group-14.png\",\"width\":233,\"height\":95,\"caption\":\"Cirmar\"},\"image\":{\"@id\":\"https:\/\/cirmar.com\/#\/schema\/logo\/image\/\"}}]}<\/script>\n<!-- \/ Yoast SEO plugin. -->","yoast_head_json":{"title":"Unternehmens- &amp; Produkt-Footprinting - Cirmar","description":"Footprinting kann auf Unternehmens- und Produktebene erfolgen. Letzteres mag schwieriger erscheinen, aber Cirmar macht es einfach und umsetzbar.","robots":{"index":"index","follow":"follow","max-snippet":"max-snippet:-1","max-image-preview":"max-image-preview:large","max-video-preview":"max-video-preview:-1"},"canonical":"https:\/\/cirmar.com\/de\/unternehmens-produkt-footprinting\/","og_locale":"de_DE","og_type":"article","og_title":"Unternehmens- &amp; Produkt-Footprinting - Cirmar","og_description":"Footprinting kann auf Unternehmens- und Produktebene erfolgen. Letzteres mag schwieriger erscheinen, aber Cirmar macht es einfach und umsetzbar.","og_url":"https:\/\/cirmar.com\/de\/unternehmens-produkt-footprinting\/","og_site_name":"Cirmar","og_image":[{"url":"https:\/\/cirmar.com\/\/app\/uploads\/2025\/07\/image.png"}],"twitter_card":"summary_large_image","twitter_misc":{"Est. reading time":"4 minutes"},"schema":{"@context":"https:\/\/schema.org","@graph":[{"@type":"WebPage","@id":"https:\/\/cirmar.com\/de\/unternehmens-produkt-footprinting\/","url":"https:\/\/cirmar.com\/de\/unternehmens-produkt-footprinting\/","name":"Unternehmens- &amp; Produkt-Footprinting - Cirmar","isPartOf":{"@id":"https:\/\/cirmar.com\/#website"},"datePublished":"2026-04-21T07:35:31+00:00","dateModified":"2026-04-21T07:35:31+00:00","description":"Footprinting kann auf Unternehmens- und Produktebene erfolgen. Letzteres mag schwieriger erscheinen, aber Cirmar macht es einfach und umsetzbar.","breadcrumb":{"@id":"https:\/\/cirmar.com\/de\/unternehmens-produkt-footprinting\/#breadcrumb"},"inLanguage":"de-DE","potentialAction":[{"@type":"ReadAction","target":["https:\/\/cirmar.com\/de\/unternehmens-produkt-footprinting\/"]}]},{"@type":"BreadcrumbList","@id":"https:\/\/cirmar.com\/de\/unternehmens-produkt-footprinting\/#breadcrumb","itemListElement":[{"@type":"ListItem","position":1,"name":"Cirmar","item":"https:\/\/cirmar.com\/de\/"},{"@type":"ListItem","position":2,"name":"Unternehmens- &amp; Produkt-Footprinting"}]},{"@type":"WebSite","@id":"https:\/\/cirmar.com\/#website","url":"https:\/\/cirmar.com\/","name":"Cirmar","description":"The Digital Product Passport","publisher":{"@id":"https:\/\/cirmar.com\/#organization"},"potentialAction":[{"@type":"SearchAction","target":{"@type":"EntryPoint","urlTemplate":"https:\/\/cirmar.com\/?s={search_term_string}"},"query-input":"required name=search_term_string"}],"inLanguage":"de-DE"},{"@type":"Organization","@id":"https:\/\/cirmar.com\/#organization","name":"Cirmar","url":"https:\/\/cirmar.com\/","logo":{"@type":"ImageObject","inLanguage":"de-DE","@id":"https:\/\/cirmar.com\/#\/schema\/logo\/image\/","url":"https:\/\/www.cirmar.com\/app\/uploads\/2021\/09\/Group-14.png","contentUrl":"https:\/\/www.cirmar.com\/app\/uploads\/2021\/09\/Group-14.png","width":233,"height":95,"caption":"Cirmar"},"image":{"@id":"https:\/\/cirmar.com\/#\/schema\/logo\/image\/"}}]}},"_links":{"self":[{"href":"https:\/\/cirmar.com\/de\/wp-json\/wp\/v2\/pages\/9334"}],"collection":[{"href":"https:\/\/cirmar.com\/de\/wp-json\/wp\/v2\/pages"}],"about":[{"href":"https:\/\/cirmar.com\/de\/wp-json\/wp\/v2\/types\/page"}],"author":[{"embeddable":true,"href":"https:\/\/cirmar.com\/de\/wp-json\/wp\/v2\/users\/2"}],"replies":[{"embeddable":true,"href":"https:\/\/cirmar.com\/de\/wp-json\/wp\/v2\/comments?post=9334"}],"version-history":[{"count":1,"href":"https:\/\/cirmar.com\/de\/wp-json\/wp\/v2\/pages\/9334\/revisions"}],"predecessor-version":[{"id":9337,"href":"https:\/\/cirmar.com\/de\/wp-json\/wp\/v2\/pages\/9334\/revisions\/9337"}],"wp:attachment":[{"href":"https:\/\/cirmar.com\/de\/wp-json\/wp\/v2\/media?parent=9334"}],"curies":[{"name":"wp","href":"https:\/\/api.w.org\/{rel}","templated":true}]}}