{"id":9340,"date":"2026-04-21T09:46:44","date_gmt":"2026-04-21T07:46:44","guid":{"rendered":"https:\/\/cirmar.com\/textilien\/"},"modified":"2026-04-21T09:46:44","modified_gmt":"2026-04-21T07:46:44","slug":"textilien","status":"publish","type":"page","link":"https:\/\/cirmar.com\/de\/textilien\/","title":{"rendered":"Textilien"},"content":{"rendered":"\n<h2 class=\"wp-block-heading\">Von verlorenen Materialien zu zirkul\u00e4ren Textilsystemen<\/h2>\n\n<div style=\"height:82px\" aria-hidden=\"true\" class=\"wp-block-spacer\"><\/div>\n\n<p class=\"has-medium-font-size\"><strong>Die Textil- und Modeindustrie steht unter enormem Ver\u00e4nderungsdruck. Die Produktionsmengen sind hoch, die Produktlebensdauer kurz und der Abfall w\u00e4chst stetig. Als Reaktion darauf entwickelt die EU eine umfassende Strategie f\u00fcr nachhaltige und zirkul\u00e4re Textilien. Ziel ist es, bis 2030 langlebige, reparierbare und recycelbare Produkte zu entwickeln, die \u00fcber klare Regeln zu Abfall, Schadstoffen und \u00dcberproduktion verf\u00fcgen.<\/strong><\/p>\n\n<p class=\"has-medium-font-size\">Gleichzeitig ver\u00e4ndern neue Gesetze die Art und Weise, wie Marken Kleidung entwerfen, produzieren und verkaufen. Die Regelungen zur erweiterten Herstellerverantwortung (EPR) verpflichten Textilhersteller, die Sammlung, Sortierung und das Recycling von Textilabf\u00e4llen in der gesamten EU zu finanzieren, auch f\u00fcr Waren, die \u00fcber den Onlinehandel verkauft werden. Fast Fashion wird direkt ins Visier genommen: L\u00e4nder wie Frankreich treiben Werbeverbote und \u00d6koabgaben auf ultraschnell produzierte Modeartikel voran, um \u00dcberproduktion und \u00fcberm\u00e4\u00dfigen Konsum einzud\u00e4mmen.<\/p>\n\n<p class=\"has-medium-font-size\">F\u00fcr Textilunternehmen ist dies nicht nur eine Frage der Einhaltung gesetzlicher Bestimmungen. Es ist ein Wendepunkt: Weg von der Fast-Fashion-Mentalit\u00e4t und hin zum Aufbau zirkul\u00e4rer Textilsysteme, die r\u00fcckverfolgbar, reparierbar und wirtschaftlich nachhaltig sind. Cirmar unterst\u00fctzt Textilmarken und -hersteller dabei, diese Herausforderung in einen praktischen Fahrplan umzusetzen.<\/p>\n\n<div style=\"height:82px\" aria-hidden=\"true\" class=\"wp-block-spacer\"><\/div>\n\n<h2 class=\"wp-block-heading\"><strong>Ein neues Regelwerk f\u00fcr Textilien: Erweiterte Herstellerverantwortung (EPR), \u00d6kodesign und Digitale Produktp\u00e4sse (DPP)<\/strong><\/h2>\n\n<p class=\"has-medium-font-size\">Textilien geh\u00f6ren gem\u00e4\u00df der EU-Verordnung \u00fcber nachhaltiges Produktdesign (ESPR) zu den ersten Produktgruppen, die in den Anwendungsbereich fallen. Die Produkte m\u00fcssen strengere Anforderungen an Haltbarkeit, Reparierbarkeit, Recyclingf\u00e4higkeit und die Verwendung von Recyclingfasern erf\u00fcllen und einen digitalen Produktpass (DPP) tragen: eine digitale Identit\u00e4t, die Informationen \u00fcber Materialien, Lieferkette und Weiterverwendung speichert.<\/p>\n\n<p class=\"has-medium-font-size\">Dar\u00fcber hinaus werden EU-weite EPR-Vorschriften f\u00fcr Textilien die Hersteller finanziell daf\u00fcr verantwortlich machen, was mit Bekleidung, Schuhen und Heimtextilien geschieht, wenn diese das Ende ihrer Lebensdauer erreichen.<\/p>\n\n<p class=\"has-medium-font-size\">In der Praxis bedeutet das, dass Ihr Gesch\u00e4ftsmodell, Ihre Produktgestaltung und Ihre Abfallstr\u00f6me keine getrennten Themen mehr sind \u2013 sie sind Teil eines einheitlichen regulatorischen und wirtschaftlichen Gesamtbildes.<\/p>\n\n<p class=\"has-medium-font-size\">Cirmar unterst\u00fctzt Textilunternehmen dabei, die Zusammenh\u00e4nge dieser einzelnen Elemente zu verstehen. Wir helfen Ihnen, die EU-Textilstrategie, ESPR, EPR und die entsprechenden nationalen Vorschriften in eine klare, umsetzbare Agenda f\u00fcr Ihr Unternehmen zu \u00fcbersetzen, ohne dabei die wirtschaftliche Realit\u00e4t aus den Augen zu verlieren.<\/p>\n\n<figure class=\"wp-block-gallery has-nested-images columns-default is-cropped wp-block-gallery-1 is-layout-flex wp-block-gallery-is-layout-flex\">\n<figure class=\"wp-block-image size-large\"><img loading=\"lazy\" decoding=\"async\" width=\"768\" height=\"1024\" data-id=\"6235\" src=\"https:\/\/cirmar.com\/\/app\/uploads\/2025\/09\/IMG_6565-edited-768x1024.jpeg\" alt=\"\" class=\"wp-image-6235\" srcset=\"https:\/\/cirmar.com\/\/app\/uploads\/2025\/09\/IMG_6565-edited-768x1024.jpeg 768w, https:\/\/cirmar.com\/\/app\/uploads\/2025\/09\/IMG_6565-edited-225x300.jpeg 225w, https:\/\/cirmar.com\/\/app\/uploads\/2025\/09\/IMG_6565-edited-1152x1536.jpeg 1152w, https:\/\/cirmar.com\/\/app\/uploads\/2025\/09\/IMG_6565-edited-1536x2048.jpeg 1536w, https:\/\/cirmar.com\/\/app\/uploads\/2025\/09\/IMG_6565-edited-810x1080.jpeg 810w, https:\/\/cirmar.com\/\/app\/uploads\/2025\/09\/IMG_6565-edited-412x550.jpeg 412w, https:\/\/cirmar.com\/\/app\/uploads\/2025\/09\/IMG_6565-edited-165x220.jpeg 165w, https:\/\/cirmar.com\/\/app\/uploads\/2025\/09\/IMG_6565-edited-187x250.jpeg 187w, https:\/\/cirmar.com\/\/app\/uploads\/2025\/09\/IMG_6565-edited-337x450.jpeg 337w, https:\/\/cirmar.com\/\/app\/uploads\/2025\/09\/IMG_6565-edited-rotated.jpeg 1886w\" sizes=\"(max-width: 768px) 100vw, 768px\" \/><\/figure>\n\n\n\n<figure class=\"wp-block-image size-large\"><img loading=\"lazy\" decoding=\"async\" width=\"1024\" height=\"768\" data-id=\"6262\" src=\"https:\/\/cirmar.com\/\/app\/uploads\/2025\/09\/Revalue-yarns-1024x768.jpeg\" alt=\"\" class=\"wp-image-6262\" srcset=\"https:\/\/cirmar.com\/\/app\/uploads\/2025\/09\/Revalue-yarns-1024x768.jpeg 1024w, https:\/\/cirmar.com\/\/app\/uploads\/2025\/09\/Revalue-yarns-300x225.jpeg 300w, https:\/\/cirmar.com\/\/app\/uploads\/2025\/09\/Revalue-yarns-768x576.jpeg 768w, https:\/\/cirmar.com\/\/app\/uploads\/2025\/09\/Revalue-yarns-1536x1152.jpeg 1536w, https:\/\/cirmar.com\/\/app\/uploads\/2025\/09\/Revalue-yarns-1440x1080.jpeg 1440w, https:\/\/cirmar.com\/\/app\/uploads\/2025\/09\/Revalue-yarns-733x550.jpeg 733w, https:\/\/cirmar.com\/\/app\/uploads\/2025\/09\/Revalue-yarns-250x188.jpeg 250w, https:\/\/cirmar.com\/\/app\/uploads\/2025\/09\/Revalue-yarns-600x450.jpeg 600w, https:\/\/cirmar.com\/\/app\/uploads\/2025\/09\/Revalue-yarns.jpeg 2048w\" sizes=\"(max-width: 1024px) 100vw, 1024px\" \/><\/figure>\n\n\n\n<figure class=\"wp-block-image size-large\"><img loading=\"lazy\" decoding=\"async\" width=\"768\" height=\"1024\" data-id=\"6217\" src=\"https:\/\/cirmar.com\/\/app\/uploads\/2025\/09\/IMG_6556-edited-768x1024.jpeg\" alt=\"\" class=\"wp-image-6217\" srcset=\"https:\/\/cirmar.com\/\/app\/uploads\/2025\/09\/IMG_6556-edited-768x1024.jpeg 768w, https:\/\/cirmar.com\/\/app\/uploads\/2025\/09\/IMG_6556-edited-225x300.jpeg 225w, https:\/\/cirmar.com\/\/app\/uploads\/2025\/09\/IMG_6556-edited-1152x1536.jpeg 1152w, https:\/\/cirmar.com\/\/app\/uploads\/2025\/09\/IMG_6556-edited-1536x2048.jpeg 1536w, https:\/\/cirmar.com\/\/app\/uploads\/2025\/09\/IMG_6556-edited-810x1080.jpeg 810w, https:\/\/cirmar.com\/\/app\/uploads\/2025\/09\/IMG_6556-edited-413x550.jpeg 413w, https:\/\/cirmar.com\/\/app\/uploads\/2025\/09\/IMG_6556-edited-165x220.jpeg 165w, https:\/\/cirmar.com\/\/app\/uploads\/2025\/09\/IMG_6556-edited-188x250.jpeg 188w, https:\/\/cirmar.com\/\/app\/uploads\/2025\/09\/IMG_6556-edited-338x450.jpeg 338w, https:\/\/cirmar.com\/\/app\/uploads\/2025\/09\/IMG_6556-edited-rotated.jpeg 1869w\" sizes=\"(max-width: 768px) 100vw, 768px\" \/><\/figure>\n\n\n\n<figure class=\"wp-block-image size-large\"><img loading=\"lazy\" decoding=\"async\" width=\"1024\" height=\"768\" data-id=\"5465\" src=\"https:\/\/cirmar.com\/\/app\/uploads\/2025\/03\/denimx-stoel-1024x768.jpg\" alt=\"\" class=\"wp-image-5465\" srcset=\"https:\/\/cirmar.com\/\/app\/uploads\/2025\/03\/denimx-stoel-1024x768.jpg 1024w, https:\/\/cirmar.com\/\/app\/uploads\/2025\/03\/denimx-stoel-300x225.jpg 300w, https:\/\/cirmar.com\/\/app\/uploads\/2025\/03\/denimx-stoel-768x576.jpg 768w, https:\/\/cirmar.com\/\/app\/uploads\/2025\/03\/denimx-stoel-1536x1152.jpg 1536w, https:\/\/cirmar.com\/\/app\/uploads\/2025\/03\/denimx-stoel-1440x1080.jpg 1440w, https:\/\/cirmar.com\/\/app\/uploads\/2025\/03\/denimx-stoel-733x550.jpg 733w, https:\/\/cirmar.com\/\/app\/uploads\/2025\/03\/denimx-stoel-250x188.jpg 250w, https:\/\/cirmar.com\/\/app\/uploads\/2025\/03\/denimx-stoel-600x450.jpg 600w, https:\/\/cirmar.com\/\/app\/uploads\/2025\/03\/denimx-stoel.jpg 1600w\" sizes=\"(max-width: 1024px) 100vw, 1024px\" \/><\/figure>\n\n\n\n<figure class=\"wp-block-image size-large\"><img loading=\"lazy\" decoding=\"async\" width=\"1024\" height=\"781\" data-id=\"1322\" src=\"https:\/\/cirmar.com\/\/app\/uploads\/2022\/08\/IMG_3906-1-1024x781.jpg\" alt=\"\" class=\"wp-image-1322\" srcset=\"https:\/\/cirmar.com\/\/app\/uploads\/2022\/08\/IMG_3906-1-1024x781.jpg 1024w, https:\/\/cirmar.com\/\/app\/uploads\/2022\/08\/IMG_3906-1-300x229.jpg 300w, https:\/\/cirmar.com\/\/app\/uploads\/2022\/08\/IMG_3906-1-768x586.jpg 768w, https:\/\/cirmar.com\/\/app\/uploads\/2022\/08\/IMG_3906-1-1536x1172.jpg 1536w, https:\/\/cirmar.com\/\/app\/uploads\/2022\/08\/IMG_3906-1-1415x1080.jpg 1415w, https:\/\/cirmar.com\/\/app\/uploads\/2022\/08\/IMG_3906-1-721x550.jpg 721w, https:\/\/cirmar.com\/\/app\/uploads\/2022\/08\/IMG_3906-1-250x191.jpg 250w, https:\/\/cirmar.com\/\/app\/uploads\/2022\/08\/IMG_3906-1-590x450.jpg 590w, https:\/\/cirmar.com\/\/app\/uploads\/2022\/08\/IMG_3906-1.jpg 1895w\" sizes=\"(max-width: 1024px) 100vw, 1024px\" \/><\/figure>\n\n\n\n<figure class=\"wp-block-image size-full\"><img loading=\"lazy\" decoding=\"async\" width=\"800\" height=\"420\" data-id=\"612\" src=\"https:\/\/cirmar.com\/\/app\/uploads\/2021\/10\/1634303221008.jpg\" alt=\"\" class=\"wp-image-612\" srcset=\"https:\/\/cirmar.com\/\/app\/uploads\/2021\/10\/1634303221008.jpg 800w, https:\/\/cirmar.com\/\/app\/uploads\/2021\/10\/1634303221008-300x158.jpg 300w, https:\/\/cirmar.com\/\/app\/uploads\/2021\/10\/1634303221008-768x403.jpg 768w, https:\/\/cirmar.com\/\/app\/uploads\/2021\/10\/1634303221008-250x131.jpg 250w, https:\/\/cirmar.com\/\/app\/uploads\/2021\/10\/1634303221008-600x315.jpg 600w\" sizes=\"(max-width: 800px) 100vw, 800px\" \/><\/figure>\n<\/figure>\n\n<div style=\"height:82px\" aria-hidden=\"true\" class=\"wp-block-spacer\"><\/div>\n\n<h2 class=\"wp-block-heading\"><strong>Wie Cirmar Textilunternehmen hilft<\/strong><\/h2>\n\n<p class=\"has-medium-font-size\">Unser Ausgangspunkt ist einfach: Textilunternehmen brauchen L\u00f6sungen, die in der realen Welt funktionieren \u2013 f\u00fcr Designteams, Beschaffung, Betrieb, Finanzen und Marketing.<\/p>\n\n<p class=\"has-medium-font-size\">Wir arbeiten mit Marken und Herstellern zusammen, um deren aktuelle Produktportfolios, Materialfl\u00fcsse und Datenverf\u00fcgbarkeit zu analysieren. Anschlie\u00dfend identifizieren wir notwendige \u00c4nderungen, um k\u00fcnftige Anforderungen zu erf\u00fcllen und \u00fcber die reine Einhaltung hinaus echte Kreislaufwirtschaft zu etablieren. Dies kann bedeuten, die Faserauswahl und -mischungen zu \u00fcberdenken, Produkte reparierbar und demontierbar zu gestalten, die verschiedenen EPR-Systeme in unterschiedlichen M\u00e4rkten zu analysieren oder R\u00fccknahme- und Wiederverwendungsprogramme so zu strukturieren, dass sie das Gesch\u00e4ft tats\u00e4chlich unterst\u00fctzen, anstatt nur eine Randerscheinung zu sein.<\/p>\n\n<p class=\"has-medium-font-size\">Durch die Kombination von strategischer Beratung mit einer digitalen Plattform k\u00f6nnen wir strategische Entscheidungen mit der Umsetzung auf Produktebene verkn\u00fcpfen. Das Ziel bleibt dabei stets dasselbe: weniger Verschwendung, mehr Wert im System und eine transparentere Kommunikation gegen\u00fcber Kunden, Aufsichtsbeh\u00f6rden und Investoren.<\/p>\n\n<div style=\"height:82px\" aria-hidden=\"true\" class=\"wp-block-spacer\"><\/div>\n\n<div class=\"wp-block-media-text is-stacked-on-mobile\"><figure class=\"wp-block-media-text__media\"><img loading=\"lazy\" decoding=\"async\" width=\"900\" height=\"600\" src=\"https:\/\/cirmar.com\/\/app\/uploads\/2024\/04\/presentatie-LIOF.jpeg\" alt=\"\" class=\"wp-image-3509 size-full\" srcset=\"https:\/\/cirmar.com\/\/app\/uploads\/2024\/04\/presentatie-LIOF.jpeg 900w, https:\/\/cirmar.com\/\/app\/uploads\/2024\/04\/presentatie-LIOF-300x200.jpeg 300w, https:\/\/cirmar.com\/\/app\/uploads\/2024\/04\/presentatie-LIOF-768x512.jpeg 768w, https:\/\/cirmar.com\/\/app\/uploads\/2024\/04\/presentatie-LIOF-825x550.jpeg 825w, https:\/\/cirmar.com\/\/app\/uploads\/2024\/04\/presentatie-LIOF-250x167.jpeg 250w, https:\/\/cirmar.com\/\/app\/uploads\/2024\/04\/presentatie-LIOF-600x400.jpeg 600w\" sizes=\"(max-width: 900px) 100vw, 900px\" \/><\/figure><div class=\"wp-block-media-text__content\">\n<p class=\"has-medium-font-size\">\u201eDie Herausforderung zu verstehen, Textilien zirkul\u00e4r zu gestalten, ist das eine \u2013 tats\u00e4chlich Wege zu finden, dies zu erreichen, ist etwas ganz anderes, und wir k\u00f6nnen Ihnen dabei helfen.\u201c<\/p>\n\n\n\n<p class=\"has-medium-font-size\"><strong>Jasper Martin<\/strong><\/p>\n<\/div><\/div>\n\n<div style=\"height:82px\" aria-hidden=\"true\" class=\"wp-block-spacer\"><\/div>\n\n<h2 class=\"wp-block-heading\"><strong>Digitale Produktp\u00e4sse f\u00fcr Bekleidung und Textilien<\/strong><\/h2>\n\n<p class=\"has-medium-font-size\">Im Textilbereich werden digitale Produktp\u00e4sse zunehmend zur Pflicht und nicht mehr als optionale Zusatzleistung betrachtet. Jedes Produkt, das auf dem EU-Markt angeboten wird, ben\u00f6tigt k\u00fcnftig einen solchen Pass, der Daten zu Zusammensetzung, Herkunft, Umweltauswirkungen und Kreislaufwirtschaftsoptionen wie Reparatur, Wiederverwendung und Recycling enth\u00e4lt.<\/p>\n\n<p class=\"has-medium-font-size\">Cirmars C_passport\u00ae unterst\u00fctzt Unternehmen der Textilindustrie bei der Strukturierung und Verwaltung dieser Daten auf eine sowohl gesetzeskonforme als auch nutzbringende Weise. Mit unserer Plattform k\u00f6nnen Sie:<\/p>\n\n<ul class=\"wp-block-list\">\n<li class=\"has-medium-font-size\">Erstellen und verwalten Sie Produktp\u00e4sse in gro\u00dfem Umfang, basierend auf realen Produkt- und Materialdaten.<\/li>\n\n\n\n<li class=\"has-medium-font-size\">Verkn\u00fcpfen Sie P\u00e4sse mit Aussagen zu Kreislaufwirtschaft, Langlebigkeit und Umweltvertr\u00e4glichkeit, die bei einer Pr\u00fcfung belegt werden k\u00f6nnen.<\/li>\n\n\n\n<li class=\"has-medium-font-size\">Teilen Sie verl\u00e4ssliche Informationen mit Recyclingunternehmen, Reparaturnetzwerken und Wiederverkaufspartnern, damit die Produkte tats\u00e4chlich l\u00e4nger im Umlauf bleiben.<\/li>\n<\/ul>\n\n<p class=\"has-medium-font-size\">Mit anderen Worten: Wir nutzen C_passport\u00ae nicht nur als regulatorische Verpflichtung, sondern als Grundlage f\u00fcr Strategien zur Kreislaufwirtschaft in der Textilindustrie.<\/p>\n\n<h2 class=\"wp-block-heading\"><strong>Jenseits von Fast Fashion: Sinnvolle Kreislaufmodelle<\/strong><\/h2>\n\n<p class=\"has-medium-font-size\">Anti-Fast-Fashion-Ma\u00dfnahmen, steigende EPR-Geb\u00fchren und sich ver\u00e4ndernde Verbrauchererwartungen deuten alle in dieselbe Richtung: Das Zeitalter der Wegwerfkleidung geht zu Ende.<\/p>\n\n<p class=\"has-medium-font-size\">Cirmar arbeitet mit Textilunternehmen verschiedener Branchen zusammen, die \u00fcber die reine Erz\u00e4hlung einer \u201enachhaltigeren Kollektion\u201c hinausgehen und ihre Abh\u00e4ngigkeit von volumenbasiertem Wachstum strukturell reduzieren wollen. Dies kann Folgendes umfassen:<\/p>\n\n<ul class=\"wp-block-list\">\n<li class=\"has-medium-font-size\">Entwicklung von Produkten, die l\u00e4nger halten und repariert oder neu hergestellt werden k\u00f6nnen.<\/li>\n\n\n\n<li class=\"has-medium-font-size\">Erkundung von Wiederverwendungs-, Vermietungs- oder Wiederverkaufsmodellen, bei denen der Wert mehrfach realisiert wird.<\/li>\n\n\n\n<li class=\"has-medium-font-size\">Aufbau von R\u00fccknahme- und Sortiersystemen, die tats\u00e4chlich an hochwertige Recycling- oder Wiederverwendungswege ankn\u00fcpfen, anstatt die Probleme woanders hinzuverlagern.<\/li>\n<\/ul>\n\n<p class=\"has-medium-font-size\">Wir helfen Ihnen, sowohl die Umweltauswirkungen als auch die Auswirkungen auf die Kreislaufwirtschaft zu quantifizieren, indem wir gegebenenfalls Produktfu\u00dfabdruckanalysen und LCA<sup>+<\/sup>-Methoden einsetzen, und verkn\u00fcpfen diese Erkenntnisse mit konkreten Design- und Gesch\u00e4ftsentscheidungen.<\/p>\n\n<div style=\"height:82px\" aria-hidden=\"true\" class=\"wp-block-spacer\"><\/div>\n\n<h2 class=\"wp-block-heading\"><strong>Cirmar und Forschung f\u00fcr nachhaltige Textilien<\/strong><\/h2>\n\n<p class=\"has-medium-font-size\">Wir arbeiten mit unseren Kunden an kreislauforientierten Textill\u00f6sungen. Gleichzeitig beteiligen wir uns an Forschungsprojekten, um die technische und praktische Kreislaufwirtschaft in der Industrie voranzutreiben. Im Projekt <a href=\"https:\/\/cirmar.com\/de\/revalue-eine-zirkulaere-zukunft-fuer-lokale-materialien\/\">[Re]Value<\/a> entwickeln wir ein regional gewonnenes, biogenes Garn aus Hanf und Wolle. In der Vergangenheit haben wir bereits mit Imat-uve (heute Brain of Materials), der Hochschule Niederrhein, Spinning Jenny und Tr\u00fctzschler zusammengearbeitet, um Garne f\u00fcr die Automobilindustrie zu entwickeln, die sehr hohe Anforderungen an textile Anwendungen stellt.<\/p>\n\n<div style=\"height:82px\" aria-hidden=\"true\" class=\"wp-block-spacer\"><\/div>\n\n<h2 class=\"wp-block-heading\"><strong>Von der Regulierung zum Wettbewerbsvorteil<\/strong><\/h2>\n\n<p class=\"has-medium-font-size\">Die Textilbranche gilt oft als Problembranche \u2013 dabei bietet sie auch eine der gr\u00f6\u00dften Chancen, eine Vorreiterrolle im Bereich der Kreislaufwirtschaft einzunehmen. Angesichts strengerer Vorschriften und der zunehmenden Verbreitung digitaler Produktp\u00e4sse werden Unternehmen, die jetzt handeln, besser vorbereitet, transparenter und widerstandsf\u00e4higer sein.<\/p>\n\n<p class=\"has-medium-font-size\">Die Aufgabe von Cirmar besteht darin, Textilmarken, Hersteller und Einzelh\u00e4ndler durch diesen \u00dcbergang zu begleiten: Vorschriften wie die Anforderungen an die Mischung von Rohstoffen und die ESPR verst\u00e4ndlich zu machen, C_passport\u00ae und Datenstrukturen zu implementieren und Kreislaufstrategien zu entwickeln, die \u00fcber die blo\u00dfe Einhaltung von Vorschriften hinausgehen und den Status quo der Fast Fashion aktiv in Frage stellen.<\/p>\n\n<div style=\"height:82px\" aria-hidden=\"true\" class=\"wp-block-spacer\"><\/div>\n\n<p class=\"has-medium-font-size\">Unsere Experten f\u00fcr Kreislauftextilien sind bereit, Ihr Unternehmen zu transformieren.<\/p>\n\n<div class=\"wp-block-buttons is-layout-flex wp-block-buttons-is-layout-flex\">\n<div class=\"wp-block-button\"><a class=\"wp-block-button__link wp-element-button\" href=\"https:\/\/cirmar.com\/de\/kontakt\/\">Nehmen Sie jetzt Kontakt auf<\/a><\/div>\n<\/div>\n\n<div style=\"height:41px\" aria-hidden=\"true\" class=\"wp-block-spacer\"><\/div>\n\n<p class=\"has-medium-font-size\">Erfahren Sie mehr \u00fcber unsere Kreislauftransformationen, indem Sie in unsere Kreislaufgeschichten eintauchen.<\/p>\n\n<div class=\"wp-block-buttons is-layout-flex wp-block-buttons-is-layout-flex\">\n<div class=\"wp-block-button\"><a class=\"wp-block-button__link wp-element-button\" href=\"https:\/\/cirmar.com\/use-cases\/gaia-circulair-return-logistics\/\">GAIA Circulair<\/a><\/div>\n\n\n\n<div class=\"wp-block-button\"><a class=\"wp-block-button__link wp-element-button\" href=\"https:\/\/cirmar.com\/article\/cirmar-at-the-international-textile-conference\/\">Textilkonferenz<\/a><\/div>\n\n\n\n<div class=\"wp-block-button\"><a class=\"wp-block-button__link wp-element-button\" href=\"https:\/\/cirmar.com\/de\/revalue-eine-zirkulaere-zukunft-fuer-lokale-materialien\/\">[Re]value<\/a><\/div>\n\n\n\n<div class=\"wp-block-button\"><a class=\"wp-block-button__link wp-element-button\" href=\"https:\/\/cirmar.com\/article\/textiles-digital-product-passport\/\">Textilien DPP<\/a><\/div>\n<\/div>\n\n<p><\/p>\n","protected":false},"excerpt":{"rendered":"<p>Von verlorenen Materialien zu zirkul\u00e4ren Textilsystemen Die Textil- und Modeindustrie steht unter enormem Ver\u00e4nderungsdruck. Die Produktionsmengen sind hoch, die Produktlebensdauer kurz und der Abfall w\u00e4chst stetig. Als Reaktion darauf entwickelt die EU eine umfassende Strategie f\u00fcr nachhaltige und zirkul\u00e4re Textilien. Ziel ist es, bis 2030 langlebige, reparierbare und recycelbare Produkte zu entwickeln, die \u00fcber klare&#8230;<\/p>\n","protected":false},"author":2,"featured_media":0,"parent":0,"menu_order":0,"comment_status":"closed","ping_status":"closed","template":"","meta":{"footnotes":""},"class_list":["post-9340","page","type-page","status-publish","hentry"],"acf":[],"yoast_head":"<!-- This site is optimized with the Yoast SEO plugin v22.1 - https:\/\/yoast.com\/wordpress\/plugins\/seo\/ -->\n<title>Textilien - Cirmar<\/title>\n<meta name=\"description\" content=\"Textilien tragen erheblich zur Umweltbelastung bei. Ein Kreislaufwirtschaftsmodell ist m\u00f6glich, und seine Auswirkungen sind tiefgreifend.\" \/>\n<meta name=\"robots\" content=\"index, follow, max-snippet:-1, max-image-preview:large, max-video-preview:-1\" \/>\n<link rel=\"canonical\" href=\"https:\/\/cirmar.com\/de\/textilien\/\" \/>\n<meta property=\"og:locale\" content=\"de_DE\" \/>\n<meta property=\"og:type\" content=\"article\" \/>\n<meta property=\"og:title\" content=\"Textilien - Cirmar\" \/>\n<meta property=\"og:description\" content=\"Textilien tragen erheblich zur Umweltbelastung bei. Ein Kreislaufwirtschaftsmodell ist m\u00f6glich, und seine Auswirkungen sind tiefgreifend.\" \/>\n<meta property=\"og:url\" content=\"https:\/\/cirmar.com\/de\/textilien\/\" \/>\n<meta property=\"og:site_name\" content=\"Cirmar\" \/>\n<meta property=\"og:image\" content=\"https:\/\/cirmar.com\/\/app\/uploads\/2025\/09\/IMG_6565-edited-768x1024.jpeg\" \/>\n<meta name=\"twitter:card\" content=\"summary_large_image\" \/>\n<meta name=\"twitter:label1\" content=\"Est. reading time\" \/>\n\t<meta name=\"twitter:data1\" content=\"6 minutes\" \/>\n<script type=\"application\/ld+json\" class=\"yoast-schema-graph\">{\"@context\":\"https:\/\/schema.org\",\"@graph\":[{\"@type\":\"WebPage\",\"@id\":\"https:\/\/cirmar.com\/de\/textilien\/\",\"url\":\"https:\/\/cirmar.com\/de\/textilien\/\",\"name\":\"Textilien - Cirmar\",\"isPartOf\":{\"@id\":\"https:\/\/cirmar.com\/#website\"},\"datePublished\":\"2026-04-21T07:46:44+00:00\",\"dateModified\":\"2026-04-21T07:46:44+00:00\",\"description\":\"Textilien tragen erheblich zur Umweltbelastung bei. Ein Kreislaufwirtschaftsmodell ist m\u00f6glich, und seine Auswirkungen sind tiefgreifend.\",\"breadcrumb\":{\"@id\":\"https:\/\/cirmar.com\/de\/textilien\/#breadcrumb\"},\"inLanguage\":\"de-DE\",\"potentialAction\":[{\"@type\":\"ReadAction\",\"target\":[\"https:\/\/cirmar.com\/de\/textilien\/\"]}]},{\"@type\":\"BreadcrumbList\",\"@id\":\"https:\/\/cirmar.com\/de\/textilien\/#breadcrumb\",\"itemListElement\":[{\"@type\":\"ListItem\",\"position\":1,\"name\":\"Cirmar\",\"item\":\"https:\/\/cirmar.com\/de\/\"},{\"@type\":\"ListItem\",\"position\":2,\"name\":\"Textilien\"}]},{\"@type\":\"WebSite\",\"@id\":\"https:\/\/cirmar.com\/#website\",\"url\":\"https:\/\/cirmar.com\/\",\"name\":\"Cirmar\",\"description\":\"The Digital Product Passport\",\"publisher\":{\"@id\":\"https:\/\/cirmar.com\/#organization\"},\"potentialAction\":[{\"@type\":\"SearchAction\",\"target\":{\"@type\":\"EntryPoint\",\"urlTemplate\":\"https:\/\/cirmar.com\/?s={search_term_string}\"},\"query-input\":\"required name=search_term_string\"}],\"inLanguage\":\"de-DE\"},{\"@type\":\"Organization\",\"@id\":\"https:\/\/cirmar.com\/#organization\",\"name\":\"Cirmar\",\"url\":\"https:\/\/cirmar.com\/\",\"logo\":{\"@type\":\"ImageObject\",\"inLanguage\":\"de-DE\",\"@id\":\"https:\/\/cirmar.com\/#\/schema\/logo\/image\/\",\"url\":\"https:\/\/www.cirmar.com\/app\/uploads\/2021\/09\/Group-14.png\",\"contentUrl\":\"https:\/\/www.cirmar.com\/app\/uploads\/2021\/09\/Group-14.png\",\"width\":233,\"height\":95,\"caption\":\"Cirmar\"},\"image\":{\"@id\":\"https:\/\/cirmar.com\/#\/schema\/logo\/image\/\"}}]}<\/script>\n<!-- \/ Yoast SEO plugin. -->","yoast_head_json":{"title":"Textilien - Cirmar","description":"Textilien tragen erheblich zur Umweltbelastung bei. Ein Kreislaufwirtschaftsmodell ist m\u00f6glich, und seine Auswirkungen sind tiefgreifend.","robots":{"index":"index","follow":"follow","max-snippet":"max-snippet:-1","max-image-preview":"max-image-preview:large","max-video-preview":"max-video-preview:-1"},"canonical":"https:\/\/cirmar.com\/de\/textilien\/","og_locale":"de_DE","og_type":"article","og_title":"Textilien - Cirmar","og_description":"Textilien tragen erheblich zur Umweltbelastung bei. Ein Kreislaufwirtschaftsmodell ist m\u00f6glich, und seine Auswirkungen sind tiefgreifend.","og_url":"https:\/\/cirmar.com\/de\/textilien\/","og_site_name":"Cirmar","og_image":[{"url":"https:\/\/cirmar.com\/\/app\/uploads\/2025\/09\/IMG_6565-edited-768x1024.jpeg"}],"twitter_card":"summary_large_image","twitter_misc":{"Est. reading time":"6 minutes"},"schema":{"@context":"https:\/\/schema.org","@graph":[{"@type":"WebPage","@id":"https:\/\/cirmar.com\/de\/textilien\/","url":"https:\/\/cirmar.com\/de\/textilien\/","name":"Textilien - Cirmar","isPartOf":{"@id":"https:\/\/cirmar.com\/#website"},"datePublished":"2026-04-21T07:46:44+00:00","dateModified":"2026-04-21T07:46:44+00:00","description":"Textilien tragen erheblich zur Umweltbelastung bei. Ein Kreislaufwirtschaftsmodell ist m\u00f6glich, und seine Auswirkungen sind tiefgreifend.","breadcrumb":{"@id":"https:\/\/cirmar.com\/de\/textilien\/#breadcrumb"},"inLanguage":"de-DE","potentialAction":[{"@type":"ReadAction","target":["https:\/\/cirmar.com\/de\/textilien\/"]}]},{"@type":"BreadcrumbList","@id":"https:\/\/cirmar.com\/de\/textilien\/#breadcrumb","itemListElement":[{"@type":"ListItem","position":1,"name":"Cirmar","item":"https:\/\/cirmar.com\/de\/"},{"@type":"ListItem","position":2,"name":"Textilien"}]},{"@type":"WebSite","@id":"https:\/\/cirmar.com\/#website","url":"https:\/\/cirmar.com\/","name":"Cirmar","description":"The Digital Product Passport","publisher":{"@id":"https:\/\/cirmar.com\/#organization"},"potentialAction":[{"@type":"SearchAction","target":{"@type":"EntryPoint","urlTemplate":"https:\/\/cirmar.com\/?s={search_term_string}"},"query-input":"required name=search_term_string"}],"inLanguage":"de-DE"},{"@type":"Organization","@id":"https:\/\/cirmar.com\/#organization","name":"Cirmar","url":"https:\/\/cirmar.com\/","logo":{"@type":"ImageObject","inLanguage":"de-DE","@id":"https:\/\/cirmar.com\/#\/schema\/logo\/image\/","url":"https:\/\/www.cirmar.com\/app\/uploads\/2021\/09\/Group-14.png","contentUrl":"https:\/\/www.cirmar.com\/app\/uploads\/2021\/09\/Group-14.png","width":233,"height":95,"caption":"Cirmar"},"image":{"@id":"https:\/\/cirmar.com\/#\/schema\/logo\/image\/"}}]}},"_links":{"self":[{"href":"https:\/\/cirmar.com\/de\/wp-json\/wp\/v2\/pages\/9340"}],"collection":[{"href":"https:\/\/cirmar.com\/de\/wp-json\/wp\/v2\/pages"}],"about":[{"href":"https:\/\/cirmar.com\/de\/wp-json\/wp\/v2\/types\/page"}],"author":[{"embeddable":true,"href":"https:\/\/cirmar.com\/de\/wp-json\/wp\/v2\/users\/2"}],"replies":[{"embeddable":true,"href":"https:\/\/cirmar.com\/de\/wp-json\/wp\/v2\/comments?post=9340"}],"version-history":[{"count":1,"href":"https:\/\/cirmar.com\/de\/wp-json\/wp\/v2\/pages\/9340\/revisions"}],"predecessor-version":[{"id":9343,"href":"https:\/\/cirmar.com\/de\/wp-json\/wp\/v2\/pages\/9340\/revisions\/9343"}],"wp:attachment":[{"href":"https:\/\/cirmar.com\/de\/wp-json\/wp\/v2\/media?parent=9340"}],"curies":[{"name":"wp","href":"https:\/\/api.w.org\/{rel}","templated":true}]}}