{"id":9346,"date":"2026-04-21T09:50:19","date_gmt":"2026-04-21T07:50:19","guid":{"rendered":"https:\/\/cirmar.com\/der-bausektor\/"},"modified":"2026-04-21T09:50:20","modified_gmt":"2026-04-21T07:50:20","slug":"der-bausektor","status":"publish","type":"page","link":"https:\/\/cirmar.com\/de\/der-bausektor\/","title":{"rendered":"Der Bausektor"},"content":{"rendered":"\n<h2 class=\"wp-block-heading\"><strong>Kreislaufwirtschaft in die gebaute Umwelt einbeziehen<\/strong><\/h2>\n\n<div style=\"height:65px\" aria-hidden=\"true\" class=\"wp-block-spacer\"><\/div>\n\n<p class=\"has-medium-font-size\"><strong>Der Bausektor ist weltweit f\u00fcr einige der gr\u00f6\u00dften Materialfl\u00fcsse und Umweltbelastungen verantwortlich. Geb\u00e4ude sind langlebig, ressourcenintensiv und tief in regulatorische Rahmenbedingungen eingebunden \u2013 all dies macht den \u00dcbergang zu einem zirkul\u00e4ren Bauwesen sowohl herausfordernd als auch chancenreich. Da Europa auf verpflichtende Materialr\u00fcckverfolgbarkeit, CO\u2082-Reduzierung und Abfallvermeidung setzt, wird von Bauunternehmen zunehmend erwartet, dass sie nachweisen, woher die Materialien stammen, wie sie sich verhalten und was mit ihnen nach ihrer Nutzungsdauer geschieht.<\/strong><\/p>\n\n<p class=\"has-medium-font-size\">Cirmar unterst\u00fctzt Organisationen in den Bereichen Bauwesen, Immobilien, Materialherstellung und Abbruch dabei, Kreislaufprinzipien in praktische Strategien umzusetzen, die \u00fcber lange Wertsch\u00f6pfungszyklen und lange Anlagenlebensdauern hinweg funktionieren.<\/p>\n\n<div style=\"height:53px\" aria-hidden=\"true\" class=\"wp-block-spacer\"><\/div>\n\n<h2 class=\"wp-block-heading\"><strong>Ein sich wandelndes Umfeld: Regulierung, Transparenz und materielle Verantwortung<\/strong><\/h2>\n\n<p class=\"has-medium-font-size\">EU-weit schreitet die Regulierung konsequent in Richtung Kreislaufwirtschaft voran. Bauprodukte fallen unter die Bauprodukteverordnung (CPR), die digitale Produktp\u00e4sse f\u00fcr eine breite Palette von Materialien und Bauteilen einf\u00fchrt. Nationale und lokale Rahmenbedingungen \u2013 wie beispielsweise Anforderungen an Materialp\u00e4sse f\u00fcr Neubauten, Regelungen zum selektiven Abriss, Berichterstattung \u00fcber graue Energie und Mindestanteile an Recyclingmaterial \u2013 werden ebenfalls zum Standard.<\/p>\n\n<p class=\"has-medium-font-size\">Gleichzeitig sieht sich die Branche mit Materialknappheit konfrontiert und steht unter Druck, Abfall zu minimieren und die Wiederverwendung hochwertiger Materialien zu verbessern \u2013 nicht nur beim Abriss, sondern auch in der Planungs-, Bau- und Sanierungsphase. In einigen L\u00e4ndern haben \u00dcberschreitungen der Stickstoffgrenzwerte Bauarbeiten zum Erliegen gebracht. Dar\u00fcber hinaus fordern gro\u00dfe Auftraggeber, Investoren und Kommunen zunehmend Transparenz hinsichtlich Kreislaufwirtschaft, Emissionen und Materialfl\u00fcssen, bevor sie neue Projekte genehmigen oder Auftr\u00e4ge vergeben.<\/p>\n\n<p class=\"has-medium-font-size\">F\u00fcr viele Organisationen liegt die Herausforderung nicht im fehlenden Ehrgeiz, sondern in der Komplexit\u00e4t der Integration dieser Anforderungen in die t\u00e4glichen Abl\u00e4ufe. Hier bietet Cirmar Klarheit und Struktur.<\/p>\n\n<div style=\"height:73px\" aria-hidden=\"true\" class=\"wp-block-spacer\"><\/div>\n\n<div class=\"wp-block-media-text is-stacked-on-mobile\"><figure class=\"wp-block-media-text__media\"><img loading=\"lazy\" decoding=\"async\" width=\"900\" height=\"600\" src=\"https:\/\/cirmar.com\/\/app\/uploads\/2024\/04\/presentatie-LIOF.jpeg\" alt=\"\" class=\"wp-image-3509 size-full\" srcset=\"https:\/\/cirmar.com\/\/app\/uploads\/2024\/04\/presentatie-LIOF.jpeg 900w, https:\/\/cirmar.com\/\/app\/uploads\/2024\/04\/presentatie-LIOF-300x200.jpeg 300w, https:\/\/cirmar.com\/\/app\/uploads\/2024\/04\/presentatie-LIOF-768x512.jpeg 768w, https:\/\/cirmar.com\/\/app\/uploads\/2024\/04\/presentatie-LIOF-825x550.jpeg 825w, https:\/\/cirmar.com\/\/app\/uploads\/2024\/04\/presentatie-LIOF-250x167.jpeg 250w, https:\/\/cirmar.com\/\/app\/uploads\/2024\/04\/presentatie-LIOF-600x400.jpeg 600w\" sizes=\"(max-width: 900px) 100vw, 900px\" \/><\/figure><div class=\"wp-block-media-text__content\">\n<p class=\"has-medium-font-size\">\u201eDie gebaute Umwelt passt perfekt zu unserem Ansatz der Kreislaufwirtschaft: mit den Materialien im Mittelpunkt, unter Einbeziehung von Erkenntnissen \u00fcber die Wahlm\u00f6glichkeiten und mit Blick \u00fcber die reine Produktproduktion hinaus.\u201c<\/p>\n\n\n\n<p class=\"has-medium-font-size\"><br\/><strong>Jasper Martin<\/strong><\/p>\n<\/div><\/div>\n\n<div style=\"height:73px\" aria-hidden=\"true\" class=\"wp-block-spacer\"><\/div>\n\n<h2 class=\"wp-block-heading\"><strong>Erm\u00f6glichung zirkul\u00e4rer Bauweisen durch Materialintelligenz<\/strong><\/h2>\n\n<p class=\"has-medium-font-size\">Kreislaufwirtschaft im Bauwesen beginnt mit dem Verst\u00e4ndnis, welche Materialien in welchen Mengen und mit welchen Auswirkungen verwendet werden. Wir unterst\u00fctzen Unternehmen dabei, die Materialien und Komponenten ihrer Produkte oder Anlagen \u2013 Fassaden, Paneele, Bodensysteme, D\u00e4mmstoffe, Bauelemente \u2013 zu erfassen und diese Informationen in konkrete Handlungsempfehlungen umzusetzen.<\/p>\n\n<p class=\"has-medium-font-size\">Ob Sie neue Systeme entwerfen, bestehende Geb\u00e4ude sanieren oder Strategien f\u00fcr das Nutzungsende planen \u2013 unser Ansatz unterst\u00fctzt Sie bei Entscheidungen, die Materialien schonen, die Umweltbelastung verringern und den langfristigen Anlagenwert steigern.<\/p>\n\n<p class=\"has-medium-font-size\">Durch die enge Zusammenarbeit von Produktentwicklung, Beschaffung, Konstruktion und Abbruchplanung schaffen wir ein umfassendes Bild des Geb\u00e4udenutzungszyklus. Dies erm\u00f6glicht es, Geb\u00e4ude demontagegerecht zu planen, die Materialr\u00fcckgewinnung zu optimieren und die Abh\u00e4ngigkeit von ressourcenintensiven Prim\u00e4rmaterialien zu reduzieren.<\/p>\n\n<div style=\"height:73px\" aria-hidden=\"true\" class=\"wp-block-spacer\"><\/div>\n\n<h2 class=\"wp-block-heading\"><strong>Digitale Produktp\u00e4sse f\u00fcr Baumaterialien<\/strong><\/h2>\n\n<p class=\"has-medium-font-size\">Die Baubranche bewegt sich hin zu digitalen Produktp\u00e4ssen (DPPs) als Standard f\u00fcr Materialinformationen. Diese P\u00e4sse werden unerl\u00e4sslich f\u00fcr die Einhaltung von Vorschriften, die Beschaffung, die Sanierungsplanung, den selektiven Abriss und das Recycling hochwertiger Materialien.<\/p>\n\n<p class=\"has-medium-font-size\">Cirmar unterst\u00fctzt Unternehmen bei der Strukturierung der f\u00fcr C_passport\u00ae ben\u00f6tigten Daten und gew\u00e4hrleistet deren Zug\u00e4nglichkeit und Zuverl\u00e4ssigkeit \u00fcber lange Projektlebenszyklen hinweg. Dies umfasst Informationen zu Materialzusammensetzung, Wartungsoptionen, Umwelt- und Kreislaufleistung sowie Entsorgungspfaden. Unsere Plattform erm\u00f6glicht es Herstellern, Bauunternehmen und Geb\u00e4udeeigent\u00fcmern, diese Daten in gro\u00dfem Umfang zu verwalten und C_passport\u00ae als Grundlage f\u00fcr fundiertere Bauentscheidungen zu nutzen.<\/p>\n\n<div style=\"height:77px\" aria-hidden=\"true\" class=\"wp-block-spacer\"><\/div>\n\n<figure class=\"wp-block-gallery has-nested-images columns-default is-cropped wp-block-gallery-1 is-layout-flex wp-block-gallery-is-layout-flex\">\n<figure class=\"wp-block-image size-large\"><img loading=\"lazy\" decoding=\"async\" width=\"360\" height=\"270\" data-id=\"6940\" src=\"https:\/\/cirmar.com\/\/app\/uploads\/2025\/12\/faay-materiaal.jpeg\" alt=\"\" class=\"wp-image-6940\" srcset=\"https:\/\/cirmar.com\/\/app\/uploads\/2025\/12\/faay-materiaal.jpeg 360w, https:\/\/cirmar.com\/\/app\/uploads\/2025\/12\/faay-materiaal-300x225.jpeg 300w, https:\/\/cirmar.com\/\/app\/uploads\/2025\/12\/faay-materiaal-250x188.jpeg 250w\" sizes=\"(max-width: 360px) 100vw, 360px\" \/><\/figure>\n\n\n\n<figure class=\"wp-block-image size-large\"><img loading=\"lazy\" decoding=\"async\" width=\"1024\" height=\"852\" data-id=\"6967\" src=\"https:\/\/cirmar.com\/\/app\/uploads\/2025\/12\/Faay-Wanden-en-Plafonds_Duurzaamheid-VP54-panelen-vlasscheven-1024x852.png\" alt=\"\" class=\"wp-image-6967\" srcset=\"https:\/\/cirmar.com\/\/app\/uploads\/2025\/12\/Faay-Wanden-en-Plafonds_Duurzaamheid-VP54-panelen-vlasscheven-1024x852.png 1024w, https:\/\/cirmar.com\/\/app\/uploads\/2025\/12\/Faay-Wanden-en-Plafonds_Duurzaamheid-VP54-panelen-vlasscheven-300x250.png 300w, https:\/\/cirmar.com\/\/app\/uploads\/2025\/12\/Faay-Wanden-en-Plafonds_Duurzaamheid-VP54-panelen-vlasscheven-768x639.png 768w, https:\/\/cirmar.com\/\/app\/uploads\/2025\/12\/Faay-Wanden-en-Plafonds_Duurzaamheid-VP54-panelen-vlasscheven-661x550.png 661w, https:\/\/cirmar.com\/\/app\/uploads\/2025\/12\/Faay-Wanden-en-Plafonds_Duurzaamheid-VP54-panelen-vlasscheven-250x208.png 250w, https:\/\/cirmar.com\/\/app\/uploads\/2025\/12\/Faay-Wanden-en-Plafonds_Duurzaamheid-VP54-panelen-vlasscheven-541x450.png 541w, https:\/\/cirmar.com\/\/app\/uploads\/2025\/12\/Faay-Wanden-en-Plafonds_Duurzaamheid-VP54-panelen-vlasscheven.png 1202w\" sizes=\"(max-width: 1024px) 100vw, 1024px\" \/><\/figure>\n\n\n\n<figure class=\"wp-block-image size-large\"><img loading=\"lazy\" decoding=\"async\" width=\"1024\" height=\"690\" data-id=\"3776\" src=\"https:\/\/cirmar.com\/\/app\/uploads\/2024\/06\/solarge-zonnepanelen-1024x690.jpeg\" alt=\"\" class=\"wp-image-3776\" srcset=\"https:\/\/cirmar.com\/\/app\/uploads\/2024\/06\/solarge-zonnepanelen-1024x690.jpeg 1024w, https:\/\/cirmar.com\/\/app\/uploads\/2024\/06\/solarge-zonnepanelen-300x202.jpeg 300w, https:\/\/cirmar.com\/\/app\/uploads\/2024\/06\/solarge-zonnepanelen-768x518.jpeg 768w, https:\/\/cirmar.com\/\/app\/uploads\/2024\/06\/solarge-zonnepanelen-1536x1035.jpeg 1536w, https:\/\/cirmar.com\/\/app\/uploads\/2024\/06\/solarge-zonnepanelen-1603x1080.jpeg 1603w, https:\/\/cirmar.com\/\/app\/uploads\/2024\/06\/solarge-zonnepanelen-816x550.jpeg 816w, https:\/\/cirmar.com\/\/app\/uploads\/2024\/06\/solarge-zonnepanelen-250x168.jpeg 250w, https:\/\/cirmar.com\/\/app\/uploads\/2024\/06\/solarge-zonnepanelen-600x404.jpeg 600w, https:\/\/cirmar.com\/\/app\/uploads\/2024\/06\/solarge-zonnepanelen.jpeg 2048w\" sizes=\"(max-width: 1024px) 100vw, 1024px\" \/><\/figure>\n<\/figure>\n\n<div style=\"height:73px\" aria-hidden=\"true\" class=\"wp-block-spacer\"><\/div>\n\n<h2 class=\"wp-block-heading\"><strong>Abfallvermeidung und Wertstoffr\u00fcckgewinnung<\/strong><\/h2>\n\n<p class=\"has-medium-font-size\">Kaum eine Branche erzeugt so viel Abfall wie das Bau- und Abbruchgewerbe. Doch Abfall ist nicht unvermeidlich \u2013 er entsteht oft durch fehlende Informationen. Werden Materialien nicht dokumentiert, identifiziert oder f\u00fcr die Wiederverwertung vorgesehen, wird aus Abriss Zerst\u00f6rung und wertvolle Ressourcen gehen verloren.<\/p>\n\n<p class=\"has-medium-font-size\">Wir unterst\u00fctzen Unternehmen beim Aufbau von Strategien, die vom Abfallmanagement zum Materialwertmanagement f\u00fchren. Das bedeutet, Materialien nicht nur am Ende ihrer Nutzungsdauer zu betrachten, sondern von Beginn jedes Projekts an: von der Auswahl \u00fcber die Spezifikation und Installation bis hin zur Instandhaltung. Durch die Verkn\u00fcpfung von Footprinting, Kreislaufdesign, Materialverfolgung und digitalen Dokumentenp\u00e4ssen helfen wir Unternehmen, mehr Wert l\u00e4nger zu erhalten und Abfall projekt- und portfolio\u00fcbergreifend deutlich zu reduzieren.<\/p>\n\n<div style=\"height:73px\" aria-hidden=\"true\" class=\"wp-block-spacer\"><\/div>\n\n<h2 class=\"wp-block-heading\"><strong>Ein praktischer Ansatz f\u00fcr Kreislaufwirtschaft<\/strong><\/h2>\n\n<p class=\"has-medium-font-size\">Auch wenn regulatorische Vorgaben ein wichtiger Faktor sind, liegt unser Fokus weiterhin klar auf der Entwicklung betrieblich und wirtschaftlich sinnvoller L\u00f6sungen. Wir arbeiten mit Bauunternehmen, Projektentwicklern, Architekten, Abbruchspezialisten und Herstellern zusammen, um die Ziele der Kreislaufwirtschaft in die Praxis umzusetzen \u2013 von der Dokumentation und Beschaffung \u00fcber die Produktentwicklung bis hin zur Projektabwicklung.<\/p>\n\n<p class=\"has-medium-font-size\">Kreislaufwirtschaft ist nicht nur m\u00f6glich, sondern wird zunehmend erwartet. Mit den richtigen Informationen, Werkzeugen und Anleitungen k\u00f6nnen Unternehmen Anlagen schaffen, die wertvoller, konformer und zukunftssicherer sind.<\/p>\n\n<div style=\"height:73px\" aria-hidden=\"true\" class=\"wp-block-spacer\"><\/div>\n\n<p class=\"has-medium-font-size\">Unsere Experten f\u00fcr Kreislaufwirtschaft im Bauwesen sind bereit, Ihr Unternehmen zu transformieren.<\/p>\n\n<div class=\"wp-block-buttons is-layout-flex wp-block-buttons-is-layout-flex\">\n<div class=\"wp-block-button\"><a class=\"wp-block-button__link wp-element-button\" href=\"https:\/\/cirmar.com\/de\/kontakt\/\">Nehmen Sie jetzt Kontakt auf<\/a><\/div>\n<\/div>\n\n<div style=\"height:41px\" aria-hidden=\"true\" class=\"wp-block-spacer\"><\/div>\n\n<p class=\"has-medium-font-size\">Erfahren Sie mehr \u00fcber unsere Kreislauftransformationen, indem Sie in unsere Kreislaufgeschichten eintauchen.<\/p>\n\n<div class=\"wp-block-buttons is-layout-flex wp-block-buttons-is-layout-flex\">\n<div class=\"wp-block-button\"><a class=\"wp-block-button__link wp-element-button\">Solarge<\/a><\/div>\n\n\n\n<div class=\"wp-block-button\"><a class=\"wp-block-button__link wp-element-button\" href=\"https:\/\/cirmar.com\/use-cases\/centerparcs-cottages\/\">Center Parcs<\/a><\/div>\n\n\n\n<div class=\"wp-block-button\"><a class=\"wp-block-button__link wp-element-button\" href=\"https:\/\/cirmar.com\/use-cases\/securing-material-value-and-quality\/\">Jumbo<\/a><\/div>\n<\/div>\n\n<p><\/p>\n","protected":false},"excerpt":{"rendered":"<p>Kreislaufwirtschaft in die gebaute Umwelt einbeziehen Der Bausektor ist weltweit f\u00fcr einige der gr\u00f6\u00dften Materialfl\u00fcsse und Umweltbelastungen verantwortlich. Geb\u00e4ude sind langlebig, ressourcenintensiv und tief in regulatorische Rahmenbedingungen eingebunden \u2013 all dies macht den \u00dcbergang zu einem zirkul\u00e4ren Bauwesen sowohl herausfordernd als auch chancenreich. Da Europa auf verpflichtende Materialr\u00fcckverfolgbarkeit, CO\u2082-Reduzierung und Abfallvermeidung setzt, wird von Bauunternehmen&#8230;<\/p>\n","protected":false},"author":2,"featured_media":0,"parent":0,"menu_order":0,"comment_status":"closed","ping_status":"closed","template":"","meta":{"footnotes":""},"class_list":["post-9346","page","type-page","status-publish","hentry"],"acf":[],"yoast_head":"<!-- This site is optimized with the Yoast SEO plugin v22.1 - https:\/\/yoast.com\/wordpress\/plugins\/seo\/ -->\n<title>Der Bausektor - Cirmar<\/title>\n<meta name=\"description\" content=\"Der Bausektor ist einer der gr\u00f6\u00dften Verursacher von Umweltbelastungen. Deshalb bewegen wir den Sektor in Richtung Kreislaufwirtschaft.\" \/>\n<meta name=\"robots\" content=\"index, follow, max-snippet:-1, max-image-preview:large, max-video-preview:-1\" \/>\n<link rel=\"canonical\" href=\"https:\/\/cirmar.com\/de\/der-bausektor\/\" \/>\n<meta property=\"og:locale\" content=\"de_DE\" \/>\n<meta property=\"og:type\" content=\"article\" \/>\n<meta property=\"og:title\" content=\"Der Bausektor - Cirmar\" \/>\n<meta property=\"og:description\" content=\"Der Bausektor ist einer der gr\u00f6\u00dften Verursacher von Umweltbelastungen. Deshalb bewegen wir den Sektor in Richtung Kreislaufwirtschaft.\" \/>\n<meta property=\"og:url\" content=\"https:\/\/cirmar.com\/de\/der-bausektor\/\" \/>\n<meta property=\"og:site_name\" content=\"Cirmar\" \/>\n<meta property=\"article:modified_time\" content=\"2026-04-21T07:50:20+00:00\" \/>\n<meta property=\"og:image\" content=\"https:\/\/cirmar.com\/\/app\/uploads\/2024\/04\/presentatie-LIOF.jpeg\" \/>\n<meta name=\"twitter:card\" content=\"summary_large_image\" \/>\n<meta name=\"twitter:label1\" content=\"Est. reading time\" \/>\n\t<meta name=\"twitter:data1\" content=\"4 minutes\" \/>\n<script type=\"application\/ld+json\" class=\"yoast-schema-graph\">{\"@context\":\"https:\/\/schema.org\",\"@graph\":[{\"@type\":\"WebPage\",\"@id\":\"https:\/\/cirmar.com\/de\/der-bausektor\/\",\"url\":\"https:\/\/cirmar.com\/de\/der-bausektor\/\",\"name\":\"Der Bausektor - Cirmar\",\"isPartOf\":{\"@id\":\"https:\/\/cirmar.com\/#website\"},\"datePublished\":\"2026-04-21T07:50:19+00:00\",\"dateModified\":\"2026-04-21T07:50:20+00:00\",\"description\":\"Der Bausektor ist einer der gr\u00f6\u00dften Verursacher von Umweltbelastungen. Deshalb bewegen wir den Sektor in Richtung Kreislaufwirtschaft.\",\"breadcrumb\":{\"@id\":\"https:\/\/cirmar.com\/de\/der-bausektor\/#breadcrumb\"},\"inLanguage\":\"de-DE\",\"potentialAction\":[{\"@type\":\"ReadAction\",\"target\":[\"https:\/\/cirmar.com\/de\/der-bausektor\/\"]}]},{\"@type\":\"BreadcrumbList\",\"@id\":\"https:\/\/cirmar.com\/de\/der-bausektor\/#breadcrumb\",\"itemListElement\":[{\"@type\":\"ListItem\",\"position\":1,\"name\":\"Cirmar\",\"item\":\"https:\/\/cirmar.com\/de\/\"},{\"@type\":\"ListItem\",\"position\":2,\"name\":\"Der Bausektor\"}]},{\"@type\":\"WebSite\",\"@id\":\"https:\/\/cirmar.com\/#website\",\"url\":\"https:\/\/cirmar.com\/\",\"name\":\"Cirmar\",\"description\":\"The Digital Product Passport\",\"publisher\":{\"@id\":\"https:\/\/cirmar.com\/#organization\"},\"potentialAction\":[{\"@type\":\"SearchAction\",\"target\":{\"@type\":\"EntryPoint\",\"urlTemplate\":\"https:\/\/cirmar.com\/?s={search_term_string}\"},\"query-input\":\"required name=search_term_string\"}],\"inLanguage\":\"de-DE\"},{\"@type\":\"Organization\",\"@id\":\"https:\/\/cirmar.com\/#organization\",\"name\":\"Cirmar\",\"url\":\"https:\/\/cirmar.com\/\",\"logo\":{\"@type\":\"ImageObject\",\"inLanguage\":\"de-DE\",\"@id\":\"https:\/\/cirmar.com\/#\/schema\/logo\/image\/\",\"url\":\"https:\/\/www.cirmar.com\/app\/uploads\/2021\/09\/Group-14.png\",\"contentUrl\":\"https:\/\/www.cirmar.com\/app\/uploads\/2021\/09\/Group-14.png\",\"width\":233,\"height\":95,\"caption\":\"Cirmar\"},\"image\":{\"@id\":\"https:\/\/cirmar.com\/#\/schema\/logo\/image\/\"}}]}<\/script>\n<!-- \/ Yoast SEO plugin. -->","yoast_head_json":{"title":"Der Bausektor - Cirmar","description":"Der Bausektor ist einer der gr\u00f6\u00dften Verursacher von Umweltbelastungen. Deshalb bewegen wir den Sektor in Richtung Kreislaufwirtschaft.","robots":{"index":"index","follow":"follow","max-snippet":"max-snippet:-1","max-image-preview":"max-image-preview:large","max-video-preview":"max-video-preview:-1"},"canonical":"https:\/\/cirmar.com\/de\/der-bausektor\/","og_locale":"de_DE","og_type":"article","og_title":"Der Bausektor - Cirmar","og_description":"Der Bausektor ist einer der gr\u00f6\u00dften Verursacher von Umweltbelastungen. Deshalb bewegen wir den Sektor in Richtung Kreislaufwirtschaft.","og_url":"https:\/\/cirmar.com\/de\/der-bausektor\/","og_site_name":"Cirmar","article_modified_time":"2026-04-21T07:50:20+00:00","og_image":[{"url":"https:\/\/cirmar.com\/\/app\/uploads\/2024\/04\/presentatie-LIOF.jpeg"}],"twitter_card":"summary_large_image","twitter_misc":{"Est. reading time":"4 minutes"},"schema":{"@context":"https:\/\/schema.org","@graph":[{"@type":"WebPage","@id":"https:\/\/cirmar.com\/de\/der-bausektor\/","url":"https:\/\/cirmar.com\/de\/der-bausektor\/","name":"Der Bausektor - Cirmar","isPartOf":{"@id":"https:\/\/cirmar.com\/#website"},"datePublished":"2026-04-21T07:50:19+00:00","dateModified":"2026-04-21T07:50:20+00:00","description":"Der Bausektor ist einer der gr\u00f6\u00dften Verursacher von Umweltbelastungen. Deshalb bewegen wir den Sektor in Richtung Kreislaufwirtschaft.","breadcrumb":{"@id":"https:\/\/cirmar.com\/de\/der-bausektor\/#breadcrumb"},"inLanguage":"de-DE","potentialAction":[{"@type":"ReadAction","target":["https:\/\/cirmar.com\/de\/der-bausektor\/"]}]},{"@type":"BreadcrumbList","@id":"https:\/\/cirmar.com\/de\/der-bausektor\/#breadcrumb","itemListElement":[{"@type":"ListItem","position":1,"name":"Cirmar","item":"https:\/\/cirmar.com\/de\/"},{"@type":"ListItem","position":2,"name":"Der Bausektor"}]},{"@type":"WebSite","@id":"https:\/\/cirmar.com\/#website","url":"https:\/\/cirmar.com\/","name":"Cirmar","description":"The Digital Product Passport","publisher":{"@id":"https:\/\/cirmar.com\/#organization"},"potentialAction":[{"@type":"SearchAction","target":{"@type":"EntryPoint","urlTemplate":"https:\/\/cirmar.com\/?s={search_term_string}"},"query-input":"required name=search_term_string"}],"inLanguage":"de-DE"},{"@type":"Organization","@id":"https:\/\/cirmar.com\/#organization","name":"Cirmar","url":"https:\/\/cirmar.com\/","logo":{"@type":"ImageObject","inLanguage":"de-DE","@id":"https:\/\/cirmar.com\/#\/schema\/logo\/image\/","url":"https:\/\/www.cirmar.com\/app\/uploads\/2021\/09\/Group-14.png","contentUrl":"https:\/\/www.cirmar.com\/app\/uploads\/2021\/09\/Group-14.png","width":233,"height":95,"caption":"Cirmar"},"image":{"@id":"https:\/\/cirmar.com\/#\/schema\/logo\/image\/"}}]}},"_links":{"self":[{"href":"https:\/\/cirmar.com\/de\/wp-json\/wp\/v2\/pages\/9346"}],"collection":[{"href":"https:\/\/cirmar.com\/de\/wp-json\/wp\/v2\/pages"}],"about":[{"href":"https:\/\/cirmar.com\/de\/wp-json\/wp\/v2\/types\/page"}],"author":[{"embeddable":true,"href":"https:\/\/cirmar.com\/de\/wp-json\/wp\/v2\/users\/2"}],"replies":[{"embeddable":true,"href":"https:\/\/cirmar.com\/de\/wp-json\/wp\/v2\/comments?post=9346"}],"version-history":[{"count":1,"href":"https:\/\/cirmar.com\/de\/wp-json\/wp\/v2\/pages\/9346\/revisions"}],"predecessor-version":[{"id":9349,"href":"https:\/\/cirmar.com\/de\/wp-json\/wp\/v2\/pages\/9346\/revisions\/9349"}],"wp:attachment":[{"href":"https:\/\/cirmar.com\/de\/wp-json\/wp\/v2\/media?parent=9346"}],"curies":[{"name":"wp","href":"https:\/\/api.w.org\/{rel}","templated":true}]}}