{"id":9352,"date":"2026-04-21T09:56:19","date_gmt":"2026-04-21T07:56:19","guid":{"rendered":"https:\/\/cirmar.com\/einzelhandel\/"},"modified":"2026-04-21T09:56:20","modified_gmt":"2026-04-21T07:56:20","slug":"einzelhandel","status":"publish","type":"page","link":"https:\/\/cirmar.com\/de\/einzelhandel\/","title":{"rendered":"Einzelhandel"},"content":{"rendered":"\n<h2 class=\"wp-block-heading\"><strong>Aufbau eines Kreislaufwirtschaftssystems im Einzelhandel<\/strong><\/h2>\n\n<div style=\"height:73px\" aria-hidden=\"true\" class=\"wp-block-spacer\"><\/div>\n\n<p class=\"has-medium-font-size\"><strong>Der Einzelhandel befindet sich im rasanten Wandel. Steigende Kosten, k\u00fcrzere Produktlebenszyklen, ver\u00e4nderte Kundenerwartungen und ambitionierte Nachhaltigkeitsgesetze zwingen Einzelh\u00e4ndler dazu, die Gestaltung, Einrichtung und den Betrieb ihrer Gesch\u00e4fte zu \u00fcberdenken. Gleichzeitig sind die Margen im Einzelhandel gering \u2013 jede Investition muss sich wirtschaftlich lohnen. Hier wird die Kreislaufwirtschaft zum strategischen Vorteil.<\/strong><\/p>\n\n<p class=\"has-medium-font-size\">F\u00fcr Einzelh\u00e4ndler, insbesondere in Branchen wie Superm\u00e4rkten, bietet die Gestaltung ihrer Verkaufsr\u00e4ume ein gro\u00dfes Potenzial zur Wertsch\u00f6pfung \u2013 sowohl wirtschaftlich als auch \u00f6kologisch. Ladeneinrichtungen, M\u00f6bel, Regale und andere Ausstattungsgegenst\u00e4nde werden oft viel h\u00e4ufiger ausgetauscht als n\u00f6tig, was unn\u00f6tige Kosten und Abfall verursacht. Kreislaufl\u00f6sungen k\u00f6nnen deren Nutzungsdauer verl\u00e4ngern, den Materialverbrauch reduzieren und die Wirtschaftlichkeit von Einzelhandelsbetrieben deutlich verbessern.<\/p>\n\n<p class=\"has-medium-font-size\">Cirmar unterst\u00fctzt Einzelh\u00e4ndler, Ladenplaner und Ladeneinrichtungshersteller bei der Entwicklung von Strategien, die den Gewinn steigern und gleichzeitig die Umweltbelastung reduzieren.<\/p>\n\n<div style=\"height:93px\" aria-hidden=\"true\" class=\"wp-block-spacer\"><\/div>\n\n<h2 class=\"wp-block-heading\"><strong>Ein neuer Standard f\u00fcr Einzelhandelsumgebungen<\/strong><\/h2>\n\n<p class=\"has-medium-font-size\">Der Einzelhandel erlebt einen Wandel hin zu verantwortungsvolleren und ressourcenschonenderen Ladenkonzepten. Von Marken wird zunehmend Transparenz hinsichtlich ihrer Materialien, der Umweltauswirkungen ihrer Produkte und der langfristigen Nachhaltigkeit ihrer Ladeninfrastruktur erwartet. Vorschriften und freiwillige Standards zielen auf r\u00fcckverfolgbare Materialien, bessere Produktinformationen und langlebigere, reparierbare und recycelbare Ladeneinrichtungen ab.<\/p>\n\n<p class=\"has-medium-font-size\">F\u00fcr viele Organisationen besteht die Herausforderung nicht darin, den Ver\u00e4nderungsbedarf zu erkennen, sondern ihn in einen einheitlichen Ansatz \u00fcber mehrere Filialen, Regionen und Lieferanten hinweg umzusetzen. Kreislaufwirtschaftliches Einzelhandelsdesign erfordert eine strukturierte Arbeitsweise \u2013 insbesondere bei h\u00e4ufigen Erneuerungszyklen, saisonalen Elementen und stark frequentierten Bereichen.<\/p>\n\n<div style=\"height:93px\" aria-hidden=\"true\" class=\"wp-block-spacer\"><\/div>\n\n<h2 class=\"wp-block-heading\"><strong>Wertsch\u00f6pfung durch Kreislaufwirtschaft bei Ladeneinrichtungen<\/strong><\/h2>\n\n<p class=\"has-medium-font-size\">Cirmar verf\u00fcgt \u00fcber praktische Erfahrung im Einzelhandel, unter anderem mit Projekten zur Einrichtung von Superm\u00e4rkten. In diesem Bereich gehen Kreislaufwirtschaft und wirtschaftlicher Nutzen Hand in Hand. Superm\u00e4rkte werden intensiv genutzt und regelm\u00e4\u00dfig modernisiert und sind daher ein Paradebeispiel daf\u00fcr, wie intelligentere Materialauswahl, verbesserte Modularit\u00e4t und wiederverwendbares Design erhebliche Einsparungen erm\u00f6glichen.<\/p>\n\n<p class=\"has-medium-font-size\">Durch die Analyse von Materialien, Lebensdauer und Umweltauswirkungen von Ladeneinrichtungen helfen wir Einzelh\u00e4ndlern, die gr\u00f6\u00dften Optimierungspotenziale zu erkennen. Oftmals entsteht Mehrwert nicht nur durch den Austausch von Artikeln gegen nachhaltigere Alternativen, sondern auch durch die \u00dcberarbeitung des gesamten Nutzungszyklus von Ladeneinrichtungen \u2013 durch deren Gestaltung, sodass sie repariert, erneuert oder wiederverwendet statt entsorgt werden k\u00f6nnen. Dies reduziert Abfall, senkt Investitions- und Betriebskosten und gew\u00e4hrleistet ein einheitliches Erscheinungsbild \u00fcber alle Ladenformate hinweg.<\/p>\n\n<div style=\"height:93px\" aria-hidden=\"true\" class=\"wp-block-spacer\"><\/div>\n\n<div class=\"wp-block-media-text is-stacked-on-mobile\"><figure class=\"wp-block-media-text__media\"><img loading=\"lazy\" decoding=\"async\" width=\"1024\" height=\"653\" src=\"https:\/\/cirmar.com\/\/app\/uploads\/2026\/02\/frans-ispt-1024x653.jpeg\" alt=\"\" class=\"wp-image-7990 size-full\" srcset=\"https:\/\/cirmar.com\/\/app\/uploads\/2026\/02\/frans-ispt-1024x653.jpeg 1024w, https:\/\/cirmar.com\/\/app\/uploads\/2026\/02\/frans-ispt-300x191.jpeg 300w, https:\/\/cirmar.com\/\/app\/uploads\/2026\/02\/frans-ispt-768x490.jpeg 768w, https:\/\/cirmar.com\/\/app\/uploads\/2026\/02\/frans-ispt-1536x980.jpeg 1536w, https:\/\/cirmar.com\/\/app\/uploads\/2026\/02\/frans-ispt-1694x1080.jpeg 1694w, https:\/\/cirmar.com\/\/app\/uploads\/2026\/02\/frans-ispt-862x550.jpeg 862w, https:\/\/cirmar.com\/\/app\/uploads\/2026\/02\/frans-ispt-250x159.jpeg 250w, https:\/\/cirmar.com\/\/app\/uploads\/2026\/02\/frans-ispt-600x383.jpeg 600w, https:\/\/cirmar.com\/\/app\/uploads\/2026\/02\/frans-ispt.jpeg 2048w\" sizes=\"(max-width: 1024px) 100vw, 1024px\" \/><\/figure><div class=\"wp-block-media-text__content\">\n<p class=\"has-medium-font-size\">\u201eEs ist einfach sinnvoll, im Einzelhandel Schritte in Richtung Kreislaufwirtschaft zu unternehmen. Es gibt wirtschaftliche Gr\u00fcnde f\u00fcr diesen Wandel auf verschiedenen Ebenen, vom Geb\u00e4ude bis zu den Produkten in den Regalen.\u201c<\/p>\n\n\n\n<p class=\"has-medium-font-size\"><strong>Frans Beckers<\/strong><\/p>\n<\/div><\/div>\n\n<div style=\"height:91px\" aria-hidden=\"true\" class=\"wp-block-spacer\"><\/div>\n\n<h2 class=\"wp-block-heading\"><strong>Digitale Produktp\u00e4sse f\u00fcr Ladeneinrichtungen<\/strong><\/h2>\n\n<p class=\"has-medium-font-size\">Digitale Produktp\u00e4sse (DPPs) entwickeln sich f\u00fcr viele Produktgruppen zu einer zentralen Anforderung, und die zugrunde liegenden Prinzipien sind f\u00fcr den Einzelhandel von gro\u00dfer Bedeutung. Wenn Ladeneinrichtungen und M\u00f6bel klare und strukturierte Informationen \u00fcber ihre Materialien, Pflege, ihr Kreislaufpotenzial und ihre Umweltvertr\u00e4glichkeit enthalten, erhalten Einzelh\u00e4ndler die n\u00f6tigen Einblicke, um Ersatzbeschaffungen zu planen, Artikel in verschiedenen Filialen wiederzuverwenden und so Kosten und \u00f6kologischen Fu\u00dfabdruck zu reduzieren.<\/p>\n\n<p class=\"has-medium-font-size\">Cirmar unterst\u00fctzt Einzelh\u00e4ndler und Ladenbauausstatter dabei, diese Informationen praxisnah und skalierbar zu entwickeln. Durch die Verkn\u00fcpfung von Produktdaten mit Ladenplanung, Beschaffung und operativen Prozessen werden digitale Produktpl\u00e4ne (DPPs) zu mehr als nur einem Instrument zur Einhaltung von Vorschriften \u2013 sie werden zu einem Werkzeug f\u00fcr intelligenteres Anlagenmanagement und langfristige Wertsch\u00f6pfung.<\/p>\n\n<div style=\"height:91px\" aria-hidden=\"true\" class=\"wp-block-spacer\"><\/div>\n\n<figure class=\"wp-block-gallery has-nested-images columns-default is-cropped wp-block-gallery-1 is-layout-flex wp-block-gallery-is-layout-flex\">\n<figure class=\"wp-block-image size-large\"><img loading=\"lazy\" decoding=\"async\" width=\"1024\" height=\"570\" data-id=\"2721\" src=\"https:\/\/cirmar.com\/\/app\/uploads\/2023\/08\/Jumbo-Bergen-op-Zoom-1024x570.png\" alt=\"\" class=\"wp-image-2721\" srcset=\"https:\/\/cirmar.com\/\/app\/uploads\/2023\/08\/Jumbo-Bergen-op-Zoom-1024x570.png 1024w, https:\/\/cirmar.com\/\/app\/uploads\/2023\/08\/Jumbo-Bergen-op-Zoom-300x167.png 300w, https:\/\/cirmar.com\/\/app\/uploads\/2023\/08\/Jumbo-Bergen-op-Zoom-768x427.png 768w, https:\/\/cirmar.com\/\/app\/uploads\/2023\/08\/Jumbo-Bergen-op-Zoom-1536x854.png 1536w, https:\/\/cirmar.com\/\/app\/uploads\/2023\/08\/Jumbo-Bergen-op-Zoom-2048x1139.png 2048w, https:\/\/cirmar.com\/\/app\/uploads\/2023\/08\/Jumbo-Bergen-op-Zoom-1920x1068.png 1920w, https:\/\/cirmar.com\/\/app\/uploads\/2023\/08\/Jumbo-Bergen-op-Zoom-989x550.png 989w, https:\/\/cirmar.com\/\/app\/uploads\/2023\/08\/Jumbo-Bergen-op-Zoom-250x139.png 250w, https:\/\/cirmar.com\/\/app\/uploads\/2023\/08\/Jumbo-Bergen-op-Zoom-600x334.png 600w\" sizes=\"(max-width: 1024px) 100vw, 1024px\" \/><\/figure>\n\n\n\n<figure class=\"wp-block-image size-large\"><img loading=\"lazy\" decoding=\"async\" width=\"1024\" height=\"768\" data-id=\"1589\" src=\"https:\/\/cirmar.com\/\/app\/uploads\/2022\/12\/IMG_0043-1024x768.jpg\" alt=\"\" class=\"wp-image-1589\" srcset=\"https:\/\/cirmar.com\/\/app\/uploads\/2022\/12\/IMG_0043-1024x768.jpg 1024w, https:\/\/cirmar.com\/\/app\/uploads\/2022\/12\/IMG_0043-300x225.jpg 300w, https:\/\/cirmar.com\/\/app\/uploads\/2022\/12\/IMG_0043-768x576.jpg 768w, https:\/\/cirmar.com\/\/app\/uploads\/2022\/12\/IMG_0043-1536x1152.jpg 1536w, https:\/\/cirmar.com\/\/app\/uploads\/2022\/12\/IMG_0043-2048x1536.jpg 2048w, https:\/\/cirmar.com\/\/app\/uploads\/2022\/12\/IMG_0043-1440x1080.jpg 1440w, https:\/\/cirmar.com\/\/app\/uploads\/2022\/12\/IMG_0043-733x550.jpg 733w, https:\/\/cirmar.com\/\/app\/uploads\/2022\/12\/IMG_0043-250x188.jpg 250w, https:\/\/cirmar.com\/\/app\/uploads\/2022\/12\/IMG_0043-600x450.jpg 600w\" sizes=\"(max-width: 1024px) 100vw, 1024px\" \/><\/figure>\n\n\n\n<figure class=\"wp-block-image size-large\"><img loading=\"lazy\" decoding=\"async\" width=\"454\" height=\"454\" data-id=\"6931\" src=\"https:\/\/cirmar.com\/\/app\/uploads\/2025\/12\/faay-prefab.jpg\" alt=\"\" class=\"wp-image-6931\" srcset=\"https:\/\/cirmar.com\/\/app\/uploads\/2025\/12\/faay-prefab.jpg 454w, https:\/\/cirmar.com\/\/app\/uploads\/2025\/12\/faay-prefab-300x300.jpg 300w, https:\/\/cirmar.com\/\/app\/uploads\/2025\/12\/faay-prefab-150x150.jpg 150w, https:\/\/cirmar.com\/\/app\/uploads\/2025\/12\/faay-prefab-180x180.jpg 180w, https:\/\/cirmar.com\/\/app\/uploads\/2025\/12\/faay-prefab-220x220.jpg 220w, https:\/\/cirmar.com\/\/app\/uploads\/2025\/12\/faay-prefab-250x250.jpg 250w, https:\/\/cirmar.com\/\/app\/uploads\/2025\/12\/faay-prefab-450x450.jpg 450w\" sizes=\"(max-width: 454px) 100vw, 454px\" \/><\/figure>\n<\/figure>\n\n<div style=\"height:93px\" aria-hidden=\"true\" class=\"wp-block-spacer\"><\/div>\n\n<h2 class=\"wp-block-heading\"><strong>Vom Ladenkonzept zur operativen Realit\u00e4t<\/strong><\/h2>\n\n<p class=\"has-medium-font-size\">Kreislaufwirtschaftliche Einzelhandelsumgebungen entstehen nicht allein durch Design. Sie erfordern klare Prozesse f\u00fcr Beschaffung, Instandhaltung, Modernisierung, Logistik und die Zusammenarbeit mit Lieferanten. Unsere Aufgabe ist es, Einzelh\u00e4ndler dabei zu unterst\u00fctzen, diese Elemente so aufeinander abzustimmen, dass Kreislaufwirtschaft zur Selbstverst\u00e4ndlichkeit wird.<\/p>\n\n<p class=\"has-medium-font-size\">Wir setzen Nachhaltigkeitsziele in die Praxis um und stellen sicher, dass Ladenmodernisierungen, Neuer\u00f6ffnungen und Renovierungen einer konsequenten Kreislaufwirtschaftsstrategie folgen. Dies schafft widerstandsf\u00e4higere Lieferketten, reduziert die Abh\u00e4ngigkeit von Prim\u00e4rmaterialien und steigert den Wert jeder Einrichtung und jedes Bauteils.<\/p>\n\n<div style=\"height:93px\" aria-hidden=\"true\" class=\"wp-block-spacer\"><\/div>\n\n<h2 class=\"wp-block-heading\"><strong>Ein Einzelhandel, der besser abschneidet \u2013 finanziell und \u00f6kologisch<\/strong><\/h2>\n\n<p class=\"has-medium-font-size\">Kreislaufwirtschaft bietet Einzelh\u00e4ndlern die M\u00f6glichkeit, Wertsch\u00f6pfung zu sichern, die Markenpositionierung zu verbessern und die Erwartungen von Kunden und Regulierungsbeh\u00f6rden zu erf\u00fcllen. Ob Sie ein neues Ladenkonzept entwickeln, bestehende Standorte modernisieren oder Ihr Ladeneinrichtungsportfolio optimieren \u2013 Kreislaufwirtschaft hilft Ihnen, mehr aus jedem Produkt und Material herauszuholen.<\/p>\n\n<p class=\"has-medium-font-size\">Cirmar unterst\u00fctzt Einzelh\u00e4ndler dabei, diesen \u00dcbergang praktisch, skalierbar und wirtschaftlich sinnvoll zu gestalten \u2013 und verwandelt Gesch\u00e4fte in R\u00e4ume, die nicht nur nachhaltiger, sondern auf lange Sicht auch wesentlich kosteng\u00fcnstiger sind.<\/p>\n\n<div style=\"height:93px\" aria-hidden=\"true\" class=\"wp-block-spacer\"><\/div>\n\n<p class=\"has-medium-font-size\">Unsere Experten im Bereich Kreislaufwirtschaft sind bereit, Ihr Unternehmen zu transformieren.<\/p>\n\n<div class=\"wp-block-buttons is-layout-flex wp-block-buttons-is-layout-flex\">\n<div class=\"wp-block-button\"><a class=\"wp-block-button__link wp-element-button\" href=\"https:\/\/cirmar.com\/de\/kontakt\/\">Nehmen Sie jetzt Kontakt auf<\/a><\/div>\n<\/div>\n\n<div style=\"height:41px\" aria-hidden=\"true\" class=\"wp-block-spacer\"><\/div>\n\n<p class=\"has-medium-font-size\">Erfahren Sie mehr \u00fcber unsere Kreislauftransformationen, indem Sie in unsere Kreislaufgeschichten eintauchen.<\/p>\n\n<div class=\"wp-block-buttons is-layout-flex wp-block-buttons-is-layout-flex\">\n<div class=\"wp-block-button\"><a class=\"wp-block-button__link wp-element-button\" href=\"https:\/\/cirmar.com\/use-cases\/centerparcs-cottages\/\">Center Parcs<\/a><\/div>\n\n\n\n<div class=\"wp-block-button\"><a class=\"wp-block-button__link wp-element-button\" href=\"https:\/\/cirmar.com\/use-cases\/securing-material-value-and-quality\/\">Jumbo<\/a><\/div>\n<\/div>\n\n<p><\/p>\n","protected":false},"excerpt":{"rendered":"<p>Aufbau eines Kreislaufwirtschaftssystems im Einzelhandel Der Einzelhandel befindet sich im rasanten Wandel. Steigende Kosten, k\u00fcrzere Produktlebenszyklen, ver\u00e4nderte Kundenerwartungen und ambitionierte Nachhaltigkeitsgesetze zwingen Einzelh\u00e4ndler dazu, die Gestaltung, Einrichtung und den Betrieb ihrer Gesch\u00e4fte zu \u00fcberdenken. Gleichzeitig sind die Margen im Einzelhandel gering \u2013 jede Investition muss sich wirtschaftlich lohnen. Hier wird die Kreislaufwirtschaft zum strategischen Vorteil&#8230;.<\/p>\n","protected":false},"author":2,"featured_media":0,"parent":0,"menu_order":0,"comment_status":"closed","ping_status":"closed","template":"","meta":{"footnotes":""},"class_list":["post-9352","page","type-page","status-publish","hentry"],"acf":[],"yoast_head":"<!-- This site is optimized with the Yoast SEO plugin v22.1 - https:\/\/yoast.com\/wordpress\/plugins\/seo\/ -->\n<title>Einzelhandel - Cirmar<\/title>\n<meta name=\"description\" content=\"Einzelhandel und Kreislaufwirtschaft gehen Hand in Hand. Geb\u00e4ude, Einrichtungsgegenst\u00e4nde und Produkte eignen sich hervorragend f\u00fcr den Wandel von linear zu zirkul\u00e4r.\" \/>\n<meta name=\"robots\" content=\"index, follow, max-snippet:-1, max-image-preview:large, max-video-preview:-1\" \/>\n<link rel=\"canonical\" href=\"https:\/\/cirmar.com\/de\/einzelhandel\/\" \/>\n<meta property=\"og:locale\" content=\"de_DE\" \/>\n<meta property=\"og:type\" content=\"article\" \/>\n<meta property=\"og:title\" content=\"Einzelhandel - Cirmar\" \/>\n<meta property=\"og:description\" content=\"Einzelhandel und Kreislaufwirtschaft gehen Hand in Hand. Geb\u00e4ude, Einrichtungsgegenst\u00e4nde und Produkte eignen sich hervorragend f\u00fcr den Wandel von linear zu zirkul\u00e4r.\" \/>\n<meta property=\"og:url\" content=\"https:\/\/cirmar.com\/de\/einzelhandel\/\" \/>\n<meta property=\"og:site_name\" content=\"Cirmar\" \/>\n<meta property=\"article:modified_time\" content=\"2026-04-21T07:56:20+00:00\" \/>\n<meta property=\"og:image\" content=\"https:\/\/cirmar.com\/\/app\/uploads\/2026\/02\/frans-ispt-1024x653.jpeg\" \/>\n<meta name=\"twitter:card\" content=\"summary_large_image\" \/>\n<meta name=\"twitter:label1\" content=\"Est. reading time\" \/>\n\t<meta name=\"twitter:data1\" content=\"4 minutes\" \/>\n<script type=\"application\/ld+json\" class=\"yoast-schema-graph\">{\"@context\":\"https:\/\/schema.org\",\"@graph\":[{\"@type\":\"WebPage\",\"@id\":\"https:\/\/cirmar.com\/de\/einzelhandel\/\",\"url\":\"https:\/\/cirmar.com\/de\/einzelhandel\/\",\"name\":\"Einzelhandel - Cirmar\",\"isPartOf\":{\"@id\":\"https:\/\/cirmar.com\/#website\"},\"datePublished\":\"2026-04-21T07:56:19+00:00\",\"dateModified\":\"2026-04-21T07:56:20+00:00\",\"description\":\"Einzelhandel und Kreislaufwirtschaft gehen Hand in Hand. Geb\u00e4ude, Einrichtungsgegenst\u00e4nde und Produkte eignen sich hervorragend f\u00fcr den Wandel von linear zu zirkul\u00e4r.\",\"breadcrumb\":{\"@id\":\"https:\/\/cirmar.com\/de\/einzelhandel\/#breadcrumb\"},\"inLanguage\":\"de-DE\",\"potentialAction\":[{\"@type\":\"ReadAction\",\"target\":[\"https:\/\/cirmar.com\/de\/einzelhandel\/\"]}]},{\"@type\":\"BreadcrumbList\",\"@id\":\"https:\/\/cirmar.com\/de\/einzelhandel\/#breadcrumb\",\"itemListElement\":[{\"@type\":\"ListItem\",\"position\":1,\"name\":\"Cirmar\",\"item\":\"https:\/\/cirmar.com\/de\/\"},{\"@type\":\"ListItem\",\"position\":2,\"name\":\"Einzelhandel\"}]},{\"@type\":\"WebSite\",\"@id\":\"https:\/\/cirmar.com\/#website\",\"url\":\"https:\/\/cirmar.com\/\",\"name\":\"Cirmar\",\"description\":\"The Digital Product Passport\",\"publisher\":{\"@id\":\"https:\/\/cirmar.com\/#organization\"},\"potentialAction\":[{\"@type\":\"SearchAction\",\"target\":{\"@type\":\"EntryPoint\",\"urlTemplate\":\"https:\/\/cirmar.com\/?s={search_term_string}\"},\"query-input\":\"required name=search_term_string\"}],\"inLanguage\":\"de-DE\"},{\"@type\":\"Organization\",\"@id\":\"https:\/\/cirmar.com\/#organization\",\"name\":\"Cirmar\",\"url\":\"https:\/\/cirmar.com\/\",\"logo\":{\"@type\":\"ImageObject\",\"inLanguage\":\"de-DE\",\"@id\":\"https:\/\/cirmar.com\/#\/schema\/logo\/image\/\",\"url\":\"https:\/\/www.cirmar.com\/app\/uploads\/2021\/09\/Group-14.png\",\"contentUrl\":\"https:\/\/www.cirmar.com\/app\/uploads\/2021\/09\/Group-14.png\",\"width\":233,\"height\":95,\"caption\":\"Cirmar\"},\"image\":{\"@id\":\"https:\/\/cirmar.com\/#\/schema\/logo\/image\/\"}}]}<\/script>\n<!-- \/ Yoast SEO plugin. -->","yoast_head_json":{"title":"Einzelhandel - Cirmar","description":"Einzelhandel und Kreislaufwirtschaft gehen Hand in Hand. Geb\u00e4ude, Einrichtungsgegenst\u00e4nde und Produkte eignen sich hervorragend f\u00fcr den Wandel von linear zu zirkul\u00e4r.","robots":{"index":"index","follow":"follow","max-snippet":"max-snippet:-1","max-image-preview":"max-image-preview:large","max-video-preview":"max-video-preview:-1"},"canonical":"https:\/\/cirmar.com\/de\/einzelhandel\/","og_locale":"de_DE","og_type":"article","og_title":"Einzelhandel - Cirmar","og_description":"Einzelhandel und Kreislaufwirtschaft gehen Hand in Hand. Geb\u00e4ude, Einrichtungsgegenst\u00e4nde und Produkte eignen sich hervorragend f\u00fcr den Wandel von linear zu zirkul\u00e4r.","og_url":"https:\/\/cirmar.com\/de\/einzelhandel\/","og_site_name":"Cirmar","article_modified_time":"2026-04-21T07:56:20+00:00","og_image":[{"url":"https:\/\/cirmar.com\/\/app\/uploads\/2026\/02\/frans-ispt-1024x653.jpeg"}],"twitter_card":"summary_large_image","twitter_misc":{"Est. reading time":"4 minutes"},"schema":{"@context":"https:\/\/schema.org","@graph":[{"@type":"WebPage","@id":"https:\/\/cirmar.com\/de\/einzelhandel\/","url":"https:\/\/cirmar.com\/de\/einzelhandel\/","name":"Einzelhandel - Cirmar","isPartOf":{"@id":"https:\/\/cirmar.com\/#website"},"datePublished":"2026-04-21T07:56:19+00:00","dateModified":"2026-04-21T07:56:20+00:00","description":"Einzelhandel und Kreislaufwirtschaft gehen Hand in Hand. Geb\u00e4ude, Einrichtungsgegenst\u00e4nde und Produkte eignen sich hervorragend f\u00fcr den Wandel von linear zu zirkul\u00e4r.","breadcrumb":{"@id":"https:\/\/cirmar.com\/de\/einzelhandel\/#breadcrumb"},"inLanguage":"de-DE","potentialAction":[{"@type":"ReadAction","target":["https:\/\/cirmar.com\/de\/einzelhandel\/"]}]},{"@type":"BreadcrumbList","@id":"https:\/\/cirmar.com\/de\/einzelhandel\/#breadcrumb","itemListElement":[{"@type":"ListItem","position":1,"name":"Cirmar","item":"https:\/\/cirmar.com\/de\/"},{"@type":"ListItem","position":2,"name":"Einzelhandel"}]},{"@type":"WebSite","@id":"https:\/\/cirmar.com\/#website","url":"https:\/\/cirmar.com\/","name":"Cirmar","description":"The Digital Product Passport","publisher":{"@id":"https:\/\/cirmar.com\/#organization"},"potentialAction":[{"@type":"SearchAction","target":{"@type":"EntryPoint","urlTemplate":"https:\/\/cirmar.com\/?s={search_term_string}"},"query-input":"required name=search_term_string"}],"inLanguage":"de-DE"},{"@type":"Organization","@id":"https:\/\/cirmar.com\/#organization","name":"Cirmar","url":"https:\/\/cirmar.com\/","logo":{"@type":"ImageObject","inLanguage":"de-DE","@id":"https:\/\/cirmar.com\/#\/schema\/logo\/image\/","url":"https:\/\/www.cirmar.com\/app\/uploads\/2021\/09\/Group-14.png","contentUrl":"https:\/\/www.cirmar.com\/app\/uploads\/2021\/09\/Group-14.png","width":233,"height":95,"caption":"Cirmar"},"image":{"@id":"https:\/\/cirmar.com\/#\/schema\/logo\/image\/"}}]}},"_links":{"self":[{"href":"https:\/\/cirmar.com\/de\/wp-json\/wp\/v2\/pages\/9352"}],"collection":[{"href":"https:\/\/cirmar.com\/de\/wp-json\/wp\/v2\/pages"}],"about":[{"href":"https:\/\/cirmar.com\/de\/wp-json\/wp\/v2\/types\/page"}],"author":[{"embeddable":true,"href":"https:\/\/cirmar.com\/de\/wp-json\/wp\/v2\/users\/2"}],"replies":[{"embeddable":true,"href":"https:\/\/cirmar.com\/de\/wp-json\/wp\/v2\/comments?post=9352"}],"version-history":[{"count":1,"href":"https:\/\/cirmar.com\/de\/wp-json\/wp\/v2\/pages\/9352\/revisions"}],"predecessor-version":[{"id":9355,"href":"https:\/\/cirmar.com\/de\/wp-json\/wp\/v2\/pages\/9352\/revisions\/9355"}],"wp:attachment":[{"href":"https:\/\/cirmar.com\/de\/wp-json\/wp\/v2\/media?parent=9352"}],"curies":[{"name":"wp","href":"https:\/\/api.w.org\/{rel}","templated":true}]}}