{"id":9358,"date":"2026-04-21T10:02:52","date_gmt":"2026-04-21T08:02:52","guid":{"rendered":"https:\/\/cirmar.com\/reinigungsprodukte\/"},"modified":"2026-04-21T10:02:52","modified_gmt":"2026-04-21T08:02:52","slug":"reinigungsprodukte","status":"publish","type":"page","link":"https:\/\/cirmar.com\/de\/reinigungsprodukte\/","title":{"rendered":"Reinigungsprodukte"},"content":{"rendered":"\n<h2 class=\"wp-block-heading\"><strong>Kreislaufl\u00f6sungen f\u00fcr eine Industrie mit hohem Durchsatz<\/strong><\/h2>\n\n<div style=\"height:71px\" aria-hidden=\"true\" class=\"wp-block-spacer\"><\/div>\n\n<p class=\"has-medium-font-size\"><strong>Der Reinigungssektor basiert auf hohem Verbrauch \u2013 breite Produktpaletten, h\u00e4ufige Nachk\u00e4ufe und ein erheblicher Verbrauch an Verpackungsmaterialien und chemischen Inhaltsstoffen. Diese Kombination stellt die Branche im \u00dcbergang zu einer Kreislaufwirtschaft vor Herausforderungen und bietet gleichzeitig Chancen. Angesichts versch\u00e4rfter Vorschriften zu Verpackungen, Transparenz chemischer Inhaltsstoffe und Umweltauswirkungen stehen Hersteller und H\u00e4ndler von Reinigungsmitteln unter Druck, die Gestaltung, Dokumentation und Handhabung ihrer Produkte w\u00e4hrend des gesamten Nutzungszyklus zu \u00fcberdenken.<\/strong><\/p>\n\n<p class=\"has-medium-font-size\">Kreislaufwirtschaft bietet einen vielversprechenden Weg in die Zukunft. Mit intelligenteren Verpackungssystemen, einer besseren Materialauswahl und transparenten Produktinformationen k\u00f6nnen Unternehmen der Reinigungsbranche Abfall reduzieren, Materialien zur\u00fcckgewinnen, die Einhaltung von Vorschriften verbessern und ihre Wettbewerbsposition st\u00e4rken \u2013 und gleichzeitig die praktischen Erwartungen von Kunden und professionellen Anwendern erf\u00fcllen.<\/p>\n\n<p class=\"has-medium-font-size\">Cirmar unterst\u00fctzt Hersteller von Reinigungsprodukten und -ger\u00e4ten, Handelsmarken und Einzelh\u00e4ndler beim Aufbau wirtschaftlich sinnvoller und operativ realistischer Kreislaufstrategien.<\/p>\n\n<div style=\"height:80px\" aria-hidden=\"true\" class=\"wp-block-spacer\"><\/div>\n\n<h2 class=\"wp-block-heading\"><strong>Ein Sektor, der zunehmend unter Beobachtung steht \u2013 und Chancen bietet<\/strong><\/h2>\n\n<p class=\"has-medium-font-size\">Reinigungsmittel basieren h\u00e4ufig auf komplexen Rezepturen und Mehrkomponentenverpackungen und r\u00fccken daher in den Fokus neuer europ\u00e4ischer Verordnungen. Die Verpackungsvorschriften werden immer strenger und zwingen Unternehmen dazu, den Einsatz von neuem Kunststoff zu reduzieren, die Recyclingf\u00e4higkeit zu verbessern, die Kennzeichnung zu optimieren und nach M\u00f6glichkeit Nachf\u00fcll- oder Wiederverwendungsoptionen anzubieten. Gleichzeitig steigen die Anforderungen an die Transparenz chemischer Inhaltsstoffe, wobei genauere Angaben zu den Inhaltsstoffen und detaillierte Informationen zu den Umweltauswirkungen erwartet werden.<\/p>\n\n<p class=\"has-medium-font-size\">Diese Richtlinien m\u00f6gen zwar anspruchsvoll erscheinen, bieten aber gleichzeitig einen idealen N\u00e4hrboden f\u00fcr Innovationen. Wenn Marken ihre Produkte auf Material- und chemischer Ebene verstehen, gewinnen sie die n\u00f6tigen Erkenntnisse, um sicherere, langlebigere und leichter zu recycelnde oder wiederverwendbare L\u00f6sungen zu entwickeln. Kreislaufwirtschaft ist nicht nur ein Nachhaltigkeitsziel, sondern ein strategisches Instrument, um Kosten zu senken, Abfall zu vermeiden und langfristiges Kundenvertrauen aufzubauen.<\/p>\n\n<div style=\"height:80px\" aria-hidden=\"true\" class=\"wp-block-spacer\"><\/div>\n\n<h2 class=\"wp-block-heading\"><strong>Schaffung eines Kreislaufs bei Reinigungsprodukten und -ger\u00e4ten<\/strong><\/h2>\n\n<p class=\"has-medium-font-size\">Die Reinigungsbranche eignet sich hervorragend f\u00fcr Kreislaufwirtschaftsmodelle. Produkte werden typischerweise schnell verbraucht, Verpackungszyklen sind kurz und K\u00e4ufe erfolgen regelm\u00e4\u00dfig. Daher sind Nachf\u00fcllsysteme, Mehrwegbeh\u00e4lter, modulare Verpackungen und optimierte Rezepturen \u00e4u\u00dferst wirksam, um Abfall zu reduzieren und Kosten zu senken. Viele Unternehmen stellen fest, dass die Vorteile der Kreislaufwirtschaft offensichtlich werden, sobald sie die Auswirkungen ihrer Verpackungen und Inhaltsstoffe quantifizieren: weniger Ressourcenverbrauch, weniger Abfall und ein nachhaltigeres Produktportfolio.<\/p>\n\n<p class=\"has-medium-font-size\">Gleichzeitig k\u00f6nnen Reinigungsger\u00e4te und -maschinen oft l\u00e4nger genutzt werden als urspr\u00fcnglich geplant. Dies erfordert sowohl Wiederaufbereitungsprogramme als auch einen neuen Designansatz. Cirmar verf\u00fcgt \u00fcber umfassende Erfahrung und ein weitreichendes Netzwerk, um Hersteller bei der Anpassung ihrer Produkte an die Prinzipien der Kreislaufwirtschaft zu unterst\u00fctzen und deren praktische Umsetzung zu gew\u00e4hrleisten.<\/p>\n\n<p class=\"has-medium-font-size\">Schlie\u00dflich unterst\u00fctzt Cirmar Unternehmen dabei, ihre Produkt- und Verpackungsprozesse abzubilden, die Umweltauswirkungen zu bewerten und Verbesserungspotenziale zu identifizieren. Oftmals ergeben sich die gr\u00f6\u00dften Verbesserungen durch die Neugestaltung von Verpackungen oder die Einf\u00fchrung wiederverwendbarer Komponenten \u2013 Ver\u00e4nderungen, die langfristig Kosten senken und gleichzeitig die Markenattraktivit\u00e4t steigern. Indem wir diese Erkenntnisse mit den wirtschaftlichen und betrieblichen Gegebenheiten verkn\u00fcpfen, helfen wir Unternehmen, \u00fcber schrittweise Verbesserungen hinauszugehen und echte Kreislaufwirtschaft zu etablieren.<\/p>\n\n<div style=\"height:80px\" aria-hidden=\"true\" class=\"wp-block-spacer\"><\/div>\n\n<div class=\"wp-block-media-text is-stacked-on-mobile\"><figure class=\"wp-block-media-text__media\"><img loading=\"lazy\" decoding=\"async\" width=\"1024\" height=\"653\" src=\"https:\/\/cirmar.com\/\/app\/uploads\/2026\/02\/frans-ispt-1024x653.jpeg\" alt=\"\" class=\"wp-image-7990 size-full\" srcset=\"https:\/\/cirmar.com\/\/app\/uploads\/2026\/02\/frans-ispt-1024x653.jpeg 1024w, https:\/\/cirmar.com\/\/app\/uploads\/2026\/02\/frans-ispt-300x191.jpeg 300w, https:\/\/cirmar.com\/\/app\/uploads\/2026\/02\/frans-ispt-768x490.jpeg 768w, https:\/\/cirmar.com\/\/app\/uploads\/2026\/02\/frans-ispt-1536x980.jpeg 1536w, https:\/\/cirmar.com\/\/app\/uploads\/2026\/02\/frans-ispt-1694x1080.jpeg 1694w, https:\/\/cirmar.com\/\/app\/uploads\/2026\/02\/frans-ispt-862x550.jpeg 862w, https:\/\/cirmar.com\/\/app\/uploads\/2026\/02\/frans-ispt-250x159.jpeg 250w, https:\/\/cirmar.com\/\/app\/uploads\/2026\/02\/frans-ispt-600x383.jpeg 600w, https:\/\/cirmar.com\/\/app\/uploads\/2026\/02\/frans-ispt.jpeg 2048w\" sizes=\"(max-width: 1024px) 100vw, 1024px\" \/><\/figure><div class=\"wp-block-media-text__content\">\n<p class=\"has-medium-font-size\">\u201eNicht nur die Reinigungsmittel selbst, sondern auch die Maschinen und Ger\u00e4te sind wichtig f\u00fcr die Schaffung eines Kreislaufsystems: Nachhaltigkeit erfordert einen umfassenden Ansatz.\u201c<\/p>\n\n\n\n<p class=\"has-medium-font-size\"><strong>Frans Beckers<\/strong><\/p>\n<\/div><\/div>\n\n<div style=\"height:80px\" aria-hidden=\"true\" class=\"wp-block-spacer\"><\/div>\n\n<h2 class=\"wp-block-heading\"><strong>Digitale Produktp\u00e4sse f\u00fcr Reinigungsprodukte und -ger\u00e4te<\/strong><\/h2>\n\n<p class=\"has-medium-font-size\">Mit den bevorstehenden EU-Verordnungen werden digitale Produktp\u00e4sse (DPPs) voraussichtlich f\u00fcr eine Vielzahl von Haushalts- und Chemieprodukten unerl\u00e4sslich. Schon bevor sie verpflichtend werden, ist die dahinterstehende Logik hochrelevant: Hersteller ben\u00f6tigen strukturierte, zug\u00e4ngliche und verl\u00e4ssliche Daten zu Verpackungen, Inhaltsstoffen, Umweltauswirkungen und Kreislaufwirtschaftsoptionen.<\/p>\n\n<p class=\"has-medium-font-size\">Cirmar unterst\u00fctzt Hersteller von Reinigungsprodukten bei der Organisation dieser Daten, um sowohl die Einhaltung gesetzlicher Vorschriften als auch ihre wirtschaftlichen Ziele zu f\u00f6rdern. Durch die umfassende Dokumentation von Verpackungen und Inhaltsstoffen k\u00f6nnen Unternehmen Produkte leichter \u00fcberarbeiten, mit Recyclingunternehmen zusammenarbeiten, Wiederverwendungsprogramme unterst\u00fctzen und H\u00e4ndlern sowie Endverbrauchern pr\u00e4zise Informationen bereitstellen. Datenverarbeitungsprogramme (DPPs) bilden die Grundlage f\u00fcr transparentere, verantwortungsvollere und zukunftssichere Produktportfolios.<\/p>\n\n<div style=\"height:70px\" aria-hidden=\"true\" class=\"wp-block-spacer\"><\/div>\n\n<figure class=\"wp-block-gallery has-nested-images columns-default is-cropped wp-block-gallery-1 is-layout-flex wp-block-gallery-is-layout-flex\">\n<figure class=\"wp-block-image size-large\"><img loading=\"lazy\" decoding=\"async\" width=\"500\" height=\"294\" data-id=\"4726\" src=\"https:\/\/cirmar.com\/\/app\/uploads\/2024\/11\/123427_2D_0001.jpg\" alt=\"\" class=\"wp-image-4726\" srcset=\"https:\/\/cirmar.com\/\/app\/uploads\/2024\/11\/123427_2D_0001.jpg 500w, https:\/\/cirmar.com\/\/app\/uploads\/2024\/11\/123427_2D_0001-300x176.jpg 300w, https:\/\/cirmar.com\/\/app\/uploads\/2024\/11\/123427_2D_0001-250x147.jpg 250w\" sizes=\"(max-width: 500px) 100vw, 500px\" \/><\/figure>\n\n\n\n<figure class=\"wp-block-image size-large\"><img loading=\"lazy\" decoding=\"async\" width=\"630\" height=\"404\" data-id=\"4717\" src=\"https:\/\/cirmar.com\/\/app\/uploads\/2024\/11\/121995.jpg\" alt=\"\" class=\"wp-image-4717\" srcset=\"https:\/\/cirmar.com\/\/app\/uploads\/2024\/11\/121995.jpg 630w, https:\/\/cirmar.com\/\/app\/uploads\/2024\/11\/121995-300x192.jpg 300w, https:\/\/cirmar.com\/\/app\/uploads\/2024\/11\/121995-250x160.jpg 250w, https:\/\/cirmar.com\/\/app\/uploads\/2024\/11\/121995-600x385.jpg 600w\" sizes=\"(max-width: 630px) 100vw, 630px\" \/><\/figure>\n\n\n\n<figure class=\"wp-block-image size-large\"><img loading=\"lazy\" decoding=\"async\" width=\"774\" height=\"500\" data-id=\"4708\" src=\"https:\/\/cirmar.com\/\/app\/uploads\/2024\/11\/117347_1_nieuw.jpg\" alt=\"\" class=\"wp-image-4708\" srcset=\"https:\/\/cirmar.com\/\/app\/uploads\/2024\/11\/117347_1_nieuw.jpg 774w, https:\/\/cirmar.com\/\/app\/uploads\/2024\/11\/117347_1_nieuw-300x194.jpg 300w, https:\/\/cirmar.com\/\/app\/uploads\/2024\/11\/117347_1_nieuw-768x496.jpg 768w, https:\/\/cirmar.com\/\/app\/uploads\/2024\/11\/117347_1_nieuw-250x161.jpg 250w, https:\/\/cirmar.com\/\/app\/uploads\/2024\/11\/117347_1_nieuw-600x388.jpg 600w\" sizes=\"(max-width: 774px) 100vw, 774px\" \/><\/figure>\n<\/figure>\n\n<div style=\"height:80px\" aria-hidden=\"true\" class=\"wp-block-spacer\"><\/div>\n\n<h2 class=\"wp-block-heading\"><strong>Von der Einhaltung von Vorschriften zur zirkul\u00e4ren F\u00fchrung<\/strong><\/h2>\n\n<p class=\"has-medium-font-size\">Regulierung ist ein starker Treiber in dieser Branche, doch die Einhaltung von Vorschriften allein reicht nicht aus. Die Unternehmen, die den Wandel anf\u00fchren, sehen Nachhaltigkeit nicht als Pflicht, sondern als Weg zu besserer Leistung. Kreislaufverpackungen senken die langfristigen Kosten. Transparente Inhaltsstoffangaben schaffen Vertrauen bei den Verbrauchern. Kontinuierliche Wirkungsmessung erm\u00f6glicht bessere Designentscheidungen. Maschinen, die f\u00fcr den Mehrfachgebrauch konzipiert und gebaut sind und durch ein Programm f\u00fcr Aufarbeitung, Wiederaufbereitung und Recycling unterst\u00fctzt werden, reduzieren sowohl Investitions- als auch Betriebskosten. Und transparente Informationsfl\u00fcsse st\u00e4rken die Beziehungen zu Einzelh\u00e4ndlern, Distributoren und Anwendern im professionellen Markt.<\/p>\n\n<p class=\"has-medium-font-size\">Cirmar begleitet Unternehmen durch diesen Wandel und legt dabei Wert auf Transparenz, Praktikabilit\u00e4t und messbaren Mehrwert. Wir unterst\u00fctzen Hersteller von Reinigungsprodukten dabei, Nachhaltigkeitsziele in konkrete Ver\u00e4nderungen in den Bereichen Entwicklung, Beschaffung, Verpackung, Logistik und Wiederaufbereitung umzusetzen \u2013 und stellen sicher, dass jede Verbesserung sowohl den Prinzipien der Kreislaufwirtschaft als auch der Gesch\u00e4ftsstrategie entspricht.<\/p>\n\n<div style=\"height:80px\" aria-hidden=\"true\" class=\"wp-block-spacer\"><\/div>\n\n<h2 class=\"wp-block-heading\"><strong>Reinigungsprodukte und -ger\u00e4te, die besser funktionieren \u2013 f\u00fcr Mensch, Wirtschaft und Umwelt<\/strong><\/h2>\n\n<p class=\"has-medium-font-size\">Die Reinigungsbranche steht vor einem Wandel. Mit intelligenterem Design, transparenten Daten und strategischem Kreislaufdenken k\u00f6nnen Unternehmen Material sparen, Umweltbelastungen minimieren, die Effizienz steigern und st\u00e4rkere Kundenbeziehungen aufbauen. Ob Sie neue Produktlinien entwickeln, Verpackungen optimieren oder sich auf zuk\u00fcnftige regulatorische Anforderungen vorbereiten \u2013 Kreislaufwirtschaft ist der Weg zu einem widerstandsf\u00e4higeren und wettbewerbsf\u00e4higeren Unternehmen. Cirmar bietet Ihnen die Werkzeuge und das Know-how, um diesen Weg praktisch und realisierbar zu gestalten.<\/p>\n\n<div style=\"height:80px\" aria-hidden=\"true\" class=\"wp-block-spacer\"><\/div>\n\n<p class=\"has-medium-font-size\">Unsere Experten f\u00fcr Kreislaufreinigung sind bereit, Ihr Unternehmen zu transformieren.<\/p>\n\n<div class=\"wp-block-buttons is-layout-flex wp-block-buttons-is-layout-flex\">\n<div class=\"wp-block-button\"><a class=\"wp-block-button__link wp-element-button\" href=\"https:\/\/cirmar.com\/de\/kontakt\/\">Nehmen Sie jetzt Kontakt auf<\/a><\/div>\n<\/div>\n\n<div style=\"height:41px\" aria-hidden=\"true\" class=\"wp-block-spacer\"><\/div>\n\n<p><\/p>\n","protected":false},"excerpt":{"rendered":"<p>Kreislaufl\u00f6sungen f\u00fcr eine Industrie mit hohem Durchsatz Der Reinigungssektor basiert auf hohem Verbrauch \u2013 breite Produktpaletten, h\u00e4ufige Nachk\u00e4ufe und ein erheblicher Verbrauch an Verpackungsmaterialien und chemischen Inhaltsstoffen. Diese Kombination stellt die Branche im \u00dcbergang zu einer Kreislaufwirtschaft vor Herausforderungen und bietet gleichzeitig Chancen. Angesichts versch\u00e4rfter Vorschriften zu Verpackungen, Transparenz chemischer Inhaltsstoffe und Umweltauswirkungen stehen Hersteller&#8230;<\/p>\n","protected":false},"author":2,"featured_media":0,"parent":0,"menu_order":0,"comment_status":"closed","ping_status":"closed","template":"","meta":{"footnotes":""},"class_list":["post-9358","page","type-page","status-publish","hentry"],"acf":[],"yoast_head":"<!-- This site is optimized with the Yoast SEO plugin v22.1 - https:\/\/yoast.com\/wordpress\/plugins\/seo\/ -->\n<title>Reinigungsprodukte - Cirmar<\/title>\n<meta name=\"description\" content=\"Reinigungsmittel spielen eine wichtige Rolle beim \u00dcbergang zu einer Kreislaufwirtschaft. Durch eine verbesserte Zusammensetzung, Wiederverwendung und R\u00fcckgewinnung werden sie nachhaltiger.\" \/>\n<meta name=\"robots\" content=\"index, follow, max-snippet:-1, max-image-preview:large, max-video-preview:-1\" \/>\n<link rel=\"canonical\" href=\"https:\/\/cirmar.com\/de\/reinigungsprodukte\/\" \/>\n<meta property=\"og:locale\" content=\"de_DE\" \/>\n<meta property=\"og:type\" content=\"article\" \/>\n<meta property=\"og:title\" content=\"Reinigungsprodukte - Cirmar\" \/>\n<meta property=\"og:description\" content=\"Reinigungsmittel spielen eine wichtige Rolle beim \u00dcbergang zu einer Kreislaufwirtschaft. Durch eine verbesserte Zusammensetzung, Wiederverwendung und R\u00fcckgewinnung werden sie nachhaltiger.\" \/>\n<meta property=\"og:url\" content=\"https:\/\/cirmar.com\/de\/reinigungsprodukte\/\" \/>\n<meta property=\"og:site_name\" content=\"Cirmar\" \/>\n<meta property=\"og:image\" content=\"https:\/\/cirmar.com\/\/app\/uploads\/2026\/02\/frans-ispt-1024x653.jpeg\" \/>\n<meta name=\"twitter:card\" content=\"summary_large_image\" \/>\n<meta name=\"twitter:label1\" content=\"Est. reading time\" \/>\n\t<meta name=\"twitter:data1\" content=\"5 minutes\" \/>\n<script type=\"application\/ld+json\" class=\"yoast-schema-graph\">{\"@context\":\"https:\/\/schema.org\",\"@graph\":[{\"@type\":\"WebPage\",\"@id\":\"https:\/\/cirmar.com\/de\/reinigungsprodukte\/\",\"url\":\"https:\/\/cirmar.com\/de\/reinigungsprodukte\/\",\"name\":\"Reinigungsprodukte - Cirmar\",\"isPartOf\":{\"@id\":\"https:\/\/cirmar.com\/#website\"},\"datePublished\":\"2026-04-21T08:02:52+00:00\",\"dateModified\":\"2026-04-21T08:02:52+00:00\",\"description\":\"Reinigungsmittel spielen eine wichtige Rolle beim \u00dcbergang zu einer Kreislaufwirtschaft. Durch eine verbesserte Zusammensetzung, Wiederverwendung und R\u00fcckgewinnung werden sie nachhaltiger.\",\"breadcrumb\":{\"@id\":\"https:\/\/cirmar.com\/de\/reinigungsprodukte\/#breadcrumb\"},\"inLanguage\":\"de-DE\",\"potentialAction\":[{\"@type\":\"ReadAction\",\"target\":[\"https:\/\/cirmar.com\/de\/reinigungsprodukte\/\"]}]},{\"@type\":\"BreadcrumbList\",\"@id\":\"https:\/\/cirmar.com\/de\/reinigungsprodukte\/#breadcrumb\",\"itemListElement\":[{\"@type\":\"ListItem\",\"position\":1,\"name\":\"Cirmar\",\"item\":\"https:\/\/cirmar.com\/de\/\"},{\"@type\":\"ListItem\",\"position\":2,\"name\":\"Reinigungsprodukte\"}]},{\"@type\":\"WebSite\",\"@id\":\"https:\/\/cirmar.com\/#website\",\"url\":\"https:\/\/cirmar.com\/\",\"name\":\"Cirmar\",\"description\":\"The Digital Product Passport\",\"publisher\":{\"@id\":\"https:\/\/cirmar.com\/#organization\"},\"potentialAction\":[{\"@type\":\"SearchAction\",\"target\":{\"@type\":\"EntryPoint\",\"urlTemplate\":\"https:\/\/cirmar.com\/?s={search_term_string}\"},\"query-input\":\"required name=search_term_string\"}],\"inLanguage\":\"de-DE\"},{\"@type\":\"Organization\",\"@id\":\"https:\/\/cirmar.com\/#organization\",\"name\":\"Cirmar\",\"url\":\"https:\/\/cirmar.com\/\",\"logo\":{\"@type\":\"ImageObject\",\"inLanguage\":\"de-DE\",\"@id\":\"https:\/\/cirmar.com\/#\/schema\/logo\/image\/\",\"url\":\"https:\/\/www.cirmar.com\/app\/uploads\/2021\/09\/Group-14.png\",\"contentUrl\":\"https:\/\/www.cirmar.com\/app\/uploads\/2021\/09\/Group-14.png\",\"width\":233,\"height\":95,\"caption\":\"Cirmar\"},\"image\":{\"@id\":\"https:\/\/cirmar.com\/#\/schema\/logo\/image\/\"}}]}<\/script>\n<!-- \/ Yoast SEO plugin. -->","yoast_head_json":{"title":"Reinigungsprodukte - Cirmar","description":"Reinigungsmittel spielen eine wichtige Rolle beim \u00dcbergang zu einer Kreislaufwirtschaft. Durch eine verbesserte Zusammensetzung, Wiederverwendung und R\u00fcckgewinnung werden sie nachhaltiger.","robots":{"index":"index","follow":"follow","max-snippet":"max-snippet:-1","max-image-preview":"max-image-preview:large","max-video-preview":"max-video-preview:-1"},"canonical":"https:\/\/cirmar.com\/de\/reinigungsprodukte\/","og_locale":"de_DE","og_type":"article","og_title":"Reinigungsprodukte - Cirmar","og_description":"Reinigungsmittel spielen eine wichtige Rolle beim \u00dcbergang zu einer Kreislaufwirtschaft. Durch eine verbesserte Zusammensetzung, Wiederverwendung und R\u00fcckgewinnung werden sie nachhaltiger.","og_url":"https:\/\/cirmar.com\/de\/reinigungsprodukte\/","og_site_name":"Cirmar","og_image":[{"url":"https:\/\/cirmar.com\/\/app\/uploads\/2026\/02\/frans-ispt-1024x653.jpeg"}],"twitter_card":"summary_large_image","twitter_misc":{"Est. reading time":"5 minutes"},"schema":{"@context":"https:\/\/schema.org","@graph":[{"@type":"WebPage","@id":"https:\/\/cirmar.com\/de\/reinigungsprodukte\/","url":"https:\/\/cirmar.com\/de\/reinigungsprodukte\/","name":"Reinigungsprodukte - Cirmar","isPartOf":{"@id":"https:\/\/cirmar.com\/#website"},"datePublished":"2026-04-21T08:02:52+00:00","dateModified":"2026-04-21T08:02:52+00:00","description":"Reinigungsmittel spielen eine wichtige Rolle beim \u00dcbergang zu einer Kreislaufwirtschaft. Durch eine verbesserte Zusammensetzung, Wiederverwendung und R\u00fcckgewinnung werden sie nachhaltiger.","breadcrumb":{"@id":"https:\/\/cirmar.com\/de\/reinigungsprodukte\/#breadcrumb"},"inLanguage":"de-DE","potentialAction":[{"@type":"ReadAction","target":["https:\/\/cirmar.com\/de\/reinigungsprodukte\/"]}]},{"@type":"BreadcrumbList","@id":"https:\/\/cirmar.com\/de\/reinigungsprodukte\/#breadcrumb","itemListElement":[{"@type":"ListItem","position":1,"name":"Cirmar","item":"https:\/\/cirmar.com\/de\/"},{"@type":"ListItem","position":2,"name":"Reinigungsprodukte"}]},{"@type":"WebSite","@id":"https:\/\/cirmar.com\/#website","url":"https:\/\/cirmar.com\/","name":"Cirmar","description":"The Digital Product Passport","publisher":{"@id":"https:\/\/cirmar.com\/#organization"},"potentialAction":[{"@type":"SearchAction","target":{"@type":"EntryPoint","urlTemplate":"https:\/\/cirmar.com\/?s={search_term_string}"},"query-input":"required name=search_term_string"}],"inLanguage":"de-DE"},{"@type":"Organization","@id":"https:\/\/cirmar.com\/#organization","name":"Cirmar","url":"https:\/\/cirmar.com\/","logo":{"@type":"ImageObject","inLanguage":"de-DE","@id":"https:\/\/cirmar.com\/#\/schema\/logo\/image\/","url":"https:\/\/www.cirmar.com\/app\/uploads\/2021\/09\/Group-14.png","contentUrl":"https:\/\/www.cirmar.com\/app\/uploads\/2021\/09\/Group-14.png","width":233,"height":95,"caption":"Cirmar"},"image":{"@id":"https:\/\/cirmar.com\/#\/schema\/logo\/image\/"}}]}},"_links":{"self":[{"href":"https:\/\/cirmar.com\/de\/wp-json\/wp\/v2\/pages\/9358"}],"collection":[{"href":"https:\/\/cirmar.com\/de\/wp-json\/wp\/v2\/pages"}],"about":[{"href":"https:\/\/cirmar.com\/de\/wp-json\/wp\/v2\/types\/page"}],"author":[{"embeddable":true,"href":"https:\/\/cirmar.com\/de\/wp-json\/wp\/v2\/users\/2"}],"replies":[{"embeddable":true,"href":"https:\/\/cirmar.com\/de\/wp-json\/wp\/v2\/comments?post=9358"}],"version-history":[{"count":1,"href":"https:\/\/cirmar.com\/de\/wp-json\/wp\/v2\/pages\/9358\/revisions"}],"predecessor-version":[{"id":9361,"href":"https:\/\/cirmar.com\/de\/wp-json\/wp\/v2\/pages\/9358\/revisions\/9361"}],"wp:attachment":[{"href":"https:\/\/cirmar.com\/de\/wp-json\/wp\/v2\/media?parent=9358"}],"curies":[{"name":"wp","href":"https:\/\/api.w.org\/{rel}","templated":true}]}}