{"id":9364,"date":"2026-04-21T10:15:15","date_gmt":"2026-04-21T08:15:15","guid":{"rendered":"https:\/\/cirmar.com\/persoenliche-schutzausruestung-psa\/"},"modified":"2026-04-21T10:15:15","modified_gmt":"2026-04-21T08:15:15","slug":"persoenliche-schutzausruestung-psa","status":"publish","type":"page","link":"https:\/\/cirmar.com\/de\/persoenliche-schutzausruestung-psa\/","title":{"rendered":"Pers\u00f6nliche Schutzausr\u00fcstung (PSA)"},"content":{"rendered":"\n<h2 class=\"wp-block-heading\"><strong>Kreislaufwirtschaft zu einer entscheidenden Branche machen<\/strong><\/h2>\n\n<div style=\"height:74px\" aria-hidden=\"true\" class=\"wp-block-spacer\"><\/div>\n\n<p class=\"has-medium-font-size\"><strong>Die Branche f\u00fcr pers\u00f6nliche Schutzausr\u00fcstung (PSA) spielt eine entscheidende Rolle beim Schutz von Besch\u00e4ftigten, Patienten und Fachkr\u00e4ften in unz\u00e4hligen Sektoren. Gleichzeitig ist sie durch komplexe Lieferketten, strenge regulatorische Anforderungen und erhebliche Materialfl\u00fcsse gekennzeichnet \u2013 viele davon folgen derzeit einem linearen Pfad von der Produktion bis zur Entsorgung. Angesichts des zunehmenden Drucks in Bezug auf Nachhaltigkeit, Transparenz und Kosteneffizienz beginnt die PSA-Branche, die Entwicklung, Produktion und das Management von Schutzausr\u00fcstung w\u00e4hrend ihrer gesamten Nutzungsdauer zu \u00fcberdenken.<\/strong><\/p>\n\n<p class=\"has-medium-font-size\">Cirmar ist umfassend im Bereich PSA t\u00e4tig und unterst\u00fctzt Hersteller, H\u00e4ndler, Reverse-Logistik-Unternehmen und Recyclingbetriebe. Dadurch verf\u00fcgen wir \u00fcber ein tiefes Verst\u00e4ndnis der betrieblichen Gegebenheiten sowie der einzuhaltenden regulatorischen und Leistungsstandards. Vor allem aber erm\u00f6glicht uns dies, Unternehmen bei der Einf\u00fchrung von Kreislaufwirtschaft zu unterst\u00fctzen, ohne Kompromisse bei Sicherheit, Compliance oder Produktleistung einzugehen.<\/p>\n\n<div style=\"height:67px\" aria-hidden=\"true\" class=\"wp-block-spacer\"><\/div>\n\n<h2 class=\"wp-block-heading\"><strong>Ein Sektor unter zunehmendem Nachhaltigkeitsdruck<\/strong><\/h2>\n\n<p class=\"has-medium-font-size\">Die Nachfrage nach pers\u00f6nlicher Schutzausr\u00fcstung (PSA) steigt stetig, doch damit auch die Herausforderungen. Von der Gesundheitsbranche bis zum Baugewerbe \u2013 alle Branchen analysieren genau den Verbrauch an Schutzausr\u00fcstung, die anfallenden Abf\u00e4lle und die Transparenz von Materialien und Lieferketten. Aufsichtsbeh\u00f6rden und Gro\u00dfabnehmer fordern zunehmend detailliertere Dokumentationen zu Materialzusammensetzung, Produktlebensdauer, Umweltvertr\u00e4glichkeit und Entsorgungsm\u00f6glichkeiten.<\/p>\n\n<p class=\"has-medium-font-size\">F\u00fcr viele Hersteller von pers\u00f6nlicher Schutzausr\u00fcstung (PSA) besteht die Herausforderung darin, sich in diesem sich wandelnden Umfeld zurechtzufinden und gleichzeitig hohe Sicherheitsstandards und zuverl\u00e4ssige Lieferketten aufrechtzuerhalten. Kreislaufwirtschaft erweist sich dabei als strategische Antwort \u2013 nicht als Ersatz f\u00fcr die Einhaltung von Vorschriften, sondern als Erg\u00e4nzung durch bessere Materialien, intelligenteres Design und verantwortungsvolleres Produktmanagement.<\/p>\n\n<div style=\"height:67px\" aria-hidden=\"true\" class=\"wp-block-spacer\"><\/div>\n\n<h2 class=\"wp-block-heading\"><strong>Kreislaufwirtschaft ohne Kompromisse bei der Sicherheit<\/strong><\/h2>\n\n<p class=\"has-medium-font-size\">Bei pers\u00f6nlicher Schutzausr\u00fcstung (PSA) sind Leistung und Schutz unerl\u00e4sslich. Deshalb m\u00fcssen Kreislaufl\u00f6sungen pr\u00e4zise, \u200b\u200bvalidiert und auf realen Produktdaten basieren. Cirmar unterst\u00fctzt Unternehmen bei der Entwicklung und Umsetzung von Kreislaufstrategien, die mit den strengen Anforderungen an PSA vereinbar sind. Diese Strategien reichen von der Verbesserung der Materialr\u00fcckverfolgbarkeit und der Erm\u00f6glichung hochwertiger R\u00fcckw\u00e4rtslogistik und Recyclingprozesse bis hin zur Entwicklung wiederverwendbarer Systeme, wo dies sinnvoll ist, oder der Optimierung von Produkt- und Verpackungsauswahl zur Reduzierung der Umweltbelastung.<\/p>\n\n<p class=\"has-medium-font-size\">Wichtig ist uns, dass wir verstehen, dass Kreislaufwirtschaft in bestehende Qualit\u00e4ts- und Sicherheitsrahmen integriert werden muss. Dies bedeutet eine enge Zusammenarbeit mit Produktentwicklern, Compliance-Teams und Partnern entlang der Lieferkette, um sicherzustellen, dass jede Verbesserung sowohl dem Schutz als auch der Leistung dient.<\/p>\n\n<div style=\"height:67px\" aria-hidden=\"true\" class=\"wp-block-spacer\"><\/div>\n\n<div class=\"wp-block-media-text is-stacked-on-mobile\"><figure class=\"wp-block-media-text__media\"><img loading=\"lazy\" decoding=\"async\" width=\"1024\" height=\"653\" src=\"https:\/\/cirmar.com\/\/app\/uploads\/2026\/02\/frans-ispt-1024x653.jpeg\" alt=\"\" class=\"wp-image-7990 size-full\" srcset=\"https:\/\/cirmar.com\/\/app\/uploads\/2026\/02\/frans-ispt-1024x653.jpeg 1024w, https:\/\/cirmar.com\/\/app\/uploads\/2026\/02\/frans-ispt-300x191.jpeg 300w, https:\/\/cirmar.com\/\/app\/uploads\/2026\/02\/frans-ispt-768x490.jpeg 768w, https:\/\/cirmar.com\/\/app\/uploads\/2026\/02\/frans-ispt-1536x980.jpeg 1536w, https:\/\/cirmar.com\/\/app\/uploads\/2026\/02\/frans-ispt-1694x1080.jpeg 1694w, https:\/\/cirmar.com\/\/app\/uploads\/2026\/02\/frans-ispt-862x550.jpeg 862w, https:\/\/cirmar.com\/\/app\/uploads\/2026\/02\/frans-ispt-250x159.jpeg 250w, https:\/\/cirmar.com\/\/app\/uploads\/2026\/02\/frans-ispt-600x383.jpeg 600w, https:\/\/cirmar.com\/\/app\/uploads\/2026\/02\/frans-ispt.jpeg 2048w\" sizes=\"(max-width: 1024px) 100vw, 1024px\" \/><\/figure><div class=\"wp-block-media-text__content\">\n<p class=\"has-medium-font-size\">\u201eWir sind tief im PSA-Sektor verwurzelt, der sich seit jeher f\u00fcr den \u00dcbergang zu einer Kreislaufwirtschaft eignet. Dank gro\u00dfer Produktionsmengen, enger Verbindungen in der Lieferkette und hochwertiger Materialien k\u00f6nnen wir nachhaltigere Praktiken umstellen.\u201c&#13;\n&#13;\n<strong>Frans Beckers<\/strong><\/p>\n<\/div><\/div>\n\n<div style=\"height:67px\" aria-hidden=\"true\" class=\"wp-block-spacer\"><\/div>\n\n<h2 class=\"wp-block-heading\"><strong>Digitale Produktp\u00e4sse f\u00fcr PSA<\/strong><\/h2>\n\n<p class=\"has-medium-font-size\">Im Zuge der Vorbereitungen der EU auf digitale Produktp\u00e4sse (DPPs) gem\u00e4\u00df der Verordnung \u00fcber nachhaltiges Produktdesign (ESPR) r\u00fcckt auch pers\u00f6nliche Schutzausr\u00fcstung (PSA) in den Anwendungsbereich, da sie aus Textilien, Kunststoffen, Verbundwerkstoffen und Metallen besteht \u2013 allesamt Materialkategorien, die mehr Transparenz erfordern. F\u00fcr PSA-Hersteller und -H\u00e4ndler bieten DPPs eine strukturierte M\u00f6glichkeit, Materialien, Produkteigenschaften, Umweltbilanz und Kreislaufoptionen zu dokumentieren.<\/p>\n\n<p class=\"has-medium-font-size\">Cirmar unterst\u00fctzt Unternehmen dieser Branche beim effizienten Aufbau und der Pflege dieser Daten. Dank einer klaren digitalen Struktur k\u00f6nnen Organisationen die von Aufsichtsbeh\u00f6rden geforderten Informationen bereitstellen, Kunden mit Bedarf an verifizierbaren Nachhaltigkeitsdaten unterst\u00fctzen und fundiertere Entscheidungen hinsichtlich Produktdesign und Entsorgung treffen. So werden die Daten zu einem Instrument des Vertrauens in einer sicherheitskritischen Branche.<\/p>\n\n<div style=\"height:67px\" aria-hidden=\"true\" class=\"wp-block-spacer\"><\/div>\n\n<figure class=\"wp-block-gallery has-nested-images columns-default is-cropped wp-block-gallery-1 is-layout-flex wp-block-gallery-is-layout-flex\">\n<figure class=\"wp-block-image size-large\"><img loading=\"lazy\" decoding=\"async\" width=\"768\" height=\"576\" data-id=\"1691\" src=\"https:\/\/cirmar.com\/\/app\/uploads\/2023\/01\/GAIA-resource-box.png\" alt=\"GAIA-Ressourcenbox &#x2013; Retourenlogistik\" class=\"wp-image-1691\" srcset=\"https:\/\/cirmar.com\/\/app\/uploads\/2023\/01\/GAIA-resource-box.png 768w, https:\/\/cirmar.com\/\/app\/uploads\/2023\/01\/GAIA-resource-box-300x225.png 300w, https:\/\/cirmar.com\/\/app\/uploads\/2023\/01\/GAIA-resource-box-733x550.png 733w, https:\/\/cirmar.com\/\/app\/uploads\/2023\/01\/GAIA-resource-box-250x188.png 250w, https:\/\/cirmar.com\/\/app\/uploads\/2023\/01\/GAIA-resource-box-600x450.png 600w\" sizes=\"(max-width: 768px) 100vw, 768px\" \/><\/figure>\n\n\n\n<figure class=\"wp-block-image size-large\"><img loading=\"lazy\" decoding=\"async\" width=\"1000\" height=\"760\" data-id=\"1370\" src=\"https:\/\/cirmar.com\/\/app\/uploads\/2022\/08\/11112-1.png\" alt=\"\" class=\"wp-image-1370\" srcset=\"https:\/\/cirmar.com\/\/app\/uploads\/2022\/08\/11112-1.png 1000w, https:\/\/cirmar.com\/\/app\/uploads\/2022\/08\/11112-1-300x228.png 300w, https:\/\/cirmar.com\/\/app\/uploads\/2022\/08\/11112-1-768x584.png 768w, https:\/\/cirmar.com\/\/app\/uploads\/2022\/08\/11112-1-724x550.png 724w, https:\/\/cirmar.com\/\/app\/uploads\/2022\/08\/11112-1-250x190.png 250w, https:\/\/cirmar.com\/\/app\/uploads\/2022\/08\/11112-1-592x450.png 592w\" sizes=\"(max-width: 1000px) 100vw, 1000px\" \/><\/figure>\n\n\n\n<figure class=\"wp-block-image size-large\"><img loading=\"lazy\" decoding=\"async\" width=\"1024\" height=\"741\" data-id=\"1343\" src=\"https:\/\/cirmar.com\/\/app\/uploads\/2022\/09\/102-V11-Comudius-1024x741.png\" alt=\"\" class=\"wp-image-1343\" srcset=\"https:\/\/cirmar.com\/\/app\/uploads\/2022\/09\/102-V11-Comudius-1024x741.png 1024w, https:\/\/cirmar.com\/\/app\/uploads\/2022\/09\/102-V11-Comudius-300x217.png 300w, https:\/\/cirmar.com\/\/app\/uploads\/2022\/09\/102-V11-Comudius-768x556.png 768w, https:\/\/cirmar.com\/\/app\/uploads\/2022\/09\/102-V11-Comudius-760x550.png 760w, https:\/\/cirmar.com\/\/app\/uploads\/2022\/09\/102-V11-Comudius-250x181.png 250w, https:\/\/cirmar.com\/\/app\/uploads\/2022\/09\/102-V11-Comudius-600x434.png 600w, https:\/\/cirmar.com\/\/app\/uploads\/2022\/09\/102-V11-Comudius.png 1250w\" sizes=\"(max-width: 1024px) 100vw, 1024px\" \/><\/figure>\n<\/figure>\n\n<div style=\"height:67px\" aria-hidden=\"true\" class=\"wp-block-spacer\"><\/div>\n\n<h2 class=\"wp-block-heading\"><strong>Unterst\u00fctzung des gesamten Wertsch\u00f6pfungszyklus der pers\u00f6nlichen Schutzausr\u00fcstung<\/strong><\/h2>\n\n<p class=\"has-medium-font-size\">Cirmar unterst\u00fctzt Unternehmen entlang des gesamten Wertsch\u00f6pfungszyklus durch einen einheitlichen Ansatz zur Kreislaufwirtschaft, der von den Rohstoffen bis zu den Endverbrauchern reicht.<\/p>\n\n<p class=\"has-medium-font-size\">Hersteller k\u00f6nnen die Materialauswahl, die Produktdokumentation und das Design verbessern. H\u00e4ndler k\u00f6nnen gro\u00dfe Sortimente mit besserer Transparenz hinsichtlich der Kreislaufwirtschaft verwalten. Industrielle Anwender profitieren von transparenten Wirkungsdaten und verantwortungsvolleren Abfall- und Beschaffungspraktiken. Wir unterst\u00fctzen Anbieter von R\u00fcckw\u00e4rtslogistik, Wiederaufbereitungs- und Recyclingunternehmen dabei, die Kreislaufwirtschaft in der Praxis zu gew\u00e4hrleisten.<\/p>\n\n<div style=\"height:67px\" aria-hidden=\"true\" class=\"wp-block-spacer\"><\/div>\n\n<h2 class=\"wp-block-heading\"><strong>Ein praktischer Weg zu zirkul\u00e4rer PSA<\/strong><\/h2>\n\n<p class=\"has-medium-font-size\">Die PSA-Branche zeichnet sich durch hohe Standards, gro\u00dfe Produktionsmengen und hohe Verantwortung aus. Kreislaufwirtschaft bedeutet in diesem Zusammenhang nicht nur Abfallreduzierung, sondern den Aufbau eines widerstandsf\u00e4higeren und transparenteren Sektors. Unternehmen, die jetzt handeln, sind besser auf regulatorische \u00c4nderungen, Lieferkettenunterbrechungen und steigende Kundenerwartungen vorbereitet.<\/p>\n\n<p class=\"has-medium-font-size\">Cirmar unterst\u00fctzt Unternehmen mit strategischen Einblicken und praktischen Werkzeugen und sorgt so daf\u00fcr, dass Kreislaufwirtschaft sowohl realisierbar als auch vorteilhaft wird. Mit transparenten Daten, strukturierten Prozessen und realistischen Umsetzungspl\u00e4nen k\u00f6nnen PSA-Hersteller zuversichtlich in eine Zukunft gehen, in der Schutz und Nachhaltigkeit einander erg\u00e4nzen.<\/p>\n\n<div style=\"height:67px\" aria-hidden=\"true\" class=\"wp-block-spacer\"><\/div>\n\n<p class=\"has-medium-font-size\">Unsere Experten f\u00fcr zirkul\u00e4re PSA sind bereit, Ihr Unternehmen zu transformieren.<\/p>\n\n<div class=\"wp-block-buttons is-layout-flex wp-block-buttons-is-layout-flex\">\n<div class=\"wp-block-button\"><a class=\"wp-block-button__link wp-element-button\" href=\"https:\/\/cirmar.com\/de\/kontakt\/\">Nehmen Sie jetzt Kontakt auf<\/a><\/div>\n<\/div>\n\n<div style=\"height:41px\" aria-hidden=\"true\" class=\"wp-block-spacer\"><\/div>\n\n<p class=\"has-medium-font-size\">Erfahren Sie mehr \u00fcber unsere Kreislauftransformationen, indem Sie in unsere Kreislaufgeschichten eintauchen.<\/p>\n\n<div class=\"wp-block-buttons is-layout-flex wp-block-buttons-is-layout-flex\">\n<div class=\"wp-block-button\"><a class=\"wp-block-button__link wp-element-button\" href=\"https:\/\/cirmar.com\/use-cases\/gaia-circulair-return-logistics\/\">GAIA Circulair<\/a><\/div>\n\n\n\n<div class=\"wp-block-button\"><a class=\"wp-block-button__link wp-element-button\" href=\"https:\/\/cirmar.com\/use-cases\/emma-safety-footwear\/\">EMMA Safety Footwear<\/a><\/div>\n<\/div>\n\n<p><\/p>\n","protected":false},"excerpt":{"rendered":"<p>Kreislaufwirtschaft zu einer entscheidenden Branche machen Die Branche f\u00fcr pers\u00f6nliche Schutzausr\u00fcstung (PSA) spielt eine entscheidende Rolle beim Schutz von Besch\u00e4ftigten, Patienten und Fachkr\u00e4ften in unz\u00e4hligen Sektoren. Gleichzeitig ist sie durch komplexe Lieferketten, strenge regulatorische Anforderungen und erhebliche Materialfl\u00fcsse gekennzeichnet \u2013 viele davon folgen derzeit einem linearen Pfad von der Produktion bis zur Entsorgung. Angesichts des&#8230;<\/p>\n","protected":false},"author":2,"featured_media":0,"parent":0,"menu_order":0,"comment_status":"closed","ping_status":"closed","template":"","meta":{"footnotes":""},"class_list":["post-9364","page","type-page","status-publish","hentry"],"acf":[],"yoast_head":"<!-- This site is optimized with the Yoast SEO plugin v22.1 - https:\/\/yoast.com\/wordpress\/plugins\/seo\/ -->\n<title>Pers\u00f6nliche Schutzausr\u00fcstung (PSA) - Cirmar<\/title>\n<meta name=\"description\" content=\"Pers\u00f6nliche Schutzausr\u00fcstung ist in der Regel nicht f\u00fcr das Recycling konzipiert. Dennoch eignen sich diese Produkte hervorragend f\u00fcr eine Kreislaufwirtschaft!\" \/>\n<meta name=\"robots\" content=\"index, follow, max-snippet:-1, max-image-preview:large, max-video-preview:-1\" \/>\n<link rel=\"canonical\" href=\"https:\/\/cirmar.com\/de\/persoenliche-schutzausruestung-psa\/\" \/>\n<meta property=\"og:locale\" content=\"de_DE\" \/>\n<meta property=\"og:type\" content=\"article\" \/>\n<meta property=\"og:title\" content=\"Pers\u00f6nliche Schutzausr\u00fcstung (PSA) - Cirmar\" \/>\n<meta property=\"og:description\" content=\"Pers\u00f6nliche Schutzausr\u00fcstung ist in der Regel nicht f\u00fcr das Recycling konzipiert. Dennoch eignen sich diese Produkte hervorragend f\u00fcr eine Kreislaufwirtschaft!\" \/>\n<meta property=\"og:url\" content=\"https:\/\/cirmar.com\/de\/persoenliche-schutzausruestung-psa\/\" \/>\n<meta property=\"og:site_name\" content=\"Cirmar\" \/>\n<meta property=\"og:image\" content=\"https:\/\/cirmar.com\/\/app\/uploads\/2026\/02\/frans-ispt-1024x653.jpeg\" \/>\n<meta name=\"twitter:card\" content=\"summary_large_image\" \/>\n<meta name=\"twitter:label1\" content=\"Est. reading time\" \/>\n\t<meta name=\"twitter:data1\" content=\"4 minutes\" \/>\n<script type=\"application\/ld+json\" class=\"yoast-schema-graph\">{\"@context\":\"https:\/\/schema.org\",\"@graph\":[{\"@type\":\"WebPage\",\"@id\":\"https:\/\/cirmar.com\/de\/persoenliche-schutzausruestung-psa\/\",\"url\":\"https:\/\/cirmar.com\/de\/persoenliche-schutzausruestung-psa\/\",\"name\":\"Pers\u00f6nliche Schutzausr\u00fcstung (PSA) - Cirmar\",\"isPartOf\":{\"@id\":\"https:\/\/cirmar.com\/#website\"},\"datePublished\":\"2026-04-21T08:15:15+00:00\",\"dateModified\":\"2026-04-21T08:15:15+00:00\",\"description\":\"Pers\u00f6nliche Schutzausr\u00fcstung ist in der Regel nicht f\u00fcr das Recycling konzipiert. Dennoch eignen sich diese Produkte hervorragend f\u00fcr eine Kreislaufwirtschaft!\",\"breadcrumb\":{\"@id\":\"https:\/\/cirmar.com\/de\/persoenliche-schutzausruestung-psa\/#breadcrumb\"},\"inLanguage\":\"de-DE\",\"potentialAction\":[{\"@type\":\"ReadAction\",\"target\":[\"https:\/\/cirmar.com\/de\/persoenliche-schutzausruestung-psa\/\"]}]},{\"@type\":\"BreadcrumbList\",\"@id\":\"https:\/\/cirmar.com\/de\/persoenliche-schutzausruestung-psa\/#breadcrumb\",\"itemListElement\":[{\"@type\":\"ListItem\",\"position\":1,\"name\":\"Cirmar\",\"item\":\"https:\/\/cirmar.com\/de\/\"},{\"@type\":\"ListItem\",\"position\":2,\"name\":\"Pers\u00f6nliche Schutzausr\u00fcstung (PSA)\"}]},{\"@type\":\"WebSite\",\"@id\":\"https:\/\/cirmar.com\/#website\",\"url\":\"https:\/\/cirmar.com\/\",\"name\":\"Cirmar\",\"description\":\"The Digital Product Passport\",\"publisher\":{\"@id\":\"https:\/\/cirmar.com\/#organization\"},\"potentialAction\":[{\"@type\":\"SearchAction\",\"target\":{\"@type\":\"EntryPoint\",\"urlTemplate\":\"https:\/\/cirmar.com\/?s={search_term_string}\"},\"query-input\":\"required name=search_term_string\"}],\"inLanguage\":\"de-DE\"},{\"@type\":\"Organization\",\"@id\":\"https:\/\/cirmar.com\/#organization\",\"name\":\"Cirmar\",\"url\":\"https:\/\/cirmar.com\/\",\"logo\":{\"@type\":\"ImageObject\",\"inLanguage\":\"de-DE\",\"@id\":\"https:\/\/cirmar.com\/#\/schema\/logo\/image\/\",\"url\":\"https:\/\/www.cirmar.com\/app\/uploads\/2021\/09\/Group-14.png\",\"contentUrl\":\"https:\/\/www.cirmar.com\/app\/uploads\/2021\/09\/Group-14.png\",\"width\":233,\"height\":95,\"caption\":\"Cirmar\"},\"image\":{\"@id\":\"https:\/\/cirmar.com\/#\/schema\/logo\/image\/\"}}]}<\/script>\n<!-- \/ Yoast SEO plugin. -->","yoast_head_json":{"title":"Pers\u00f6nliche Schutzausr\u00fcstung (PSA) - Cirmar","description":"Pers\u00f6nliche Schutzausr\u00fcstung ist in der Regel nicht f\u00fcr das Recycling konzipiert. Dennoch eignen sich diese Produkte hervorragend f\u00fcr eine Kreislaufwirtschaft!","robots":{"index":"index","follow":"follow","max-snippet":"max-snippet:-1","max-image-preview":"max-image-preview:large","max-video-preview":"max-video-preview:-1"},"canonical":"https:\/\/cirmar.com\/de\/persoenliche-schutzausruestung-psa\/","og_locale":"de_DE","og_type":"article","og_title":"Pers\u00f6nliche Schutzausr\u00fcstung (PSA) - Cirmar","og_description":"Pers\u00f6nliche Schutzausr\u00fcstung ist in der Regel nicht f\u00fcr das Recycling konzipiert. Dennoch eignen sich diese Produkte hervorragend f\u00fcr eine Kreislaufwirtschaft!","og_url":"https:\/\/cirmar.com\/de\/persoenliche-schutzausruestung-psa\/","og_site_name":"Cirmar","og_image":[{"url":"https:\/\/cirmar.com\/\/app\/uploads\/2026\/02\/frans-ispt-1024x653.jpeg"}],"twitter_card":"summary_large_image","twitter_misc":{"Est. reading time":"4 minutes"},"schema":{"@context":"https:\/\/schema.org","@graph":[{"@type":"WebPage","@id":"https:\/\/cirmar.com\/de\/persoenliche-schutzausruestung-psa\/","url":"https:\/\/cirmar.com\/de\/persoenliche-schutzausruestung-psa\/","name":"Pers\u00f6nliche Schutzausr\u00fcstung (PSA) - Cirmar","isPartOf":{"@id":"https:\/\/cirmar.com\/#website"},"datePublished":"2026-04-21T08:15:15+00:00","dateModified":"2026-04-21T08:15:15+00:00","description":"Pers\u00f6nliche Schutzausr\u00fcstung ist in der Regel nicht f\u00fcr das Recycling konzipiert. Dennoch eignen sich diese Produkte hervorragend f\u00fcr eine Kreislaufwirtschaft!","breadcrumb":{"@id":"https:\/\/cirmar.com\/de\/persoenliche-schutzausruestung-psa\/#breadcrumb"},"inLanguage":"de-DE","potentialAction":[{"@type":"ReadAction","target":["https:\/\/cirmar.com\/de\/persoenliche-schutzausruestung-psa\/"]}]},{"@type":"BreadcrumbList","@id":"https:\/\/cirmar.com\/de\/persoenliche-schutzausruestung-psa\/#breadcrumb","itemListElement":[{"@type":"ListItem","position":1,"name":"Cirmar","item":"https:\/\/cirmar.com\/de\/"},{"@type":"ListItem","position":2,"name":"Pers\u00f6nliche Schutzausr\u00fcstung (PSA)"}]},{"@type":"WebSite","@id":"https:\/\/cirmar.com\/#website","url":"https:\/\/cirmar.com\/","name":"Cirmar","description":"The Digital Product Passport","publisher":{"@id":"https:\/\/cirmar.com\/#organization"},"potentialAction":[{"@type":"SearchAction","target":{"@type":"EntryPoint","urlTemplate":"https:\/\/cirmar.com\/?s={search_term_string}"},"query-input":"required name=search_term_string"}],"inLanguage":"de-DE"},{"@type":"Organization","@id":"https:\/\/cirmar.com\/#organization","name":"Cirmar","url":"https:\/\/cirmar.com\/","logo":{"@type":"ImageObject","inLanguage":"de-DE","@id":"https:\/\/cirmar.com\/#\/schema\/logo\/image\/","url":"https:\/\/www.cirmar.com\/app\/uploads\/2021\/09\/Group-14.png","contentUrl":"https:\/\/www.cirmar.com\/app\/uploads\/2021\/09\/Group-14.png","width":233,"height":95,"caption":"Cirmar"},"image":{"@id":"https:\/\/cirmar.com\/#\/schema\/logo\/image\/"}}]}},"_links":{"self":[{"href":"https:\/\/cirmar.com\/de\/wp-json\/wp\/v2\/pages\/9364"}],"collection":[{"href":"https:\/\/cirmar.com\/de\/wp-json\/wp\/v2\/pages"}],"about":[{"href":"https:\/\/cirmar.com\/de\/wp-json\/wp\/v2\/types\/page"}],"author":[{"embeddable":true,"href":"https:\/\/cirmar.com\/de\/wp-json\/wp\/v2\/users\/2"}],"replies":[{"embeddable":true,"href":"https:\/\/cirmar.com\/de\/wp-json\/wp\/v2\/comments?post=9364"}],"version-history":[{"count":1,"href":"https:\/\/cirmar.com\/de\/wp-json\/wp\/v2\/pages\/9364\/revisions"}],"predecessor-version":[{"id":9367,"href":"https:\/\/cirmar.com\/de\/wp-json\/wp\/v2\/pages\/9364\/revisions\/9367"}],"wp:attachment":[{"href":"https:\/\/cirmar.com\/de\/wp-json\/wp\/v2\/media?parent=9364"}],"curies":[{"name":"wp","href":"https:\/\/api.w.org\/{rel}","templated":true}]}}