{"id":9370,"date":"2026-04-21T10:19:37","date_gmt":"2026-04-21T08:19:37","guid":{"rendered":"https:\/\/cirmar.com\/rueckwaertslogistik\/"},"modified":"2026-04-21T10:19:38","modified_gmt":"2026-04-21T08:19:38","slug":"rueckwaertslogistik","status":"publish","type":"page","link":"https:\/\/cirmar.com\/de\/rueckwaertslogistik\/","title":{"rendered":"R\u00fcckw\u00e4rtslogistik"},"content":{"rendered":"\n<h2 class=\"wp-block-heading\">R\u00fcckf\u00fchrung wertvoller Materialien<\/h2>\n\n<div style=\"height:52px\" aria-hidden=\"true\" class=\"wp-block-spacer\"><\/div>\n\n<p class=\"has-medium-font-size\"><strong>Kreislaufwirtschaft beginnt nicht mit Recycling und endet auch nicht mit Design. Das wahre R\u00fcckgrat jedes Kreislaufsystems ist die R\u00fcckw\u00e4rtslogistik \u2013 die F\u00e4higkeit, Produkte, Komponenten und Materialien im richtigen Zustand, mit den richtigen Informationen und zum richtigen Zeitpunkt zur\u00fcckzuerhalten. Ohne organisierte, transparente und zuverl\u00e4ssige R\u00fcckf\u00fchrungsprozesse werden selbst die kreislauff\u00e4higsten Produkte in der Praxis zu linearen Produkten.<\/strong><\/p>\n\n<p class=\"has-medium-font-size\">Bei Cirmar ist uns seit Langem bewusst, dass Retourenlogistik keine blo\u00dfe Unterst\u00fctzungsfunktion ist, sondern die Infrastruktur zirkul\u00e4rer Gesch\u00e4ftsmodelle bildet. \u00dcber die Jahre haben wir Unternehmen beim Aufbau eigener Retourensysteme oder der Anbindung an bestehende Systeme unterst\u00fctzt. Diese Arbeit hat nicht nur unsere Expertise gepr\u00e4gt, sondern auch zur Gr\u00fcndung von COFA gef\u00fchrt, das heute als GAIA Circulair unabh\u00e4ngig agiert und seine Retourenlogistik-Dienstleistungen europaweit ausbaut. Wir arbeiten weiterhin eng zusammen und integrieren die operativen Kompetenzen von GAIA in unsere Kreislaufstrategien und digitalen Tools.<\/p>\n\n<div style=\"height:83px\" aria-hidden=\"true\" class=\"wp-block-spacer\"><\/div>\n\n<h2 class=\"wp-block-heading\"><strong>Warum R\u00fcckw\u00e4rtslogistik f\u00fcr Kreislaufprodukte unerl\u00e4sslich ist<\/strong><\/h2>\n\n<p class=\"has-medium-font-size\">Kreislaufprodukte bleiben nur dann im Kreislauf, wenn sie wiederverwertet werden. Ob ein Unternehmen Textilien, Baumaterialien, M\u00f6bel, Elektronik oder pers\u00f6nliche Schutzausr\u00fcstung herstellt, das Prinzip ist dasselbe: R\u00fcckf\u00fchrungsstr\u00f6me m\u00fcssen genauso gezielt gestaltet werden wie die Produkte selbst.<\/p>\n\n<p class=\"has-medium-font-size\">Ohne eine strukturierte R\u00fcckw\u00e4rtslogistik lassen sich Materialien nicht hochwertig wiederverwenden, Komponenten nicht aufarbeiten, und Recycling wird bestenfalls zu minderwertigem Downcycling. Das Ergebnis ist ein System, das auf dem Papier zirkul\u00e4r erscheint, sich in der Realit\u00e4t aber linear verh\u00e4lt.<\/p>\n\n<p class=\"has-medium-font-size\">Die Reverse-Logistik schlie\u00dft die L\u00fccke im Kreislauf. Sie stellt sicher, dass Produkte kontextbezogen erfasst, korrekt behandelt und so wieder in den Markt eingef\u00fchrt werden, dass ihr Wert bestm\u00f6glich erhalten bleibt.<\/p>\n\n<div style=\"height:83px\" aria-hidden=\"true\" class=\"wp-block-spacer\"><\/div>\n\n<h2 class=\"wp-block-heading\"><strong>Aufbau und Verbindung von R\u00fcckf\u00fchrungssystemen<\/strong><\/h2>\n\n<p class=\"has-medium-font-size\">Cirmar unterst\u00fctzt Unternehmen dabei, die Bedeutung von Reverse-Logistik in ihrer jeweiligen Branche zu verstehen und Systeme zu entwickeln oder sich an bestehenden Systemen zu beteiligen, die ihren betrieblichen Gegebenheiten entsprechen. Manchmal ist die Entwicklung eines ma\u00dfgeschneiderten Retourenmodells, das auf den eigenen Vertriebs- und Servicestrukturen basiert, der optimale Weg. In anderen F\u00e4llen ist die Anbindung an eine bestehende, gemeinschaftliche Infrastruktur deutlich effizienter.<\/p>\n\n<p class=\"has-medium-font-size\">Im Laufe der Zeit haben wir gelernt, dass erfolgreiche Reverse-Logistik auf drei S\u00e4ulen beruht: klaren Prozessen, zuverl\u00e4ssigen Partnern und hochwertigen Daten. Wir unterst\u00fctzen Unternehmen dabei, diese Elemente aufeinander abzustimmen, damit Produkte reibungslos zur\u00fcckflie\u00dfen, Materialien ihren Wert behalten und operative Teams nicht durch unn\u00f6tige Komplexit\u00e4t belastet werden.<\/p>\n\n<div style=\"height:83px\" aria-hidden=\"true\" class=\"wp-block-spacer\"><\/div>\n\n<div class=\"wp-block-media-text is-stacked-on-mobile\"><figure class=\"wp-block-media-text__media\"><img loading=\"lazy\" decoding=\"async\" width=\"1024\" height=\"653\" src=\"https:\/\/cirmar.com\/\/app\/uploads\/2026\/02\/frans-ispt-1024x653.jpeg\" alt=\"\" class=\"wp-image-7990 size-full\" srcset=\"https:\/\/cirmar.com\/\/app\/uploads\/2026\/02\/frans-ispt-1024x653.jpeg 1024w, https:\/\/cirmar.com\/\/app\/uploads\/2026\/02\/frans-ispt-300x191.jpeg 300w, https:\/\/cirmar.com\/\/app\/uploads\/2026\/02\/frans-ispt-768x490.jpeg 768w, https:\/\/cirmar.com\/\/app\/uploads\/2026\/02\/frans-ispt-1536x980.jpeg 1536w, https:\/\/cirmar.com\/\/app\/uploads\/2026\/02\/frans-ispt-1694x1080.jpeg 1694w, https:\/\/cirmar.com\/\/app\/uploads\/2026\/02\/frans-ispt-862x550.jpeg 862w, https:\/\/cirmar.com\/\/app\/uploads\/2026\/02\/frans-ispt-250x159.jpeg 250w, https:\/\/cirmar.com\/\/app\/uploads\/2026\/02\/frans-ispt-600x383.jpeg 600w, https:\/\/cirmar.com\/\/app\/uploads\/2026\/02\/frans-ispt.jpeg 2048w\" sizes=\"(max-width: 1024px) 100vw, 1024px\" \/><\/figure><div class=\"wp-block-media-text__content\">\n<p class=\"has-medium-font-size\">\u201eDie R\u00fccknahme von Produkten ist ein wichtiger Schritt hin zu einer st\u00e4rkeren Kreislaufwirtschaft. Wir unterst\u00fctzen den Aufbau von R\u00fccknahmesystemen oder die Anbindung an bestehende Programme.\u201c&#13;\n&#13;\n<strong>Frans Beckers<\/strong><\/p>\n<\/div><\/div>\n\n<div style=\"height:83px\" aria-hidden=\"true\" class=\"wp-block-spacer\"><\/div>\n\n<h2 class=\"wp-block-heading\"><strong>Digitale Produktp\u00e4sse: Die Informationen, die die R\u00fcckw\u00e4rtslogistik ben\u00f6tigt<\/strong><\/h2>\n\n<p class=\"has-medium-font-size\">Reverse-Logistik funktioniert nicht ohne Informationen. Die Mitarbeiter m\u00fcssen wissen, was sie sammeln, woraus es besteht, wie es zu handhaben ist und welche R\u00fcckgewinnungswege m\u00f6glich sind. Genau hier werden digitale Produktp\u00e4sse (DPPs) unerl\u00e4sslich.<\/p>\n\n<p class=\"has-medium-font-size\">Mithilfe von DPPs erhalten Logistikunternehmen sofortigen Zugriff auf Materialzusammensetzung, Demontagerichtlinien, Sicherheitshinweise und die verf\u00fcgbaren Kreislaufoptionen f\u00fcr ein Produkt. Ebenso wichtig ist der Informationsfluss zur\u00fcck ins System. W\u00e4hrend gesammelte Materialien sortiert, bewertet und f\u00fcr die Wiederverwendung oder das Recycling vorbereitet werden, m\u00fcssen neue Daten hinzugef\u00fcgt werden, damit der n\u00e4chste Nutzer \u2013 oder der Hersteller \u2013 deren Zustand und Wert kennt.<\/p>\n\n<p class=\"has-medium-font-size\">Dieser wechselseitige Austausch verwandelt die R\u00fcckw\u00e4rtslogistik in einen vernetzten, unverzichtbaren und intelligenten Bestandteil des Kreislaufwertsch\u00f6pfungsprozesses, anstatt sie als unzusammenh\u00e4ngenden Nebenaspekt zu betrachten.<\/p>\n\n<div style=\"height:83px\" aria-hidden=\"true\" class=\"wp-block-spacer\"><\/div>\n\n<figure class=\"wp-block-gallery has-nested-images columns-default is-cropped wp-block-gallery-1 is-layout-flex wp-block-gallery-is-layout-flex\">\n<figure class=\"wp-block-image size-large\"><img loading=\"lazy\" decoding=\"async\" width=\"768\" height=\"516\" data-id=\"1711\" src=\"https:\/\/cirmar.com\/\/app\/uploads\/2023\/02\/GAIA-resource-box-1.png\" alt=\"\" class=\"wp-image-1711\" srcset=\"https:\/\/cirmar.com\/\/app\/uploads\/2023\/02\/GAIA-resource-box-1.png 768w, https:\/\/cirmar.com\/\/app\/uploads\/2023\/02\/GAIA-resource-box-1-300x202.png 300w, https:\/\/cirmar.com\/\/app\/uploads\/2023\/02\/GAIA-resource-box-1-250x168.png 250w, https:\/\/cirmar.com\/\/app\/uploads\/2023\/02\/GAIA-resource-box-1-600x403.png 600w\" sizes=\"(max-width: 768px) 100vw, 768px\" \/><\/figure>\n<\/figure>\n\n<div style=\"height:83px\" aria-hidden=\"true\" class=\"wp-block-spacer\"><\/div>\n\n<h2 class=\"wp-block-heading\"><strong>Von der Sammlung bis zu marktreifen Materialien<\/strong><\/h2>\n\n<p class=\"has-medium-font-size\">Der Weg von Retouren zu marktf\u00e4higen Materialien ist komplex, l\u00e4sst sich aber mit einer klaren digitalen Grundlage bew\u00e4ltigen. Cirmar unterst\u00fctzt Unternehmen bei der Definition der Prozesse, die Produkte durch Bewertung, Sortierung, Reparatur, Aufarbeitung oder Recycling f\u00fchren. Unsere Plattform bietet die notwendige Struktur, um jeden Schritt zu dokumentieren und sicherzustellen, dass Materialien mit Informationen zu Qualit\u00e4t, Sicherheit und Kreislaufwirtschaft wieder in den Markt gelangen.<\/p>\n\n<p class=\"has-medium-font-size\">Durch die Kombination strukturierter Daten mit operativen Prozessen \u2013 sei es \u00fcber Ihre Organisation, GAIA Circulair oder einen anderen Logistikpartner \u2013 helfen wir dabei, ein R\u00fcckw\u00e4rtslogistiksystem zu schaffen, das Werte erh\u00e4lt, anstatt sie zu vernichten.<\/p>\n\n<div style=\"height:83px\" aria-hidden=\"true\" class=\"wp-block-spacer\"><\/div>\n\n<h2 class=\"wp-block-heading\"><strong>R\u00fcckw\u00e4rtslogistik als strategischer Vorteil<\/strong>&#13;\n<pre id=\"tw-target-text\" class=\"tw-data-text tw-text-large tw-ta\" dir=\"ltr\" tabindex=\"-1\" role=\"text\" data-placeholder=\"Vertaling\" data-ved=\"2ahUKEwjAr9zMtP6TAxUR8wIHHdR7FQgQ3ewLegQIExAV\" aria-label=\"Vertaalde tekst: Reverse-Logistik als strategischer Vorteil\"><\/pre>&#13;\n<strong>\u00a0<\/strong><\/h2>\n\n<p class=\"has-medium-font-size\">In vielen Branchen wird Reverse-Logistik immer noch als Kostenfaktor oder als blo\u00dfe Pflichterf\u00fcllung betrachtet. Tats\u00e4chlich generiert sie jedoch Wertsch\u00f6pfung. Unternehmen, die Reverse-Mengen effizient organisieren, erschlie\u00dfen neue Einnahmequellen, reduzieren ihre Abh\u00e4ngigkeit von Prim\u00e4rrohstoffen, verbessern ihre Umweltbilanz und st\u00e4rken die Resilienz ihrer Lieferketten.<\/p>\n\n<p class=\"has-medium-font-size\">Cirmar unterst\u00fctzt Unternehmen bei der Integration der R\u00fcckw\u00e4rtslogistik in ihre Kreislaufstrategien und stellt so sicher, dass Produkte und Materialien nicht einfach das System verlassen, sondern kontinuierlich mit Wert und verifizierten Daten zur\u00fcckkehren. Mit der richtigen Infrastruktur und den entsprechenden Informationen wird die R\u00fcckw\u00e4rtslogistik zu einem Motor f\u00fcr wirtschaftliche und \u00f6kologische Verbesserungen.<\/p>\n\n<div style=\"height:83px\" aria-hidden=\"true\" class=\"wp-block-spacer\"><\/div>\n\n<p class=\"has-medium-font-size\">Unsere Experten f\u00fcr R\u00fcckw\u00e4rtslogistik  sind bereit, Ihr Unternehmen zu transformieren.<\/p>\n\n<div class=\"wp-block-buttons is-layout-flex wp-block-buttons-is-layout-flex\">\n<div class=\"wp-block-button\"><a class=\"wp-block-button__link wp-element-button\" href=\"https:\/\/cirmar.com\/de\/kontakt\/\">Nehmen Sie jetzt Kontakt auf<\/a><\/div>\n<\/div>\n\n<div style=\"height:41px\" aria-hidden=\"true\" class=\"wp-block-spacer\"><\/div>\n\n<p class=\"has-medium-font-size\">Erfahren Sie mehr \u00fcber unsere Kreislauftransformationen, indem Sie in unsere Kreislaufgeschichten eintauchen.<\/p>\n\n<div class=\"wp-block-buttons is-layout-flex wp-block-buttons-is-layout-flex\">\n<div class=\"wp-block-button\"><a class=\"wp-block-button__link wp-element-button\" href=\"https:\/\/cirmar.com\/use-cases\/gaia-circulair-return-logistics\/\">GAIA Circulair<\/a><\/div>\n\n\n\n<div class=\"wp-block-button\"><a class=\"wp-block-button__link wp-element-button\" href=\"https:\/\/cirmar.com\/use-cases\/emma-safety-footwear\/\">EMMA Safety Footwear<\/a><\/div>\n<\/div>\n\n<p><\/p>\n","protected":false},"excerpt":{"rendered":"<p>R\u00fcckf\u00fchrung wertvoller Materialien Kreislaufwirtschaft beginnt nicht mit Recycling und endet auch nicht mit Design. Das wahre R\u00fcckgrat jedes Kreislaufsystems ist die R\u00fcckw\u00e4rtslogistik \u2013 die F\u00e4higkeit, Produkte, Komponenten und Materialien im richtigen Zustand, mit den richtigen Informationen und zum richtigen Zeitpunkt zur\u00fcckzuerhalten. Ohne organisierte, transparente und zuverl\u00e4ssige R\u00fcckf\u00fchrungsprozesse werden selbst die kreislauff\u00e4higsten Produkte in der Praxis&#8230;<\/p>\n","protected":false},"author":2,"featured_media":0,"parent":0,"menu_order":0,"comment_status":"closed","ping_status":"closed","template":"","meta":{"footnotes":""},"class_list":["post-9370","page","type-page","status-publish","hentry"],"acf":[],"yoast_head":"<!-- This site is optimized with the Yoast SEO plugin v22.1 - https:\/\/yoast.com\/wordpress\/plugins\/seo\/ -->\n<title>R\u00fcckw\u00e4rtslogistik - Cirmar<\/title>\n<meta name=\"description\" content=\"Die R\u00fcckw\u00e4rtslogistik ist einer der Hebel, die in einem Kreislaufsystem bet\u00e4tigt werden m\u00fcssen. Wir richten neue Systeme ein oder verbinden uns mit bestehenden.\" \/>\n<meta name=\"robots\" content=\"index, follow, max-snippet:-1, max-image-preview:large, max-video-preview:-1\" \/>\n<link rel=\"canonical\" href=\"https:\/\/cirmar.com\/de\/rueckwaertslogistik\/\" \/>\n<meta property=\"og:locale\" content=\"de_DE\" \/>\n<meta property=\"og:type\" content=\"article\" \/>\n<meta property=\"og:title\" content=\"R\u00fcckw\u00e4rtslogistik - Cirmar\" \/>\n<meta property=\"og:description\" content=\"Die R\u00fcckw\u00e4rtslogistik ist einer der Hebel, die in einem Kreislaufsystem bet\u00e4tigt werden m\u00fcssen. Wir richten neue Systeme ein oder verbinden uns mit bestehenden.\" \/>\n<meta property=\"og:url\" content=\"https:\/\/cirmar.com\/de\/rueckwaertslogistik\/\" \/>\n<meta property=\"og:site_name\" content=\"Cirmar\" \/>\n<meta property=\"article:modified_time\" content=\"2026-04-21T08:19:38+00:00\" \/>\n<meta property=\"og:image\" content=\"https:\/\/cirmar.com\/\/app\/uploads\/2026\/02\/frans-ispt-1024x653.jpeg\" \/>\n<meta name=\"twitter:card\" content=\"summary_large_image\" \/>\n<meta name=\"twitter:label1\" content=\"Est. reading time\" \/>\n\t<meta name=\"twitter:data1\" content=\"4 minutes\" \/>\n<script type=\"application\/ld+json\" class=\"yoast-schema-graph\">{\"@context\":\"https:\/\/schema.org\",\"@graph\":[{\"@type\":\"WebPage\",\"@id\":\"https:\/\/cirmar.com\/de\/rueckwaertslogistik\/\",\"url\":\"https:\/\/cirmar.com\/de\/rueckwaertslogistik\/\",\"name\":\"R\u00fcckw\u00e4rtslogistik - Cirmar\",\"isPartOf\":{\"@id\":\"https:\/\/cirmar.com\/#website\"},\"datePublished\":\"2026-04-21T08:19:37+00:00\",\"dateModified\":\"2026-04-21T08:19:38+00:00\",\"description\":\"Die R\u00fcckw\u00e4rtslogistik ist einer der Hebel, die in einem Kreislaufsystem bet\u00e4tigt werden m\u00fcssen. Wir richten neue Systeme ein oder verbinden uns mit bestehenden.\",\"breadcrumb\":{\"@id\":\"https:\/\/cirmar.com\/de\/rueckwaertslogistik\/#breadcrumb\"},\"inLanguage\":\"de-DE\",\"potentialAction\":[{\"@type\":\"ReadAction\",\"target\":[\"https:\/\/cirmar.com\/de\/rueckwaertslogistik\/\"]}]},{\"@type\":\"BreadcrumbList\",\"@id\":\"https:\/\/cirmar.com\/de\/rueckwaertslogistik\/#breadcrumb\",\"itemListElement\":[{\"@type\":\"ListItem\",\"position\":1,\"name\":\"Cirmar\",\"item\":\"https:\/\/cirmar.com\/de\/\"},{\"@type\":\"ListItem\",\"position\":2,\"name\":\"R\u00fcckw\u00e4rtslogistik\"}]},{\"@type\":\"WebSite\",\"@id\":\"https:\/\/cirmar.com\/#website\",\"url\":\"https:\/\/cirmar.com\/\",\"name\":\"Cirmar\",\"description\":\"The Digital Product Passport\",\"publisher\":{\"@id\":\"https:\/\/cirmar.com\/#organization\"},\"potentialAction\":[{\"@type\":\"SearchAction\",\"target\":{\"@type\":\"EntryPoint\",\"urlTemplate\":\"https:\/\/cirmar.com\/?s={search_term_string}\"},\"query-input\":\"required name=search_term_string\"}],\"inLanguage\":\"de-DE\"},{\"@type\":\"Organization\",\"@id\":\"https:\/\/cirmar.com\/#organization\",\"name\":\"Cirmar\",\"url\":\"https:\/\/cirmar.com\/\",\"logo\":{\"@type\":\"ImageObject\",\"inLanguage\":\"de-DE\",\"@id\":\"https:\/\/cirmar.com\/#\/schema\/logo\/image\/\",\"url\":\"https:\/\/www.cirmar.com\/app\/uploads\/2021\/09\/Group-14.png\",\"contentUrl\":\"https:\/\/www.cirmar.com\/app\/uploads\/2021\/09\/Group-14.png\",\"width\":233,\"height\":95,\"caption\":\"Cirmar\"},\"image\":{\"@id\":\"https:\/\/cirmar.com\/#\/schema\/logo\/image\/\"}}]}<\/script>\n<!-- \/ Yoast SEO plugin. -->","yoast_head_json":{"title":"R\u00fcckw\u00e4rtslogistik - Cirmar","description":"Die R\u00fcckw\u00e4rtslogistik ist einer der Hebel, die in einem Kreislaufsystem bet\u00e4tigt werden m\u00fcssen. Wir richten neue Systeme ein oder verbinden uns mit bestehenden.","robots":{"index":"index","follow":"follow","max-snippet":"max-snippet:-1","max-image-preview":"max-image-preview:large","max-video-preview":"max-video-preview:-1"},"canonical":"https:\/\/cirmar.com\/de\/rueckwaertslogistik\/","og_locale":"de_DE","og_type":"article","og_title":"R\u00fcckw\u00e4rtslogistik - Cirmar","og_description":"Die R\u00fcckw\u00e4rtslogistik ist einer der Hebel, die in einem Kreislaufsystem bet\u00e4tigt werden m\u00fcssen. Wir richten neue Systeme ein oder verbinden uns mit bestehenden.","og_url":"https:\/\/cirmar.com\/de\/rueckwaertslogistik\/","og_site_name":"Cirmar","article_modified_time":"2026-04-21T08:19:38+00:00","og_image":[{"url":"https:\/\/cirmar.com\/\/app\/uploads\/2026\/02\/frans-ispt-1024x653.jpeg"}],"twitter_card":"summary_large_image","twitter_misc":{"Est. reading time":"4 minutes"},"schema":{"@context":"https:\/\/schema.org","@graph":[{"@type":"WebPage","@id":"https:\/\/cirmar.com\/de\/rueckwaertslogistik\/","url":"https:\/\/cirmar.com\/de\/rueckwaertslogistik\/","name":"R\u00fcckw\u00e4rtslogistik - Cirmar","isPartOf":{"@id":"https:\/\/cirmar.com\/#website"},"datePublished":"2026-04-21T08:19:37+00:00","dateModified":"2026-04-21T08:19:38+00:00","description":"Die R\u00fcckw\u00e4rtslogistik ist einer der Hebel, die in einem Kreislaufsystem bet\u00e4tigt werden m\u00fcssen. Wir richten neue Systeme ein oder verbinden uns mit bestehenden.","breadcrumb":{"@id":"https:\/\/cirmar.com\/de\/rueckwaertslogistik\/#breadcrumb"},"inLanguage":"de-DE","potentialAction":[{"@type":"ReadAction","target":["https:\/\/cirmar.com\/de\/rueckwaertslogistik\/"]}]},{"@type":"BreadcrumbList","@id":"https:\/\/cirmar.com\/de\/rueckwaertslogistik\/#breadcrumb","itemListElement":[{"@type":"ListItem","position":1,"name":"Cirmar","item":"https:\/\/cirmar.com\/de\/"},{"@type":"ListItem","position":2,"name":"R\u00fcckw\u00e4rtslogistik"}]},{"@type":"WebSite","@id":"https:\/\/cirmar.com\/#website","url":"https:\/\/cirmar.com\/","name":"Cirmar","description":"The Digital Product Passport","publisher":{"@id":"https:\/\/cirmar.com\/#organization"},"potentialAction":[{"@type":"SearchAction","target":{"@type":"EntryPoint","urlTemplate":"https:\/\/cirmar.com\/?s={search_term_string}"},"query-input":"required name=search_term_string"}],"inLanguage":"de-DE"},{"@type":"Organization","@id":"https:\/\/cirmar.com\/#organization","name":"Cirmar","url":"https:\/\/cirmar.com\/","logo":{"@type":"ImageObject","inLanguage":"de-DE","@id":"https:\/\/cirmar.com\/#\/schema\/logo\/image\/","url":"https:\/\/www.cirmar.com\/app\/uploads\/2021\/09\/Group-14.png","contentUrl":"https:\/\/www.cirmar.com\/app\/uploads\/2021\/09\/Group-14.png","width":233,"height":95,"caption":"Cirmar"},"image":{"@id":"https:\/\/cirmar.com\/#\/schema\/logo\/image\/"}}]}},"_links":{"self":[{"href":"https:\/\/cirmar.com\/de\/wp-json\/wp\/v2\/pages\/9370"}],"collection":[{"href":"https:\/\/cirmar.com\/de\/wp-json\/wp\/v2\/pages"}],"about":[{"href":"https:\/\/cirmar.com\/de\/wp-json\/wp\/v2\/types\/page"}],"author":[{"embeddable":true,"href":"https:\/\/cirmar.com\/de\/wp-json\/wp\/v2\/users\/2"}],"replies":[{"embeddable":true,"href":"https:\/\/cirmar.com\/de\/wp-json\/wp\/v2\/comments?post=9370"}],"version-history":[{"count":1,"href":"https:\/\/cirmar.com\/de\/wp-json\/wp\/v2\/pages\/9370\/revisions"}],"predecessor-version":[{"id":9373,"href":"https:\/\/cirmar.com\/de\/wp-json\/wp\/v2\/pages\/9370\/revisions\/9373"}],"wp:attachment":[{"href":"https:\/\/cirmar.com\/de\/wp-json\/wp\/v2\/media?parent=9370"}],"curies":[{"name":"wp","href":"https:\/\/api.w.org\/{rel}","templated":true}]}}