{"id":9376,"date":"2026-04-21T10:53:41","date_gmt":"2026-04-21T08:53:41","guid":{"rendered":"https:\/\/cirmar.com\/ueberholung-und-wiederaufbereitung\/"},"modified":"2026-04-21T10:53:42","modified_gmt":"2026-04-21T08:53:42","slug":"ueberholung-und-wiederaufbereitung","status":"publish","type":"page","link":"https:\/\/cirmar.com\/de\/ueberholung-und-wiederaufbereitung\/","title":{"rendered":"\u00dcberholung und Wiederaufbereitung"},"content":{"rendered":"\n<h2 class=\"wp-block-heading\">Reparatur und Austausch von Teilen f\u00fcr neue Verwendungszwecke<\/h2>\n\n<div style=\"height:110px\" aria-hidden=\"true\" class=\"wp-block-spacer\"><\/div>\n\n<p class=\"has-medium-font-size\"><strong>In der Hierarchie der Kreislaufwirtschaftsstrategien sticht die Wiederaufbereitung als eine der effektivsten hervor. Produkte so aufzubereiten, dass sie wieder \u2013 sicher, zuverl\u00e4ssig und mit hoher Leistung \u2013 eingesetzt werden k\u00f6nnen, vermeidet die Umweltbelastung durch die Neuproduktion und senkt die Kosten erheblich. Es ist eine der direktesten und messbarsten Methoden, Emissionen zu reduzieren, Materialien zu schonen und Wert zu schaffen.<\/strong><\/p>\n\n<p class=\"has-medium-font-size\">Wir bei Cirmar sind \u00fcberzeugt, dass die Aufarbeitung und Wiederaufbereitung ein wesentlicher Bestandteil jeder Kreislaufstrategie sein sollte. Richtig konzipiert, sind sie praktikabel, skalierbar und wirtschaftlich attraktiv. Im Laufe der Jahre haben wir zahlreiche Programme unterst\u00fctzt \u2013 insbesondere im Einzelhandel, im Bereich Reinigungsmittel sowie bei Klima- und L\u00fcftungsanlagen, wo Produkte oft ein deutlich l\u00e4ngeres Nutzungspotenzial haben, als die aktuellen Gesch\u00e4ftsmodelle aussch\u00f6pfen. Durch die Verl\u00e4ngerung dieser Lebensdauer sparen Unternehmen Kosten, reduzieren die Umweltbelastung und gewinnen deutlich mehr Kontrolle \u00fcber die Qualit\u00e4t und Leistung ihrer Produkte.<\/p>\n\n<div style=\"height:62px\" aria-hidden=\"true\" class=\"wp-block-spacer\"><\/div>\n\n<h2 class=\"wp-block-heading\"><strong>Sanierung als wirkungsvolle Kreislaufstrategie<\/strong><\/h2>\n\n<p class=\"has-medium-font-size\">Kaum eine Strategie bietet so viel Wert bei so geringer Umweltbelastung wie die Aufarbeitung. Ein gut konzipiertes Aufarbeitungssystem sorgt daf\u00fcr, dass Produkte ihren Wert im Umlauf behalten, oft mit nur minimalen Eingriffen \u2013 dem Austausch verschlissener Komponenten, der Aktualisierung von Teilen, der Reinigung sowie der Pr\u00fcfung und Zertifizierung der Leistung.<\/p>\n\n<p class=\"has-medium-font-size\">Dieser Ansatz vermeidet die Neuproduktion von Produkten, senkt den Rohstoffbedarf, reduziert Abfall und vermeidet Emissionen. Er bietet zudem Best\u00e4ndigkeit und Planbarkeit f\u00fcr Branchen mit intensiver Ger\u00e4tenutzung, wie beispielsweise Ladeneinrichtungen oder Reinigungsmaschinen. Anstatt auf einen ressourcenverschwendenden Austauschzyklus zu setzen, verl\u00e4ngert die Aufarbeitung die Produktlebensdauer auf nachhaltige und wirtschaftlich sinnvolle Weise.<\/p>\n\n<div style=\"height:68px\" aria-hidden=\"true\" class=\"wp-block-spacer\"><\/div>\n\n<h2 class=\"wp-block-heading\"><strong>Praktische Erfahrung in verschiedenen Branchen<\/strong><\/h2>\n\n<p class=\"has-medium-font-size\">Unsere Arbeit im Einzelhandel und im Bereich Reinigungsger\u00e4te hat immer wieder gezeigt, wie viel Wert ungenutzt bleibt, wenn Produkte vorzeitig entsorgt werden. Reinigungsmaschinen beispielsweise verf\u00fcgen oft \u00fcber eine robuste Konstruktion, die bei Wartung und \u00dcberholung deutlich l\u00e4nger h\u00e4lt als erwartet. \u00c4hnliche Muster gelten f\u00fcr Ladeneinrichtungen, Logistik und Warenpr\u00e4sentation: Sie sind in der Regel stabil, werden aber aufgrund von Verschlei\u00df, Markenwechseln oder ver\u00e4nderten Ladenkonzepten ersetzt.<\/p>\n\n<p class=\"has-medium-font-size\">Durch die Einrichtung von Aufarbeitungs- und Wiederaufbereitungsprogrammen helfen wir Unternehmen, diesen oft \u00fcbersehenen Wert zu erschlie\u00dfen. Produkte werden so mit deutlich geringeren Kosten und Umweltauswirkungen als beim Neukauf wieder in einen gebrauchsf\u00e4higen Zustand versetzt. Dies schafft Spielraum f\u00fcr Unternehmen, in h\u00f6here Leistung, langlebigere Designs oder verbesserte Serviceangebote zu investieren, ohne die Umweltbelastung zu erh\u00f6hen.<\/p>\n\n<div style=\"height:80px\" aria-hidden=\"true\" class=\"wp-block-spacer\"><\/div>\n\n<h2 class=\"wp-block-heading\"><strong>Entwicklung wirtschaftlich sinnvoller Sanierungsmodelle<\/strong><\/h2>\n\n<p class=\"has-medium-font-size\">Eine Sanierung ist nur dann rentabel, wenn sie auf einem tragf\u00e4higen Gesch\u00e4ftsmodell basiert. Cirmar verf\u00fcgt \u00fcber umfassende Erfahrung in der Entwicklung von Sanierungsstrategien, die sowohl \u00f6kologisch als auch wirtschaftlich erfolgreich sind. Dazu geh\u00f6ren die Strukturierung der R\u00fcckfl\u00fcsse, die Festlegung des Sanierungsumfangs, die Entwicklung von Preismodellen, die Integration der sanierten Einheiten in die Vertriebskan\u00e4le und die Sicherstellung der betrieblichen Machbarkeit.<\/p>\n\n<p class=\"has-medium-font-size\">Manchmal zeigen sich die finanziellen Vorteile sofort durch geringere Anschaffungskosten oder niedrigere Entsorgungsgeb\u00fchren. In anderen F\u00e4llen ergeben sich die Vorteile erst etwas sp\u00e4ter, wenn sich die Beschaffungszyklen stabilisieren, die Wiederverkaufsm\u00f6glichkeiten ausgereifter sind oder servicebasierte Modelle Gestalt annehmen. Entscheidend ist die Entwicklung eines Systems, in dem die Aufarbeitung nicht erst im Nachhinein ber\u00fccksichtigt wird, sondern integraler Bestandteil des Produktdesigns, des Nutzungszyklus und des Wertversprechens des Unternehmens ist.<\/p>\n\n<div style=\"height:80px\" aria-hidden=\"true\" class=\"wp-block-spacer\"><\/div>\n\n<div class=\"wp-block-media-text is-stacked-on-mobile\"><figure class=\"wp-block-media-text__media\"><img loading=\"lazy\" decoding=\"async\" width=\"1024\" height=\"973\" src=\"https:\/\/cirmar.com\/\/app\/uploads\/2026\/02\/afbeelding-1024x973.jpg\" alt=\"\" class=\"wp-image-7816 size-full\" srcset=\"https:\/\/cirmar.com\/\/app\/uploads\/2026\/02\/afbeelding-1024x973.jpg 1024w, https:\/\/cirmar.com\/\/app\/uploads\/2026\/02\/afbeelding-300x285.jpg 300w, https:\/\/cirmar.com\/\/app\/uploads\/2026\/02\/afbeelding-768x730.jpg 768w, https:\/\/cirmar.com\/\/app\/uploads\/2026\/02\/afbeelding-1137x1080.jpg 1137w, https:\/\/cirmar.com\/\/app\/uploads\/2026\/02\/afbeelding-579x550.jpg 579w, https:\/\/cirmar.com\/\/app\/uploads\/2026\/02\/afbeelding-232x220.jpg 232w, https:\/\/cirmar.com\/\/app\/uploads\/2026\/02\/afbeelding-263x250.jpg 263w, https:\/\/cirmar.com\/\/app\/uploads\/2026\/02\/afbeelding-474x450.jpg 474w, https:\/\/cirmar.com\/\/app\/uploads\/2026\/02\/afbeelding.jpg 1200w\" sizes=\"(max-width: 1024px) 100vw, 1024px\" \/><\/figure><div class=\"wp-block-media-text__content\">\n<p class=\"has-medium-font-size\">\u201eAufarbeitung und Wiederaufbereitung werden oft vernachl\u00e4ssigt \u2013 dabei bieten sie schnelle und kosteng\u00fcnstige M\u00f6glichkeiten, Produkte mit minimalen Umweltauswirkungen wiederherzustellen. Wir helfen dabei, die naheliegenden L\u00f6sungen zu finden und die Materialr\u00fcckgewinnung in die Praxis umzusetzen.\u201c<\/p>\n\n\n\n<p class=\"has-medium-font-size\"><strong>Rens van den Boorn<\/strong><\/p>\n<\/div><\/div>\n\n<div style=\"height:80px\" aria-hidden=\"true\" class=\"wp-block-spacer\"><\/div>\n\n<h2 class=\"wp-block-heading\"><strong>Die Rolle der Information: Digitale Produktp\u00e4sse und dar\u00fcber hinaus<\/strong><\/h2>\n\n<p class=\"has-medium-font-size\">Die Aufarbeitung wird deutlich effektiver, wenn sie auf klaren und leicht zug\u00e4nglichen Produktinformationen basiert. Kenntnisse \u00fcber Zusammensetzung, Komponenten, Wartungshistorie und Wiederverwendungspotenzial eines Produkts erm\u00f6glichen es den Aufarbeitungsteams, effizient und sicher zu arbeiten. <strong>Digitale Produktp\u00e4sse (DPPs)<\/strong> spielen dabei eine entscheidende Rolle, indem sie strukturierte Daten bereitstellen, die Aufarbeitungsentscheidungen leiten und den Zustand sowie das Potenzial zur\u00fcckgesendeter Produkte \u00fcberpr\u00fcfen.<\/p>\n\n<p class=\"has-medium-font-size\">Genauso wichtig ist, dass die Aufarbeitung neue Informationen liefert \u2013 Details zur verbleibenden Lebensdauer, optimierter Wartung, ausgetauschten Komponenten oder verbesserter Leistung \u2013, die in den Produktpass aufgenommen werden k\u00f6nnen. So erh\u00e4lt der n\u00e4chste Besitzer, Nutzer oder Recycler genaue und verl\u00e4ssliche Daten, was den langfristigen Wert des Produkts steigert.<\/p>\n\n<div style=\"height:80px\" aria-hidden=\"true\" class=\"wp-block-spacer\"><\/div>\n\n<figure class=\"wp-block-gallery has-nested-images columns-default is-cropped wp-block-gallery-1 is-layout-flex wp-block-gallery-is-layout-flex\">\n<figure class=\"wp-block-image size-large\"><img loading=\"lazy\" decoding=\"async\" width=\"1024\" height=\"683\" data-id=\"7510\" src=\"https:\/\/cirmar.com\/\/app\/uploads\/2026\/01\/TTC-Nederland-container.jpeg\" alt=\"\" class=\"wp-image-7510\" srcset=\"https:\/\/cirmar.com\/\/app\/uploads\/2026\/01\/TTC-Nederland-container.jpeg 1024w, https:\/\/cirmar.com\/\/app\/uploads\/2026\/01\/TTC-Nederland-container-300x200.jpeg 300w, https:\/\/cirmar.com\/\/app\/uploads\/2026\/01\/TTC-Nederland-container-768x512.jpeg 768w, https:\/\/cirmar.com\/\/app\/uploads\/2026\/01\/TTC-Nederland-container-825x550.jpeg 825w, https:\/\/cirmar.com\/\/app\/uploads\/2026\/01\/TTC-Nederland-container-250x167.jpeg 250w, https:\/\/cirmar.com\/\/app\/uploads\/2026\/01\/TTC-Nederland-container-600x400.jpeg 600w\" sizes=\"(max-width: 1024px) 100vw, 1024px\" \/><\/figure>\n\n\n\n<figure class=\"wp-block-image size-large\"><img loading=\"lazy\" decoding=\"async\" width=\"774\" height=\"500\" data-id=\"4708\" src=\"https:\/\/cirmar.com\/\/app\/uploads\/2024\/11\/117347_1_nieuw.jpg\" alt=\"\" class=\"wp-image-4708\" srcset=\"https:\/\/cirmar.com\/\/app\/uploads\/2024\/11\/117347_1_nieuw.jpg 774w, https:\/\/cirmar.com\/\/app\/uploads\/2024\/11\/117347_1_nieuw-300x194.jpg 300w, https:\/\/cirmar.com\/\/app\/uploads\/2024\/11\/117347_1_nieuw-768x496.jpg 768w, https:\/\/cirmar.com\/\/app\/uploads\/2024\/11\/117347_1_nieuw-250x161.jpg 250w, https:\/\/cirmar.com\/\/app\/uploads\/2024\/11\/117347_1_nieuw-600x388.jpg 600w\" sizes=\"(max-width: 774px) 100vw, 774px\" \/><\/figure>\n\n\n\n<figure class=\"wp-block-image size-large\"><img loading=\"lazy\" decoding=\"async\" width=\"630\" height=\"404\" data-id=\"4717\" src=\"https:\/\/cirmar.com\/\/app\/uploads\/2024\/11\/121995.jpg\" alt=\"\" class=\"wp-image-4717\" srcset=\"https:\/\/cirmar.com\/\/app\/uploads\/2024\/11\/121995.jpg 630w, https:\/\/cirmar.com\/\/app\/uploads\/2024\/11\/121995-300x192.jpg 300w, https:\/\/cirmar.com\/\/app\/uploads\/2024\/11\/121995-250x160.jpg 250w, https:\/\/cirmar.com\/\/app\/uploads\/2024\/11\/121995-600x385.jpg 600w\" sizes=\"(max-width: 630px) 100vw, 630px\" \/><\/figure>\n<\/figure>\n\n<div style=\"height:80px\" aria-hidden=\"true\" class=\"wp-block-spacer\"><\/div>\n\n<h2 class=\"wp-block-heading\"><strong>Kreislaufwirtschaft durch Aufarbeitung und Wiederaufbereitung<\/strong><\/h2>\n\n<p class=\"has-medium-font-size\">Die Wiederaufbereitung st\u00e4rkt die Lieferketten, verringert die Abh\u00e4ngigkeit von neuen Materialien und schafft wiederholbare Wertsch\u00f6pfungszyklen. Sie ist ein praktisches Beispiel f\u00fcr gelebte Kreislaufwirtschaft: Produkte bleiben im Gebrauch, ihr Wert bleibt erhalten, die Zeit bis zur Neuproduktion wird verl\u00e4ngert und somit werden Emissionen reduziert.<\/p>\n\n<p class=\"has-medium-font-size\">Cirmar unterst\u00fctzt Unternehmen dabei, Sanierungen von einer Option in ein funktionierendes System zu verwandeln. Mit der richtigen Strategie, den passenden Prozessen und einer soliden digitalen Basis wird die Sanierung nicht nur zu einer Nachhaltigkeitsma\u00dfnahme, sondern zu einem strategischen Vorteil \u2013 in \u00f6konomischer, betrieblicher und \u00f6kologischer Hinsicht.<\/p>\n\n<div style=\"height:80px\" aria-hidden=\"true\" class=\"wp-block-spacer\"><\/div>\n\n<p class=\"has-medium-font-size\">Unsere Experten f\u00fcr Aufarbeitung und Wiederaufbereitung sind bereit, Ihr Unternehmen zu transformieren.<\/p>\n\n<div class=\"wp-block-buttons is-layout-flex wp-block-buttons-is-layout-flex\">\n<div class=\"wp-block-button\"><a class=\"wp-block-button__link wp-element-button\" href=\"https:\/\/cirmar.com\/de\/kontakt\/\">Nehmen Sie jetzt Kontakt auf<\/a><\/div>\n<\/div>\n\n<div style=\"height:41px\" aria-hidden=\"true\" class=\"wp-block-spacer\"><\/div>\n\n<p class=\"has-medium-font-size\">Erfahren Sie mehr \u00fcber unsere Kreislauftransformationen, indem Sie in unsere Kreislaufgeschichten eintauchen.<\/p>\n\n<div class=\"wp-block-buttons is-layout-flex wp-block-buttons-is-layout-flex\">\n<div class=\"wp-block-button\"><a class=\"wp-block-button__link wp-element-button\" href=\"https:\/\/cirmar.com\/use-cases\/refurbished-containers\/\">TTC Nederland<\/a><\/div>\n\n\n\n<div class=\"wp-block-button\"><a class=\"wp-block-button__link wp-element-button\" href=\"https:\/\/cirmar.com\/use-cases\/securing-material-value-and-quality\/\">Jumbo<\/a><\/div>\n<\/div>\n","protected":false},"excerpt":{"rendered":"<p>Reparatur und Austausch von Teilen f\u00fcr neue Verwendungszwecke In der Hierarchie der Kreislaufwirtschaftsstrategien sticht die Wiederaufbereitung als eine der effektivsten hervor. Produkte so aufzubereiten, dass sie wieder \u2013 sicher, zuverl\u00e4ssig und mit hoher Leistung \u2013 eingesetzt werden k\u00f6nnen, vermeidet die Umweltbelastung durch die Neuproduktion und senkt die Kosten erheblich. Es ist eine der direktesten und&#8230;<\/p>\n","protected":false},"author":2,"featured_media":0,"parent":0,"menu_order":0,"comment_status":"closed","ping_status":"closed","template":"","meta":{"footnotes":""},"class_list":["post-9376","page","type-page","status-publish","hentry"],"acf":[],"yoast_head":"<!-- This site is optimized with the Yoast SEO plugin v22.1 - https:\/\/yoast.com\/wordpress\/plugins\/seo\/ -->\n<title>\u00dcberholung und Wiederaufbereitung - Cirmar<\/title>\n<meta name=\"description\" content=\"\u00dcberholung und Wiederaufbereitung sind zwei wichtige, schnell umsetzbare Ma\u00dfnahmen zur Produktoptimierung. Vermeiden Sie Umweltauswirkungen, Kosten und nutzen Sie Materialien wieder!\" \/>\n<meta name=\"robots\" content=\"index, follow, max-snippet:-1, max-image-preview:large, max-video-preview:-1\" \/>\n<link rel=\"canonical\" href=\"https:\/\/cirmar.com\/de\/ueberholung-und-wiederaufbereitung\/\" \/>\n<meta property=\"og:locale\" content=\"de_DE\" \/>\n<meta property=\"og:type\" content=\"article\" \/>\n<meta property=\"og:title\" content=\"\u00dcberholung und Wiederaufbereitung - Cirmar\" \/>\n<meta property=\"og:description\" content=\"\u00dcberholung und Wiederaufbereitung sind zwei wichtige, schnell umsetzbare Ma\u00dfnahmen zur Produktoptimierung. Vermeiden Sie Umweltauswirkungen, Kosten und nutzen Sie Materialien wieder!\" \/>\n<meta property=\"og:url\" content=\"https:\/\/cirmar.com\/de\/ueberholung-und-wiederaufbereitung\/\" \/>\n<meta property=\"og:site_name\" content=\"Cirmar\" \/>\n<meta property=\"article:modified_time\" content=\"2026-04-21T08:53:42+00:00\" \/>\n<meta property=\"og:image\" content=\"https:\/\/cirmar.com\/\/app\/uploads\/2026\/02\/afbeelding-1024x973.jpg\" \/>\n<meta name=\"twitter:card\" content=\"summary_large_image\" \/>\n<meta name=\"twitter:label1\" content=\"Est. reading time\" \/>\n\t<meta name=\"twitter:data1\" content=\"4 minutes\" \/>\n<script type=\"application\/ld+json\" class=\"yoast-schema-graph\">{\"@context\":\"https:\/\/schema.org\",\"@graph\":[{\"@type\":\"WebPage\",\"@id\":\"https:\/\/cirmar.com\/de\/ueberholung-und-wiederaufbereitung\/\",\"url\":\"https:\/\/cirmar.com\/de\/ueberholung-und-wiederaufbereitung\/\",\"name\":\"\u00dcberholung und Wiederaufbereitung - Cirmar\",\"isPartOf\":{\"@id\":\"https:\/\/cirmar.com\/#website\"},\"datePublished\":\"2026-04-21T08:53:41+00:00\",\"dateModified\":\"2026-04-21T08:53:42+00:00\",\"description\":\"\u00dcberholung und Wiederaufbereitung sind zwei wichtige, schnell umsetzbare Ma\u00dfnahmen zur Produktoptimierung. Vermeiden Sie Umweltauswirkungen, Kosten und nutzen Sie Materialien wieder!\",\"breadcrumb\":{\"@id\":\"https:\/\/cirmar.com\/de\/ueberholung-und-wiederaufbereitung\/#breadcrumb\"},\"inLanguage\":\"de-DE\",\"potentialAction\":[{\"@type\":\"ReadAction\",\"target\":[\"https:\/\/cirmar.com\/de\/ueberholung-und-wiederaufbereitung\/\"]}]},{\"@type\":\"BreadcrumbList\",\"@id\":\"https:\/\/cirmar.com\/de\/ueberholung-und-wiederaufbereitung\/#breadcrumb\",\"itemListElement\":[{\"@type\":\"ListItem\",\"position\":1,\"name\":\"Cirmar\",\"item\":\"https:\/\/cirmar.com\/de\/\"},{\"@type\":\"ListItem\",\"position\":2,\"name\":\"\u00dcberholung und Wiederaufbereitung\"}]},{\"@type\":\"WebSite\",\"@id\":\"https:\/\/cirmar.com\/#website\",\"url\":\"https:\/\/cirmar.com\/\",\"name\":\"Cirmar\",\"description\":\"The Digital Product Passport\",\"publisher\":{\"@id\":\"https:\/\/cirmar.com\/#organization\"},\"potentialAction\":[{\"@type\":\"SearchAction\",\"target\":{\"@type\":\"EntryPoint\",\"urlTemplate\":\"https:\/\/cirmar.com\/?s={search_term_string}\"},\"query-input\":\"required name=search_term_string\"}],\"inLanguage\":\"de-DE\"},{\"@type\":\"Organization\",\"@id\":\"https:\/\/cirmar.com\/#organization\",\"name\":\"Cirmar\",\"url\":\"https:\/\/cirmar.com\/\",\"logo\":{\"@type\":\"ImageObject\",\"inLanguage\":\"de-DE\",\"@id\":\"https:\/\/cirmar.com\/#\/schema\/logo\/image\/\",\"url\":\"https:\/\/www.cirmar.com\/app\/uploads\/2021\/09\/Group-14.png\",\"contentUrl\":\"https:\/\/www.cirmar.com\/app\/uploads\/2021\/09\/Group-14.png\",\"width\":233,\"height\":95,\"caption\":\"Cirmar\"},\"image\":{\"@id\":\"https:\/\/cirmar.com\/#\/schema\/logo\/image\/\"}}]}<\/script>\n<!-- \/ Yoast SEO plugin. -->","yoast_head_json":{"title":"\u00dcberholung und Wiederaufbereitung - Cirmar","description":"\u00dcberholung und Wiederaufbereitung sind zwei wichtige, schnell umsetzbare Ma\u00dfnahmen zur Produktoptimierung. Vermeiden Sie Umweltauswirkungen, Kosten und nutzen Sie Materialien wieder!","robots":{"index":"index","follow":"follow","max-snippet":"max-snippet:-1","max-image-preview":"max-image-preview:large","max-video-preview":"max-video-preview:-1"},"canonical":"https:\/\/cirmar.com\/de\/ueberholung-und-wiederaufbereitung\/","og_locale":"de_DE","og_type":"article","og_title":"\u00dcberholung und Wiederaufbereitung - Cirmar","og_description":"\u00dcberholung und Wiederaufbereitung sind zwei wichtige, schnell umsetzbare Ma\u00dfnahmen zur Produktoptimierung. Vermeiden Sie Umweltauswirkungen, Kosten und nutzen Sie Materialien wieder!","og_url":"https:\/\/cirmar.com\/de\/ueberholung-und-wiederaufbereitung\/","og_site_name":"Cirmar","article_modified_time":"2026-04-21T08:53:42+00:00","og_image":[{"url":"https:\/\/cirmar.com\/\/app\/uploads\/2026\/02\/afbeelding-1024x973.jpg"}],"twitter_card":"summary_large_image","twitter_misc":{"Est. reading time":"4 minutes"},"schema":{"@context":"https:\/\/schema.org","@graph":[{"@type":"WebPage","@id":"https:\/\/cirmar.com\/de\/ueberholung-und-wiederaufbereitung\/","url":"https:\/\/cirmar.com\/de\/ueberholung-und-wiederaufbereitung\/","name":"\u00dcberholung und Wiederaufbereitung - Cirmar","isPartOf":{"@id":"https:\/\/cirmar.com\/#website"},"datePublished":"2026-04-21T08:53:41+00:00","dateModified":"2026-04-21T08:53:42+00:00","description":"\u00dcberholung und Wiederaufbereitung sind zwei wichtige, schnell umsetzbare Ma\u00dfnahmen zur Produktoptimierung. Vermeiden Sie Umweltauswirkungen, Kosten und nutzen Sie Materialien wieder!","breadcrumb":{"@id":"https:\/\/cirmar.com\/de\/ueberholung-und-wiederaufbereitung\/#breadcrumb"},"inLanguage":"de-DE","potentialAction":[{"@type":"ReadAction","target":["https:\/\/cirmar.com\/de\/ueberholung-und-wiederaufbereitung\/"]}]},{"@type":"BreadcrumbList","@id":"https:\/\/cirmar.com\/de\/ueberholung-und-wiederaufbereitung\/#breadcrumb","itemListElement":[{"@type":"ListItem","position":1,"name":"Cirmar","item":"https:\/\/cirmar.com\/de\/"},{"@type":"ListItem","position":2,"name":"\u00dcberholung und Wiederaufbereitung"}]},{"@type":"WebSite","@id":"https:\/\/cirmar.com\/#website","url":"https:\/\/cirmar.com\/","name":"Cirmar","description":"The Digital Product Passport","publisher":{"@id":"https:\/\/cirmar.com\/#organization"},"potentialAction":[{"@type":"SearchAction","target":{"@type":"EntryPoint","urlTemplate":"https:\/\/cirmar.com\/?s={search_term_string}"},"query-input":"required name=search_term_string"}],"inLanguage":"de-DE"},{"@type":"Organization","@id":"https:\/\/cirmar.com\/#organization","name":"Cirmar","url":"https:\/\/cirmar.com\/","logo":{"@type":"ImageObject","inLanguage":"de-DE","@id":"https:\/\/cirmar.com\/#\/schema\/logo\/image\/","url":"https:\/\/www.cirmar.com\/app\/uploads\/2021\/09\/Group-14.png","contentUrl":"https:\/\/www.cirmar.com\/app\/uploads\/2021\/09\/Group-14.png","width":233,"height":95,"caption":"Cirmar"},"image":{"@id":"https:\/\/cirmar.com\/#\/schema\/logo\/image\/"}}]}},"_links":{"self":[{"href":"https:\/\/cirmar.com\/de\/wp-json\/wp\/v2\/pages\/9376"}],"collection":[{"href":"https:\/\/cirmar.com\/de\/wp-json\/wp\/v2\/pages"}],"about":[{"href":"https:\/\/cirmar.com\/de\/wp-json\/wp\/v2\/types\/page"}],"author":[{"embeddable":true,"href":"https:\/\/cirmar.com\/de\/wp-json\/wp\/v2\/users\/2"}],"replies":[{"embeddable":true,"href":"https:\/\/cirmar.com\/de\/wp-json\/wp\/v2\/comments?post=9376"}],"version-history":[{"count":1,"href":"https:\/\/cirmar.com\/de\/wp-json\/wp\/v2\/pages\/9376\/revisions"}],"predecessor-version":[{"id":9379,"href":"https:\/\/cirmar.com\/de\/wp-json\/wp\/v2\/pages\/9376\/revisions\/9379"}],"wp:attachment":[{"href":"https:\/\/cirmar.com\/de\/wp-json\/wp\/v2\/media?parent=9376"}],"curies":[{"name":"wp","href":"https:\/\/api.w.org\/{rel}","templated":true}]}}