{"id":9382,"date":"2026-04-21T11:03:45","date_gmt":"2026-04-21T09:03:45","guid":{"rendered":"https:\/\/cirmar.com\/recycling\/"},"modified":"2026-04-21T11:03:45","modified_gmt":"2026-04-21T09:03:45","slug":"recycling","status":"publish","type":"page","link":"https:\/\/cirmar.com\/de\/recycling\/","title":{"rendered":"Recycling"},"content":{"rendered":"\n<h2 class=\"wp-block-heading\">Verbindung von Angebot und Nachfrage durch ein umfangreiches Netzwerk<\/h2>\n\n<div style=\"height:57px\" aria-hidden=\"true\" class=\"wp-block-spacer\"><\/div>\n\n<p class=\"has-medium-font-size\"><strong>Recycling wird oft als Ende des Kreislaufs betrachtet, ist aber in Wirklichkeit eine der wichtigsten Grundlagen, um Materialien im Kreislauf zu halten. Selbst bei optimaler Produktentwicklung f\u00fcr Langlebigkeit, Wiederverwendung oder Aufarbeitung bleiben immer Materialien und Komponenten \u00fcbrig, die zur\u00fcckgewonnen und zu neuen Ressourcen verarbeitet werden m\u00fcssen. Richtig durchgef\u00fchrt, erh\u00e4lt Recycling die Materialqualit\u00e4t, reduziert die Abh\u00e4ngigkeit von Prim\u00e4rrohstoffen und sichert der Industrie eine stabile Versorgung mit nachhaltigen Rohstoffen.<\/strong><\/p>\n\n<p class=\"has-medium-font-size\">Bei Cirmar verf\u00fcgen wir \u00fcber praxisnahe, branchenspezifische Erfahrung im <strong>mechanischen<\/strong> und <strong>chemischen Recycling<\/strong> und arbeiten eng mit Recyclingunternehmen, Sammelstellen, Logistikpartnern und Herstellern von Recyclingmaterialien zusammen. Zu unserem Netzwerk geh\u00f6ren Organisationen wie <a href=\"https:\/\/agriconnederland.nl\/\">Agricon Nederland<\/a> sowie zahlreiche Materialverarbeiter, die Kunststoffe, Textilien, Polymere, Metalle und Verbundwerkstoffe verarbeiten. So k\u00f6nnen wir Unternehmen nicht nur dabei unterst\u00fctzen, Recyclingwege zu verstehen, sondern auch die richtigen Partner zu finden und Systeme aufzubauen, die echten Wert erhalten.<\/p>\n\n<div style=\"height:56px\" aria-hidden=\"true\" class=\"wp-block-spacer\"><\/div>\n\n<h2 class=\"wp-block-heading\"><strong>Die Rolle des Recyclings in einem Kreislaufsystem<\/strong><\/h2>\n\n<p class=\"has-medium-font-size\">Recycling allein kann keine Kreislaufwirtschaft schaffen, aber ohne Recycling ist Kreislaufwirtschaft nicht m\u00f6glich. Es ist der Weg, auf dem Materialien, die nicht mehr verwendet, repariert oder aufgearbeitet werden k\u00f6nnen, in neue Rohstoffe umgewandelt werden. Recycling stellt sicher, dass die in Produkten enthaltenen Materialien nicht zu Abfall werden, sondern einen neuen Nutzungszyklus erhalten \u2013 manchmal sogar mehrfach.<\/p>\n\n<p class=\"has-medium-font-size\">Obwohl kreislauforientiertes Design den Recyclingbedarf reduziert und qualitativ hochwertiges Recycling erm\u00f6glicht, gibt es heute noch viele Produkte auf dem Markt, die nie unter dem Gesichtspunkt der Kreislaufwirtschaft entwickelt wurden. F\u00fcr diese Produkte ist Recycling der einzig realistische Weg, Wertstoffe zur\u00fcckzugewinnen und Materialverluste zu vermeiden. Es dient als Sicherheitsnetz, das verhindert, dass das System in einen linearen Kreislauf zur\u00fcckf\u00e4llt. Bei Cirmar nennen wir das \u201epassives Recycling\u201c: Wir machen das Beste daraus, auch im Nachhinein. Unser Ziel ist hingegen \u201eaktives Recycling\u201c: Wir wissen bereits in der Designphase eines Produkts, wie recycelt werden kann.<\/p>\n\n<div style=\"height:95px\" aria-hidden=\"true\" class=\"wp-block-spacer\"><\/div>\n\n<h2 class=\"wp-block-heading\"><strong>Mechanisches und chemisches Recycling: Zwei sich erg\u00e4nzende Wege<\/strong><\/h2>\n\n<p class=\"has-medium-font-size\">Unsere Erfahrung umfasst sowohl mechanische als auch chemische Recyclingverfahren. Mechanisches Recycling bildet nach wie vor das R\u00fcckgrat vieler Materialkreisl\u00e4ufe und bietet effiziente und kosteng\u00fcnstige M\u00f6glichkeiten zur R\u00fcckgewinnung von Kunststoffen, Textilien und anderen Materialien, sofern Sortierung und Reinheit dies zulassen. Chemisches Recycling hat sich hingegen zu einer wichtigen Technologie f\u00fcr die Verarbeitung komplexer, kontaminierter oder mehrschichtiger Materialien entwickelt, die sich nicht in ausreichender Qualit\u00e4t mechanisch aufbereiten lassen. Cirmar ist sowohl im spezialisierten chemischen Recycling f\u00fcr einzelne oder wenige Materialien als auch im allgemeinen chemischen Recycling von vorbehandelten Mischfraktionen t\u00e4tig.<\/p>\n\n<p class=\"has-medium-font-size\">Beide Technologien erf\u00fcllen unterschiedliche Bed\u00fcrfnisse \u2013 und das Verst\u00e4ndnis ihrer jeweiligen St\u00e4rken ist entscheidend f\u00fcr die Entwicklung zirkul\u00e4rer Produkte und realistischer Strategien. Wir unterst\u00fctzen Unternehmen bei der Analyse ihrer Materialfl\u00fcsse, der Identifizierung geeigneter Recyclingwege und der Zusammenarbeit mit Partnern, die diese Materialien verantwortungsvoll und in gro\u00dfem Umfang verwalten k\u00f6nnen.<\/p>\n\n<div style=\"height:70px\" aria-hidden=\"true\" class=\"wp-block-spacer\"><\/div>\n\n<h2 class=\"wp-block-heading\"><strong>Ein Netzwerk, das den gesamten Recyclingkreislauf verbindet<\/strong><\/h2>\n\n<p class=\"has-medium-font-size\">Recycling erfordert die Zusammenarbeit verschiedener Sektoren und Stufen: Sammlung, Sortierung, Verarbeitung, chemische Behandlung, Regranulierung, Compoundierung und Wiedereinf\u00fchrung in neue Produkte. \u00dcber die Jahre haben wir ein starkes Partnernetzwerk entlang dieses Kreislaufs aufgebaut. Dazu geh\u00f6ren Entsorgungsunternehmen, R\u00fccknahmesysteme, mechanische und chemische Recyclingbetriebe sowie Hersteller von Sekund\u00e4rrohstoffen, die hochwertige Recyclingmaterialien f\u00fcr die Produktion liefern.<\/p>\n\n<p class=\"has-medium-font-size\">Durch die Zusammenarbeit mit diesen Partnern unterst\u00fctzen wir Unternehmen dabei, sich in einem fragmentierten Umfeld zurechtzufinden und robuste, transparente und branchenspezifische Recyclingwege zu entwickeln. Unsere Kooperation mit Organisationen wie <a href=\"https:\/\/agriconnederland.nl\/\">Agricon Nederland<\/a> erm\u00f6glicht uns einen direkten Einblick in die Funktionsweise gro\u00dffl\u00e4chiger Recyclingsysteme und zeigt Unternehmen, wie sie sich effizient integrieren k\u00f6nnen.<\/p>\n\n<div style=\"height:70px\" aria-hidden=\"true\" class=\"wp-block-spacer\"><\/div>\n\n<div class=\"wp-block-media-text is-stacked-on-mobile\"><figure class=\"wp-block-media-text__media\"><img loading=\"lazy\" decoding=\"async\" width=\"1024\" height=\"653\" src=\"https:\/\/cirmar.com\/\/app\/uploads\/2026\/02\/frans-ispt-1024x653.jpeg\" alt=\"\" class=\"wp-image-7990 size-full\" srcset=\"https:\/\/cirmar.com\/\/app\/uploads\/2026\/02\/frans-ispt-1024x653.jpeg 1024w, https:\/\/cirmar.com\/\/app\/uploads\/2026\/02\/frans-ispt-300x191.jpeg 300w, https:\/\/cirmar.com\/\/app\/uploads\/2026\/02\/frans-ispt-768x490.jpeg 768w, https:\/\/cirmar.com\/\/app\/uploads\/2026\/02\/frans-ispt-1536x980.jpeg 1536w, https:\/\/cirmar.com\/\/app\/uploads\/2026\/02\/frans-ispt-1694x1080.jpeg 1694w, https:\/\/cirmar.com\/\/app\/uploads\/2026\/02\/frans-ispt-862x550.jpeg 862w, https:\/\/cirmar.com\/\/app\/uploads\/2026\/02\/frans-ispt-250x159.jpeg 250w, https:\/\/cirmar.com\/\/app\/uploads\/2026\/02\/frans-ispt-600x383.jpeg 600w, https:\/\/cirmar.com\/\/app\/uploads\/2026\/02\/frans-ispt.jpeg 2048w\" sizes=\"(max-width: 1024px) 100vw, 1024px\" \/><\/figure><div class=\"wp-block-media-text__content\">\n<p class=\"has-medium-font-size\">\u201eEin Kreislaufansatz erfordert einen Netzwerkansatz, der auf Vertrauen, gemeinsamen Werten sowie der Bereitschaft und F\u00e4higkeit zur Zusammenarbeit basiert. Wir bauen dieses Netzwerk auf und erm\u00f6glichen Recycling.\u201c&#13;\n&#13;\n<strong>Frans Beckers<\/strong><\/p>\n<\/div><\/div>\n\n<div style=\"height:70px\" aria-hidden=\"true\" class=\"wp-block-spacer\"><\/div>\n\n<h2 class=\"wp-block-heading\"><strong>Information als Schl\u00fcssel zu hochwertigem Recycling<\/strong><\/h2>\n\n<p class=\"has-medium-font-size\">Eine der gr\u00f6\u00dften Herausforderungen beim Recycling ist der Informationsmangel. Wenn Produkte ohne eindeutige Dokumentation in Recyclinganlagen eintreffen, ist es schwierig, ihre Zusammensetzung zu bestimmen, und wertvolle Materialien werden leicht abgewertet oder gehen ganz verloren. Hier spielen <strong>digitale Produktp\u00e4sse (DPPs)<\/strong> eine entscheidende Rolle.<\/p>\n\n<p class=\"has-medium-font-size\">Durch die Bereitstellung pr\u00e4ziser Informationen \u00fcber Materialien, Additive, Beschichtungen und potenzielle Gefahren erm\u00f6glichen DPPs (Design for Product Policy) ein qualitativ hochwertigeres und fehlerfreieres Recycling von Produkten. Ebenso wichtig sind die Informationen, die in den Recyclingkreislauf zur\u00fcckflie\u00dfen: Recyclingunternehmen generieren wertvolle Daten zu Materialreinheit, Qualit\u00e4t und Verarbeitungsergebnissen, die in den Produktnutzungszyklus zur\u00fcckgef\u00fchrt werden k\u00f6nnen und so zu besseren Produktdesigns und transparenteren Lieferketten beitragen.<\/p>\n\n<p class=\"has-medium-font-size\">Recycling wird deutlich effektiver, wenn es durch umfassende und verl\u00e4ssliche Produktinformationen unterst\u00fctzt wird. Cirmar tr\u00e4gt dazu bei, den Informationswert der wiederverwerteten Materialien zu steigern.<\/p>\n\n<div style=\"height:85px\" aria-hidden=\"true\" class=\"wp-block-spacer\"><\/div>\n\n<figure class=\"wp-block-gallery has-nested-images columns-default is-cropped wp-block-gallery-1 is-layout-flex wp-block-gallery-is-layout-flex\">\n<figure class=\"wp-block-image size-large\"><img loading=\"lazy\" decoding=\"async\" width=\"1024\" height=\"683\" data-id=\"6469\" src=\"https:\/\/cirmar.com\/\/app\/uploads\/2025\/11\/plastic-recycling-1024x683.jpg\" alt=\"\" class=\"wp-image-6469\" srcset=\"https:\/\/cirmar.com\/\/app\/uploads\/2025\/11\/plastic-recycling-1024x683.jpg 1024w, https:\/\/cirmar.com\/\/app\/uploads\/2025\/11\/plastic-recycling-300x200.jpg 300w, https:\/\/cirmar.com\/\/app\/uploads\/2025\/11\/plastic-recycling-768x512.jpg 768w, https:\/\/cirmar.com\/\/app\/uploads\/2025\/11\/plastic-recycling-1536x1024.jpg 1536w, https:\/\/cirmar.com\/\/app\/uploads\/2025\/11\/plastic-recycling-2048x1366.jpg 2048w, https:\/\/cirmar.com\/\/app\/uploads\/2025\/11\/plastic-recycling-1620x1080.jpg 1620w, https:\/\/cirmar.com\/\/app\/uploads\/2025\/11\/plastic-recycling-825x550.jpg 825w, https:\/\/cirmar.com\/\/app\/uploads\/2025\/11\/plastic-recycling-250x167.jpg 250w, https:\/\/cirmar.com\/\/app\/uploads\/2025\/11\/plastic-recycling-600x400.jpg 600w\" sizes=\"(max-width: 1024px) 100vw, 1024px\" \/><figcaption class=\"wp-element-caption\">Kunststoffgranulat in haltenden H\u00e4nden.<\/figcaption><\/figure>\n\n\n\n<figure class=\"wp-block-image size-large\"><img loading=\"lazy\" decoding=\"async\" width=\"1024\" height=\"854\" data-id=\"6097\" src=\"https:\/\/cirmar.com\/\/app\/uploads\/2025\/08\/dijkstra-plastics-visit-1024x854.jpeg\" alt=\"\" class=\"wp-image-6097\" srcset=\"https:\/\/cirmar.com\/\/app\/uploads\/2025\/08\/dijkstra-plastics-visit-1024x854.jpeg 1024w, https:\/\/cirmar.com\/\/app\/uploads\/2025\/08\/dijkstra-plastics-visit-300x250.jpeg 300w, https:\/\/cirmar.com\/\/app\/uploads\/2025\/08\/dijkstra-plastics-visit-768x640.jpeg 768w, https:\/\/cirmar.com\/\/app\/uploads\/2025\/08\/dijkstra-plastics-visit-1536x1281.jpeg 1536w, https:\/\/cirmar.com\/\/app\/uploads\/2025\/08\/dijkstra-plastics-visit-1295x1080.jpeg 1295w, https:\/\/cirmar.com\/\/app\/uploads\/2025\/08\/dijkstra-plastics-visit-660x550.jpeg 660w, https:\/\/cirmar.com\/\/app\/uploads\/2025\/08\/dijkstra-plastics-visit-250x208.jpeg 250w, https:\/\/cirmar.com\/\/app\/uploads\/2025\/08\/dijkstra-plastics-visit-540x450.jpeg 540w, https:\/\/cirmar.com\/\/app\/uploads\/2025\/08\/dijkstra-plastics-visit.jpeg 1600w\" sizes=\"(max-width: 1024px) 100vw, 1024px\" \/><\/figure>\n\n\n\n<figure class=\"wp-block-image size-large\"><img loading=\"lazy\" decoding=\"async\" width=\"960\" height=\"1024\" data-id=\"5128\" src=\"https:\/\/cirmar.com\/\/app\/uploads\/2025\/01\/kitchen-towel-dibella-960x1024.png\" alt=\"\" class=\"wp-image-5128\" srcset=\"https:\/\/cirmar.com\/\/app\/uploads\/2025\/01\/kitchen-towel-dibella-960x1024.png 960w, https:\/\/cirmar.com\/\/app\/uploads\/2025\/01\/kitchen-towel-dibella-281x300.png 281w, https:\/\/cirmar.com\/\/app\/uploads\/2025\/01\/kitchen-towel-dibella-768x819.png 768w, https:\/\/cirmar.com\/\/app\/uploads\/2025\/01\/kitchen-towel-dibella-516x550.png 516w, https:\/\/cirmar.com\/\/app\/uploads\/2025\/01\/kitchen-towel-dibella-206x220.png 206w, https:\/\/cirmar.com\/\/app\/uploads\/2025\/01\/kitchen-towel-dibella-234x250.png 234w, https:\/\/cirmar.com\/\/app\/uploads\/2025\/01\/kitchen-towel-dibella-422x450.png 422w, https:\/\/cirmar.com\/\/app\/uploads\/2025\/01\/kitchen-towel-dibella.png 1013w\" sizes=\"(max-width: 960px) 100vw, 960px\" \/><\/figure>\n<\/figure>\n\n<div style=\"height:70px\" aria-hidden=\"true\" class=\"wp-block-spacer\"><\/div>\n\n<h2 class=\"wp-block-heading\"><strong>Recycling als strategischer Wegbereiter<\/strong><\/h2>\n\n<p class=\"has-medium-font-size\">Viele Unternehmen betrachten Recycling als etwas Externes \u2013 etwas, das erst stattfindet, nachdem ihre Produkte aus ihrer Verantwortung gefallen sind. In zirkul\u00e4ren Gesch\u00e4ftsmodellen \u00e4ndert sich diese Denkweise. Recycling wird zu einem bewussten, strategischen Element, das die Produktentwicklung, die Materialauswahl und die Entsorgungssysteme beeinflusst.<\/p>\n\n<p class=\"has-medium-font-size\">Cirmar unterst\u00fctzt Unternehmen dabei, Recycling in ihre umfassenderen Kreislaufstrategien zu integrieren und sicherzustellen, dass Materialien \u2013 sei es durch mechanische oder chemische Verfahren \u2013 wieder in den Kreislauf zur\u00fcckgef\u00fchrt werden k\u00f6nnen. Mit den richtigen Partnern, den richtigen Informationen und den richtigen Designentscheidungen wandelt sich Recycling von einer Pflichtaufgabe zu einem Wertsch\u00f6pfungsfaktor.<\/p>\n\n<p><a id=\"_msocom_1\"><\/a><\/p>\n\n<p class=\"has-medium-font-size\">Unsere Recyclingexperten sind bereit, Ihr Unternehmen zu transformieren.<\/p>\n\n<div class=\"wp-block-buttons is-layout-flex wp-block-buttons-is-layout-flex\">\n<div class=\"wp-block-button\"><a class=\"wp-block-button__link wp-element-button\" href=\"https:\/\/cirmar.com\/de\/kontakt\/\">Nehmen Sie jetzt Kontakt auf<\/a><\/div>\n<\/div>\n\n<div style=\"height:41px\" aria-hidden=\"true\" class=\"wp-block-spacer\"><\/div>\n\n<p class=\"has-medium-font-size\">Erfahren Sie mehr \u00fcber unsere Kreislauftransformationen, indem Sie in unsere Kreislaufgeschichten eintauchen.<\/p>\n\n<div class=\"wp-block-buttons is-layout-flex wp-block-buttons-is-layout-flex\">\n<div class=\"wp-block-button\"><a class=\"wp-block-button__link wp-element-button\" href=\"https:\/\/cirmar.com\/use-cases\/emma-safety-footwear\/\">EMMA Safety Footwear<\/a><\/div>\n\n\n\n<div class=\"wp-block-button\"><a class=\"wp-block-button__link wp-element-button\" href=\"https:\/\/cirmar.com\/use-cases\/securing-material-value-and-quality\/\">Jumbo<\/a><\/div>\n\n\n\n<div class=\"wp-block-button\"><a class=\"wp-block-button__link wp-element-button\" href=\"https:\/\/cirmar.com\/use-cases\/centerparcs-cottages\/\">Center Parcs<\/a><\/div>\n<\/div>\n","protected":false},"excerpt":{"rendered":"<p>Verbindung von Angebot und Nachfrage durch ein umfangreiches Netzwerk Recycling wird oft als Ende des Kreislaufs betrachtet, ist aber in Wirklichkeit eine der wichtigsten Grundlagen, um Materialien im Kreislauf zu halten. Selbst bei optimaler Produktentwicklung f\u00fcr Langlebigkeit, Wiederverwendung oder Aufarbeitung bleiben immer Materialien und Komponenten \u00fcbrig, die zur\u00fcckgewonnen und zu neuen Ressourcen verarbeitet werden m\u00fcssen&#8230;.<\/p>\n","protected":false},"author":2,"featured_media":0,"parent":0,"menu_order":0,"comment_status":"closed","ping_status":"closed","template":"","meta":{"footnotes":""},"class_list":["post-9382","page","type-page","status-publish","hentry"],"acf":[],"yoast_head":"<!-- This site is optimized with the Yoast SEO plugin v22.1 - https:\/\/yoast.com\/wordpress\/plugins\/seo\/ -->\n<title>Recycling - Cirmar<\/title>\n<meta name=\"description\" content=\"Recycling ist der letzte Ausweg, um Wert und Qualit\u00e4t von Materialien zur\u00fcckzugewinnen. Wir verbinden Angebot und Nachfrage, um geschlossene Kreisl\u00e4ufe zu schaffen.\" \/>\n<meta name=\"robots\" content=\"index, follow, max-snippet:-1, max-image-preview:large, max-video-preview:-1\" \/>\n<link rel=\"canonical\" href=\"https:\/\/cirmar.com\/de\/recycling\/\" \/>\n<meta property=\"og:locale\" content=\"de_DE\" \/>\n<meta property=\"og:type\" content=\"article\" \/>\n<meta property=\"og:title\" content=\"Recycling - Cirmar\" \/>\n<meta property=\"og:description\" content=\"Recycling ist der letzte Ausweg, um Wert und Qualit\u00e4t von Materialien zur\u00fcckzugewinnen. Wir verbinden Angebot und Nachfrage, um geschlossene Kreisl\u00e4ufe zu schaffen.\" \/>\n<meta property=\"og:url\" content=\"https:\/\/cirmar.com\/de\/recycling\/\" \/>\n<meta property=\"og:site_name\" content=\"Cirmar\" \/>\n<meta property=\"og:image\" content=\"https:\/\/cirmar.com\/\/app\/uploads\/2026\/02\/frans-ispt-1024x653.jpeg\" \/>\n<meta name=\"twitter:card\" content=\"summary_large_image\" \/>\n<meta name=\"twitter:label1\" content=\"Est. reading time\" \/>\n\t<meta name=\"twitter:data1\" content=\"5 minutes\" \/>\n<script type=\"application\/ld+json\" class=\"yoast-schema-graph\">{\"@context\":\"https:\/\/schema.org\",\"@graph\":[{\"@type\":\"WebPage\",\"@id\":\"https:\/\/cirmar.com\/de\/recycling\/\",\"url\":\"https:\/\/cirmar.com\/de\/recycling\/\",\"name\":\"Recycling - Cirmar\",\"isPartOf\":{\"@id\":\"https:\/\/cirmar.com\/#website\"},\"datePublished\":\"2026-04-21T09:03:45+00:00\",\"dateModified\":\"2026-04-21T09:03:45+00:00\",\"description\":\"Recycling ist der letzte Ausweg, um Wert und Qualit\u00e4t von Materialien zur\u00fcckzugewinnen. Wir verbinden Angebot und Nachfrage, um geschlossene Kreisl\u00e4ufe zu schaffen.\",\"breadcrumb\":{\"@id\":\"https:\/\/cirmar.com\/de\/recycling\/#breadcrumb\"},\"inLanguage\":\"de-DE\",\"potentialAction\":[{\"@type\":\"ReadAction\",\"target\":[\"https:\/\/cirmar.com\/de\/recycling\/\"]}]},{\"@type\":\"BreadcrumbList\",\"@id\":\"https:\/\/cirmar.com\/de\/recycling\/#breadcrumb\",\"itemListElement\":[{\"@type\":\"ListItem\",\"position\":1,\"name\":\"Cirmar\",\"item\":\"https:\/\/cirmar.com\/de\/\"},{\"@type\":\"ListItem\",\"position\":2,\"name\":\"Recycling\"}]},{\"@type\":\"WebSite\",\"@id\":\"https:\/\/cirmar.com\/#website\",\"url\":\"https:\/\/cirmar.com\/\",\"name\":\"Cirmar\",\"description\":\"The Digital Product Passport\",\"publisher\":{\"@id\":\"https:\/\/cirmar.com\/#organization\"},\"potentialAction\":[{\"@type\":\"SearchAction\",\"target\":{\"@type\":\"EntryPoint\",\"urlTemplate\":\"https:\/\/cirmar.com\/?s={search_term_string}\"},\"query-input\":\"required name=search_term_string\"}],\"inLanguage\":\"de-DE\"},{\"@type\":\"Organization\",\"@id\":\"https:\/\/cirmar.com\/#organization\",\"name\":\"Cirmar\",\"url\":\"https:\/\/cirmar.com\/\",\"logo\":{\"@type\":\"ImageObject\",\"inLanguage\":\"de-DE\",\"@id\":\"https:\/\/cirmar.com\/#\/schema\/logo\/image\/\",\"url\":\"https:\/\/www.cirmar.com\/app\/uploads\/2021\/09\/Group-14.png\",\"contentUrl\":\"https:\/\/www.cirmar.com\/app\/uploads\/2021\/09\/Group-14.png\",\"width\":233,\"height\":95,\"caption\":\"Cirmar\"},\"image\":{\"@id\":\"https:\/\/cirmar.com\/#\/schema\/logo\/image\/\"}}]}<\/script>\n<!-- \/ Yoast SEO plugin. -->","yoast_head_json":{"title":"Recycling - Cirmar","description":"Recycling ist der letzte Ausweg, um Wert und Qualit\u00e4t von Materialien zur\u00fcckzugewinnen. Wir verbinden Angebot und Nachfrage, um geschlossene Kreisl\u00e4ufe zu schaffen.","robots":{"index":"index","follow":"follow","max-snippet":"max-snippet:-1","max-image-preview":"max-image-preview:large","max-video-preview":"max-video-preview:-1"},"canonical":"https:\/\/cirmar.com\/de\/recycling\/","og_locale":"de_DE","og_type":"article","og_title":"Recycling - Cirmar","og_description":"Recycling ist der letzte Ausweg, um Wert und Qualit\u00e4t von Materialien zur\u00fcckzugewinnen. Wir verbinden Angebot und Nachfrage, um geschlossene Kreisl\u00e4ufe zu schaffen.","og_url":"https:\/\/cirmar.com\/de\/recycling\/","og_site_name":"Cirmar","og_image":[{"url":"https:\/\/cirmar.com\/\/app\/uploads\/2026\/02\/frans-ispt-1024x653.jpeg"}],"twitter_card":"summary_large_image","twitter_misc":{"Est. reading time":"5 minutes"},"schema":{"@context":"https:\/\/schema.org","@graph":[{"@type":"WebPage","@id":"https:\/\/cirmar.com\/de\/recycling\/","url":"https:\/\/cirmar.com\/de\/recycling\/","name":"Recycling - Cirmar","isPartOf":{"@id":"https:\/\/cirmar.com\/#website"},"datePublished":"2026-04-21T09:03:45+00:00","dateModified":"2026-04-21T09:03:45+00:00","description":"Recycling ist der letzte Ausweg, um Wert und Qualit\u00e4t von Materialien zur\u00fcckzugewinnen. Wir verbinden Angebot und Nachfrage, um geschlossene Kreisl\u00e4ufe zu schaffen.","breadcrumb":{"@id":"https:\/\/cirmar.com\/de\/recycling\/#breadcrumb"},"inLanguage":"de-DE","potentialAction":[{"@type":"ReadAction","target":["https:\/\/cirmar.com\/de\/recycling\/"]}]},{"@type":"BreadcrumbList","@id":"https:\/\/cirmar.com\/de\/recycling\/#breadcrumb","itemListElement":[{"@type":"ListItem","position":1,"name":"Cirmar","item":"https:\/\/cirmar.com\/de\/"},{"@type":"ListItem","position":2,"name":"Recycling"}]},{"@type":"WebSite","@id":"https:\/\/cirmar.com\/#website","url":"https:\/\/cirmar.com\/","name":"Cirmar","description":"The Digital Product Passport","publisher":{"@id":"https:\/\/cirmar.com\/#organization"},"potentialAction":[{"@type":"SearchAction","target":{"@type":"EntryPoint","urlTemplate":"https:\/\/cirmar.com\/?s={search_term_string}"},"query-input":"required name=search_term_string"}],"inLanguage":"de-DE"},{"@type":"Organization","@id":"https:\/\/cirmar.com\/#organization","name":"Cirmar","url":"https:\/\/cirmar.com\/","logo":{"@type":"ImageObject","inLanguage":"de-DE","@id":"https:\/\/cirmar.com\/#\/schema\/logo\/image\/","url":"https:\/\/www.cirmar.com\/app\/uploads\/2021\/09\/Group-14.png","contentUrl":"https:\/\/www.cirmar.com\/app\/uploads\/2021\/09\/Group-14.png","width":233,"height":95,"caption":"Cirmar"},"image":{"@id":"https:\/\/cirmar.com\/#\/schema\/logo\/image\/"}}]}},"_links":{"self":[{"href":"https:\/\/cirmar.com\/de\/wp-json\/wp\/v2\/pages\/9382"}],"collection":[{"href":"https:\/\/cirmar.com\/de\/wp-json\/wp\/v2\/pages"}],"about":[{"href":"https:\/\/cirmar.com\/de\/wp-json\/wp\/v2\/types\/page"}],"author":[{"embeddable":true,"href":"https:\/\/cirmar.com\/de\/wp-json\/wp\/v2\/users\/2"}],"replies":[{"embeddable":true,"href":"https:\/\/cirmar.com\/de\/wp-json\/wp\/v2\/comments?post=9382"}],"version-history":[{"count":1,"href":"https:\/\/cirmar.com\/de\/wp-json\/wp\/v2\/pages\/9382\/revisions"}],"predecessor-version":[{"id":9385,"href":"https:\/\/cirmar.com\/de\/wp-json\/wp\/v2\/pages\/9382\/revisions\/9385"}],"wp:attachment":[{"href":"https:\/\/cirmar.com\/de\/wp-json\/wp\/v2\/media?parent=9382"}],"curies":[{"name":"wp","href":"https:\/\/api.w.org\/{rel}","templated":true}]}}