{"id":9388,"date":"2026-04-21T11:08:32","date_gmt":"2026-04-21T09:08:32","guid":{"rendered":"https:\/\/cirmar.com\/rohstoffforschung\/"},"modified":"2026-04-21T11:08:33","modified_gmt":"2026-04-21T09:08:33","slug":"rohstoffforschung","status":"publish","type":"page","link":"https:\/\/cirmar.com\/de\/rohstoffforschung\/","title":{"rendered":"Rohstoffforschung"},"content":{"rendered":"\n<h2 class=\"wp-block-heading\">Herausfinden, wo sich Materialien befinden und wie man ihren Wert und ihre Qualit\u00e4t zur\u00fcckgewinnen kann<\/h2>\n\n<div style=\"height:52px\" aria-hidden=\"true\" class=\"wp-block-spacer\"><\/div>\n\n<p class=\"has-medium-font-size\"><strong>Eine der wichtigsten Fragen jeder Kreislaufstrategie lautet: Was kann aus diesem Material werden? Kreislaufwirtschaft wird nicht allein durch ambitionierte Ziele erreicht \u2013 sie erfordert ein klares Verst\u00e4ndnis davon, ob und in welcher Qualit\u00e4t und unter welchen Bedingungen wiederverwendet werden kann. Gleichzeitig ben\u00f6tigen Recyclinganlagen oft ausreichende Kapazit\u00e4ten sowie einen homogenen und kontinuierlichen Materialeinsatz. Hier wird die Rohstoffforschung unerl\u00e4sslich.<\/strong><\/p>\n\n<p class=\"has-medium-font-size\">Bei Cirmar erforschen wir praxisnah die Machbarkeit von Recyclingwegen, die Verf\u00fcgbarkeit der ben\u00f6tigten und vorzubehandelnden Rohstoffmengen sowie die praktischen M\u00f6glichkeiten zur Verwendung von gewonnenen Ressourcen in neuen Produkten. Unsere Arbeit hilft Unternehmen, nicht nur das technische Potenzial eines Materials zu verstehen, sondern auch die wirtschaftlichen Gegebenheiten seiner Beschaffung, Verarbeitung und Anwendung innerhalb der Kreislaufwirtschaft.<\/p>\n\n<p class=\"has-medium-font-size\">Da wir eng mit beiden Seiten des Marktes zusammenarbeiten \u2013 <strong>sowohl mit denen, die zirkul\u00e4re Rohstoffe ben\u00f6tigen, als auch mit denen, die sie produzieren<\/strong> \u2013 sind wir in einer einzigartigen Position, die L\u00fccke zwischen Materialr\u00fcckgewinnung und Materialwiederverwendung zu schlie\u00dfen.<\/p>\n\n<div style=\"height:68px\" aria-hidden=\"true\" class=\"wp-block-spacer\"><\/div>\n\n<h2 class=\"wp-block-heading\"><strong>Die Bedeutung der geborgenen Materialien<\/strong><\/h2>\n\n<p class=\"has-medium-font-size\">Bei wiederverwerteten Materialien bestehen h\u00e4ufig unbekannte Faktoren: Qualit\u00e4tsschwankungen, Verunreinigungen, gemischte Zusammensetzungen oder fehlende Dokumentation. Diese Unsicherheiten erschweren es Herstellern, ohne weitere Informationen auf Recyclinganteile oder alternative Rohstoffe zu setzen.<\/p>\n\n<p class=\"has-medium-font-size\">Unser Ansatz in der Rohstoffforschung setzt dort an, wo die Materialien vorhanden sind \u2013 sei es in Recyclinganlagen, Sortieranlagen, R\u00fccknahmesystemen oder bei Herstellern, die ihre Retouren selbst sammeln. Durch die direkte Arbeit mit dem Material ermitteln wir dessen physikalische und chemische Eigenschaften, Grenzen und M\u00f6glichkeiten. Dazu geh\u00f6rt die Untersuchung, ob das Material f\u00fcr mechanisches oder chemisches Recycling oder ein anderes Verwertungsverfahren geeignet ist und welche Qualit\u00e4t realistisch erreichbar ist. Als Teil von COAST \u2013 Community of Innovation \u2013 haben wir Zugang zu einem umfassenden Netzwerk von Organisationen mit Expertise in der Materialcharakterisierung sowie zu Forschungsinstituten. So k\u00f6nnen wir Ihnen die bestm\u00f6gliche Beratung bieten.<\/p>\n\n<p class=\"has-medium-font-size\">Ziel ist es, Annahmen durch Fakten zu ersetzen, um Entscheidungen im Bereich Kreislaufwirtschaft und Beschaffung verl\u00e4sslicher zu gestalten.<\/p>\n\n<div style=\"height:68px\" aria-hidden=\"true\" class=\"wp-block-spacer\"><\/div>\n\n<h2 class=\"wp-block-heading\"><strong>Sicherer Einsatz von Recyclingmaterialien<\/strong><\/h2>\n\n<p class=\"has-medium-font-size\">Viele Hersteller m\u00f6chten Recyclingmaterialien in ihre Produkte integrieren, sehen sich jedoch mit Unsicherheiten hinsichtlich Verf\u00fcgbarkeit, Konsistenz und Leistungsf\u00e4higkeit konfrontiert. Rohstoffforschung tr\u00e4gt dazu bei, diese H\u00fcrden zu \u00fcberwinden. Durch die Erfassung der Materialfl\u00fcsse und die Bewertung ihrer Verwendbarkeit l\u00e4sst sich feststellen, ob eine stabile Versorgung m\u00f6glich ist und wie diese mit technischen und regulatorischen Anforderungen vereinbar ist.<\/p>\n\n<p class=\"has-medium-font-size\">Da wir sowohl die Produktions- als auch die Recyclingseite verstehen, k\u00f6nnen wir Unternehmen dabei unterst\u00fctzen, Beziehungen aufzubauen, die einen stabilen Materialkreislauf gew\u00e4hrleisten. Dies erm\u00f6glicht es Produktdesignern, Ingenieuren und Einkaufsteams, sich mit Zuversicht und nicht mit Z\u00f6gern f\u00fcr zirkul\u00e4re Rohstoffe zu entscheiden.<\/p>\n\n<div style=\"height:78px\" aria-hidden=\"true\" class=\"wp-block-spacer\"><\/div>\n\n<h2 class=\"wp-block-heading\"><strong>Realisierbare Weiterverwendungswege schaffen<\/strong><\/h2>\n\n<p class=\"has-medium-font-size\">Kreislaufwirtschaft bedeutet nicht nur, eine einzige Recyclingl\u00f6sung zu finden, sondern vielmehr, den bestm\u00f6glichen Einsatz eines Materials zum richtigen Zeitpunkt in seinem Nutzungszyklus zu verstehen. Manchmal ist mechanisches Recycling die wertvollste L\u00f6sung. In anderen F\u00e4llen sind chemisches Recycling, Regranulierung, Downcycling oder Wiederverwendung sinnvoller. Und in manchen Situationen k\u00f6nnen Materialien im Laufe der Zeit mehrere Recyclingstufen durchlaufen.<\/p>\n\n<p class=\"has-medium-font-size\">Rohstoffforschung hilft Unternehmen, diese gesamte Wertsch\u00f6pfungskette zu verstehen. Anstatt theoretischer Abl\u00e4ufe bieten wir Einblicke in reale Wege: Was ist m\u00f6glich, wer kann das Material verarbeiten, welche Qualit\u00e4t ist zu erwarten und wie entspricht das Ergebnis den Produktanforderungen? Dies schafft eine solide Grundlage f\u00fcr langfristige Kreislaufwirtschaftsstrategien.<\/p>\n\n<div style=\"height:78px\" aria-hidden=\"true\" class=\"wp-block-spacer\"><\/div>\n\n<h2 class=\"wp-block-heading\"><strong>Ein Netzwerk, das M\u00e4rkte verbindet<\/strong><\/h2>\n\n<p class=\"has-medium-font-size\">Eine der St\u00e4rken von Cirmar ist unser umfassendes Netzwerk an Sammelstellen, Recyclingpartnern, Logistikdienstleistern, Materialverarbeitern, Forschungseinrichtungen und Herstellern. Da wir die Bed\u00fcrfnisse und Rahmenbedingungen beider Marktseiten kennen, k\u00f6nnen wir Angebot und Nachfrage auf praktische und f\u00fcr beide Seiten vorteilhafte Weise zusammenbringen.<\/p>\n\n<p class=\"has-medium-font-size\">Das bedeutet oft die Zusammenarbeit mit Recyclingunternehmen, die Materialien gem\u00e4\u00df den erforderlichen Spezifikationen verarbeiten k\u00f6nnen, und gleichzeitig die Unterst\u00fctzung der Hersteller bei der Anpassung ihrer Konstruktionen oder Prozesse an die Verwendung von Kreislaufrohstoffen. Das Ergebnis ist ein reibungsloserer, besser planbarer Kreislauf \u2013 etwas, das ohne die richtigen Kontakte und Erkenntnisse oft unm\u00f6glich ist.<\/p>\n\n<div style=\"height:78px\" aria-hidden=\"true\" class=\"wp-block-spacer\"><\/div>\n\n<div class=\"wp-block-media-text is-stacked-on-mobile\"><figure class=\"wp-block-media-text__media\"><img loading=\"lazy\" decoding=\"async\" width=\"1024\" height=\"653\" src=\"https:\/\/cirmar.com\/\/app\/uploads\/2026\/02\/frans-ispt-1024x653.jpeg\" alt=\"\" class=\"wp-image-7990 size-full\" srcset=\"https:\/\/cirmar.com\/\/app\/uploads\/2026\/02\/frans-ispt-1024x653.jpeg 1024w, https:\/\/cirmar.com\/\/app\/uploads\/2026\/02\/frans-ispt-300x191.jpeg 300w, https:\/\/cirmar.com\/\/app\/uploads\/2026\/02\/frans-ispt-768x490.jpeg 768w, https:\/\/cirmar.com\/\/app\/uploads\/2026\/02\/frans-ispt-1536x980.jpeg 1536w, https:\/\/cirmar.com\/\/app\/uploads\/2026\/02\/frans-ispt-1694x1080.jpeg 1694w, https:\/\/cirmar.com\/\/app\/uploads\/2026\/02\/frans-ispt-862x550.jpeg 862w, https:\/\/cirmar.com\/\/app\/uploads\/2026\/02\/frans-ispt-250x159.jpeg 250w, https:\/\/cirmar.com\/\/app\/uploads\/2026\/02\/frans-ispt-600x383.jpeg 600w, https:\/\/cirmar.com\/\/app\/uploads\/2026\/02\/frans-ispt.jpeg 2048w\" sizes=\"(max-width: 1024px) 100vw, 1024px\" \/><\/figure><div class=\"wp-block-media-text__content\">\n<p class=\"has-medium-font-size\">\u201eKreislaufwirtschaft ist eine systemische Herausforderung \u2013 die Suche und Verkn\u00fcpfung von Rohstoffen f\u00fcr die n\u00e4chste Verwendung von Materialien ist der Schl\u00fcssel zur L\u00f6sung dieser Herausforderung. Dadurch lassen sich Qualit\u00e4t und Wert zur\u00fcckgewinnen!\u201c&#13;\n&#13;\n<strong>Frans Beckers<\/strong><\/p>\n<\/div><\/div>\n\n<div style=\"height:78px\" aria-hidden=\"true\" class=\"wp-block-spacer\"><\/div>\n\n<h2 class=\"wp-block-heading\"><strong>Kreislaufwirtschaft durch bessere Information erm\u00f6glichen<\/strong><\/h2>\n\n<p class=\"has-medium-font-size\">Die Rohstoffforschung l\u00e4sst sich zudem nahtlos in <strong>digitale Produktp\u00e4sse (DPPs)<\/strong> integrieren. Durch die Verbesserung der Daten zu Materialzusammensetzung und -leistung tragen wir dazu bei, dass Recyclingunternehmen und Hersteller \u00fcber die notwendigen Informationen f\u00fcr eine effiziente Materialverarbeitung verf\u00fcgen. Umgekehrt k\u00f6nnen die im Rahmen der Rohstoffforschung generierten Daten in die P\u00e4sse einflie\u00dfen, wodurch die R\u00fcckverfolgbarkeit verbessert und zirkul\u00e4re Designentscheidungen unterst\u00fctzt werden.<\/p>\n\n<p class=\"has-medium-font-size\">Auf diese Weise leistet die Rohstoffforschung mehr als nur die Identifizierung von Materialpotenzialen \u2013 sie st\u00e4rkt die Informationsarchitektur, auf der die Kreislaufwirtschaft beruht.<\/p>\n\n<div style=\"height:78px\" aria-hidden=\"true\" class=\"wp-block-spacer\"><\/div>\n\n<h2 class=\"wp-block-heading\"><strong>Potenzial in praktischen Kreislaufwert umwandeln<\/strong><\/h2>\n\n<p class=\"has-medium-font-size\">F\u00fcr eine erfolgreiche Kreislaufwirtschaft ben\u00f6tigen Unternehmen verl\u00e4ssliche Informationen \u00fcber ihre Rohstoffe. Die Rohstoffforschung liefert diese Informationen. Mit praxisnaher Materialanalyse, enger Zusammenarbeit mit allen Marktteilnehmern und realistischer Bewertung von Chancen unterst\u00fctzt Cirmar Organisationen dabei, fundierte Entscheidungen zu treffen, die zu echten Fortschritten in der Kreislaufwirtschaft f\u00fchren.<\/p>\n\n<p class=\"has-medium-font-size\">Ob Sie sich mit recycelten Materialien besch\u00e4ftigen, Optionen f\u00fcr die n\u00e4chste Verwendung bewerten oder Produkte mit Blick auf Kreislaufrohstoffe entwickeln m\u00f6chten \u2013 wir verwandeln komplexe Materialfragen in umsetzbare L\u00f6sungen.<\/p>\n\n<div style=\"height:69px\" aria-hidden=\"true\" class=\"wp-block-spacer\"><\/div>\n\n<p class=\"has-medium-font-size\">Unsere Experten in der Rohstoffforschung sind bereit, Ihr Unternehmen zu transformieren.<\/p>\n\n<div class=\"wp-block-buttons is-layout-flex wp-block-buttons-is-layout-flex\">\n<div class=\"wp-block-button\"><a class=\"wp-block-button__link wp-element-button\" href=\"https:\/\/cirmar.com\/de\/kontakt\/\">Nehmen Sie jetzt Kontakt auf<\/a><\/div>\n<\/div>\n\n<div style=\"height:41px\" aria-hidden=\"true\" class=\"wp-block-spacer\"><\/div>\n\n<p class=\"has-medium-font-size\">Erfahren Sie mehr \u00fcber unsere Kreislauftransformationen, indem Sie in unsere Kreislaufgeschichten eintauchen.<\/p>\n\n<div class=\"wp-block-buttons is-layout-flex wp-block-buttons-is-layout-flex\">\n<div class=\"wp-block-button\"><a class=\"wp-block-button__link wp-element-button\" href=\"https:\/\/cirmar.com\/use-cases\/emma-safety-footwear\/\">EMMA Safety Footwear<\/a><\/div>\n\n\n\n<div class=\"wp-block-button\"><a class=\"wp-block-button__link wp-element-button\" href=\"https:\/\/cirmar.com\/use-cases\/securing-material-value-and-quality\/\">Jumbo<\/a><\/div>\n\n\n\n<div class=\"wp-block-button\"><a class=\"wp-block-button__link wp-element-button\" href=\"https:\/\/cirmar.com\/use-cases\/centerparcs-cottages\/\">Center Parcs<\/a><\/div>\n<\/div>\n\n<p><\/p>\n","protected":false},"excerpt":{"rendered":"<p>Herausfinden, wo sich Materialien befinden und wie man ihren Wert und ihre Qualit\u00e4t zur\u00fcckgewinnen kann Eine der wichtigsten Fragen jeder Kreislaufstrategie lautet: Was kann aus diesem Material werden? Kreislaufwirtschaft wird nicht allein durch ambitionierte Ziele erreicht \u2013 sie erfordert ein klares Verst\u00e4ndnis davon, ob und in welcher Qualit\u00e4t und unter welchen Bedingungen wiederverwendet werden kann&#8230;.<\/p>\n","protected":false},"author":2,"featured_media":0,"parent":0,"menu_order":0,"comment_status":"closed","ping_status":"closed","template":"","meta":{"footnotes":""},"class_list":["post-9388","page","type-page","status-publish","hentry"],"acf":[],"yoast_head":"<!-- This site is optimized with the Yoast SEO plugin v22.1 - https:\/\/yoast.com\/wordpress\/plugins\/seo\/ -->\n<title>Rohstoffforschung - Cirmar<\/title>\n<meta name=\"description\" content=\"Die Rohstoffforschung ist unerl\u00e4sslich, um das Potenzial f\u00fcr die Wiederverwendung und R\u00fcckgewinnung wertvoller Materialien im Versorgungskreislauf zu verstehen.\" \/>\n<meta name=\"robots\" content=\"index, follow, max-snippet:-1, max-image-preview:large, max-video-preview:-1\" \/>\n<link rel=\"canonical\" href=\"https:\/\/cirmar.com\/de\/rohstoffforschung\/\" \/>\n<meta property=\"og:locale\" content=\"de_DE\" \/>\n<meta property=\"og:type\" content=\"article\" \/>\n<meta property=\"og:title\" content=\"Rohstoffforschung - Cirmar\" \/>\n<meta property=\"og:description\" content=\"Die Rohstoffforschung ist unerl\u00e4sslich, um das Potenzial f\u00fcr die Wiederverwendung und R\u00fcckgewinnung wertvoller Materialien im Versorgungskreislauf zu verstehen.\" \/>\n<meta property=\"og:url\" content=\"https:\/\/cirmar.com\/de\/rohstoffforschung\/\" \/>\n<meta property=\"og:site_name\" content=\"Cirmar\" \/>\n<meta property=\"article:modified_time\" content=\"2026-04-21T09:08:33+00:00\" \/>\n<meta property=\"og:image\" content=\"https:\/\/cirmar.com\/\/app\/uploads\/2026\/02\/frans-ispt-1024x653.jpeg\" \/>\n<meta name=\"twitter:card\" content=\"summary_large_image\" \/>\n<meta name=\"twitter:label1\" content=\"Est. reading time\" \/>\n\t<meta name=\"twitter:data1\" content=\"5 minutes\" \/>\n<script type=\"application\/ld+json\" class=\"yoast-schema-graph\">{\"@context\":\"https:\/\/schema.org\",\"@graph\":[{\"@type\":\"WebPage\",\"@id\":\"https:\/\/cirmar.com\/de\/rohstoffforschung\/\",\"url\":\"https:\/\/cirmar.com\/de\/rohstoffforschung\/\",\"name\":\"Rohstoffforschung - Cirmar\",\"isPartOf\":{\"@id\":\"https:\/\/cirmar.com\/#website\"},\"datePublished\":\"2026-04-21T09:08:32+00:00\",\"dateModified\":\"2026-04-21T09:08:33+00:00\",\"description\":\"Die Rohstoffforschung ist unerl\u00e4sslich, um das Potenzial f\u00fcr die Wiederverwendung und R\u00fcckgewinnung wertvoller Materialien im Versorgungskreislauf zu verstehen.\",\"breadcrumb\":{\"@id\":\"https:\/\/cirmar.com\/de\/rohstoffforschung\/#breadcrumb\"},\"inLanguage\":\"de-DE\",\"potentialAction\":[{\"@type\":\"ReadAction\",\"target\":[\"https:\/\/cirmar.com\/de\/rohstoffforschung\/\"]}]},{\"@type\":\"BreadcrumbList\",\"@id\":\"https:\/\/cirmar.com\/de\/rohstoffforschung\/#breadcrumb\",\"itemListElement\":[{\"@type\":\"ListItem\",\"position\":1,\"name\":\"Cirmar\",\"item\":\"https:\/\/cirmar.com\/de\/\"},{\"@type\":\"ListItem\",\"position\":2,\"name\":\"Rohstoffforschung\"}]},{\"@type\":\"WebSite\",\"@id\":\"https:\/\/cirmar.com\/#website\",\"url\":\"https:\/\/cirmar.com\/\",\"name\":\"Cirmar\",\"description\":\"The Digital Product Passport\",\"publisher\":{\"@id\":\"https:\/\/cirmar.com\/#organization\"},\"potentialAction\":[{\"@type\":\"SearchAction\",\"target\":{\"@type\":\"EntryPoint\",\"urlTemplate\":\"https:\/\/cirmar.com\/?s={search_term_string}\"},\"query-input\":\"required name=search_term_string\"}],\"inLanguage\":\"de-DE\"},{\"@type\":\"Organization\",\"@id\":\"https:\/\/cirmar.com\/#organization\",\"name\":\"Cirmar\",\"url\":\"https:\/\/cirmar.com\/\",\"logo\":{\"@type\":\"ImageObject\",\"inLanguage\":\"de-DE\",\"@id\":\"https:\/\/cirmar.com\/#\/schema\/logo\/image\/\",\"url\":\"https:\/\/www.cirmar.com\/app\/uploads\/2021\/09\/Group-14.png\",\"contentUrl\":\"https:\/\/www.cirmar.com\/app\/uploads\/2021\/09\/Group-14.png\",\"width\":233,\"height\":95,\"caption\":\"Cirmar\"},\"image\":{\"@id\":\"https:\/\/cirmar.com\/#\/schema\/logo\/image\/\"}}]}<\/script>\n<!-- \/ Yoast SEO plugin. -->","yoast_head_json":{"title":"Rohstoffforschung - Cirmar","description":"Die Rohstoffforschung ist unerl\u00e4sslich, um das Potenzial f\u00fcr die Wiederverwendung und R\u00fcckgewinnung wertvoller Materialien im Versorgungskreislauf zu verstehen.","robots":{"index":"index","follow":"follow","max-snippet":"max-snippet:-1","max-image-preview":"max-image-preview:large","max-video-preview":"max-video-preview:-1"},"canonical":"https:\/\/cirmar.com\/de\/rohstoffforschung\/","og_locale":"de_DE","og_type":"article","og_title":"Rohstoffforschung - Cirmar","og_description":"Die Rohstoffforschung ist unerl\u00e4sslich, um das Potenzial f\u00fcr die Wiederverwendung und R\u00fcckgewinnung wertvoller Materialien im Versorgungskreislauf zu verstehen.","og_url":"https:\/\/cirmar.com\/de\/rohstoffforschung\/","og_site_name":"Cirmar","article_modified_time":"2026-04-21T09:08:33+00:00","og_image":[{"url":"https:\/\/cirmar.com\/\/app\/uploads\/2026\/02\/frans-ispt-1024x653.jpeg"}],"twitter_card":"summary_large_image","twitter_misc":{"Est. reading time":"5 minutes"},"schema":{"@context":"https:\/\/schema.org","@graph":[{"@type":"WebPage","@id":"https:\/\/cirmar.com\/de\/rohstoffforschung\/","url":"https:\/\/cirmar.com\/de\/rohstoffforschung\/","name":"Rohstoffforschung - Cirmar","isPartOf":{"@id":"https:\/\/cirmar.com\/#website"},"datePublished":"2026-04-21T09:08:32+00:00","dateModified":"2026-04-21T09:08:33+00:00","description":"Die Rohstoffforschung ist unerl\u00e4sslich, um das Potenzial f\u00fcr die Wiederverwendung und R\u00fcckgewinnung wertvoller Materialien im Versorgungskreislauf zu verstehen.","breadcrumb":{"@id":"https:\/\/cirmar.com\/de\/rohstoffforschung\/#breadcrumb"},"inLanguage":"de-DE","potentialAction":[{"@type":"ReadAction","target":["https:\/\/cirmar.com\/de\/rohstoffforschung\/"]}]},{"@type":"BreadcrumbList","@id":"https:\/\/cirmar.com\/de\/rohstoffforschung\/#breadcrumb","itemListElement":[{"@type":"ListItem","position":1,"name":"Cirmar","item":"https:\/\/cirmar.com\/de\/"},{"@type":"ListItem","position":2,"name":"Rohstoffforschung"}]},{"@type":"WebSite","@id":"https:\/\/cirmar.com\/#website","url":"https:\/\/cirmar.com\/","name":"Cirmar","description":"The Digital Product Passport","publisher":{"@id":"https:\/\/cirmar.com\/#organization"},"potentialAction":[{"@type":"SearchAction","target":{"@type":"EntryPoint","urlTemplate":"https:\/\/cirmar.com\/?s={search_term_string}"},"query-input":"required name=search_term_string"}],"inLanguage":"de-DE"},{"@type":"Organization","@id":"https:\/\/cirmar.com\/#organization","name":"Cirmar","url":"https:\/\/cirmar.com\/","logo":{"@type":"ImageObject","inLanguage":"de-DE","@id":"https:\/\/cirmar.com\/#\/schema\/logo\/image\/","url":"https:\/\/www.cirmar.com\/app\/uploads\/2021\/09\/Group-14.png","contentUrl":"https:\/\/www.cirmar.com\/app\/uploads\/2021\/09\/Group-14.png","width":233,"height":95,"caption":"Cirmar"},"image":{"@id":"https:\/\/cirmar.com\/#\/schema\/logo\/image\/"}}]}},"_links":{"self":[{"href":"https:\/\/cirmar.com\/de\/wp-json\/wp\/v2\/pages\/9388"}],"collection":[{"href":"https:\/\/cirmar.com\/de\/wp-json\/wp\/v2\/pages"}],"about":[{"href":"https:\/\/cirmar.com\/de\/wp-json\/wp\/v2\/types\/page"}],"author":[{"embeddable":true,"href":"https:\/\/cirmar.com\/de\/wp-json\/wp\/v2\/users\/2"}],"replies":[{"embeddable":true,"href":"https:\/\/cirmar.com\/de\/wp-json\/wp\/v2\/comments?post=9388"}],"version-history":[{"count":1,"href":"https:\/\/cirmar.com\/de\/wp-json\/wp\/v2\/pages\/9388\/revisions"}],"predecessor-version":[{"id":9391,"href":"https:\/\/cirmar.com\/de\/wp-json\/wp\/v2\/pages\/9388\/revisions\/9391"}],"wp:attachment":[{"href":"https:\/\/cirmar.com\/de\/wp-json\/wp\/v2\/media?parent=9388"}],"curies":[{"name":"wp","href":"https:\/\/api.w.org\/{rel}","templated":true}]}}