{"id":9394,"date":"2026-04-21T11:12:23","date_gmt":"2026-04-21T09:12:23","guid":{"rendered":"https:\/\/cirmar.com\/neue-anwendungen\/"},"modified":"2026-04-21T11:12:24","modified_gmt":"2026-04-21T09:12:24","slug":"neue-anwendungen","status":"publish","type":"page","link":"https:\/\/cirmar.com\/de\/neue-anwendungen\/","title":{"rendered":"Neue Anwendungen"},"content":{"rendered":"\n<h2 class=\"wp-block-heading\">Neue Verwendungsm\u00f6glichkeiten f\u00fcr Materialien im selben oder einem anderen Produkt<\/h2>\n\n<div style=\"height:112px\" aria-hidden=\"true\" class=\"wp-block-spacer\"><\/div>\n\n<p class=\"has-medium-font-size\"><strong>Einer der spannendsten Aspekte der Kreislaufwirtschaft ist das Potenzial, gebrauchte Materialien in neue, wertvolle Anwendungen zu verwandeln. Nicht jedes Produkt kann zu seinem urspr\u00fcnglichen Zweck zur\u00fcckkehren, und nicht jedes Material durchl\u00e4uft einen einzigen, vorhersehbaren Kreislauf. Kreislaufwirtschaft erfordert eine Kaskade von Nutzungen \u2013 jede einzelne mit dem h\u00f6chstm\u00f6glichen Wert und so lange wie m\u00f6glich. Unternehmen dabei zu unterst\u00fctzen, diese M\u00f6glichkeiten der Weiterverwendung zu identifizieren und zu gestalten, ist ein Kernbestandteil unserer Arbeit.<\/strong><\/p>\n\n<p class=\"has-medium-font-size\">Bei Cirmar arbeiten wir mit Organisationen zusammen, um ihre Materialfl\u00fcsse zu verstehen, die Qualit\u00e4t und das Potenzial von Recyclingmaterialien zu bewerten und Visionen f\u00fcr neue Produkte zu entwickeln, die daraus entstehen k\u00f6nnen. Dazu kooperieren wir eng mit Designern, Ingenieuren, Forschungseinrichtungen und Herstellern verschiedenster Branchen. Indem wir diese Bereiche zusammenf\u00fchren, er\u00f6ffnen wir Wege zu Anwendungen, die nicht nur realisierbar, sondern auch wirklich wertvoll sind \u2013 \u00f6kologisch, wirtschaftlich und kreativ.<\/p>\n\n<div style=\"height:64px\" aria-hidden=\"true\" class=\"wp-block-spacer\"><\/div>\n\n<h2 class=\"wp-block-heading\"><strong>Das Potenzial in gebrauchten Materialien erkennen<\/strong><\/h2>\n\n<p class=\"has-medium-font-size\">Materialien verlieren nach ihrem ersten Nutzungszyklus selten ihren gesamten Wert. Kunststoffe, Textilien, Metalle, biogene Materialien, Mineralien, Verbundwerkstoffe und selbst komplexe Produktkomponenten behalten oft Eigenschaften, die eine erneute Verwendung in neuen Formen erm\u00f6glichen. Die Herausforderung besteht darin, zu verstehen, was m\u00f6glich ist und welche weiteren Verwendungen technisch, wirtschaftlich und strategisch sinnvoll sind. In einem geschlossenen Kreislauf \u2013 oder in vernetzten Kreisl\u00e4ufen.<\/p>\n\n<p class=\"has-medium-font-size\">Unser Ansatz beginnt mit dem Material selbst: In welchem \u200b\u200bZustand befindet es sich? Welche Leistungseigenschaften sind noch vorhanden? Welche Behandlungen oder Verarbeitungsschritte sind erforderlich? Anschlie\u00dfend untersuchen wir, wie diese Materialien in verschiedenen Anwendungsbereichen eingesetzt werden k\u00f6nnen \u2013 manchmal innerhalb desselben Sektors, oft aber auch in v\u00f6llig neuen. Diese Untersuchung ist unerl\u00e4sslich, um das verborgene Potenzial zu erschlie\u00dfen, dessen sich Unternehmen oft selbst nicht bewusst waren.<\/p>\n\n<div style=\"height:64px\" aria-hidden=\"true\" class=\"wp-block-spacer\"><\/div>\n\n<h2 class=\"wp-block-heading\"><strong>Entwurf der kreisf\u00f6rmigen Kaskade<\/strong><\/h2>\n\n<p class=\"has-medium-font-size\">Kreislaufwirtschaft ist kein linearer Prozess, sondern eine Kaskade. Im Idealfall werden Materialien f\u00fcr denselben Zweck wiederverwendet, doch in der Praxis ist das nur ein Teil der Wahrheit. Viele gebrauchte Materialien eignen sich besser f\u00fcr alternative Anwendungen, die dennoch ihren Wert erhalten. Ein Textil, das nicht mehr als Kleidungsst\u00fcck dienen kann, eignet sich beispielsweise hervorragend als Innenausstattungsmaterial. Ein Kunststoffbauteil, das nicht mehr in Maschinen eingesetzt werden kann, ist m\u00f6glicherweise ideal f\u00fcr M\u00f6bel, Bauelemente oder Konsumg\u00fcter.<\/p>\n\n<p class=\"has-medium-font-size\">Wir begleiten Unternehmen bei diesem Denkprozess. Anstatt sich standardm\u00e4\u00dfig auf Downcycling zu beschr\u00e4nken, erkunden wir das gesamte Spektrum an M\u00f6glichkeiten und streben stets die wertvollste Nutzung an, die technologisch und wirtschaftlich realisierbar ist. Diese Denkweise erm\u00f6glicht es Unternehmen, ihre Kreislaufstrategien nachhaltig und wirkungsvoll zu gestalten.<\/p>\n\n<div style=\"height:64px\" aria-hidden=\"true\" class=\"wp-block-spacer\"><\/div>\n\n<h2 class=\"wp-block-heading\"><strong>Materialien und Hersteller verbinden<\/strong><\/h2>\n\n<p class=\"has-medium-font-size\">Eine der St\u00e4rken von Cirmar ist unsere F\u00e4higkeit, Angebot und Produktion zu verbinden. Wir arbeiten eng mit Designern, Produktentwicklern und Herstellern zusammen, die sich auf die Verarbeitung von Recyclingmaterialien spezialisiert haben. Dieses Netzwerk erm\u00f6glicht es uns, Ideen schnell zu validieren, die Machbarkeit fr\u00fchzeitig zu pr\u00fcfen und den \u00dcbergang vom Konzept zum fertigen Produkt zu beschleunigen.<\/p>\n\n<p class=\"has-medium-font-size\">Diese Kooperationen f\u00fchren oft zu innovativen L\u00f6sungen \u2013 neuen Produktkategorien, modularen Komponenten, Hybridmaterialien oder \u00fcberraschenden Kombinationen von Materialeigenschaften und Designm\u00f6glichkeiten. Indem wir Unternehmen mit den passenden kreativen und technischen Partnern zusammenbringen, setzen wir Visionen in greifbare, zirkul\u00e4re Produkte um.<\/p>\n\n<div style=\"height:64px\" aria-hidden=\"true\" class=\"wp-block-spacer\"><\/div>\n\n<h2 class=\"wp-block-heading\"><strong>Entwicklung hochwertiger Anwendungen f\u00fcr den n\u00e4chsten Einsatz<\/strong><\/h2>\n\n<p class=\"has-medium-font-size\">Der Schl\u00fcssel zu erfolgreichen Wiederverwendungsstrategien liegt darin, den Materialwert nicht nur zu erhalten, sondern zu steigern. Wir unterst\u00fctzen Unternehmen dabei, zu bewerten, wo ihre Materialien optimale Ergebnisse erzielen k\u00f6nnen, wie sie sich in einem zunehmend auf Kreislaufwirtschaft ausgerichteten Markt profilieren und wie neue Anwendungen mit Markenidentit\u00e4t, Kundenerwartungen und langfristigen Kreislaufwirtschaftszielen in Einklang gebracht werden k\u00f6nnen.<\/p>\n\n<p class=\"has-medium-font-size\">Dies f\u00fchrt zu neuen Produkten, die nicht einfach nur \u201eupgecycelt\u201c sind, sondern durchdacht gestaltet, technisch ausgereift und wirtschaftlich erfolgreich sein sollen. In vielen F\u00e4llen erschlie\u00dfen diese neuen Anwendungen v\u00f6llig neue Einnahmequellen, st\u00e4rken die Nachhaltigkeitsbilanz und festigen die Rolle eines Unternehmens in der Kreislaufwirtschaft.<\/p>\n\n<div style=\"height:64px\" aria-hidden=\"true\" class=\"wp-block-spacer\"><\/div>\n\n<div class=\"wp-block-media-text is-stacked-on-mobile\"><figure class=\"wp-block-media-text__media\"><img loading=\"lazy\" decoding=\"async\" width=\"900\" height=\"600\" src=\"https:\/\/cirmar.com\/\/app\/uploads\/2024\/04\/presentatie-LIOF.jpeg\" alt=\"\" class=\"wp-image-3509 size-full\" srcset=\"https:\/\/cirmar.com\/\/app\/uploads\/2024\/04\/presentatie-LIOF.jpeg 900w, https:\/\/cirmar.com\/\/app\/uploads\/2024\/04\/presentatie-LIOF-300x200.jpeg 300w, https:\/\/cirmar.com\/\/app\/uploads\/2024\/04\/presentatie-LIOF-768x512.jpeg 768w, https:\/\/cirmar.com\/\/app\/uploads\/2024\/04\/presentatie-LIOF-825x550.jpeg 825w, https:\/\/cirmar.com\/\/app\/uploads\/2024\/04\/presentatie-LIOF-250x167.jpeg 250w, https:\/\/cirmar.com\/\/app\/uploads\/2024\/04\/presentatie-LIOF-600x400.jpeg 600w\" sizes=\"(max-width: 900px) 100vw, 900px\" \/><\/figure><div class=\"wp-block-media-text__content\">\n<p class=\"has-medium-font-size\">\u201eDas Schlie\u00dfen des Kreislaufs ist Teil einer soliden Kreislaufstrategie. Das bedeutet, dass wir Unternehmen dabei helfen, neue Anwendungsm\u00f6glichkeiten f\u00fcr recycelte Materialien zu finden. Das kann im selben Produkt oder an einem anderen Bestimmungsort geschehen \u2013 solange wir die Qualit\u00e4t und den Wert der Materialien zur\u00fcckgewinnen.\u201c<\/p>\n\n\n\n<p class=\"has-medium-font-size\"><strong>Jasper Martin<\/strong><\/p>\n<\/div><\/div>\n\n<div style=\"height:64px\" aria-hidden=\"true\" class=\"wp-block-spacer\"><\/div>\n\n<h2 class=\"wp-block-heading\"><strong>Informationen, die bessere Anwendungen erm\u00f6glichen<\/strong><\/h2>\n\n<p class=\"has-medium-font-size\">Das Verst\u00e4ndnis und die Dokumentation von Materialeigenschaften sind entscheidend f\u00fcr die Entwicklung geeigneter Folgeanwendungen. <strong>C_passport\u00ae<\/strong> unterst\u00fctzt diesen Prozess, indem es detaillierte Informationen \u00fcber den gesamten Wertsch\u00f6pfungszyklus hinweg zug\u00e4nglich macht. Wenn Konstrukteure und Hersteller die verwendeten Materialien \u2013 Zusammensetzung, Herkunft, Behandlungen, Schlagfestigkeit \u2013 kennen, k\u00f6nnen sie fundierte Entscheidungen treffen, die zu h\u00f6herwertigen Anwendungen f\u00fchren.<\/p>\n\n<p class=\"has-medium-font-size\">Ebenso k\u00f6nnen Daten, die aus neuen Anwendungen generiert werden, in die zuk\u00fcnftige Produktentwicklung zur\u00fcckflie\u00dfen und so ein intelligenteres, st\u00e4rker vernetztes Kreislaufsystem gew\u00e4hrleisten.<\/p>\n\n<div style=\"height:64px\" aria-hidden=\"true\" class=\"wp-block-spacer\"><\/div>\n\n<figure class=\"wp-block-gallery has-nested-images columns-default is-cropped wp-block-gallery-1 is-layout-flex wp-block-gallery-is-layout-flex\">\n<figure class=\"wp-block-image size-large\"><img loading=\"lazy\" decoding=\"async\" width=\"1024\" height=\"1024\" data-id=\"8152\" src=\"https:\/\/cirmar.com\/\/app\/uploads\/2026\/01\/Elements_Canyon_S_Front-1024x1024.jpeg\" alt=\"\" class=\"wp-image-8152\" srcset=\"https:\/\/cirmar.com\/\/app\/uploads\/2026\/01\/Elements_Canyon_S_Front-1024x1024.jpeg 1024w, https:\/\/cirmar.com\/\/app\/uploads\/2026\/01\/Elements_Canyon_S_Front-300x300.jpeg 300w, https:\/\/cirmar.com\/\/app\/uploads\/2026\/01\/Elements_Canyon_S_Front-150x150.jpeg 150w, https:\/\/cirmar.com\/\/app\/uploads\/2026\/01\/Elements_Canyon_S_Front-768x768.jpeg 768w, https:\/\/cirmar.com\/\/app\/uploads\/2026\/01\/Elements_Canyon_S_Front-1536x1536.jpeg 1536w, https:\/\/cirmar.com\/\/app\/uploads\/2026\/01\/Elements_Canyon_S_Front-1080x1080.jpeg 1080w, https:\/\/cirmar.com\/\/app\/uploads\/2026\/01\/Elements_Canyon_S_Front-550x550.jpeg 550w, https:\/\/cirmar.com\/\/app\/uploads\/2026\/01\/Elements_Canyon_S_Front-180x180.jpeg 180w, https:\/\/cirmar.com\/\/app\/uploads\/2026\/01\/Elements_Canyon_S_Front-220x220.jpeg 220w, https:\/\/cirmar.com\/\/app\/uploads\/2026\/01\/Elements_Canyon_S_Front-250x250.jpeg 250w, https:\/\/cirmar.com\/\/app\/uploads\/2026\/01\/Elements_Canyon_S_Front-450x450.jpeg 450w, https:\/\/cirmar.com\/\/app\/uploads\/2026\/01\/Elements_Canyon_S_Front.jpeg 1600w\" sizes=\"(max-width: 1024px) 100vw, 1024px\" \/><\/figure>\n\n\n\n<figure class=\"wp-block-image size-large\"><img loading=\"lazy\" decoding=\"async\" width=\"1024\" height=\"683\" data-id=\"7510\" src=\"https:\/\/cirmar.com\/\/app\/uploads\/2026\/01\/TTC-Nederland-container.jpeg\" alt=\"\" class=\"wp-image-7510\" srcset=\"https:\/\/cirmar.com\/\/app\/uploads\/2026\/01\/TTC-Nederland-container.jpeg 1024w, https:\/\/cirmar.com\/\/app\/uploads\/2026\/01\/TTC-Nederland-container-300x200.jpeg 300w, https:\/\/cirmar.com\/\/app\/uploads\/2026\/01\/TTC-Nederland-container-768x512.jpeg 768w, https:\/\/cirmar.com\/\/app\/uploads\/2026\/01\/TTC-Nederland-container-825x550.jpeg 825w, https:\/\/cirmar.com\/\/app\/uploads\/2026\/01\/TTC-Nederland-container-250x167.jpeg 250w, https:\/\/cirmar.com\/\/app\/uploads\/2026\/01\/TTC-Nederland-container-600x400.jpeg 600w\" sizes=\"(max-width: 1024px) 100vw, 1024px\" \/><\/figure>\n\n\n\n<figure class=\"wp-block-image size-large\"><img loading=\"lazy\" decoding=\"async\" width=\"1024\" height=\"768\" data-id=\"6262\" src=\"https:\/\/cirmar.com\/\/app\/uploads\/2025\/09\/Revalue-yarns-1024x768.jpeg\" alt=\"\" class=\"wp-image-6262\" srcset=\"https:\/\/cirmar.com\/\/app\/uploads\/2025\/09\/Revalue-yarns-1024x768.jpeg 1024w, https:\/\/cirmar.com\/\/app\/uploads\/2025\/09\/Revalue-yarns-300x225.jpeg 300w, https:\/\/cirmar.com\/\/app\/uploads\/2025\/09\/Revalue-yarns-768x576.jpeg 768w, https:\/\/cirmar.com\/\/app\/uploads\/2025\/09\/Revalue-yarns-1536x1152.jpeg 1536w, https:\/\/cirmar.com\/\/app\/uploads\/2025\/09\/Revalue-yarns-1440x1080.jpeg 1440w, https:\/\/cirmar.com\/\/app\/uploads\/2025\/09\/Revalue-yarns-733x550.jpeg 733w, https:\/\/cirmar.com\/\/app\/uploads\/2025\/09\/Revalue-yarns-250x188.jpeg 250w, https:\/\/cirmar.com\/\/app\/uploads\/2025\/09\/Revalue-yarns-600x450.jpeg 600w, https:\/\/cirmar.com\/\/app\/uploads\/2025\/09\/Revalue-yarns.jpeg 2048w\" sizes=\"(max-width: 1024px) 100vw, 1024px\" \/><\/figure>\n<\/figure>\n\n<div style=\"height:64px\" aria-hidden=\"true\" class=\"wp-block-spacer\"><\/div>\n\n<h2 class=\"wp-block-heading\"><strong>Kreislaufpotenzial in Kreislaufrealit\u00e4t umwandeln<\/strong><\/h2>\n\n<p class=\"has-medium-font-size\">Jede Organisation, die mit Retouren oder Abfallstr\u00f6men arbeitet, birgt ungenutztes Potenzial. Mit den richtigen Erkenntnissen, Partnern und einem kreativen Ansatz lassen sich diese Materialien in funktionale, attraktive und wirtschaftlich sinnvolle Produkte verwandeln.<\/p>\n\n<p class=\"has-medium-font-size\">Cirmar unterst\u00fctzt Unternehmen dabei, dieses Potenzial zu erschlie\u00dfen und es in ihre Kreislaufstrategie zu integrieren. Durch die Kombination von Materialkenntnissen, Design-Kollaboration und strategischer Beratung begleiten wir Organisationen bei der Entdeckung und Realisierung der <strong>wertvollsten neuen Anwendungsm\u00f6glichkeiten<\/strong> f\u00fcr ihre Altmaterialien.<\/p>\n\n<div style=\"height:64px\" aria-hidden=\"true\" class=\"wp-block-spacer\"><\/div>\n\n<p class=\"has-medium-font-size\">Unsere Experten f\u00fcr Kreislaufprodukte sind bereit, Ihr Unternehmen zu transformieren.<\/p>\n\n<div class=\"wp-block-buttons is-layout-flex wp-block-buttons-is-layout-flex\">\n<div class=\"wp-block-button\"><a class=\"wp-block-button__link wp-element-button\" href=\"https:\/\/cirmar.com\/de\/kontakt\/\">Nehmen Sie jetzt Kontakt auf<\/a><\/div>\n<\/div>\n\n<div style=\"height:41px\" aria-hidden=\"true\" class=\"wp-block-spacer\"><\/div>\n\n<p class=\"has-medium-font-size\">Erfahren Sie mehr \u00fcber unsere Kreislauftransformationen, indem Sie in unsere Kreislaufgeschichten eintauchen.<\/p>\n\n<div class=\"wp-block-buttons is-layout-flex wp-block-buttons-is-layout-flex\">\n<div class=\"wp-block-button\"><a class=\"wp-block-button__link wp-element-button\" href=\"https:\/\/cirmar.com\/use-cases\/emma-safety-footwear\/\">EMMA Safety Footwear<\/a><\/div>\n\n\n\n<div class=\"wp-block-button\"><a class=\"wp-block-button__link wp-element-button\" href=\"https:\/\/cirmar.com\/use-cases\/securing-material-value-and-quality\/\">Jumbo<\/a><\/div>\n\n\n\n<div class=\"wp-block-button\"><a class=\"wp-block-button__link wp-element-button\" href=\"https:\/\/cirmar.com\/use-cases\/centerparcs-cottages\/\">Center Parcs<\/a><\/div>\n<\/div>\n","protected":false},"excerpt":{"rendered":"<p>Neue Verwendungsm\u00f6glichkeiten f\u00fcr Materialien im selben oder einem anderen Produkt Einer der spannendsten Aspekte der Kreislaufwirtschaft ist das Potenzial, gebrauchte Materialien in neue, wertvolle Anwendungen zu verwandeln. Nicht jedes Produkt kann zu seinem urspr\u00fcnglichen Zweck zur\u00fcckkehren, und nicht jedes Material durchl\u00e4uft einen einzigen, vorhersehbaren Kreislauf. Kreislaufwirtschaft erfordert eine Kaskade von Nutzungen \u2013 jede einzelne mit&#8230;<\/p>\n","protected":false},"author":2,"featured_media":0,"parent":0,"menu_order":0,"comment_status":"closed","ping_status":"closed","template":"","meta":{"footnotes":""},"class_list":["post-9394","page","type-page","status-publish","hentry"],"acf":[],"yoast_head":"<!-- This site is optimized with the Yoast SEO plugin v22.1 - https:\/\/yoast.com\/wordpress\/plugins\/seo\/ -->\n<title>Neue Anwendungen - Cirmar<\/title>\n<meta name=\"description\" content=\"Neue Anwendungsm\u00f6glichkeiten f\u00fcr Altmaterialien erschlie\u00dfen das volle Potenzial der Kreislaufwirtschaft. Wir entwickeln Strategien, vernetzen Sie und unterst\u00fctzen Sie bei der Kommunikation.\" \/>\n<meta name=\"robots\" content=\"index, follow, max-snippet:-1, max-image-preview:large, max-video-preview:-1\" \/>\n<link rel=\"canonical\" href=\"https:\/\/cirmar.com\/de\/neue-anwendungen\/\" \/>\n<meta property=\"og:locale\" content=\"de_DE\" \/>\n<meta property=\"og:type\" content=\"article\" \/>\n<meta property=\"og:title\" content=\"Neue Anwendungen - Cirmar\" \/>\n<meta property=\"og:description\" content=\"Neue Anwendungsm\u00f6glichkeiten f\u00fcr Altmaterialien erschlie\u00dfen das volle Potenzial der Kreislaufwirtschaft. Wir entwickeln Strategien, vernetzen Sie und unterst\u00fctzen Sie bei der Kommunikation.\" \/>\n<meta property=\"og:url\" content=\"https:\/\/cirmar.com\/de\/neue-anwendungen\/\" \/>\n<meta property=\"og:site_name\" content=\"Cirmar\" \/>\n<meta property=\"article:modified_time\" content=\"2026-04-21T09:12:24+00:00\" \/>\n<meta property=\"og:image\" content=\"https:\/\/cirmar.com\/\/app\/uploads\/2024\/04\/presentatie-LIOF.jpeg\" \/>\n<meta name=\"twitter:card\" content=\"summary_large_image\" \/>\n<meta name=\"twitter:label1\" content=\"Est. reading time\" \/>\n\t<meta name=\"twitter:data1\" content=\"5 minutes\" \/>\n<script type=\"application\/ld+json\" class=\"yoast-schema-graph\">{\"@context\":\"https:\/\/schema.org\",\"@graph\":[{\"@type\":\"WebPage\",\"@id\":\"https:\/\/cirmar.com\/de\/neue-anwendungen\/\",\"url\":\"https:\/\/cirmar.com\/de\/neue-anwendungen\/\",\"name\":\"Neue Anwendungen - Cirmar\",\"isPartOf\":{\"@id\":\"https:\/\/cirmar.com\/#website\"},\"datePublished\":\"2026-04-21T09:12:23+00:00\",\"dateModified\":\"2026-04-21T09:12:24+00:00\",\"description\":\"Neue Anwendungsm\u00f6glichkeiten f\u00fcr Altmaterialien erschlie\u00dfen das volle Potenzial der Kreislaufwirtschaft. Wir entwickeln Strategien, vernetzen Sie und unterst\u00fctzen Sie bei der Kommunikation.\",\"breadcrumb\":{\"@id\":\"https:\/\/cirmar.com\/de\/neue-anwendungen\/#breadcrumb\"},\"inLanguage\":\"de-DE\",\"potentialAction\":[{\"@type\":\"ReadAction\",\"target\":[\"https:\/\/cirmar.com\/de\/neue-anwendungen\/\"]}]},{\"@type\":\"BreadcrumbList\",\"@id\":\"https:\/\/cirmar.com\/de\/neue-anwendungen\/#breadcrumb\",\"itemListElement\":[{\"@type\":\"ListItem\",\"position\":1,\"name\":\"Cirmar\",\"item\":\"https:\/\/cirmar.com\/de\/\"},{\"@type\":\"ListItem\",\"position\":2,\"name\":\"Neue Anwendungen\"}]},{\"@type\":\"WebSite\",\"@id\":\"https:\/\/cirmar.com\/#website\",\"url\":\"https:\/\/cirmar.com\/\",\"name\":\"Cirmar\",\"description\":\"The Digital Product Passport\",\"publisher\":{\"@id\":\"https:\/\/cirmar.com\/#organization\"},\"potentialAction\":[{\"@type\":\"SearchAction\",\"target\":{\"@type\":\"EntryPoint\",\"urlTemplate\":\"https:\/\/cirmar.com\/?s={search_term_string}\"},\"query-input\":\"required name=search_term_string\"}],\"inLanguage\":\"de-DE\"},{\"@type\":\"Organization\",\"@id\":\"https:\/\/cirmar.com\/#organization\",\"name\":\"Cirmar\",\"url\":\"https:\/\/cirmar.com\/\",\"logo\":{\"@type\":\"ImageObject\",\"inLanguage\":\"de-DE\",\"@id\":\"https:\/\/cirmar.com\/#\/schema\/logo\/image\/\",\"url\":\"https:\/\/www.cirmar.com\/app\/uploads\/2021\/09\/Group-14.png\",\"contentUrl\":\"https:\/\/www.cirmar.com\/app\/uploads\/2021\/09\/Group-14.png\",\"width\":233,\"height\":95,\"caption\":\"Cirmar\"},\"image\":{\"@id\":\"https:\/\/cirmar.com\/#\/schema\/logo\/image\/\"}}]}<\/script>\n<!-- \/ Yoast SEO plugin. -->","yoast_head_json":{"title":"Neue Anwendungen - Cirmar","description":"Neue Anwendungsm\u00f6glichkeiten f\u00fcr Altmaterialien erschlie\u00dfen das volle Potenzial der Kreislaufwirtschaft. Wir entwickeln Strategien, vernetzen Sie und unterst\u00fctzen Sie bei der Kommunikation.","robots":{"index":"index","follow":"follow","max-snippet":"max-snippet:-1","max-image-preview":"max-image-preview:large","max-video-preview":"max-video-preview:-1"},"canonical":"https:\/\/cirmar.com\/de\/neue-anwendungen\/","og_locale":"de_DE","og_type":"article","og_title":"Neue Anwendungen - Cirmar","og_description":"Neue Anwendungsm\u00f6glichkeiten f\u00fcr Altmaterialien erschlie\u00dfen das volle Potenzial der Kreislaufwirtschaft. Wir entwickeln Strategien, vernetzen Sie und unterst\u00fctzen Sie bei der Kommunikation.","og_url":"https:\/\/cirmar.com\/de\/neue-anwendungen\/","og_site_name":"Cirmar","article_modified_time":"2026-04-21T09:12:24+00:00","og_image":[{"url":"https:\/\/cirmar.com\/\/app\/uploads\/2024\/04\/presentatie-LIOF.jpeg"}],"twitter_card":"summary_large_image","twitter_misc":{"Est. reading time":"5 minutes"},"schema":{"@context":"https:\/\/schema.org","@graph":[{"@type":"WebPage","@id":"https:\/\/cirmar.com\/de\/neue-anwendungen\/","url":"https:\/\/cirmar.com\/de\/neue-anwendungen\/","name":"Neue Anwendungen - Cirmar","isPartOf":{"@id":"https:\/\/cirmar.com\/#website"},"datePublished":"2026-04-21T09:12:23+00:00","dateModified":"2026-04-21T09:12:24+00:00","description":"Neue Anwendungsm\u00f6glichkeiten f\u00fcr Altmaterialien erschlie\u00dfen das volle Potenzial der Kreislaufwirtschaft. Wir entwickeln Strategien, vernetzen Sie und unterst\u00fctzen Sie bei der Kommunikation.","breadcrumb":{"@id":"https:\/\/cirmar.com\/de\/neue-anwendungen\/#breadcrumb"},"inLanguage":"de-DE","potentialAction":[{"@type":"ReadAction","target":["https:\/\/cirmar.com\/de\/neue-anwendungen\/"]}]},{"@type":"BreadcrumbList","@id":"https:\/\/cirmar.com\/de\/neue-anwendungen\/#breadcrumb","itemListElement":[{"@type":"ListItem","position":1,"name":"Cirmar","item":"https:\/\/cirmar.com\/de\/"},{"@type":"ListItem","position":2,"name":"Neue Anwendungen"}]},{"@type":"WebSite","@id":"https:\/\/cirmar.com\/#website","url":"https:\/\/cirmar.com\/","name":"Cirmar","description":"The Digital Product Passport","publisher":{"@id":"https:\/\/cirmar.com\/#organization"},"potentialAction":[{"@type":"SearchAction","target":{"@type":"EntryPoint","urlTemplate":"https:\/\/cirmar.com\/?s={search_term_string}"},"query-input":"required name=search_term_string"}],"inLanguage":"de-DE"},{"@type":"Organization","@id":"https:\/\/cirmar.com\/#organization","name":"Cirmar","url":"https:\/\/cirmar.com\/","logo":{"@type":"ImageObject","inLanguage":"de-DE","@id":"https:\/\/cirmar.com\/#\/schema\/logo\/image\/","url":"https:\/\/www.cirmar.com\/app\/uploads\/2021\/09\/Group-14.png","contentUrl":"https:\/\/www.cirmar.com\/app\/uploads\/2021\/09\/Group-14.png","width":233,"height":95,"caption":"Cirmar"},"image":{"@id":"https:\/\/cirmar.com\/#\/schema\/logo\/image\/"}}]}},"_links":{"self":[{"href":"https:\/\/cirmar.com\/de\/wp-json\/wp\/v2\/pages\/9394"}],"collection":[{"href":"https:\/\/cirmar.com\/de\/wp-json\/wp\/v2\/pages"}],"about":[{"href":"https:\/\/cirmar.com\/de\/wp-json\/wp\/v2\/types\/page"}],"author":[{"embeddable":true,"href":"https:\/\/cirmar.com\/de\/wp-json\/wp\/v2\/users\/2"}],"replies":[{"embeddable":true,"href":"https:\/\/cirmar.com\/de\/wp-json\/wp\/v2\/comments?post=9394"}],"version-history":[{"count":1,"href":"https:\/\/cirmar.com\/de\/wp-json\/wp\/v2\/pages\/9394\/revisions"}],"predecessor-version":[{"id":9397,"href":"https:\/\/cirmar.com\/de\/wp-json\/wp\/v2\/pages\/9394\/revisions\/9397"}],"wp:attachment":[{"href":"https:\/\/cirmar.com\/de\/wp-json\/wp\/v2\/media?parent=9394"}],"curies":[{"name":"wp","href":"https:\/\/api.w.org\/{rel}","templated":true}]}}