{"id":9400,"date":"2026-04-21T11:16:30","date_gmt":"2026-04-21T09:16:30","guid":{"rendered":"https:\/\/cirmar.com\/vom-abfall-zur-ressource\/"},"modified":"2026-04-21T11:16:31","modified_gmt":"2026-04-21T09:16:31","slug":"vom-abfall-zur-ressource","status":"publish","type":"page","link":"https:\/\/cirmar.com\/de\/vom-abfall-zur-ressource\/","title":{"rendered":"Vom Abfall zur Ressource"},"content":{"rendered":"\n<h2 class=\"wp-block-heading\">Warum nicht Materialien wiederverwenden? Wir wissen, wie.<\/h2>\n\n<div style=\"height:114px\" aria-hidden=\"true\" class=\"wp-block-spacer\"><\/div>\n\n<p class=\"has-medium-font-size\"><strong>In einer Kreislaufwirtschaft ist Abfall kein unvermeidliches Ergebnis \u2013 er ist ein Zeichen verpasster Chancen. Wir bei Cirmar sind \u00fcberzeugt, dass Materialien in unserer gesamten Gesellschaft gespeichert sind: in Produkten, Installationen, Inneneinrichtungen und Geb\u00e4uden. Wenn diese Ressourcen ihren aktuellen Verwendungszweck erreicht haben, werden sie nicht zu Abfall. Sie werden zu wertvollen Rohstoffen, die darauf warten, gewonnen und mit ihrem h\u00f6chstm\u00f6glichen Wert in den Wirtschaftskreislauf zur\u00fcckgef\u00fchrt zu werden.<\/strong><\/p>\n\n<p class=\"has-medium-font-size\">Diese Denkweise bildet die Grundlage unserer Arbeit im Rahmen der Transformation von Abfall zu Ressource. Gemeinsam mit unserem langj\u00e4hrigen Partner Agricon Nederland begleiten wir Unternehmen bei der Identifizierung, Sammlung und Wiederverwertung wertvoller Materialien aus bestehenden Produkten und Geb\u00e4uden. F\u00fcr uns ist dies einer der offensichtlichsten \u2013 und dennoch oft \u00fcbersehenen \u2013 schnellen Erfolge im Rahmen von Kreislaufwirtschaftsstrategien.<\/p>\n\n<div style=\"height:77px\" aria-hidden=\"true\" class=\"wp-block-spacer\"><\/div>\n\n<h2 class=\"wp-block-heading\"><strong>Abfall existiert nicht \u2013 Ressourcen schon.<\/strong><\/h2>\n\n<p class=\"has-medium-font-size\">F\u00fcr uns ist die Kategorie \u201eAbfall\u201c ein Irrtum. Sogenannte Abfallstr\u00f6me enthalten h\u00e4ufig Materialien mit erheblichem wirtschaftlichem und \u00f6kologischem Wert. Das Problem liegt nicht im Material selbst, sondern im Fehlen eines Systems, das diesen Wert erkennt und zur\u00fcckgewinnt.<\/p>\n\n<p class=\"has-medium-font-size\">Ob es um den R\u00fcckbau von Ladeneinrichtungen, die Modernisierung von Anlagen, die Sanierung von Geb\u00e4uden oder den Austausch von Maschinen geht \u2013 Materialien bleiben in diesen Anlagen lange Zeit erhalten, auch nachdem sich ihr urspr\u00fcnglicher Zweck ge\u00e4ndert hat. Mit dem richtigen Ansatz k\u00f6nnen sie gewonnen, aufbereitet und in neuen Anwendungen wiederverwendet werden, und zwar mit deutlich geringeren Umweltauswirkungen als bei der Verwendung von Prim\u00e4rrohstoffen.<\/p>\n\n<p class=\"has-medium-font-size\">Dieser Wandel von der Abfallbewirtschaftung hin zur <strong>Ressourcenbewirtschaftung<\/strong> ist einer der wirkungsvollsten Schritte, die ein Unternehmen in Richtung Kreislaufwirtschaft unternehmen kann.<\/p>\n\n<div style=\"height:77px\" aria-hidden=\"true\" class=\"wp-block-spacer\"><\/div>\n\n<h2 class=\"wp-block-heading\"><strong>Zusammenarbeit mit Agricon Nederland: Potenzial in die Praxis umsetzen<\/strong><\/h2>\n\n<p class=\"has-medium-font-size\">Agricon Nederland spielt eine zentrale Rolle in vielen unserer Projekte zur Demontage oder Umnutzung bestehender Anlagen. Dank ihrer Expertise in der Identifizierung, Organisation und Steuerung von Materialfl\u00fcssen k\u00f6nnen wir theoretisches Potenzial in praktische Ergebnisse umsetzen. Gemeinsam sorgen wir daf\u00fcr, dass Materialien, die traditionell demontiert und entsorgt w\u00fcrden, kategorisiert, gesammelt und f\u00fcr die neue Verwendung vorbereitet werden.<\/p>\n\n<p class=\"has-medium-font-size\">Diese Zusammenarbeit strukturiert und verl\u00e4sslich einen ansonsten oft fragmentierten Prozess. Agricon Nederland unterst\u00fctzt die operative Seite \u2013 Materialidentifizierung, selektive Demontage, Qualit\u00e4tspr\u00fcfung und Transportvorbereitung \u2013, w\u00e4hrend Cirmar die strategischen, digitalen und marktorientierten Komponenten integriert. Das Ergebnis ist ein nahtloser \u00dcbergang vom Anlagegut zur Ressource, bereit f\u00fcr Wiederverwendung, Aufarbeitung oder Recycling.<\/p>\n\n<div style=\"height:77px\" aria-hidden=\"true\" class=\"wp-block-spacer\"><\/div>\n\n<h2 class=\"wp-block-heading\"><strong>Materialgewinnung aus Produkten, Anlagen und Geb\u00e4uden<\/strong><\/h2>\n\n<p class=\"has-medium-font-size\">Geb\u00e4ude und Anlagen bergen enorme Ressourcenreserven. Bauteile, Innenverkleidungen, Einbauten, Metalle, Kunststoffe, Verbundwerkstoffe und sogar Textilien behalten ihren Wert lange, auch nachdem ein Geb\u00e4ude oder Produkt modernisiert oder ersetzt wurde. Diese eingebetteten Materialien sind Teil des bereits in der Wirtschaft vorhandenen Kreislaufbestands \u2013 Materialien, die wir weitaus verantwortungsvoller nutzen k\u00f6nnen als neue Ressourcen zu gewinnen.<\/p>\n\n<p class=\"has-medium-font-size\">Durch die fr\u00fchzeitige Kartierung von Materialien, die Planung eines gezielten R\u00fcckbaus und die Dokumentation der gewonnenen Materialien k\u00f6nnen Unternehmen Sanierungs- oder Ersatzprojekte in strategische Kreislaufwirtschaftsprojekte verwandeln. Dies reduziert nicht nur die Umweltbelastung, sondern senkt h\u00e4ufig auch die Kosten, insbesondere wenn hochwertige Materialien direkt wiederverwendet oder auf Sekund\u00e4rm\u00e4rkten verkauft werden k\u00f6nnen.<\/p>\n\n<div style=\"height:77px\" aria-hidden=\"true\" class=\"wp-block-spacer\"><\/div>\n\n<div class=\"wp-block-media-text is-stacked-on-mobile\"><figure class=\"wp-block-media-text__media\"><img loading=\"lazy\" decoding=\"async\" width=\"1024\" height=\"973\" src=\"https:\/\/cirmar.com\/\/app\/uploads\/2026\/02\/afbeelding-1024x973.jpg\" alt=\"\" class=\"wp-image-7816 size-full\" srcset=\"https:\/\/cirmar.com\/\/app\/uploads\/2026\/02\/afbeelding-1024x973.jpg 1024w, https:\/\/cirmar.com\/\/app\/uploads\/2026\/02\/afbeelding-300x285.jpg 300w, https:\/\/cirmar.com\/\/app\/uploads\/2026\/02\/afbeelding-768x730.jpg 768w, https:\/\/cirmar.com\/\/app\/uploads\/2026\/02\/afbeelding-1137x1080.jpg 1137w, https:\/\/cirmar.com\/\/app\/uploads\/2026\/02\/afbeelding-579x550.jpg 579w, https:\/\/cirmar.com\/\/app\/uploads\/2026\/02\/afbeelding-232x220.jpg 232w, https:\/\/cirmar.com\/\/app\/uploads\/2026\/02\/afbeelding-263x250.jpg 263w, https:\/\/cirmar.com\/\/app\/uploads\/2026\/02\/afbeelding-474x450.jpg 474w, https:\/\/cirmar.com\/\/app\/uploads\/2026\/02\/afbeelding.jpg 1200w\" sizes=\"(max-width: 1024px) 100vw, 1024px\" \/><\/figure><div class=\"wp-block-media-text__content\">\n<p class=\"has-medium-font-size\">\u201eEs ist eigentlich ganz einfach: Sobald man erkennt, dass Abfall lediglich ein Konzept ist, das sich in Ressourcen verwandeln l\u00e4sst, er\u00f6ffnet sich eine Welt voller M\u00f6glichkeiten. Wir sorgen daf\u00fcr, dass Sie diese M\u00f6glichkeiten nutzen k\u00f6nnen.\u201c&#13;\n&#13;\n<strong>Rens van den Boorn<\/strong><\/p>\n<\/div><\/div>\n\n<div style=\"height:77px\" aria-hidden=\"true\" class=\"wp-block-spacer\"><\/div>\n\n<h2 class=\"wp-block-heading\"><strong>Information ist der Schl\u00fcssel zur Ressourcenr\u00fcckgewinnung<\/strong><\/h2>\n\n<p class=\"has-medium-font-size\">Um Abfall in Ressourcen zu verwandeln, ist es unerl\u00e4sslich zu wissen, welche Materialien in welchem \u200b\u200bZustand und in welchen Mengen vorhanden sind. Hier spielen <strong>digitale Produktp\u00e4sse (DPPs)<\/strong> und eine strukturierte Materialdokumentation eine entscheidende Rolle. Wenn Produkte und Geb\u00e4ude transparente Informationen \u00fcber ihre Materialzusammensetzung enthalten, werden Demontage und Recycling effizienter, sicherer und qualitativ hochwertiger.<\/p>\n\n<p class=\"has-medium-font-size\">Ebenso wichtig sind die Informationen, die beim R\u00fcckbau gewonnen werden \u2013 Daten \u00fcber Materialzustand, Mengen, Qualit\u00e4t und m\u00f6gliche Anwendungen. Werden diese Informationen korrekt erfasst, flie\u00dfen sie direkt in Strategien f\u00fcr die weitere Nutzung, in gestalterische Entscheidungen und in Marktkontakte ein.<\/p>\n\n<div style=\"height:77px\" aria-hidden=\"true\" class=\"wp-block-spacer\"><\/div>\n\n<figure class=\"wp-block-gallery has-nested-images columns-default is-cropped wp-block-gallery-1 is-layout-flex wp-block-gallery-is-layout-flex\">\n<figure class=\"wp-block-image size-large\"><img loading=\"lazy\" decoding=\"async\" width=\"1024\" height=\"434\" data-id=\"2791\" src=\"https:\/\/cirmar.com\/\/app\/uploads\/2023\/10\/rubber-recycling-1024x434.jpeg\" alt=\"\" class=\"wp-image-2791\" srcset=\"https:\/\/cirmar.com\/\/app\/uploads\/2023\/10\/rubber-recycling-1024x434.jpeg 1024w, https:\/\/cirmar.com\/\/app\/uploads\/2023\/10\/rubber-recycling-300x127.jpeg 300w, https:\/\/cirmar.com\/\/app\/uploads\/2023\/10\/rubber-recycling-768x326.jpeg 768w, https:\/\/cirmar.com\/\/app\/uploads\/2023\/10\/rubber-recycling-1297x550.jpeg 1297w, https:\/\/cirmar.com\/\/app\/uploads\/2023\/10\/rubber-recycling-250x106.jpeg 250w, https:\/\/cirmar.com\/\/app\/uploads\/2023\/10\/rubber-recycling-600x254.jpeg 600w, https:\/\/cirmar.com\/\/app\/uploads\/2023\/10\/rubber-recycling.jpeg 1500w\" sizes=\"(max-width: 1024px) 100vw, 1024px\" \/><\/figure>\n\n\n\n<figure class=\"wp-block-image size-large\"><img loading=\"lazy\" decoding=\"async\" width=\"480\" height=\"348\" data-id=\"1583\" src=\"https:\/\/cirmar.com\/\/app\/uploads\/2022\/12\/ringeee.jpg\" alt=\"\" class=\"wp-image-1583\" srcset=\"https:\/\/cirmar.com\/\/app\/uploads\/2022\/12\/ringeee.jpg 480w, https:\/\/cirmar.com\/\/app\/uploads\/2022\/12\/ringeee-300x218.jpg 300w, https:\/\/cirmar.com\/\/app\/uploads\/2022\/12\/ringeee-250x181.jpg 250w\" sizes=\"(max-width: 480px) 100vw, 480px\" \/><\/figure>\n\n\n\n<figure class=\"wp-block-image size-large\"><img decoding=\"async\" data-id=\"2914\" src=\"https:\/\/cirmar.com\/\/app\/uploads\/2023\/11\/Scherm&#xAD;afbeelding-2023-11-27-om-09.35.59.png\" alt=\"\" class=\"wp-image-2914\"\/><\/figure>\n<\/figure>\n\n<div style=\"height:77px\" aria-hidden=\"true\" class=\"wp-block-spacer\"><\/div>\n\n<h2 class=\"wp-block-heading\"><strong>Bessere Weiterverwendungsm\u00f6glichkeiten als die Verbrennung \u2013 immer<\/strong><\/h2>\n\n<p class=\"has-medium-font-size\">Die Verbrennung ist die letzte Station eines linearen Systems. Erfahrungsgem\u00e4\u00df gibt es fast immer eine bessere Weiterverwendung, sei es die direkte Wiederverwendung, die Aufarbeitung, die Komponentengewinnung, das mechanische oder chemische Recycling oder die Umnutzung in neuen Anwendungen. Die Herausforderung besteht darin, den richtigen Weg zu finden und sicherzustellen, dass die Materialien in der erforderlichen Qualit\u00e4t zur\u00fcckgewonnen werden.<\/p>\n\n<p class=\"has-medium-font-size\">Cirmar unterst\u00fctzt Unternehmen dabei, diese Wege zu finden und fundierte Entscheidungen zu treffen. Durch die Kombination von Materialdaten, praktischer Expertise im Bereich Demontage und tiefgreifenden Marktkontakten begleiten wir Organisationen auf dem Weg zu den wertvollsten und kreislauff\u00e4higen L\u00f6sungen, anstatt Verluste als unvermeidlich hinzunehmen.<\/p>\n\n<div style=\"height:77px\" aria-hidden=\"true\" class=\"wp-block-spacer\"><\/div>\n\n<h2 class=\"wp-block-heading\"><strong>Den \u00dcbergang zur Kreislaufwirtschaft sichtbar und wertvoll machen<\/strong><\/h2>\n\n<p class=\"has-medium-font-size\">Die Umwandlung von Abfall in Ressourcen bringt nicht nur Vorteile f\u00fcr die Umwelt. Sie st\u00e4rkt Lieferketten, reduziert die Materialabh\u00e4ngigkeit, er\u00f6ffnet neue Gesch\u00e4ftsm\u00f6glichkeiten und schafft \u00fcberzeugende und glaubw\u00fcrdige Nachhaltigkeitsgeschichten. Unternehmen, die diesen Ansatz verfolgen, erzielen einen Wettbewerbsvorteil \u2013 nicht nur durch Abfallvermeidung, sondern auch durch die aktive Wertsch\u00f6pfung aus bisher vernachl\u00e4ssigten Ressourcen.<\/p>\n\n<p class=\"has-medium-font-size\">Cirmar unterst\u00fctzt Organisationen dabei, diese Denkweise in ihre umfassendere Kreislaufstrategie zu integrieren. Wenn der Begriff \u201eAbfall\u201c aus dem Sprachgebrauch verschwindet, wird echte Kreislaufwirtschaft m\u00f6glich.<\/p>\n\n<div style=\"height:77px\" aria-hidden=\"true\" class=\"wp-block-spacer\"><\/div>\n\n<p class=\"has-medium-font-size\">Unsere Experten f\u00fcr Abfallverwertungsprozesse sind bereit, Ihr Unternehmen zu transformieren.<\/p>\n\n<div class=\"wp-block-buttons is-layout-flex wp-block-buttons-is-layout-flex\">\n<div class=\"wp-block-button\"><a class=\"wp-block-button__link wp-element-button\" href=\"https:\/\/cirmar.com\/de\/kontakt\/\">Nehmen Sie jetzt Kontakt auf<\/a><\/div>\n<\/div>\n\n<div style=\"height:41px\" aria-hidden=\"true\" class=\"wp-block-spacer\"><\/div>\n\n<p class=\"has-medium-font-size\">Erfahren Sie mehr \u00fcber unsere Kreislauftransformationen, indem Sie in unsere Kreislaufgeschichten eintauchen.<\/p>\n\n<div class=\"wp-block-buttons is-layout-flex wp-block-buttons-is-layout-flex\">\n<div class=\"wp-block-button\"><a class=\"wp-block-button__link wp-element-button\" href=\"https:\/\/cirmar.com\/use-cases\/emma-safety-footwear\/\">EMMA Safety Footwear<\/a><\/div>\n\n\n\n<div class=\"wp-block-button\"><a class=\"wp-block-button__link wp-element-button\" href=\"https:\/\/cirmar.com\/use-cases\/securing-material-value-and-quality\/\">Jumbo<\/a><\/div>\n\n\n\n<div class=\"wp-block-button\"><a class=\"wp-block-button__link wp-element-button\" href=\"https:\/\/cirmar.com\/use-cases\/centerparcs-cottages\/\">Center Parcs<\/a><\/div>\n<\/div>\n","protected":false},"excerpt":{"rendered":"<p>Warum nicht Materialien wiederverwenden? Wir wissen, wie. In einer Kreislaufwirtschaft ist Abfall kein unvermeidliches Ergebnis \u2013 er ist ein Zeichen verpasster Chancen. Wir bei Cirmar sind \u00fcberzeugt, dass Materialien in unserer gesamten Gesellschaft gespeichert sind: in Produkten, Installationen, Inneneinrichtungen und Geb\u00e4uden. Wenn diese Ressourcen ihren aktuellen Verwendungszweck erreicht haben, werden sie nicht zu Abfall. Sie&#8230;<\/p>\n","protected":false},"author":2,"featured_media":0,"parent":0,"menu_order":0,"comment_status":"closed","ping_status":"closed","template":"","meta":{"footnotes":""},"class_list":["post-9400","page","type-page","status-publish","hentry"],"acf":[],"yoast_head":"<!-- This site is optimized with the Yoast SEO plugin v22.1 - https:\/\/yoast.com\/wordpress\/plugins\/seo\/ -->\n<title>Vom Abfall zur Ressource - Cirmar<\/title>\n<meta name=\"description\" content=\"Abfall ist in unseren Augen eine Ressource. Indem wir m\u00f6gliche Weiterverwendungen identifizieren, vermeiden wir die Verbrennung wertvoller Materialien.\" \/>\n<meta name=\"robots\" content=\"index, follow, max-snippet:-1, max-image-preview:large, max-video-preview:-1\" \/>\n<link rel=\"canonical\" href=\"https:\/\/cirmar.com\/de\/vom-abfall-zur-ressource\/\" \/>\n<meta property=\"og:locale\" content=\"de_DE\" \/>\n<meta property=\"og:type\" content=\"article\" \/>\n<meta property=\"og:title\" content=\"Vom Abfall zur Ressource - Cirmar\" \/>\n<meta property=\"og:description\" content=\"Abfall ist in unseren Augen eine Ressource. Indem wir m\u00f6gliche Weiterverwendungen identifizieren, vermeiden wir die Verbrennung wertvoller Materialien.\" \/>\n<meta property=\"og:url\" content=\"https:\/\/cirmar.com\/de\/vom-abfall-zur-ressource\/\" \/>\n<meta property=\"og:site_name\" content=\"Cirmar\" \/>\n<meta property=\"article:modified_time\" content=\"2026-04-21T09:16:31+00:00\" \/>\n<meta property=\"og:image\" content=\"https:\/\/cirmar.com\/\/app\/uploads\/2026\/02\/afbeelding-1024x973.jpg\" \/>\n<meta name=\"twitter:card\" content=\"summary_large_image\" \/>\n<meta name=\"twitter:label1\" content=\"Est. reading time\" \/>\n\t<meta name=\"twitter:data1\" content=\"5 minutes\" \/>\n<script type=\"application\/ld+json\" class=\"yoast-schema-graph\">{\"@context\":\"https:\/\/schema.org\",\"@graph\":[{\"@type\":\"WebPage\",\"@id\":\"https:\/\/cirmar.com\/de\/vom-abfall-zur-ressource\/\",\"url\":\"https:\/\/cirmar.com\/de\/vom-abfall-zur-ressource\/\",\"name\":\"Vom Abfall zur Ressource - Cirmar\",\"isPartOf\":{\"@id\":\"https:\/\/cirmar.com\/#website\"},\"datePublished\":\"2026-04-21T09:16:30+00:00\",\"dateModified\":\"2026-04-21T09:16:31+00:00\",\"description\":\"Abfall ist in unseren Augen eine Ressource. Indem wir m\u00f6gliche Weiterverwendungen identifizieren, vermeiden wir die Verbrennung wertvoller Materialien.\",\"breadcrumb\":{\"@id\":\"https:\/\/cirmar.com\/de\/vom-abfall-zur-ressource\/#breadcrumb\"},\"inLanguage\":\"de-DE\",\"potentialAction\":[{\"@type\":\"ReadAction\",\"target\":[\"https:\/\/cirmar.com\/de\/vom-abfall-zur-ressource\/\"]}]},{\"@type\":\"BreadcrumbList\",\"@id\":\"https:\/\/cirmar.com\/de\/vom-abfall-zur-ressource\/#breadcrumb\",\"itemListElement\":[{\"@type\":\"ListItem\",\"position\":1,\"name\":\"Cirmar\",\"item\":\"https:\/\/cirmar.com\/de\/\"},{\"@type\":\"ListItem\",\"position\":2,\"name\":\"Vom Abfall zur Ressource\"}]},{\"@type\":\"WebSite\",\"@id\":\"https:\/\/cirmar.com\/#website\",\"url\":\"https:\/\/cirmar.com\/\",\"name\":\"Cirmar\",\"description\":\"The Digital Product Passport\",\"publisher\":{\"@id\":\"https:\/\/cirmar.com\/#organization\"},\"potentialAction\":[{\"@type\":\"SearchAction\",\"target\":{\"@type\":\"EntryPoint\",\"urlTemplate\":\"https:\/\/cirmar.com\/?s={search_term_string}\"},\"query-input\":\"required name=search_term_string\"}],\"inLanguage\":\"de-DE\"},{\"@type\":\"Organization\",\"@id\":\"https:\/\/cirmar.com\/#organization\",\"name\":\"Cirmar\",\"url\":\"https:\/\/cirmar.com\/\",\"logo\":{\"@type\":\"ImageObject\",\"inLanguage\":\"de-DE\",\"@id\":\"https:\/\/cirmar.com\/#\/schema\/logo\/image\/\",\"url\":\"https:\/\/www.cirmar.com\/app\/uploads\/2021\/09\/Group-14.png\",\"contentUrl\":\"https:\/\/www.cirmar.com\/app\/uploads\/2021\/09\/Group-14.png\",\"width\":233,\"height\":95,\"caption\":\"Cirmar\"},\"image\":{\"@id\":\"https:\/\/cirmar.com\/#\/schema\/logo\/image\/\"}}]}<\/script>\n<!-- \/ Yoast SEO plugin. -->","yoast_head_json":{"title":"Vom Abfall zur Ressource - Cirmar","description":"Abfall ist in unseren Augen eine Ressource. Indem wir m\u00f6gliche Weiterverwendungen identifizieren, vermeiden wir die Verbrennung wertvoller Materialien.","robots":{"index":"index","follow":"follow","max-snippet":"max-snippet:-1","max-image-preview":"max-image-preview:large","max-video-preview":"max-video-preview:-1"},"canonical":"https:\/\/cirmar.com\/de\/vom-abfall-zur-ressource\/","og_locale":"de_DE","og_type":"article","og_title":"Vom Abfall zur Ressource - Cirmar","og_description":"Abfall ist in unseren Augen eine Ressource. Indem wir m\u00f6gliche Weiterverwendungen identifizieren, vermeiden wir die Verbrennung wertvoller Materialien.","og_url":"https:\/\/cirmar.com\/de\/vom-abfall-zur-ressource\/","og_site_name":"Cirmar","article_modified_time":"2026-04-21T09:16:31+00:00","og_image":[{"url":"https:\/\/cirmar.com\/\/app\/uploads\/2026\/02\/afbeelding-1024x973.jpg"}],"twitter_card":"summary_large_image","twitter_misc":{"Est. reading time":"5 minutes"},"schema":{"@context":"https:\/\/schema.org","@graph":[{"@type":"WebPage","@id":"https:\/\/cirmar.com\/de\/vom-abfall-zur-ressource\/","url":"https:\/\/cirmar.com\/de\/vom-abfall-zur-ressource\/","name":"Vom Abfall zur Ressource - Cirmar","isPartOf":{"@id":"https:\/\/cirmar.com\/#website"},"datePublished":"2026-04-21T09:16:30+00:00","dateModified":"2026-04-21T09:16:31+00:00","description":"Abfall ist in unseren Augen eine Ressource. Indem wir m\u00f6gliche Weiterverwendungen identifizieren, vermeiden wir die Verbrennung wertvoller Materialien.","breadcrumb":{"@id":"https:\/\/cirmar.com\/de\/vom-abfall-zur-ressource\/#breadcrumb"},"inLanguage":"de-DE","potentialAction":[{"@type":"ReadAction","target":["https:\/\/cirmar.com\/de\/vom-abfall-zur-ressource\/"]}]},{"@type":"BreadcrumbList","@id":"https:\/\/cirmar.com\/de\/vom-abfall-zur-ressource\/#breadcrumb","itemListElement":[{"@type":"ListItem","position":1,"name":"Cirmar","item":"https:\/\/cirmar.com\/de\/"},{"@type":"ListItem","position":2,"name":"Vom Abfall zur Ressource"}]},{"@type":"WebSite","@id":"https:\/\/cirmar.com\/#website","url":"https:\/\/cirmar.com\/","name":"Cirmar","description":"The Digital Product Passport","publisher":{"@id":"https:\/\/cirmar.com\/#organization"},"potentialAction":[{"@type":"SearchAction","target":{"@type":"EntryPoint","urlTemplate":"https:\/\/cirmar.com\/?s={search_term_string}"},"query-input":"required name=search_term_string"}],"inLanguage":"de-DE"},{"@type":"Organization","@id":"https:\/\/cirmar.com\/#organization","name":"Cirmar","url":"https:\/\/cirmar.com\/","logo":{"@type":"ImageObject","inLanguage":"de-DE","@id":"https:\/\/cirmar.com\/#\/schema\/logo\/image\/","url":"https:\/\/www.cirmar.com\/app\/uploads\/2021\/09\/Group-14.png","contentUrl":"https:\/\/www.cirmar.com\/app\/uploads\/2021\/09\/Group-14.png","width":233,"height":95,"caption":"Cirmar"},"image":{"@id":"https:\/\/cirmar.com\/#\/schema\/logo\/image\/"}}]}},"_links":{"self":[{"href":"https:\/\/cirmar.com\/de\/wp-json\/wp\/v2\/pages\/9400"}],"collection":[{"href":"https:\/\/cirmar.com\/de\/wp-json\/wp\/v2\/pages"}],"about":[{"href":"https:\/\/cirmar.com\/de\/wp-json\/wp\/v2\/types\/page"}],"author":[{"embeddable":true,"href":"https:\/\/cirmar.com\/de\/wp-json\/wp\/v2\/users\/2"}],"replies":[{"embeddable":true,"href":"https:\/\/cirmar.com\/de\/wp-json\/wp\/v2\/comments?post=9400"}],"version-history":[{"count":1,"href":"https:\/\/cirmar.com\/de\/wp-json\/wp\/v2\/pages\/9400\/revisions"}],"predecessor-version":[{"id":9403,"href":"https:\/\/cirmar.com\/de\/wp-json\/wp\/v2\/pages\/9400\/revisions\/9403"}],"wp:attachment":[{"href":"https:\/\/cirmar.com\/de\/wp-json\/wp\/v2\/media?parent=9400"}],"curies":[{"name":"wp","href":"https:\/\/api.w.org\/{rel}","templated":true}]}}