{"id":9406,"date":"2026-04-21T11:24:21","date_gmt":"2026-04-21T09:24:21","guid":{"rendered":"https:\/\/cirmar.com\/erstellung-von-dpps-mit-code-standards\/"},"modified":"2026-04-21T11:24:22","modified_gmt":"2026-04-21T09:24:22","slug":"erstellung-von-dpps-mit-code-standards","status":"publish","type":"page","link":"https:\/\/cirmar.com\/de\/erstellung-von-dpps-mit-code-standards\/","title":{"rendered":"Erstellung von DPPs mit Code-Standards"},"content":{"rendered":"\n<h2 class=\"wp-block-heading\">Vom Code zu vernetzten Daten<\/h2>\n\n<div style=\"height:86px\" aria-hidden=\"true\" class=\"wp-block-spacer\"><\/div>\n\n<p class=\"has-medium-font-size\"><strong>Digitale Produktp\u00e4sse (DPPs) bieten nur dann echten Mehrwert, wenn sie skalierbar, zuverl\u00e4ssig und mit bestehenden Daten\u00f6kosystemen verkn\u00fcpft sind. Wir bei Cirmar unterst\u00fctzen Unternehmen bei der Erstellung von DPPs, die keine isolierten Dokumente, sondern vollst\u00e4ndig integrierte Datenstrukturen darstellen \u2013 basierend auf anerkannten Codierungsstandards wie GTIN, Artikelnummern, HS-Codes und mehr. Durch die Verkn\u00fcpfung von DPPs mit diesen Kennungen k\u00f6nnen Unternehmen von manueller Datenverarbeitung zu automatisierten, systemgesteuerten Prozessen \u00fcbergehen. Dies ist ein entscheidender Schritt, um Kreislaufwirtschaftsstrategien im gro\u00dfen Ma\u00dfstab umzusetzen.<\/strong><\/p>\n\n<div style=\"height:60px\" aria-hidden=\"true\" class=\"wp-block-spacer\"><\/div>\n\n<h2 class=\"wp-block-heading\"><strong>Codes als Grundlage skalierbarer DPPs<\/strong><\/h2>\n\n<p class=\"has-medium-font-size\">Ein digitaler Produktpass ohne einheitliche Kennung ist schwer zu pflegen, auszutauschen oder zu skalieren. Codierungsstandards l\u00f6sen dieses Problem. Sie fungieren als universeller Schl\u00fcssel, der Produkte mit Daten \u00fcber Systeme, Organisationen und Lieferketten hinweg verbindet.<\/p>\n\n<p class=\"has-medium-font-size\">Ob Sie mit GTINs zur globalen Produktidentifizierung, internen Artikelnummern zur ERP-Integration oder HS-Codes f\u00fcr den internationalen Handel arbeiten, diese Kennungen erm\u00f6glichen es DPPs, Teil Ihrer bestehenden digitalen Infrastruktur zu werden \u2013 und nicht eine zus\u00e4tzliche Ebene dar\u00fcber zu bilden.<\/p>\n\n<p class=\"has-medium-font-size\">Das macht Kreislaufwirtschaft praktisch: wenn Produktdaten nahtlos zwischen Systemen, Partnern und Nutzungszyklusphasen flie\u00dfen.<\/p>\n\n<div style=\"height:60px\" aria-hidden=\"true\" class=\"wp-block-spacer\"><\/div>\n<div class=\"wp-block-image\">\n<figure class=\"aligncenter size-large\"><img decoding=\"async\" src=\"https:\/\/cirmar.com\/\/app\/uploads\/2026\/02\/Scherm&#xAD;afbeelding-2026-02-16-om-16.23.07-1024x593.png\" alt=\"\" class=\"wp-image-8032\"\/><\/figure><\/div>\n<div style=\"height:60px\" aria-hidden=\"true\" class=\"wp-block-spacer\"><\/div>\n\n<h2 class=\"wp-block-heading\"><strong>Automatisierung Ihrer DPP-Prozesse<\/strong><\/h2>\n\n<p class=\"has-medium-font-size\">Durch die Strukturierung von DPPs anhand von Codes erm\u00f6glichen wir die Automatisierung des gesamten Nutzungszyklus. Auf der Cirmar-Plattform dienen Codes als Ankerpunkt f\u00fcr den Import, die Aktualisierung und den Austausch von Produktinformationen.<\/p>\n\n<p class=\"has-medium-font-size\">Unsere Importfunktionen nutzen diese Kennungen, um Daten aus verschiedenen Quellen automatisch abzurufen und abzugleichen. Dadurch entf\u00e4llt die wiederholte manuelle Dateneingabe, Fehler werden reduziert und Ihre DPPs bleiben konsistent und aktuell.<\/p>\n\n<p class=\"has-medium-font-size\">Statt P\u00e4sse einzeln zu erstellen, schafft man ein System, das sie kontinuierlich generiert und erweitert.<\/p>\n\n<div style=\"height:60px\" aria-hidden=\"true\" class=\"wp-block-spacer\"><\/div>\n\n<h2 class=\"wp-block-heading\"><strong>Verbindung zum GS1-Daten\u00f6kosystem<\/strong><\/h2>\n\n<p class=\"has-medium-font-size\">Um diese Automatisierung weiter zu verbessern, beinhaltet unsere Plattform eine API-Verbindung zum GS1-Datenpool. Dadurch k\u00f6nnen Sie direkt auf produktbezogene Daten zugreifen, die in GS1 \u2013 einem der weltweit am h\u00e4ufigsten genutzten Datennetzwerke \u2013 gespeichert sind.<\/p>\n\n<p class=\"has-medium-font-size\">Durch die Kombination von GS1-Daten mit Ihren eigenen Produktinformationen k\u00f6nnen Sie schnell umfassende und standardisierte Datenverarbeitungsprogramme (DPPs) erstellen. Dies verbessert nicht nur die Datenqualit\u00e4t, sondern gew\u00e4hrleistet auch die Einhaltung internationaler Standards und die Erf\u00fcllung der Erwartungen an den Lieferkettenzyklus.<\/p>\n\n<p class=\"has-medium-font-size\">Das Ergebnis ist ein zukunftssicherer Ansatz f\u00fcr Produkttransparenz.<\/p>\n\n<div style=\"height:60px\" aria-hidden=\"true\" class=\"wp-block-spacer\"><\/div>\n\n<h2 class=\"wp-block-heading\"><strong>Das Ergebnis ist ein zukunftssicherer Ansatz f\u00fcr Produkttransparenz.<\/strong><\/h2>\n\n<p class=\"has-medium-font-size\">Viele Unternehmen k\u00e4mpfen mit fragmentierten Produktdaten, die \u00fcber ERP-Systeme, Lieferantendatenbanken und externe Plattformen verteilt sind. Ohne eine klare Struktur ist die Erstellung von Datenverarbeitungspl\u00e4nen (DPPs) zeitaufw\u00e4ndig und die Pflege schwierig.<\/p>\n\n<p class=\"has-medium-font-size\">Durch die Einf\u00fchrung codebasierter Datenverarbeitungsprogramme (DPPs) strukturieren wir diese Komplexit\u00e4t. Daten lassen sich einfacher organisieren, austauschen und validieren \u2013 sowohl intern als auch mit externen Partnern. Dies schafft eine solide Grundlage f\u00fcr Kreislaufwirtschaftsanwendungen wie Wiederverwendung, Aufarbeitung, Recycling und die Erstellung von Compliance-Berichten.<\/p>\n\n<div style=\"height:60px\" aria-hidden=\"true\" class=\"wp-block-spacer\"><\/div>\n\n<div class=\"wp-block-media-text is-stacked-on-mobile\"><figure class=\"wp-block-media-text__media\"><img loading=\"lazy\" decoding=\"async\" width=\"1024\" height=\"973\" src=\"https:\/\/cirmar.com\/\/app\/uploads\/2026\/02\/afbeelding-1024x973.jpg\" alt=\"\" class=\"wp-image-7816 size-full\" srcset=\"https:\/\/cirmar.com\/\/app\/uploads\/2026\/02\/afbeelding-1024x973.jpg 1024w, https:\/\/cirmar.com\/\/app\/uploads\/2026\/02\/afbeelding-300x285.jpg 300w, https:\/\/cirmar.com\/\/app\/uploads\/2026\/02\/afbeelding-768x730.jpg 768w, https:\/\/cirmar.com\/\/app\/uploads\/2026\/02\/afbeelding-1137x1080.jpg 1137w, https:\/\/cirmar.com\/\/app\/uploads\/2026\/02\/afbeelding-579x550.jpg 579w, https:\/\/cirmar.com\/\/app\/uploads\/2026\/02\/afbeelding-232x220.jpg 232w, https:\/\/cirmar.com\/\/app\/uploads\/2026\/02\/afbeelding-263x250.jpg 263w, https:\/\/cirmar.com\/\/app\/uploads\/2026\/02\/afbeelding-474x450.jpg 474w, https:\/\/cirmar.com\/\/app\/uploads\/2026\/02\/afbeelding.jpg 1200w\" sizes=\"(max-width: 1024px) 100vw, 1024px\" \/><\/figure><div class=\"wp-block-media-text__content\">\n<p class=\"has-medium-font-size\">\u201eC_passport\u00ae ist auf Skalierbarkeit ausgelegt. Die Plattform l\u00e4sst sich mit Ihren bestehenden Datenquellen verbinden \u2013 unabh\u00e4ngig davon, ob Datenl\u00fccken vorhanden sind oder nicht. Dies erm\u00f6glicht eine einfache Einrichtung und bietet zahlreiche M\u00f6glichkeiten zur Datenanreicherung und Gewinnung von Erkenntnissen.\u201c<\/p>\n\n\n\n<p class=\"has-medium-font-size\"><strong>Rens van den Boorn<\/strong><\/p>\n<\/div><\/div>\n\n<div style=\"height:60px\" aria-hidden=\"true\" class=\"wp-block-spacer\"><\/div>\n\n<h2 class=\"wp-block-heading\"><strong>Erm\u00f6glichung zirkul\u00e4rer Strategien in gro\u00dfem Umfang<\/strong><\/h2>\n\n<p class=\"has-medium-font-size\">Kreislaufwirtschaft erfordert mehr als gute Absichten \u2013 sie erfordert Systeme, die in gro\u00dfem Ma\u00dfstab funktionieren. Durch die Verkn\u00fcpfung von Datenverarbeitungsprogrammen mit weit verbreiteten Codierungsstandards k\u00f6nnen Unternehmen Kreislaufdaten in ihre t\u00e4glichen Abl\u00e4ufe integrieren.<\/p>\n\n<p class=\"has-medium-font-size\">Dieser Ansatz unterst\u00fctzt:<\/p>\n\n<ul class=\"wp-block-list has-medium-font-size\">\n<li>Schnellere DPP-Erstellung und -Aktualisierungen<\/li>\n<\/ul>\n\n<ul class=\"wp-block-list has-medium-font-size\">\n<li>Nahtloser Datenaustausch entlang des gesamten Wertsch\u00f6pfungszyklus<\/li>\n<\/ul>\n\n<ul class=\"wp-block-list has-medium-font-size\">\n<li>Verbesserte R\u00fcckverfolgbarkeit und Konformit\u00e4t<\/li>\n<\/ul>\n\n<ul class=\"wp-block-list has-medium-font-size\">\n<li>St\u00e4rkere Integration mit bestehenden IT-Systemen<\/li>\n<\/ul>\n\n<p class=\"has-medium-font-size\">Am wichtigsten ist jedoch, dass es die Datenschutzrichtlinien zu einem lebendigen Bestandteil Ihrer Organisation macht, anstatt zu einer statischen Anforderung.<\/p>\n\n<div style=\"height:60px\" aria-hidden=\"true\" class=\"wp-block-spacer\"><\/div>\n<div class=\"wp-block-image\">\n<figure class=\"aligncenter size-large is-resized\"><img loading=\"lazy\" decoding=\"async\" width=\"1024\" height=\"1021\" src=\"https:\/\/cirmar.com\/\/app\/uploads\/2026\/03\/cirmar-systeem-1024x1021.png\" alt=\"\" class=\"wp-image-8548\" style=\"width:545px;height:auto\" srcset=\"https:\/\/cirmar.com\/\/app\/uploads\/2026\/03\/cirmar-systeem-1024x1021.png 1024w, https:\/\/cirmar.com\/\/app\/uploads\/2026\/03\/cirmar-systeem-300x300.png 300w, https:\/\/cirmar.com\/\/app\/uploads\/2026\/03\/cirmar-systeem-150x150.png 150w, https:\/\/cirmar.com\/\/app\/uploads\/2026\/03\/cirmar-systeem-768x766.png 768w, https:\/\/cirmar.com\/\/app\/uploads\/2026\/03\/cirmar-systeem-1083x1080.png 1083w, https:\/\/cirmar.com\/\/app\/uploads\/2026\/03\/cirmar-systeem-551x550.png 551w, https:\/\/cirmar.com\/\/app\/uploads\/2026\/03\/cirmar-systeem-180x180.png 180w, https:\/\/cirmar.com\/\/app\/uploads\/2026\/03\/cirmar-systeem-221x220.png 221w, https:\/\/cirmar.com\/\/app\/uploads\/2026\/03\/cirmar-systeem-251x250.png 251w, https:\/\/cirmar.com\/\/app\/uploads\/2026\/03\/cirmar-systeem-451x450.png 451w, https:\/\/cirmar.com\/\/app\/uploads\/2026\/03\/cirmar-systeem.png 1496w\" sizes=\"(max-width: 1024px) 100vw, 1024px\" \/><\/figure><\/div>\n<div style=\"height:60px\" aria-hidden=\"true\" class=\"wp-block-spacer\"><\/div>\n\n<h2 class=\"wp-block-heading\"><strong>So nutzen Sie Ihre Produktdaten optimal<\/strong><\/h2>\n\n<p class=\"has-medium-font-size\">Wenn digitale Partnerschaftsprogramme (DPPs) auf anerkannten Richtlinien basieren und mit vertrauensw\u00fcrdigen Datenquellen verkn\u00fcpft sind, werden sie zu noch leistungsf\u00e4higeren Instrumenten f\u00fcr die Einhaltung von Vorschriften und die Wertsch\u00f6pfung. Sie erm\u00f6glichen bessere Entscheidungen, erschlie\u00dfen neue M\u00f6glichkeiten der Kreislaufwirtschaft und st\u00e4rken die Zusammenarbeit entlang der Lieferkette.<\/p>\n\n<p class=\"has-medium-font-size\">Cirmar unterst\u00fctzt Organisationen bei der Konzeption und Implementierung dieser Systeme \u2013 und stellt so sicher, dass digitale Produktp\u00e4sse nicht nur erstellt, sondern auch wirklich integriert und zukunftssicher sind.<\/p>\n\n<div style=\"height:60px\" aria-hidden=\"true\" class=\"wp-block-spacer\"><\/div>\n\n<p class=\"has-medium-font-size\">Unsere Experten f\u00fcr DPP-Datenlandschaften sind bereit, Ihr Unternehmen zu transformieren.<\/p>\n\n<div class=\"wp-block-buttons is-layout-flex wp-block-buttons-is-layout-flex\">\n<div class=\"wp-block-button\"><a class=\"wp-block-button__link wp-element-button\" href=\"https:\/\/cirmar.com\/de\/kontakt\/\">Nehmen Sie jetzt Kontakt auf<\/a><\/div>\n<\/div>\n\n<div style=\"height:41px\" aria-hidden=\"true\" class=\"wp-block-spacer\"><\/div>\n\n<p class=\"has-medium-font-size\">Erfahren Sie mehr \u00fcber unsere Kreislauftransformationen, indem Sie in unsere Kreislaufgeschichten eintauchen.<\/p>\n\n<div class=\"wp-block-buttons is-layout-flex wp-block-buttons-is-layout-flex\">\n<div class=\"wp-block-button\"><a class=\"wp-block-button__link wp-element-button\" href=\"https:\/\/cirmar.com\/use-cases\/princess-traveller-recycled-suitcases\/\">Princess Traveller<\/a><\/div>\n\n\n\n<div class=\"wp-block-button\"><a class=\"wp-block-button__link wp-element-button\" href=\"https:\/\/cirmar.com\/use-cases\/securing-material-value-and-quality\/\">Jumbo<\/a><\/div>\n\n\n\n<div class=\"wp-block-button\"><a class=\"wp-block-button__link wp-element-button\" href=\"https:\/\/cirmar.com\/use-cases\/centerparcs-cottages\/\">Center Parcs<\/a><\/div>\n<\/div>\n\n<p><\/p>\n","protected":false},"excerpt":{"rendered":"<p>Vom Code zu vernetzten Daten Digitale Produktp\u00e4sse (DPPs) bieten nur dann echten Mehrwert, wenn sie skalierbar, zuverl\u00e4ssig und mit bestehenden Daten\u00f6kosystemen verkn\u00fcpft sind. Wir bei Cirmar unterst\u00fctzen Unternehmen bei der Erstellung von DPPs, die keine isolierten Dokumente, sondern vollst\u00e4ndig integrierte Datenstrukturen darstellen \u2013 basierend auf anerkannten Codierungsstandards wie GTIN, Artikelnummern, HS-Codes und mehr. Durch die&#8230;<\/p>\n","protected":false},"author":2,"featured_media":0,"parent":0,"menu_order":0,"comment_status":"closed","ping_status":"closed","template":"","meta":{"footnotes":""},"class_list":["post-9406","page","type-page","status-publish","hentry"],"acf":[],"yoast_head":"<!-- This site is optimized with the Yoast SEO plugin v22.1 - https:\/\/yoast.com\/wordpress\/plugins\/seo\/ -->\n<title>Erstellung von DPPs mit Code-Standards - Cirmar<\/title>\n<meta name=\"description\" content=\"Codestandards sind hilfreich, um die DPP-Landschaft zu skalieren. Mit Cirmar k\u00f6nnen Sie Ihre DPPs nahtlos integrieren, indem Sie verschiedene Codes verwenden.\" \/>\n<meta name=\"robots\" content=\"index, follow, max-snippet:-1, max-image-preview:large, max-video-preview:-1\" \/>\n<link rel=\"canonical\" href=\"https:\/\/cirmar.com\/de\/erstellung-von-dpps-mit-code-standards\/\" \/>\n<meta property=\"og:locale\" content=\"de_DE\" \/>\n<meta property=\"og:type\" content=\"article\" \/>\n<meta property=\"og:title\" content=\"Erstellung von DPPs mit Code-Standards - Cirmar\" \/>\n<meta property=\"og:description\" content=\"Codestandards sind hilfreich, um die DPP-Landschaft zu skalieren. Mit Cirmar k\u00f6nnen Sie Ihre DPPs nahtlos integrieren, indem Sie verschiedene Codes verwenden.\" \/>\n<meta property=\"og:url\" content=\"https:\/\/cirmar.com\/de\/erstellung-von-dpps-mit-code-standards\/\" \/>\n<meta property=\"og:site_name\" content=\"Cirmar\" \/>\n<meta property=\"article:modified_time\" content=\"2026-04-21T09:24:22+00:00\" \/>\n<meta property=\"og:image\" content=\"https:\/\/cirmar.com\/\/app\/uploads\/2026\/02\/Scherm&#xAD;afbeelding-2026-02-16-om-16.23.07-1024x593.png\" \/>\n<meta name=\"twitter:card\" content=\"summary_large_image\" \/>\n<meta name=\"twitter:label1\" content=\"Est. reading time\" \/>\n\t<meta name=\"twitter:data1\" content=\"4 minutes\" \/>\n<script type=\"application\/ld+json\" class=\"yoast-schema-graph\">{\"@context\":\"https:\/\/schema.org\",\"@graph\":[{\"@type\":\"WebPage\",\"@id\":\"https:\/\/cirmar.com\/de\/erstellung-von-dpps-mit-code-standards\/\",\"url\":\"https:\/\/cirmar.com\/de\/erstellung-von-dpps-mit-code-standards\/\",\"name\":\"Erstellung von DPPs mit Code-Standards - Cirmar\",\"isPartOf\":{\"@id\":\"https:\/\/cirmar.com\/#website\"},\"datePublished\":\"2026-04-21T09:24:21+00:00\",\"dateModified\":\"2026-04-21T09:24:22+00:00\",\"description\":\"Codestandards sind hilfreich, um die DPP-Landschaft zu skalieren. Mit Cirmar k\u00f6nnen Sie Ihre DPPs nahtlos integrieren, indem Sie verschiedene Codes verwenden.\",\"breadcrumb\":{\"@id\":\"https:\/\/cirmar.com\/de\/erstellung-von-dpps-mit-code-standards\/#breadcrumb\"},\"inLanguage\":\"de-DE\",\"potentialAction\":[{\"@type\":\"ReadAction\",\"target\":[\"https:\/\/cirmar.com\/de\/erstellung-von-dpps-mit-code-standards\/\"]}]},{\"@type\":\"BreadcrumbList\",\"@id\":\"https:\/\/cirmar.com\/de\/erstellung-von-dpps-mit-code-standards\/#breadcrumb\",\"itemListElement\":[{\"@type\":\"ListItem\",\"position\":1,\"name\":\"Cirmar\",\"item\":\"https:\/\/cirmar.com\/de\/\"},{\"@type\":\"ListItem\",\"position\":2,\"name\":\"Erstellung von DPPs mit Code-Standards\"}]},{\"@type\":\"WebSite\",\"@id\":\"https:\/\/cirmar.com\/#website\",\"url\":\"https:\/\/cirmar.com\/\",\"name\":\"Cirmar\",\"description\":\"The Digital Product Passport\",\"publisher\":{\"@id\":\"https:\/\/cirmar.com\/#organization\"},\"potentialAction\":[{\"@type\":\"SearchAction\",\"target\":{\"@type\":\"EntryPoint\",\"urlTemplate\":\"https:\/\/cirmar.com\/?s={search_term_string}\"},\"query-input\":\"required name=search_term_string\"}],\"inLanguage\":\"de-DE\"},{\"@type\":\"Organization\",\"@id\":\"https:\/\/cirmar.com\/#organization\",\"name\":\"Cirmar\",\"url\":\"https:\/\/cirmar.com\/\",\"logo\":{\"@type\":\"ImageObject\",\"inLanguage\":\"de-DE\",\"@id\":\"https:\/\/cirmar.com\/#\/schema\/logo\/image\/\",\"url\":\"https:\/\/www.cirmar.com\/app\/uploads\/2021\/09\/Group-14.png\",\"contentUrl\":\"https:\/\/www.cirmar.com\/app\/uploads\/2021\/09\/Group-14.png\",\"width\":233,\"height\":95,\"caption\":\"Cirmar\"},\"image\":{\"@id\":\"https:\/\/cirmar.com\/#\/schema\/logo\/image\/\"}}]}<\/script>\n<!-- \/ Yoast SEO plugin. -->","yoast_head_json":{"title":"Erstellung von DPPs mit Code-Standards - Cirmar","description":"Codestandards sind hilfreich, um die DPP-Landschaft zu skalieren. Mit Cirmar k\u00f6nnen Sie Ihre DPPs nahtlos integrieren, indem Sie verschiedene Codes verwenden.","robots":{"index":"index","follow":"follow","max-snippet":"max-snippet:-1","max-image-preview":"max-image-preview:large","max-video-preview":"max-video-preview:-1"},"canonical":"https:\/\/cirmar.com\/de\/erstellung-von-dpps-mit-code-standards\/","og_locale":"de_DE","og_type":"article","og_title":"Erstellung von DPPs mit Code-Standards - Cirmar","og_description":"Codestandards sind hilfreich, um die DPP-Landschaft zu skalieren. Mit Cirmar k\u00f6nnen Sie Ihre DPPs nahtlos integrieren, indem Sie verschiedene Codes verwenden.","og_url":"https:\/\/cirmar.com\/de\/erstellung-von-dpps-mit-code-standards\/","og_site_name":"Cirmar","article_modified_time":"2026-04-21T09:24:22+00:00","og_image":[{"url":"https:\/\/cirmar.com\/\/app\/uploads\/2026\/02\/Scherm&#xAD;afbeelding-2026-02-16-om-16.23.07-1024x593.png"}],"twitter_card":"summary_large_image","twitter_misc":{"Est. reading time":"4 minutes"},"schema":{"@context":"https:\/\/schema.org","@graph":[{"@type":"WebPage","@id":"https:\/\/cirmar.com\/de\/erstellung-von-dpps-mit-code-standards\/","url":"https:\/\/cirmar.com\/de\/erstellung-von-dpps-mit-code-standards\/","name":"Erstellung von DPPs mit Code-Standards - Cirmar","isPartOf":{"@id":"https:\/\/cirmar.com\/#website"},"datePublished":"2026-04-21T09:24:21+00:00","dateModified":"2026-04-21T09:24:22+00:00","description":"Codestandards sind hilfreich, um die DPP-Landschaft zu skalieren. Mit Cirmar k\u00f6nnen Sie Ihre DPPs nahtlos integrieren, indem Sie verschiedene Codes verwenden.","breadcrumb":{"@id":"https:\/\/cirmar.com\/de\/erstellung-von-dpps-mit-code-standards\/#breadcrumb"},"inLanguage":"de-DE","potentialAction":[{"@type":"ReadAction","target":["https:\/\/cirmar.com\/de\/erstellung-von-dpps-mit-code-standards\/"]}]},{"@type":"BreadcrumbList","@id":"https:\/\/cirmar.com\/de\/erstellung-von-dpps-mit-code-standards\/#breadcrumb","itemListElement":[{"@type":"ListItem","position":1,"name":"Cirmar","item":"https:\/\/cirmar.com\/de\/"},{"@type":"ListItem","position":2,"name":"Erstellung von DPPs mit Code-Standards"}]},{"@type":"WebSite","@id":"https:\/\/cirmar.com\/#website","url":"https:\/\/cirmar.com\/","name":"Cirmar","description":"The Digital Product Passport","publisher":{"@id":"https:\/\/cirmar.com\/#organization"},"potentialAction":[{"@type":"SearchAction","target":{"@type":"EntryPoint","urlTemplate":"https:\/\/cirmar.com\/?s={search_term_string}"},"query-input":"required name=search_term_string"}],"inLanguage":"de-DE"},{"@type":"Organization","@id":"https:\/\/cirmar.com\/#organization","name":"Cirmar","url":"https:\/\/cirmar.com\/","logo":{"@type":"ImageObject","inLanguage":"de-DE","@id":"https:\/\/cirmar.com\/#\/schema\/logo\/image\/","url":"https:\/\/www.cirmar.com\/app\/uploads\/2021\/09\/Group-14.png","contentUrl":"https:\/\/www.cirmar.com\/app\/uploads\/2021\/09\/Group-14.png","width":233,"height":95,"caption":"Cirmar"},"image":{"@id":"https:\/\/cirmar.com\/#\/schema\/logo\/image\/"}}]}},"_links":{"self":[{"href":"https:\/\/cirmar.com\/de\/wp-json\/wp\/v2\/pages\/9406"}],"collection":[{"href":"https:\/\/cirmar.com\/de\/wp-json\/wp\/v2\/pages"}],"about":[{"href":"https:\/\/cirmar.com\/de\/wp-json\/wp\/v2\/types\/page"}],"author":[{"embeddable":true,"href":"https:\/\/cirmar.com\/de\/wp-json\/wp\/v2\/users\/2"}],"replies":[{"embeddable":true,"href":"https:\/\/cirmar.com\/de\/wp-json\/wp\/v2\/comments?post=9406"}],"version-history":[{"count":1,"href":"https:\/\/cirmar.com\/de\/wp-json\/wp\/v2\/pages\/9406\/revisions"}],"predecessor-version":[{"id":9409,"href":"https:\/\/cirmar.com\/de\/wp-json\/wp\/v2\/pages\/9406\/revisions\/9409"}],"wp:attachment":[{"href":"https:\/\/cirmar.com\/de\/wp-json\/wp\/v2\/media?parent=9406"}],"curies":[{"name":"wp","href":"https:\/\/api.w.org\/{rel}","templated":true}]}}