{"id":9412,"date":"2026-04-21T11:28:28","date_gmt":"2026-04-21T09:28:28","guid":{"rendered":"https:\/\/cirmar.com\/verbindungen-mit-pim-und-erp-systemen\/"},"modified":"2026-04-21T11:28:28","modified_gmt":"2026-04-21T09:28:28","slug":"verbindungen-mit-pim-und-erp-systemen","status":"publish","type":"page","link":"https:\/\/cirmar.com\/de\/verbindungen-mit-pim-und-erp-systemen\/","title":{"rendered":"Verbindungen mit PIM- und ERP-Systemen"},"content":{"rendered":"\n<h2 class=\"wp-block-heading\">Von vorhandenen Daten zu angereicherten DPPs<\/h2>\n\n<div style=\"height:88px\" aria-hidden=\"true\" class=\"wp-block-spacer\"><\/div>\n\n<p class=\"has-medium-font-size\"><strong>Digitale Produktp\u00e4sse (DPPs) gewinnen deutlich an Leistungsf\u00e4higkeit, wenn sie mit den Systemen verkn\u00fcpft werden, in denen Produktdaten bereits gespeichert sind. Wir unterst\u00fctzen Unternehmen bei der Integration von DPPs in PIM- und ERP-Systeme und verwandeln so vorhandene Daten in eine strukturierte, skalierbare und kontinuierlich aktualisierte Grundlage f\u00fcr Kreislaufwirtschaftsstrategien. Anstatt Daten zu duplizieren oder parallele Systeme zu erstellen, kn\u00fcpfen wir an die bestehenden Daten an. Dadurch k\u00f6nnen Unternehmen DPPs effizient erstellen und gleichzeitig eine zentrale, zuverl\u00e4ssige Quelle f\u00fcr Produktinformationen nutzen.<\/strong><\/p>\n\n<div style=\"height:76px\" aria-hidden=\"true\" class=\"wp-block-spacer\"><\/div>\n\n<h2 class=\"wp-block-heading has-medium-font-size\">Bestehende Systeme als Ausgangspunkt nutzen<\/h2>\n\n<p class=\"has-medium-font-size\">In vielen Unternehmen enthalten PIM- und ERP-Systeme bereits einen Gro\u00dfteil der produktbezogenen Daten: Spezifikationen, Materialien, Lieferanten, Logistikinformationen und vieles mehr. Diese Systeme fungieren oft \u2013 formell oder informell \u2013 als R\u00fcckgrat des Produktdatenmanagements.<\/p>\n\n<p class=\"has-medium-font-size\">Durch die Anbindung von C_passport\u00ae an diese Umgebungen stellen wir sicher, dass Datenverarbeitungspl\u00e4ne auf vorhandenem Wissen aufbauen und nicht bei null beginnen. Dies beschleunigt nicht nur die Implementierung, sondern verbessert auch die Datenkonsistenz und -zuverl\u00e4ssigkeit im gesamten Unternehmen.<\/p>\n\n<p class=\"has-medium-font-size\">Gleichzeitig ist uns bewusst, dass nicht jedes Unternehmen ein PIM- oder ERP-System ben\u00f6tigt. F\u00fcr Unternehmen mit einer begrenzten Produktpalette k\u00f6nnen einfachere L\u00f6sungen effizienter sein. Unsere Plattform ist flexibel genug, um beide Ans\u00e4tze zu unterst\u00fctzen \u2013 unabh\u00e4ngig davon, ob Sie mit komplexen Systemen arbeiten oder nicht.<\/p>\n\n<div style=\"height:75px\" aria-hidden=\"true\" class=\"wp-block-spacer\"><\/div>\n<div class=\"wp-block-image\">\n<figure class=\"aligncenter size-large is-resized\"><img decoding=\"async\" src=\"https:\/\/cirmar.com\/\/app\/uploads\/2026\/02\/Scherm&#xAD;afbeelding-2026-02-16-om-16.23.07-1024x593.png\" alt=\"\" class=\"wp-image-8032\" style=\"width:753px;height:auto\"\/><\/figure><\/div>\n<div style=\"height:76px\" aria-hidden=\"true\" class=\"wp-block-spacer\"><\/div>\n\n<h2 class=\"wp-block-heading\">Von Importen bis hin zu Echtzeitintegrationen<\/h2>\n\n<p class=\"has-medium-font-size\">Wir stellen die Verbindung zu PIM- und ERP-Systemen in verschiedenen Stufen her, je nach Ihren Bed\u00fcrfnissen und dem Reifegrad Ihrer Systeme.<\/p>\n\n<p class=\"has-medium-font-size\">Bereits in fr\u00fchen Phasen k\u00f6nnen strukturierte Importe einen erheblichen Mehrwert schaffen. Durch den Import von Produktdaten in die Plattform k\u00f6nnen Sie schnell Datenproduktprofile (DPPs) erstellen und mit der Strukturierung Ihrer Informationen beginnen.<\/p>\n\n<p class=\"has-medium-font-size\">Mit der Weiterentwicklung Ihrer Prozesse streben wir eine tiefere Integration \u00fcber APIs an. Dies erm\u00f6glicht einen Datenaustausch in Echtzeit oder nahezu Echtzeit und stellt sicher, dass Aktualisierungen in Ihrem PIM- oder ERP-System automatisch in Ihren DPPs abgebildet werden.<\/p>\n\n<p class=\"has-medium-font-size\">Dieser stufenweise Ansatz erm\u00f6glicht es Organisationen, schnell zu starten und gleichzeitig eine vollst\u00e4ndig integrierte und automatisierte Datenlandschaft aufzubauen.<\/p>\n\n<div style=\"height:80px\" aria-hidden=\"true\" class=\"wp-block-spacer\"><\/div>\n\n<div class=\"wp-block-media-text is-stacked-on-mobile\"><figure class=\"wp-block-media-text__media\"><img loading=\"lazy\" decoding=\"async\" width=\"900\" height=\"600\" src=\"https:\/\/cirmar.com\/\/app\/uploads\/2024\/04\/presentatie-LIOF.jpeg\" alt=\"\" class=\"wp-image-3509 size-full\" srcset=\"https:\/\/cirmar.com\/\/app\/uploads\/2024\/04\/presentatie-LIOF.jpeg 900w, https:\/\/cirmar.com\/\/app\/uploads\/2024\/04\/presentatie-LIOF-300x200.jpeg 300w, https:\/\/cirmar.com\/\/app\/uploads\/2024\/04\/presentatie-LIOF-768x512.jpeg 768w, https:\/\/cirmar.com\/\/app\/uploads\/2024\/04\/presentatie-LIOF-825x550.jpeg 825w, https:\/\/cirmar.com\/\/app\/uploads\/2024\/04\/presentatie-LIOF-250x167.jpeg 250w, https:\/\/cirmar.com\/\/app\/uploads\/2024\/04\/presentatie-LIOF-600x400.jpeg 600w\" sizes=\"(max-width: 900px) 100vw, 900px\" \/><\/figure><div class=\"wp-block-media-text__content\">\n<p class=\"has-medium-font-size\">\u201eWir legen Wert auf Praktikabilit\u00e4t: Wir nutzen vorhandene Daten nach M\u00f6glichkeit wieder und stellen Verbindungen her, wo dies sinnvoll ist. Das Endziel ist die Schaffung eines Kreislaufs von Wertsch\u00f6pfung; wir organisieren die Daten, um dies zu erm\u00f6glichen.\u201c<\/p>\n\n\n\n<p class=\"has-medium-font-size\"><strong>Jasper Martin<\/strong><\/p>\n<\/div><\/div>\n\n<div style=\"height:76px\" aria-hidden=\"true\" class=\"wp-block-spacer\"><\/div>\n\n<h2 class=\"wp-block-heading\">Schaffung einer einzigen Quelle der Wahrheit<\/h2>\n\n<p class=\"has-medium-font-size\">Einer der Hauptvorteile der Integration mit PIM- oder ERP-Systemen ist die M\u00f6glichkeit, eine eindeutige, zentrale Datenquelle f\u00fcr Produktdaten zu schaffen.<\/p>\n\n<p class=\"has-medium-font-size\">Wenn diese Systeme als zentraler Punkt des Datenmanagements genutzt werden, fungiert C_passport\u00ae als leistungsstarke Erweiterung \u2013 es \u00fcbersetzt strukturierte Produktdaten in digitale Produktp\u00e4sse und macht sie \u00fcber den gesamten Wertsch\u00f6pfungszyklus hinweg zug\u00e4nglich.<\/p>\n\n<p class=\"has-medium-font-size\">Dadurch werden Doppelarbeit und Inkonsistenzen vermieden und sichergestellt, dass alle Beteiligten \u2013 interne Teams, Partner und Kunden \u2013 mit denselben, aktuellen Informationen arbeiten.<\/p>\n\n<div style=\"height:80px\" aria-hidden=\"true\" class=\"wp-block-spacer\"><\/div>\n\n<h2 class=\"wp-block-heading\">Von fragmentierten Daten zu strukturierten Datenfl\u00fcssen<\/h2>\n\n<p class=\"has-medium-font-size\">Ohne Integration werden Produktdaten h\u00e4ufig \u00fcber Tabellenkalkulationen, Systeme und Abteilungen verteilt. Dies erschwert die Pflege genauer Produktdatenpl\u00e4ne und schr\u00e4nkt die Skalierbarkeit ein.<\/p>\n\n<p class=\"has-medium-font-size\">Durch die Anbindung von PIM- und ERP-Systemen an unsere Plattform schaffen wir strukturierte Datenfl\u00fcsse. Informationen flie\u00dfen nahtlos zwischen den Systemen, werden bei Bedarf angereichert und stehen sofort f\u00fcr Kreislaufanwendungen zur Verf\u00fcgung.<\/p>\n\n<p class=\"has-medium-font-size\">Diese Struktur ist unerl\u00e4sslich f\u00fcr Anwendungsf\u00e4lle wie R\u00fcckverfolgbarkeit, Compliance, Wiederverwendungsstrategien und Lebenszyklusanalyse.<\/p>\n\n<div style=\"height:80px\" aria-hidden=\"true\" class=\"wp-block-spacer\"><\/div>\n\n<h2 class=\"wp-block-heading\">Erm\u00f6glichung zirkul\u00e4rer Strategien in gro\u00dfem Umfang<\/h2>\n\n<p class=\"has-medium-font-size\">Kreislaufwirtschaft basiert auf zuverl\u00e4ssigen, zug\u00e4nglichen und aktuellen Produktdaten. Durch die Integration von Datenverarbeitungsplattformen (DPPs) in Ihre Kernsysteme machen wir diese Daten zu einem festen Bestandteil Ihres t\u00e4glichen Betriebs.<\/p>\n\n<p class=\"has-medium-font-size\">Dieser Ansatz unterst\u00fctzt:<\/p>\n\n<ul class=\"wp-block-list\">\n<li class=\"has-medium-font-size\">Effiziente DPP-Erstellung auf Basis vorhandener Daten<\/li>\n\n\n\n<li class=\"has-medium-font-size\">Kontinuierliche Aktualisierungen durch Systemintegrationen<\/li>\n\n\n\n<li class=\"has-medium-font-size\">Kontinuierliche Aktualisierungen durch Systemintegrationen<\/li>\n\n\n\n<li class=\"has-medium-font-size\">Skalierbare Prozesse f\u00fcr wachsende Produktportfolios<\/li>\n<\/ul>\n\n<p class=\"has-medium-font-size\">Am wichtigsten ist jedoch, dass dadurch sichergestellt wird, dass DPPs keine isolierten Ergebnisse darstellen, sondern vollst\u00e4ndig in das digitale \u00d6kosystem Ihrer Organisation eingebettet sind.<\/p>\n\n<div style=\"height:80px\" aria-hidden=\"true\" class=\"wp-block-spacer\"><\/div>\n\n<figure class=\"wp-block-gallery has-nested-images columns-default is-cropped wp-block-gallery-1 is-layout-flex wp-block-gallery-is-layout-flex\"><div class=\"wp-block-image\">\n<figure class=\"aligncenter size-large\"><img decoding=\"async\" data-id=\"8620\" src=\"https:\/\/cirmar.com\/\/app\/uploads\/2026\/03\/Scherm&#xAD;afbeelding-2026-03-20-om-16.23.04-1024x583.png\" alt=\"\" class=\"wp-image-8620\"\/><\/figure><\/div><\/figure>\n\n<div style=\"height:80px\" aria-hidden=\"true\" class=\"wp-block-spacer\"><\/div>\n\n<h2 class=\"wp-block-heading has-medium-font-size\">Sorgen Sie daf\u00fcr, dass Ihre Systeme zusammenarbeiten<\/h2>\n\n<p class=\"has-medium-font-size\">Die Anbindung von PIM- und ERP-Systemen an C_passport\u00ae ist nicht nur ein technischer, sondern ein strategischer Schritt. Sie erm\u00f6glicht es Unternehmen, den vollen Wert ihrer vorhandenen Daten auszusch\u00f6pfen und diese in aussagekr\u00e4ftige, umsetzbare Erkenntnisse f\u00fcr eine Kreislaufwirtschaft zu verwandeln.<\/p>\n\n<p class=\"has-medium-font-size\">Egal, ob Sie gerade erst mit strukturierten Daten beginnen oder bereits komplexe Systemlandschaften verwalten, wir helfen Ihnen, das richtige Ma\u00df an Integration zu entwerfen und umzusetzen.<\/p>\n\n<p><\/p>\n\n<p class=\"has-medium-font-size\">Unsere Experten f\u00fcr DPP-Datenlandschaften sind bereit, Ihr Unternehmen zu transformieren.<\/p>\n\n<div class=\"wp-block-buttons is-layout-flex wp-block-buttons-is-layout-flex\">\n<div class=\"wp-block-button\"><a class=\"wp-block-button__link wp-element-button\" href=\"https:\/\/cirmar.com\/de\/kontakt\/\">Nehmen Sie jetzt Kontakt auf<\/a><\/div>\n<\/div>\n\n<div style=\"height:41px\" aria-hidden=\"true\" class=\"wp-block-spacer\"><\/div>\n\n<p class=\"has-medium-font-size\">Erfahren Sie mehr \u00fcber unsere Kreislauftransformationen, indem Sie in unsere Kreislaufgeschichten eintauchen.<\/p>\n\n<div class=\"wp-block-buttons is-layout-flex wp-block-buttons-is-layout-flex\">\n<div class=\"wp-block-button\"><a class=\"wp-block-button__link wp-element-button\" href=\"https:\/\/cirmar.com\/use-cases\/princess-traveller-recycled-suitcases\/\">Princess Traveller<\/a><\/div>\n\n\n\n<div class=\"wp-block-button\"><a class=\"wp-block-button__link wp-element-button\" href=\"https:\/\/cirmar.com\/use-cases\/securing-material-value-and-quality\/\">Jumbo<\/a><\/div>\n\n\n\n<div class=\"wp-block-button\"><a class=\"wp-block-button__link wp-element-button\" href=\"https:\/\/cirmar.com\/use-cases\/centerparcs-cottages\/\">Center Parcs<\/a><\/div>\n<\/div>\n\n<p><\/p>\n","protected":false},"excerpt":{"rendered":"<p>Von vorhandenen Daten zu angereicherten DPPs Digitale Produktp\u00e4sse (DPPs) gewinnen deutlich an Leistungsf\u00e4higkeit, wenn sie mit den Systemen verkn\u00fcpft werden, in denen Produktdaten bereits gespeichert sind. Wir unterst\u00fctzen Unternehmen bei der Integration von DPPs in PIM- und ERP-Systeme und verwandeln so vorhandene Daten in eine strukturierte, skalierbare und kontinuierlich aktualisierte Grundlage f\u00fcr Kreislaufwirtschaftsstrategien. Anstatt Daten&#8230;<\/p>\n","protected":false},"author":2,"featured_media":0,"parent":0,"menu_order":0,"comment_status":"closed","ping_status":"closed","template":"","meta":{"footnotes":""},"class_list":["post-9412","page","type-page","status-publish","hentry"],"acf":[],"yoast_head":"<!-- This site is optimized with the Yoast SEO plugin v22.1 - https:\/\/yoast.com\/wordpress\/plugins\/seo\/ -->\n<title>Verbindungen mit PIM- und ERP-Systemen - Cirmar<\/title>\n<meta name=\"description\" content=\"PIM- und ERP-Systeme enthalten Daten, die f\u00fcr die DPP und damit f\u00fcr den \u00dcbergang zu einer Kreislaufwirtschaft wertvoll sind. Wir helfen dabei, diesen Wert zu erschlie\u00dfen.\" \/>\n<meta name=\"robots\" content=\"index, follow, max-snippet:-1, max-image-preview:large, max-video-preview:-1\" \/>\n<link rel=\"canonical\" href=\"https:\/\/cirmar.com\/de\/verbindungen-mit-pim-und-erp-systemen\/\" \/>\n<meta property=\"og:locale\" content=\"de_DE\" \/>\n<meta property=\"og:type\" content=\"article\" \/>\n<meta property=\"og:title\" content=\"Verbindungen mit PIM- und ERP-Systemen - Cirmar\" \/>\n<meta property=\"og:description\" content=\"PIM- und ERP-Systeme enthalten Daten, die f\u00fcr die DPP und damit f\u00fcr den \u00dcbergang zu einer Kreislaufwirtschaft wertvoll sind. Wir helfen dabei, diesen Wert zu erschlie\u00dfen.\" \/>\n<meta property=\"og:url\" content=\"https:\/\/cirmar.com\/de\/verbindungen-mit-pim-und-erp-systemen\/\" \/>\n<meta property=\"og:site_name\" content=\"Cirmar\" \/>\n<meta property=\"og:image\" content=\"https:\/\/cirmar.com\/\/app\/uploads\/2026\/02\/Scherm&#xAD;afbeelding-2026-02-16-om-16.23.07-1024x593.png\" \/>\n<meta name=\"twitter:card\" content=\"summary_large_image\" \/>\n<meta name=\"twitter:label1\" content=\"Est. reading time\" \/>\n\t<meta name=\"twitter:data1\" content=\"4 minutes\" \/>\n<script type=\"application\/ld+json\" class=\"yoast-schema-graph\">{\"@context\":\"https:\/\/schema.org\",\"@graph\":[{\"@type\":\"WebPage\",\"@id\":\"https:\/\/cirmar.com\/de\/verbindungen-mit-pim-und-erp-systemen\/\",\"url\":\"https:\/\/cirmar.com\/de\/verbindungen-mit-pim-und-erp-systemen\/\",\"name\":\"Verbindungen mit PIM- und ERP-Systemen - Cirmar\",\"isPartOf\":{\"@id\":\"https:\/\/cirmar.com\/#website\"},\"datePublished\":\"2026-04-21T09:28:28+00:00\",\"dateModified\":\"2026-04-21T09:28:28+00:00\",\"description\":\"PIM- und ERP-Systeme enthalten Daten, die f\u00fcr die DPP und damit f\u00fcr den \u00dcbergang zu einer Kreislaufwirtschaft wertvoll sind. Wir helfen dabei, diesen Wert zu erschlie\u00dfen.\",\"breadcrumb\":{\"@id\":\"https:\/\/cirmar.com\/de\/verbindungen-mit-pim-und-erp-systemen\/#breadcrumb\"},\"inLanguage\":\"de-DE\",\"potentialAction\":[{\"@type\":\"ReadAction\",\"target\":[\"https:\/\/cirmar.com\/de\/verbindungen-mit-pim-und-erp-systemen\/\"]}]},{\"@type\":\"BreadcrumbList\",\"@id\":\"https:\/\/cirmar.com\/de\/verbindungen-mit-pim-und-erp-systemen\/#breadcrumb\",\"itemListElement\":[{\"@type\":\"ListItem\",\"position\":1,\"name\":\"Cirmar\",\"item\":\"https:\/\/cirmar.com\/de\/\"},{\"@type\":\"ListItem\",\"position\":2,\"name\":\"Verbindungen mit PIM- und ERP-Systemen\"}]},{\"@type\":\"WebSite\",\"@id\":\"https:\/\/cirmar.com\/#website\",\"url\":\"https:\/\/cirmar.com\/\",\"name\":\"Cirmar\",\"description\":\"The Digital Product Passport\",\"publisher\":{\"@id\":\"https:\/\/cirmar.com\/#organization\"},\"potentialAction\":[{\"@type\":\"SearchAction\",\"target\":{\"@type\":\"EntryPoint\",\"urlTemplate\":\"https:\/\/cirmar.com\/?s={search_term_string}\"},\"query-input\":\"required name=search_term_string\"}],\"inLanguage\":\"de-DE\"},{\"@type\":\"Organization\",\"@id\":\"https:\/\/cirmar.com\/#organization\",\"name\":\"Cirmar\",\"url\":\"https:\/\/cirmar.com\/\",\"logo\":{\"@type\":\"ImageObject\",\"inLanguage\":\"de-DE\",\"@id\":\"https:\/\/cirmar.com\/#\/schema\/logo\/image\/\",\"url\":\"https:\/\/www.cirmar.com\/app\/uploads\/2021\/09\/Group-14.png\",\"contentUrl\":\"https:\/\/www.cirmar.com\/app\/uploads\/2021\/09\/Group-14.png\",\"width\":233,\"height\":95,\"caption\":\"Cirmar\"},\"image\":{\"@id\":\"https:\/\/cirmar.com\/#\/schema\/logo\/image\/\"}}]}<\/script>\n<!-- \/ Yoast SEO plugin. -->","yoast_head_json":{"title":"Verbindungen mit PIM- und ERP-Systemen - Cirmar","description":"PIM- und ERP-Systeme enthalten Daten, die f\u00fcr die DPP und damit f\u00fcr den \u00dcbergang zu einer Kreislaufwirtschaft wertvoll sind. Wir helfen dabei, diesen Wert zu erschlie\u00dfen.","robots":{"index":"index","follow":"follow","max-snippet":"max-snippet:-1","max-image-preview":"max-image-preview:large","max-video-preview":"max-video-preview:-1"},"canonical":"https:\/\/cirmar.com\/de\/verbindungen-mit-pim-und-erp-systemen\/","og_locale":"de_DE","og_type":"article","og_title":"Verbindungen mit PIM- und ERP-Systemen - Cirmar","og_description":"PIM- und ERP-Systeme enthalten Daten, die f\u00fcr die DPP und damit f\u00fcr den \u00dcbergang zu einer Kreislaufwirtschaft wertvoll sind. Wir helfen dabei, diesen Wert zu erschlie\u00dfen.","og_url":"https:\/\/cirmar.com\/de\/verbindungen-mit-pim-und-erp-systemen\/","og_site_name":"Cirmar","og_image":[{"url":"https:\/\/cirmar.com\/\/app\/uploads\/2026\/02\/Scherm&#xAD;afbeelding-2026-02-16-om-16.23.07-1024x593.png"}],"twitter_card":"summary_large_image","twitter_misc":{"Est. reading time":"4 minutes"},"schema":{"@context":"https:\/\/schema.org","@graph":[{"@type":"WebPage","@id":"https:\/\/cirmar.com\/de\/verbindungen-mit-pim-und-erp-systemen\/","url":"https:\/\/cirmar.com\/de\/verbindungen-mit-pim-und-erp-systemen\/","name":"Verbindungen mit PIM- und ERP-Systemen - Cirmar","isPartOf":{"@id":"https:\/\/cirmar.com\/#website"},"datePublished":"2026-04-21T09:28:28+00:00","dateModified":"2026-04-21T09:28:28+00:00","description":"PIM- und ERP-Systeme enthalten Daten, die f\u00fcr die DPP und damit f\u00fcr den \u00dcbergang zu einer Kreislaufwirtschaft wertvoll sind. Wir helfen dabei, diesen Wert zu erschlie\u00dfen.","breadcrumb":{"@id":"https:\/\/cirmar.com\/de\/verbindungen-mit-pim-und-erp-systemen\/#breadcrumb"},"inLanguage":"de-DE","potentialAction":[{"@type":"ReadAction","target":["https:\/\/cirmar.com\/de\/verbindungen-mit-pim-und-erp-systemen\/"]}]},{"@type":"BreadcrumbList","@id":"https:\/\/cirmar.com\/de\/verbindungen-mit-pim-und-erp-systemen\/#breadcrumb","itemListElement":[{"@type":"ListItem","position":1,"name":"Cirmar","item":"https:\/\/cirmar.com\/de\/"},{"@type":"ListItem","position":2,"name":"Verbindungen mit PIM- und ERP-Systemen"}]},{"@type":"WebSite","@id":"https:\/\/cirmar.com\/#website","url":"https:\/\/cirmar.com\/","name":"Cirmar","description":"The Digital Product Passport","publisher":{"@id":"https:\/\/cirmar.com\/#organization"},"potentialAction":[{"@type":"SearchAction","target":{"@type":"EntryPoint","urlTemplate":"https:\/\/cirmar.com\/?s={search_term_string}"},"query-input":"required name=search_term_string"}],"inLanguage":"de-DE"},{"@type":"Organization","@id":"https:\/\/cirmar.com\/#organization","name":"Cirmar","url":"https:\/\/cirmar.com\/","logo":{"@type":"ImageObject","inLanguage":"de-DE","@id":"https:\/\/cirmar.com\/#\/schema\/logo\/image\/","url":"https:\/\/www.cirmar.com\/app\/uploads\/2021\/09\/Group-14.png","contentUrl":"https:\/\/www.cirmar.com\/app\/uploads\/2021\/09\/Group-14.png","width":233,"height":95,"caption":"Cirmar"},"image":{"@id":"https:\/\/cirmar.com\/#\/schema\/logo\/image\/"}}]}},"_links":{"self":[{"href":"https:\/\/cirmar.com\/de\/wp-json\/wp\/v2\/pages\/9412"}],"collection":[{"href":"https:\/\/cirmar.com\/de\/wp-json\/wp\/v2\/pages"}],"about":[{"href":"https:\/\/cirmar.com\/de\/wp-json\/wp\/v2\/types\/page"}],"author":[{"embeddable":true,"href":"https:\/\/cirmar.com\/de\/wp-json\/wp\/v2\/users\/2"}],"replies":[{"embeddable":true,"href":"https:\/\/cirmar.com\/de\/wp-json\/wp\/v2\/comments?post=9412"}],"version-history":[{"count":1,"href":"https:\/\/cirmar.com\/de\/wp-json\/wp\/v2\/pages\/9412\/revisions"}],"predecessor-version":[{"id":9415,"href":"https:\/\/cirmar.com\/de\/wp-json\/wp\/v2\/pages\/9412\/revisions\/9415"}],"wp:attachment":[{"href":"https:\/\/cirmar.com\/de\/wp-json\/wp\/v2\/media?parent=9412"}],"curies":[{"name":"wp","href":"https:\/\/api.w.org\/{rel}","templated":true}]}}