{"id":9418,"date":"2026-04-21T11:38:12","date_gmt":"2026-04-21T09:38:12","guid":{"rendered":"https:\/\/cirmar.com\/datenluecken-schliessen\/"},"modified":"2026-04-21T11:38:13","modified_gmt":"2026-04-21T09:38:13","slug":"datenluecken-schliessen","status":"publish","type":"page","link":"https:\/\/cirmar.com\/de\/datenluecken-schliessen\/","title":{"rendered":"Datenl\u00fccken schlie\u00dfen"},"content":{"rendered":"\n<h2 class=\"wp-block-heading\">Wir verwandeln Datenl\u00fccken in Erkenntnisse.<\/h2>\n\n<div style=\"height:85px\" aria-hidden=\"true\" class=\"wp-block-spacer\"><\/div>\n\n<p class=\"has-medium-font-size\"><strong>Digitale Produktp\u00e4sse (DPPs) ben\u00f6tigen keine perfekten Daten, um wertvoll zu sein. Tats\u00e4chlich beginnen die meisten Organisationen mit unvollst\u00e4ndigen, fragmentierten oder nur teilweise strukturierten Informationen. Wir bei Cirmar unterst\u00fctzen Organisationen dabei, mit den bereits vorhandenen Daten voranzukommen \u2013 wir verwandeln bestehende Daten in aussagekr\u00e4ftige Erkenntnisse und verbessern die Qualit\u00e4t kontinuierlich. Anstatt auf Perfektion zu warten, konzentrieren wir uns auf Fortschritt. Denn im Sinne einer Kreislaufwirtschaft ist der n\u00e4chste Schritt immer wertvoller als Stillstand.<\/strong><\/p>\n\n<div style=\"height:85px\" aria-hidden=\"true\" class=\"wp-block-spacer\"><\/div>\n\n<h2 class=\"wp-block-heading has-medium-font-size\">Ausgehend von dem, was Sie haben<\/h2>\n\n<p class=\"has-medium-font-size\">Viele Organisationen z\u00f6gern, mit Datenverarbeitungsprogrammen (DPPs) zu beginnen, da ihre Daten unvollst\u00e4ndig sind. Materialien sind m\u00f6glicherweise unbekannt, Lieferanteninformationen fehlen oder Produktspezifikationen sind veraltet.<\/p>\n\n<p class=\"has-medium-font-size\">Das ist normal.<\/p>\n\n<p class=\"has-medium-font-size\">Datenlandschaften entwickeln sich im Laufe der Zeit, und die Erwartung vollst\u00e4ndiger Vollst\u00e4ndigkeit von Anfang an verz\u00f6gert oft unn\u00f6tigerweise das Handeln. Indem wir mit den bereits vorhandenen Daten arbeiten, erm\u00f6glichen wir Organisationen, ihre ersten Datenverarbeitungspl\u00e4ne (DPPs) zu erstellen und damit Struktur, Erkenntnisse und Dynamik aufzubauen.<\/p>\n\n<p class=\"has-medium-font-size\">Von da an wird die Verbesserung Teil des Prozesses.<\/p>\n\n<div style=\"height:85px\" aria-hidden=\"true\" class=\"wp-block-spacer\"><\/div>\n<div class=\"wp-block-image\">\n<figure class=\"aligncenter size-large is-resized\"><img decoding=\"async\" src=\"https:\/\/cirmar.com\/\/app\/uploads\/2026\/02\/Scherm&#xAD;afbeelding-2026-02-16-om-16.23.07-1024x593.png\" alt=\"\" class=\"wp-image-8032\" style=\"width:625px;height:auto\"\/><\/figure><\/div>\n<div style=\"height:85px\" aria-hidden=\"true\" class=\"wp-block-spacer\"><\/div>\n\n<h3 class=\"wp-block-heading\">Daten sind nie fertig<\/h3>\n\n<p class=\"has-medium-font-size\">Produktdaten sind nicht statisch \u2013 sie ver\u00e4ndern, erweitern und verbessern sich im Laufe des Produktlebenszyklus. Neue Erkenntnisse werden gewonnen, Lieferanten teilen zus\u00e4tzliche Informationen und Vorschriften f\u00fchren zu neuen Anforderungen.<\/p>\n\n<p class=\"has-medium-font-size\">DPPs spielen in dieser Entwicklung eine entscheidende Rolle. Sie spiegeln nicht nur den heutigen Wissensstand wider, sondern bilden einen Rahmen f\u00fcr die kontinuierliche Erweiterung und Verfeinerung dieses Wissens.<\/p>\n\n<p class=\"has-medium-font-size\">Durch die Strukturierung von Daten in Datenverarbeitungspl\u00e4nen (DPPs) schaffen Organisationen Transparenz: Was ist bekannt, was fehlt und wo liegen die gr\u00f6\u00dften Verbesserungspotenziale? Dadurch werden Datenl\u00fccken handhabbar und k\u00f6nnen gezielt genutzt werden.<\/p>\n\n<div style=\"height:85px\" aria-hidden=\"true\" class=\"wp-block-spacer\"><\/div>\n\n<h3 class=\"wp-block-heading\">L\u00fccken in Chancen verwandeln<\/h3>\n\n<p class=\"has-medium-font-size\">Datenl\u00fccken werden oft als Einschr\u00e4nkung betrachtet. Wir sehen sie als Ausgangspunkt.<\/p>\n\n<p class=\"has-medium-font-size\">Wenn L\u00fccken sichtbar werden, k\u00f6nnen sie priorisiert werden. Nicht alle fehlenden Daten haben die gleiche Auswirkung. Manche Informationen sind f\u00fcr die Einhaltung von Vorschriften oder f\u00fcr Kreislaufwirtschaftsanwendungen unerl\u00e4sslich, w\u00e4hrend andere Daten im Laufe der Zeit verbessert werden k\u00f6nnen.<\/p>\n\n<p class=\"has-medium-font-size\">Durch die Identifizierung und Strukturierung dieser L\u00fccken k\u00f6nnen Organisationen ihre Anstrengungen dort konzentrieren, wo es am wichtigsten ist \u2013 sei es die Verbesserung der Materialtransparenz, die Einbindung von Lieferanten oder die Optimierung interner Datenprozesse.<\/p>\n\n<p class=\"has-medium-font-size\">Dadurch wird Unsicherheit in Richtung gelenkt.<\/p>\n\n<div style=\"height:85px\" aria-hidden=\"true\" class=\"wp-block-spacer\"><\/div>\n\n<div class=\"wp-block-media-text is-stacked-on-mobile\"><figure class=\"wp-block-media-text__media\"><img loading=\"lazy\" decoding=\"async\" width=\"1024\" height=\"653\" src=\"https:\/\/cirmar.com\/\/app\/uploads\/2026\/02\/frans-ispt-1024x653.jpeg\" alt=\"\" class=\"wp-image-7990 size-full\" srcset=\"https:\/\/cirmar.com\/\/app\/uploads\/2026\/02\/frans-ispt-1024x653.jpeg 1024w, https:\/\/cirmar.com\/\/app\/uploads\/2026\/02\/frans-ispt-300x191.jpeg 300w, https:\/\/cirmar.com\/\/app\/uploads\/2026\/02\/frans-ispt-768x490.jpeg 768w, https:\/\/cirmar.com\/\/app\/uploads\/2026\/02\/frans-ispt-1536x980.jpeg 1536w, https:\/\/cirmar.com\/\/app\/uploads\/2026\/02\/frans-ispt-1694x1080.jpeg 1694w, https:\/\/cirmar.com\/\/app\/uploads\/2026\/02\/frans-ispt-862x550.jpeg 862w, https:\/\/cirmar.com\/\/app\/uploads\/2026\/02\/frans-ispt-250x159.jpeg 250w, https:\/\/cirmar.com\/\/app\/uploads\/2026\/02\/frans-ispt-600x383.jpeg 600w, https:\/\/cirmar.com\/\/app\/uploads\/2026\/02\/frans-ispt.jpeg 2048w\" sizes=\"(max-width: 1024px) 100vw, 1024px\" \/><\/figure><div class=\"wp-block-media-text__content\">\n<p class=\"has-medium-font-size\">\u201eViele Organisationen machen sich Sorgen um die letzten paar Prozentpunkte, um die Daten zu perfektionieren. Beginnen wir mit den ersten 90 % und nutzen wir die gewonnenen Erkenntnisse, um direkt Mehrwert zu generieren!\u201c<\/p>\n\n\n\n<p class=\"has-medium-font-size\"><strong>Frans Beckers<\/strong><\/p>\n<\/div><\/div>\n\n<div style=\"height:85px\" aria-hidden=\"true\" class=\"wp-block-spacer\"><\/div>\n\n<h3 class=\"wp-block-heading\">Von fragmentierten Daten zu strukturierter Verbesserung<\/h3>\n\n<p class=\"has-medium-font-size\">Ohne Struktur kann die Verbesserung der Datenqualit\u00e4t \u00fcberfordernd wirken. Informationen sind verstreut, Verantwortlichkeiten unklar und Fortschritte schwer messbar.<\/p>\n\n<p class=\"has-medium-font-size\">Ohne Struktur kann die Verbesserung der Datenqualit\u00e4t \u00fcberfordernd wirken. Informationen sind verstreut, Verantwortlichkeiten unklar und Fortschritte schwer messbar.<\/p>\n\n<p class=\"has-medium-font-size\">Dies erm\u00f6glicht es Organisationen:<\/p>\n\n<ul class=\"wp-block-list\">\n<li class=\"has-medium-font-size\">Fehlende oder unvollst\u00e4ndige Daten identifizieren<\/li>\n\n\n\n<li class=\"has-medium-font-size\">Verbesserungen nach ihrer Auswirkung priorisieren<\/li>\n\n\n\n<li class=\"has-medium-font-size\">Verfolgen Sie den Fortschritt im Laufe der Zeit<\/li>\n\n\n\n<li class=\"has-medium-font-size\">Teams und Partner auf gemeinsame Datenziele ausrichten<\/li>\n<\/ul>\n\n<p class=\"has-medium-font-size\">Statt nach Perfektion zu streben, schaffen Sie ein System zur kontinuierlichen Verbesserung.<\/p>\n\n<div style=\"height:85px\" aria-hidden=\"true\" class=\"wp-block-spacer\"><\/div>\n\n<h3 class=\"wp-block-heading\">Anleitung und praktische Unterst\u00fctzung<\/h3>\n\n<p class=\"has-medium-font-size\">Die Verbesserung der Datenqualit\u00e4t ist nicht nur eine technische Herausforderung, sondern auch eine organisatorische. Sie erfordert die Abstimmung zwischen den Teams, die Einbindung der Lieferanten und klare Prozesse f\u00fcr die Datenerfassung und -validierung.<\/p>\n\n<p class=\"has-medium-font-size\">Cirmar unterst\u00fctzt Organisationen auf diesem Weg mit strategischer Beratung und praktischer Hilfe. Von der Definition von Datenanforderungen \u00fcber die Einrichtung von Arbeitsabl\u00e4ufen bis hin zur Einbindung von Partnern helfen wir dabei, ambitionierte Ziele in konkrete Ma\u00dfnahmen umzusetzen.<\/p>\n\n<p class=\"has-medium-font-size\">Egal, ob Sie sich noch in der Anfangsphase befinden oder bereits mit strukturierten Daten arbeiten, wir holen Sie dort ab, wo Sie stehen, und helfen Ihnen, voranzukommen.<\/p>\n\n<div style=\"height:85px\" aria-hidden=\"true\" class=\"wp-block-spacer\"><\/div>\n\n<h3 class=\"wp-block-heading\">Erm\u00f6glichung eines Kreislaufprozesses in gro\u00dfem Umfang<\/h3>\n\n<p class=\"has-medium-font-size\">Kreislaufwirtschaft setzt bessere Daten voraus \u2013 doch bessere Daten entstehen nicht \u00fcber Nacht. Indem Organisationen mit den vorhandenen Daten beginnen und diese schrittweise verbessern, k\u00f6nnen sie bereits jetzt Mehrwert generieren und gleichzeitig umfassendere und zuverl\u00e4ssigere Datens\u00e4tze aufbauen.<\/p>\n\n<p class=\"has-medium-font-size\">Dieser Ansatz unterst\u00fctzt:<\/p>\n\n<ul class=\"wp-block-list\">\n<li class=\"has-medium-font-size\">Schnellere Einf\u00fchrung digitaler Produktp\u00e4sse<\/li>\n\n\n\n<li class=\"has-medium-font-size\">Kontinuierliche Verbesserung der Datenqualit\u00e4t<\/li>\n\n\n\n<li class=\"has-medium-font-size\">Bessere Einblicke in Materialien und Produkte<\/li>\n\n\n\n<li class=\"has-medium-font-size\">St\u00e4rkere Grundlagen f\u00fcr Kreislaufstrategien<\/li>\n<\/ul>\n\n<p class=\"has-medium-font-size\">Am wichtigsten ist, dass dadurch sichergestellt wird, dass Datenl\u00fccken nicht zu Hindernissen, sondern zu Treibern des Fortschritts werden.<\/p>\n\n<div style=\"height:85px\" aria-hidden=\"true\" class=\"wp-block-spacer\"><\/div>\n<div class=\"wp-block-image\">\n<figure class=\"aligncenter size-large is-resized\"><img decoding=\"async\" src=\"https:\/\/cirmar.com\/\/app\/uploads\/2026\/03\/Scherm&#xAD;afbeelding-2026-03-20-om-16.23.04-1024x583.png\" alt=\"\" class=\"wp-image-8620\" style=\"width:610px;height:auto\"\/><\/figure><\/div>\n<div style=\"height:85px\" aria-hidden=\"true\" class=\"wp-block-spacer\"><\/div>\n\n<h3 class=\"wp-block-heading\">Fortschritte sichtbar und wertvoll machen<\/h3>\n\n<p class=\"has-medium-font-size\">Das Schlie\u00dfen von Datenl\u00fccken bedeutet nicht, Perfektion zu erreichen. Es geht darum, Transparenz zu schaffen, bessere Entscheidungen zu erm\u00f6glichen und den Wert Ihrer Daten kontinuierlich zu steigern.<\/p>\n\n<p class=\"has-medium-font-size\">Mit der richtigen Struktur, den richtigen Werkzeugen und der richtigen Anleitung werden unvollst\u00e4ndige Daten zum Ausgangspunkt einer wirkungsvollen Kreislaufreise.<\/p>\n\n<p class=\"has-medium-font-size\">Cirmar unterst\u00fctzt Organisationen auf diesem Weg \u2013 Schritt f\u00fcr Schritt, Erkenntnis f\u00fcr Erkenntnis.<\/p>\n\n<div style=\"height:78px\" aria-hidden=\"true\" class=\"wp-block-spacer\"><\/div>\n\n<p class=\"has-medium-font-size\">Unsere Experten f\u00fcr DPP-Datenlandschaften sind bereit, Ihr Unternehmen zu transformieren.<\/p>\n\n<div class=\"wp-block-buttons is-layout-flex wp-block-buttons-is-layout-flex\">\n<div class=\"wp-block-button\"><a class=\"wp-block-button__link wp-element-button\" href=\"https:\/\/cirmar.com\/de\/kontakt\/\">Nehmen Sie jetzt Kontakt auf<\/a><\/div>\n<\/div>\n\n<div style=\"height:41px\" aria-hidden=\"true\" class=\"wp-block-spacer\"><\/div>\n\n<p class=\"has-medium-font-size\">Erfahren Sie mehr \u00fcber unsere Kreislauftransformationen, indem Sie in unsere Kreislaufgeschichten eintauchen.<\/p>\n\n<div class=\"wp-block-buttons is-layout-flex wp-block-buttons-is-layout-flex\">\n<div class=\"wp-block-button\"><a class=\"wp-block-button__link wp-element-button\" href=\"https:\/\/cirmar.com\/use-cases\/princess-traveller-recycled-suitcases\/\">Princess Traveller<\/a><\/div>\n\n\n\n<div class=\"wp-block-button\"><a class=\"wp-block-button__link wp-element-button\" href=\"https:\/\/cirmar.com\/use-cases\/securing-material-value-and-quality\/\">Jumbo<\/a><\/div>\n\n\n\n<div class=\"wp-block-button\"><a class=\"wp-block-button__link wp-element-button\" href=\"https:\/\/cirmar.com\/use-cases\/centerparcs-cottages\/\">Center Parcs<\/a><\/div>\n<\/div>\n\n<p><\/p>\n","protected":false},"excerpt":{"rendered":"<p>Wir verwandeln Datenl\u00fccken in Erkenntnisse. Digitale Produktp\u00e4sse (DPPs) ben\u00f6tigen keine perfekten Daten, um wertvoll zu sein. Tats\u00e4chlich beginnen die meisten Organisationen mit unvollst\u00e4ndigen, fragmentierten oder nur teilweise strukturierten Informationen. Wir bei Cirmar unterst\u00fctzen Organisationen dabei, mit den bereits vorhandenen Daten voranzukommen \u2013 wir verwandeln bestehende Daten in aussagekr\u00e4ftige Erkenntnisse und verbessern die Qualit\u00e4t kontinuierlich. Anstatt&#8230;<\/p>\n","protected":false},"author":2,"featured_media":0,"parent":0,"menu_order":0,"comment_status":"closed","ping_status":"closed","template":"","meta":{"footnotes":""},"class_list":["post-9418","page","type-page","status-publish","hentry"],"acf":[],"yoast_head":"<!-- This site is optimized with the Yoast SEO plugin v22.1 - https:\/\/yoast.com\/wordpress\/plugins\/seo\/ -->\n<title>Datenl\u00fccken schlie\u00dfen - Cirmar<\/title>\n<meta name=\"description\" content=\"Datenl\u00fccken k\u00f6nnen problematisch erscheinen, wenn man mit DPPs beginnen m\u00f6chte. Das Gegenteil ist jedoch der Fall, da DPPs zur Wertsch\u00f6pfung aus Daten beitragen.\" \/>\n<meta name=\"robots\" content=\"index, follow, max-snippet:-1, max-image-preview:large, max-video-preview:-1\" \/>\n<link rel=\"canonical\" href=\"https:\/\/cirmar.com\/de\/datenluecken-schliessen\/\" \/>\n<meta property=\"og:locale\" content=\"de_DE\" \/>\n<meta property=\"og:type\" content=\"article\" \/>\n<meta property=\"og:title\" content=\"Datenl\u00fccken schlie\u00dfen - Cirmar\" \/>\n<meta property=\"og:description\" content=\"Datenl\u00fccken k\u00f6nnen problematisch erscheinen, wenn man mit DPPs beginnen m\u00f6chte. Das Gegenteil ist jedoch der Fall, da DPPs zur Wertsch\u00f6pfung aus Daten beitragen.\" \/>\n<meta property=\"og:url\" content=\"https:\/\/cirmar.com\/de\/datenluecken-schliessen\/\" \/>\n<meta property=\"og:site_name\" content=\"Cirmar\" \/>\n<meta property=\"article:modified_time\" content=\"2026-04-21T09:38:13+00:00\" \/>\n<meta property=\"og:image\" content=\"https:\/\/cirmar.com\/\/app\/uploads\/2026\/02\/Scherm&#xAD;afbeelding-2026-02-16-om-16.23.07-1024x593.png\" \/>\n<meta name=\"twitter:card\" content=\"summary_large_image\" \/>\n<meta name=\"twitter:label1\" content=\"Est. reading time\" \/>\n\t<meta name=\"twitter:data1\" content=\"4 minutes\" \/>\n<script type=\"application\/ld+json\" class=\"yoast-schema-graph\">{\"@context\":\"https:\/\/schema.org\",\"@graph\":[{\"@type\":\"WebPage\",\"@id\":\"https:\/\/cirmar.com\/de\/datenluecken-schliessen\/\",\"url\":\"https:\/\/cirmar.com\/de\/datenluecken-schliessen\/\",\"name\":\"Datenl\u00fccken schlie\u00dfen - Cirmar\",\"isPartOf\":{\"@id\":\"https:\/\/cirmar.com\/#website\"},\"datePublished\":\"2026-04-21T09:38:12+00:00\",\"dateModified\":\"2026-04-21T09:38:13+00:00\",\"description\":\"Datenl\u00fccken k\u00f6nnen problematisch erscheinen, wenn man mit DPPs beginnen m\u00f6chte. Das Gegenteil ist jedoch der Fall, da DPPs zur Wertsch\u00f6pfung aus Daten beitragen.\",\"breadcrumb\":{\"@id\":\"https:\/\/cirmar.com\/de\/datenluecken-schliessen\/#breadcrumb\"},\"inLanguage\":\"de-DE\",\"potentialAction\":[{\"@type\":\"ReadAction\",\"target\":[\"https:\/\/cirmar.com\/de\/datenluecken-schliessen\/\"]}]},{\"@type\":\"BreadcrumbList\",\"@id\":\"https:\/\/cirmar.com\/de\/datenluecken-schliessen\/#breadcrumb\",\"itemListElement\":[{\"@type\":\"ListItem\",\"position\":1,\"name\":\"Cirmar\",\"item\":\"https:\/\/cirmar.com\/de\/\"},{\"@type\":\"ListItem\",\"position\":2,\"name\":\"Datenl\u00fccken schlie\u00dfen\"}]},{\"@type\":\"WebSite\",\"@id\":\"https:\/\/cirmar.com\/#website\",\"url\":\"https:\/\/cirmar.com\/\",\"name\":\"Cirmar\",\"description\":\"The Digital Product Passport\",\"publisher\":{\"@id\":\"https:\/\/cirmar.com\/#organization\"},\"potentialAction\":[{\"@type\":\"SearchAction\",\"target\":{\"@type\":\"EntryPoint\",\"urlTemplate\":\"https:\/\/cirmar.com\/?s={search_term_string}\"},\"query-input\":\"required name=search_term_string\"}],\"inLanguage\":\"de-DE\"},{\"@type\":\"Organization\",\"@id\":\"https:\/\/cirmar.com\/#organization\",\"name\":\"Cirmar\",\"url\":\"https:\/\/cirmar.com\/\",\"logo\":{\"@type\":\"ImageObject\",\"inLanguage\":\"de-DE\",\"@id\":\"https:\/\/cirmar.com\/#\/schema\/logo\/image\/\",\"url\":\"https:\/\/www.cirmar.com\/app\/uploads\/2021\/09\/Group-14.png\",\"contentUrl\":\"https:\/\/www.cirmar.com\/app\/uploads\/2021\/09\/Group-14.png\",\"width\":233,\"height\":95,\"caption\":\"Cirmar\"},\"image\":{\"@id\":\"https:\/\/cirmar.com\/#\/schema\/logo\/image\/\"}}]}<\/script>\n<!-- \/ Yoast SEO plugin. -->","yoast_head_json":{"title":"Datenl\u00fccken schlie\u00dfen - Cirmar","description":"Datenl\u00fccken k\u00f6nnen problematisch erscheinen, wenn man mit DPPs beginnen m\u00f6chte. Das Gegenteil ist jedoch der Fall, da DPPs zur Wertsch\u00f6pfung aus Daten beitragen.","robots":{"index":"index","follow":"follow","max-snippet":"max-snippet:-1","max-image-preview":"max-image-preview:large","max-video-preview":"max-video-preview:-1"},"canonical":"https:\/\/cirmar.com\/de\/datenluecken-schliessen\/","og_locale":"de_DE","og_type":"article","og_title":"Datenl\u00fccken schlie\u00dfen - Cirmar","og_description":"Datenl\u00fccken k\u00f6nnen problematisch erscheinen, wenn man mit DPPs beginnen m\u00f6chte. Das Gegenteil ist jedoch der Fall, da DPPs zur Wertsch\u00f6pfung aus Daten beitragen.","og_url":"https:\/\/cirmar.com\/de\/datenluecken-schliessen\/","og_site_name":"Cirmar","article_modified_time":"2026-04-21T09:38:13+00:00","og_image":[{"url":"https:\/\/cirmar.com\/\/app\/uploads\/2026\/02\/Scherm&#xAD;afbeelding-2026-02-16-om-16.23.07-1024x593.png"}],"twitter_card":"summary_large_image","twitter_misc":{"Est. reading time":"4 minutes"},"schema":{"@context":"https:\/\/schema.org","@graph":[{"@type":"WebPage","@id":"https:\/\/cirmar.com\/de\/datenluecken-schliessen\/","url":"https:\/\/cirmar.com\/de\/datenluecken-schliessen\/","name":"Datenl\u00fccken schlie\u00dfen - Cirmar","isPartOf":{"@id":"https:\/\/cirmar.com\/#website"},"datePublished":"2026-04-21T09:38:12+00:00","dateModified":"2026-04-21T09:38:13+00:00","description":"Datenl\u00fccken k\u00f6nnen problematisch erscheinen, wenn man mit DPPs beginnen m\u00f6chte. Das Gegenteil ist jedoch der Fall, da DPPs zur Wertsch\u00f6pfung aus Daten beitragen.","breadcrumb":{"@id":"https:\/\/cirmar.com\/de\/datenluecken-schliessen\/#breadcrumb"},"inLanguage":"de-DE","potentialAction":[{"@type":"ReadAction","target":["https:\/\/cirmar.com\/de\/datenluecken-schliessen\/"]}]},{"@type":"BreadcrumbList","@id":"https:\/\/cirmar.com\/de\/datenluecken-schliessen\/#breadcrumb","itemListElement":[{"@type":"ListItem","position":1,"name":"Cirmar","item":"https:\/\/cirmar.com\/de\/"},{"@type":"ListItem","position":2,"name":"Datenl\u00fccken schlie\u00dfen"}]},{"@type":"WebSite","@id":"https:\/\/cirmar.com\/#website","url":"https:\/\/cirmar.com\/","name":"Cirmar","description":"The Digital Product Passport","publisher":{"@id":"https:\/\/cirmar.com\/#organization"},"potentialAction":[{"@type":"SearchAction","target":{"@type":"EntryPoint","urlTemplate":"https:\/\/cirmar.com\/?s={search_term_string}"},"query-input":"required name=search_term_string"}],"inLanguage":"de-DE"},{"@type":"Organization","@id":"https:\/\/cirmar.com\/#organization","name":"Cirmar","url":"https:\/\/cirmar.com\/","logo":{"@type":"ImageObject","inLanguage":"de-DE","@id":"https:\/\/cirmar.com\/#\/schema\/logo\/image\/","url":"https:\/\/www.cirmar.com\/app\/uploads\/2021\/09\/Group-14.png","contentUrl":"https:\/\/www.cirmar.com\/app\/uploads\/2021\/09\/Group-14.png","width":233,"height":95,"caption":"Cirmar"},"image":{"@id":"https:\/\/cirmar.com\/#\/schema\/logo\/image\/"}}]}},"_links":{"self":[{"href":"https:\/\/cirmar.com\/de\/wp-json\/wp\/v2\/pages\/9418"}],"collection":[{"href":"https:\/\/cirmar.com\/de\/wp-json\/wp\/v2\/pages"}],"about":[{"href":"https:\/\/cirmar.com\/de\/wp-json\/wp\/v2\/types\/page"}],"author":[{"embeddable":true,"href":"https:\/\/cirmar.com\/de\/wp-json\/wp\/v2\/users\/2"}],"replies":[{"embeddable":true,"href":"https:\/\/cirmar.com\/de\/wp-json\/wp\/v2\/comments?post=9418"}],"version-history":[{"count":1,"href":"https:\/\/cirmar.com\/de\/wp-json\/wp\/v2\/pages\/9418\/revisions"}],"predecessor-version":[{"id":9421,"href":"https:\/\/cirmar.com\/de\/wp-json\/wp\/v2\/pages\/9418\/revisions\/9421"}],"wp:attachment":[{"href":"https:\/\/cirmar.com\/de\/wp-json\/wp\/v2\/media?parent=9418"}],"curies":[{"name":"wp","href":"https:\/\/api.w.org\/{rel}","templated":true}]}}