{"id":9424,"date":"2026-04-21T11:43:10","date_gmt":"2026-04-21T09:43:10","guid":{"rendered":"https:\/\/cirmar.com\/compliance-scans\/"},"modified":"2026-04-21T11:43:10","modified_gmt":"2026-04-21T09:43:10","slug":"compliance-scans","status":"publish","type":"page","link":"https:\/\/cirmar.com\/de\/compliance-scans\/","title":{"rendered":"Compliance-Scans"},"content":{"rendered":"\n<h2 class=\"wp-block-heading\">Gesetzgebung in Wert umwandeln<\/h2>\n\n<div style=\"height:77px\" aria-hidden=\"true\" class=\"wp-block-spacer\"><\/div>\n\n<p class=\"has-medium-font-size\"><strong>Die Einhaltung gesetzlicher Vorgaben ist oft der Ausgangspunkt f\u00fcr digitale Produktp\u00e4sse (DPPs). Neue Verordnungen wie ESPR, PPWR und EPR dr\u00e4ngen Unternehmen dazu, Produktdaten auf neue Weise zu erfassen, zu strukturieren und zu teilen. Wir bei Cirmar unterst\u00fctzen diese Entwicklung voll und ganz \u2013 unser Ansatz ist jedoch klar: Wertsch\u00f6pfung steht immer vor der Einhaltung gesetzlicher Vorgaben. Wir helfen Unternehmen nicht nur, die regulatorischen Anforderungen zu erf\u00fcllen, sondern sie auch als Katalysator f\u00fcr st\u00e4rkere Kreislaufstrategien, bessere Daten und neue Gesch\u00e4ftsm\u00f6glichkeiten zu nutzen.<\/strong><\/p>\n\n<div style=\"height:79px\" aria-hidden=\"true\" class=\"wp-block-spacer\"><\/div>\n\n<h2 class=\"wp-block-heading\">Compliance als Ausgangspunkt \u2013 nicht als Endziel<\/h2>\n\n<p class=\"has-medium-font-size\">Die Gesetzgebung beschleunigt den \u00dcbergang zu Transparenz und Kreislaufwirtschaft. Die Anforderungen an Produktdaten, R\u00fcckverfolgbarkeit und Umweltauswirkungen werden immer detaillierter und anspruchsvoller.<\/p>\n\n<p class=\"has-medium-font-size\">Eine alleinige Fokussierung auf die Einhaltung von Vorschriften f\u00fchrt jedoch oft zu Minimall\u00f6sungen \u2013 Systemen, die zwar die Anforderungen erf\u00fcllen, aber keinen nachhaltigen Wert schaffen.<\/p>\n\n<p class=\"has-medium-font-size\">Bei Cirmar verfolgen wir einen anderen Ansatz. Wir nutzen die Einhaltung von Vorschriften als Grundlage, blicken aber immer dar\u00fcber hinaus: Wie k\u00f6nnen die ben\u00f6tigten Daten auch zirkul\u00e4re Anwendungsf\u00e4lle, betriebliche Effizienz und strategische Entscheidungsfindung unterst\u00fctzen?<\/p>\n\n<p class=\"has-medium-font-size\">Dies gew\u00e4hrleistet, dass Ihre Investition in Compliance langfristige Ertr\u00e4ge bringt.<\/p>\n\n<div style=\"height:67px\" aria-hidden=\"true\" class=\"wp-block-spacer\"><\/div>\n<div class=\"wp-block-image\">\n<figure class=\"aligncenter size-large is-resized\"><img decoding=\"async\" src=\"https:\/\/cirmar.com\/\/app\/uploads\/2024\/03\/Scherm&#xAD;afbeelding-2024-03-27-om-15.19.23-1024x474.png\" alt=\"\" class=\"wp-image-3461\" style=\"width:653px;height:auto\"\/><\/figure><\/div>\n<div style=\"height:67px\" aria-hidden=\"true\" class=\"wp-block-spacer\"><\/div>\n\n<h2 class=\"wp-block-heading\">Verst\u00e4ndnis der regulatorischen Landschaft<\/h2>\n\n<p class=\"has-medium-font-size\">Der regulatorische Rahmen f\u00fcr digitale Pflanzenschutzmittel entwickelt sich rasant. Rahmenbedingungen wie beispielsweise:<\/p>\n\n<ul class=\"wp-block-list\">\n<li class=\"has-medium-font-size\">Der regulatorische Rahmen f\u00fcr digitale Pflanzenschutzmittel entwickelt sich rasant. Rahmenbedingungen wie beispielsweise:<\/li>\n\n\n\n<li class=\"has-medium-font-size\">PPWR (Verordnung \u00fcber Verpackungen und Verpackungsabf\u00e4lle)<\/li>\n\n\n\n<li class=\"has-medium-font-size\">Erweiterte Herstellerverantwortung (EPR)<\/li>\n<\/ul>\n\n<p class=\"has-medium-font-size\">Sie alle f\u00fchren Anforderungen ein, die sich auf die Erfassung, Strukturierung und Weitergabe von Produktdaten auswirken. Wir unterst\u00fctzen Unternehmen dabei, die praktischen Auswirkungen dieser Vorschriften zu verstehen \u2013 wie sie sich auf Ihre Produkte, Ihre Prozesse und Ihre Datenlandschaft auswirken. Indem wir komplexe Gesetze in klare, umsetzbare Schritte \u00fcbersetzen, machen wir die Einhaltung der Vorschriften \u00fcberschaubar.<\/p>\n\n<div style=\"height:67px\" aria-hidden=\"true\" class=\"wp-block-spacer\"><\/div>\n\n<h2 class=\"wp-block-heading\">Scannen Sie, wo Sie stehen<\/h2>\n\n<p class=\"has-medium-font-size\">Unsere Compliance-Analysen bieten Ihnen einen strukturierten \u00dcberblick \u00fcber Ihre aktuelle Situation. Wir bewerten, inwieweit Ihr Unternehmen die relevanten Vorschriften einh\u00e4lt und identifizieren L\u00fccken in Daten, Prozessen und Systemen.<\/p>\n\n<p class=\"has-medium-font-size\">Dazu geh\u00f6rt:<\/p>\n\n<ul class=\"wp-block-list\">\n<li class=\"has-medium-font-size\">Auswertung der verf\u00fcgbaren Produkt- und Materialdaten<\/li>\n\n\n\n<li class=\"has-medium-font-size\">Beurteilung der Datenstruktur und Zug\u00e4nglichkeit<\/li>\n\n\n\n<li class=\"has-medium-font-size\">Identifizierung fehlender oder unvollst\u00e4ndiger Informationen<\/li>\n\n\n\n<li class=\"has-medium-font-size\">Abgleich der aktuellen Prozesse mit den regulatorischen Anforderungen<\/li>\n<\/ul>\n\n<p class=\"has-medium-font-size\">Das Ergebnis ist nicht nur eine Checkliste, sondern ein klares Verst\u00e4ndnis davon, wo Sie stehen \u2013 und worauf Sie sich als N\u00e4chstes konzentrieren sollten.<\/p>\n\n<div style=\"height:67px\" aria-hidden=\"true\" class=\"wp-block-spacer\"><\/div>\n\n<div class=\"wp-block-media-text is-stacked-on-mobile\"><figure class=\"wp-block-media-text__media\"><img loading=\"lazy\" decoding=\"async\" width=\"900\" height=\"600\" src=\"https:\/\/cirmar.com\/\/app\/uploads\/2024\/04\/presentatie-LIOF.jpeg\" alt=\"\" class=\"wp-image-3509 size-full\" srcset=\"https:\/\/cirmar.com\/\/app\/uploads\/2024\/04\/presentatie-LIOF.jpeg 900w, https:\/\/cirmar.com\/\/app\/uploads\/2024\/04\/presentatie-LIOF-300x200.jpeg 300w, https:\/\/cirmar.com\/\/app\/uploads\/2024\/04\/presentatie-LIOF-768x512.jpeg 768w, https:\/\/cirmar.com\/\/app\/uploads\/2024\/04\/presentatie-LIOF-825x550.jpeg 825w, https:\/\/cirmar.com\/\/app\/uploads\/2024\/04\/presentatie-LIOF-250x167.jpeg 250w, https:\/\/cirmar.com\/\/app\/uploads\/2024\/04\/presentatie-LIOF-600x400.jpeg 600w\" sizes=\"(max-width: 900px) 100vw, 900px\" \/><\/figure><div class=\"wp-block-media-text__content\">\n<p class=\"has-medium-font-size\">\u201eDer Druck, Vorschriften einzuhalten, ist gut: Er schafft gleiche Wettbewerbsbedingungen auf dem europ\u00e4ischen Markt und treibt Unternehmen voran. Wir sorgen daf\u00fcr, dass dieser Druck als Chance gesehen wird, sich einen Vorsprung zu verschaffen und einen Mehrwert f\u00fcr die Kreislaufwirtschaft zu schaffen. Das geht weit \u00fcber das blo\u00dfe Abhaken von Checklisten hinaus!\u201c<\/p>\n\n\n\n<p class=\"has-medium-font-size\"><strong>Jasper Martin<\/strong><\/p>\n<\/div><\/div>\n\n<div style=\"height:67px\" aria-hidden=\"true\" class=\"wp-block-spacer\"><\/div>\n\n<h2 class=\"wp-block-heading\">Von L\u00fccken zu konkreten Ma\u00dfnahmen<\/h2>\n\n<p class=\"has-medium-font-size\">Compliance-Pr\u00fcfungen sind nur dann wertvoll, wenn sie zu konkreten Ma\u00dfnahmen f\u00fchren. Basierend auf den Ergebnissen definieren wir konkrete, auf Ihr Unternehmen zugeschnittene Folgeschritte.<\/p>\n\n<p class=\"has-medium-font-size\">Dies kann die Verbesserung der Datenerfassung, die Umstrukturierung von Informationen, die Einbindung von Lieferanten oder die Integration von Systemen umfassen. Gleichzeitig stellen wir sicher, dass diese Schritte zu \u00fcbergeordneten Zielen der Kreislaufwirtschaft beitragen \u2013 wie Wiederverwendung, Transparenz und Optimierung des Nutzungszyklus.<\/p>\n\n<p class=\"has-medium-font-size\">Indem wir die Einhaltung von Vorschriften mit strategischer Strategie verbinden, wandeln wir regulatorischen Druck in Fortschritt um.<\/p>\n\n<div style=\"height:67px\" aria-hidden=\"true\" class=\"wp-block-spacer\"><\/div>\n\n<h2 class=\"wp-block-heading\">Die Br\u00fccke zwischen Nachhaltigkeit, Kreislaufwirtschaft und wirtschaftlicher Wirkung<\/h2>\n\n<p class=\"has-medium-font-size\">Das Verst\u00e4ndnis von Gesetzen erfordert mehr als nur die Auslegung von Rechtstexten. Es erfordert Einblicke in Nachhaltigkeit, Kreislaufwirtschaft und deren Auswirkungen in der realen Welt.<\/p>\n\n<p class=\"has-medium-font-size\">Cirmar bringt diese Perspektive ein. Wir verstehen die \u00f6kologischen Auswirkungen von Vorschriften, aber auch deren finanzielle und betriebliche Folgen. Dadurch k\u00f6nnen wir Unternehmen dabei unterst\u00fctzen, Entscheidungen zu treffen, die nicht nur den Vorschriften entsprechen, sondern auch ihrem Gesch\u00e4ft nutzen.<\/p>\n\n<p class=\"has-medium-font-size\">Die Einhaltung der Vorschriften wird somit Teil eines umfassenderen Transformationsprozesses \u2013 und nicht zu einer eigenst\u00e4ndigen Verpflichtung.<\/p>\n\n<div style=\"height:67px\" aria-hidden=\"true\" class=\"wp-block-spacer\"><\/div>\n\n<h2 class=\"wp-block-heading has-medium-font-size\"><br\/><\/h2>\n\n<p class=\"has-medium-font-size\">Unsere Experten f\u00fcr DPP-Compliance sind bereit, Ihr Unternehmen zu transformieren.<\/p>\n\n<div class=\"wp-block-buttons is-layout-flex wp-block-buttons-is-layout-flex\">\n<div class=\"wp-block-button\"><a class=\"wp-block-button__link wp-element-button\" href=\"https:\/\/cirmar.com\/de\/kontakt\/\">Nehmen Sie jetzt Kontakt auf<\/a><\/div>\n<\/div>\n\n<div style=\"height:41px\" aria-hidden=\"true\" class=\"wp-block-spacer\"><\/div>\n\n<p class=\"has-medium-font-size\">Erfahren Sie mehr \u00fcber unsere Kreislauftransformationen, indem Sie in unsere Kreislaufgeschichten eintauchen.<\/p>\n\n<div class=\"wp-block-buttons is-layout-flex wp-block-buttons-is-layout-flex\">\n<div class=\"wp-block-button\"><a class=\"wp-block-button__link wp-element-button\" href=\"https:\/\/cirmar.com\/use-cases\/princess-traveller-recycled-suitcases\/\">Princess Traveller<\/a><\/div>\n\n\n\n<div class=\"wp-block-button\"><a class=\"wp-block-button__link wp-element-button\" href=\"https:\/\/cirmar.com\/use-cases\/securing-material-value-and-quality\/\">Jumbo<\/a><\/div>\n\n\n\n<div class=\"wp-block-button\"><a class=\"wp-block-button__link wp-element-button\" href=\"https:\/\/cirmar.com\/use-cases\/centerparcs-cottages\/\">Center Parcs<\/a><\/div>\n<\/div>\n","protected":false},"excerpt":{"rendered":"<p>Gesetzgebung in Wert umwandeln Die Einhaltung gesetzlicher Vorgaben ist oft der Ausgangspunkt f\u00fcr digitale Produktp\u00e4sse (DPPs). Neue Verordnungen wie ESPR, PPWR und EPR dr\u00e4ngen Unternehmen dazu, Produktdaten auf neue Weise zu erfassen, zu strukturieren und zu teilen. Wir bei Cirmar unterst\u00fctzen diese Entwicklung voll und ganz \u2013 unser Ansatz ist jedoch klar: Wertsch\u00f6pfung steht immer&#8230;<\/p>\n","protected":false},"author":2,"featured_media":0,"parent":0,"menu_order":0,"comment_status":"closed","ping_status":"closed","template":"","meta":{"footnotes":""},"class_list":["post-9424","page","type-page","status-publish","hentry"],"acf":[],"yoast_head":"<!-- This site is optimized with the Yoast SEO plugin v22.1 - https:\/\/yoast.com\/wordpress\/plugins\/seo\/ -->\n<title>Compliance-Scans - Cirmar<\/title>\n<meta name=\"description\" content=\"Unsere Compliance-Scans zeigen Ihnen genau, was Sie tun m\u00fcssen, und gehen dar\u00fcber hinaus. Wir bewerten das Potenzial f\u00fcr Kreislaufwirtschaft und wie Sie dieses schaffen k\u00f6nnen.\" \/>\n<meta name=\"robots\" content=\"index, follow, max-snippet:-1, max-image-preview:large, max-video-preview:-1\" \/>\n<link rel=\"canonical\" href=\"https:\/\/cirmar.com\/de\/compliance-scans\/\" \/>\n<meta property=\"og:locale\" content=\"de_DE\" \/>\n<meta property=\"og:type\" content=\"article\" \/>\n<meta property=\"og:title\" content=\"Compliance-Scans - Cirmar\" \/>\n<meta property=\"og:description\" content=\"Unsere Compliance-Scans zeigen Ihnen genau, was Sie tun m\u00fcssen, und gehen dar\u00fcber hinaus. Wir bewerten das Potenzial f\u00fcr Kreislaufwirtschaft und wie Sie dieses schaffen k\u00f6nnen.\" \/>\n<meta property=\"og:url\" content=\"https:\/\/cirmar.com\/de\/compliance-scans\/\" \/>\n<meta property=\"og:site_name\" content=\"Cirmar\" \/>\n<meta property=\"og:image\" content=\"https:\/\/cirmar.com\/\/app\/uploads\/2024\/03\/Scherm&#xAD;afbeelding-2024-03-27-om-15.19.23-1024x474.png\" \/>\n<meta name=\"twitter:card\" content=\"summary_large_image\" \/>\n<meta name=\"twitter:label1\" content=\"Est. reading time\" \/>\n\t<meta name=\"twitter:data1\" content=\"3 minutes\" \/>\n<script type=\"application\/ld+json\" class=\"yoast-schema-graph\">{\"@context\":\"https:\/\/schema.org\",\"@graph\":[{\"@type\":\"WebPage\",\"@id\":\"https:\/\/cirmar.com\/de\/compliance-scans\/\",\"url\":\"https:\/\/cirmar.com\/de\/compliance-scans\/\",\"name\":\"Compliance-Scans - Cirmar\",\"isPartOf\":{\"@id\":\"https:\/\/cirmar.com\/#website\"},\"datePublished\":\"2026-04-21T09:43:10+00:00\",\"dateModified\":\"2026-04-21T09:43:10+00:00\",\"description\":\"Unsere Compliance-Scans zeigen Ihnen genau, was Sie tun m\u00fcssen, und gehen dar\u00fcber hinaus. Wir bewerten das Potenzial f\u00fcr Kreislaufwirtschaft und wie Sie dieses schaffen k\u00f6nnen.\",\"breadcrumb\":{\"@id\":\"https:\/\/cirmar.com\/de\/compliance-scans\/#breadcrumb\"},\"inLanguage\":\"de-DE\",\"potentialAction\":[{\"@type\":\"ReadAction\",\"target\":[\"https:\/\/cirmar.com\/de\/compliance-scans\/\"]}]},{\"@type\":\"BreadcrumbList\",\"@id\":\"https:\/\/cirmar.com\/de\/compliance-scans\/#breadcrumb\",\"itemListElement\":[{\"@type\":\"ListItem\",\"position\":1,\"name\":\"Cirmar\",\"item\":\"https:\/\/cirmar.com\/de\/\"},{\"@type\":\"ListItem\",\"position\":2,\"name\":\"Compliance-Scans\"}]},{\"@type\":\"WebSite\",\"@id\":\"https:\/\/cirmar.com\/#website\",\"url\":\"https:\/\/cirmar.com\/\",\"name\":\"Cirmar\",\"description\":\"The Digital Product Passport\",\"publisher\":{\"@id\":\"https:\/\/cirmar.com\/#organization\"},\"potentialAction\":[{\"@type\":\"SearchAction\",\"target\":{\"@type\":\"EntryPoint\",\"urlTemplate\":\"https:\/\/cirmar.com\/?s={search_term_string}\"},\"query-input\":\"required name=search_term_string\"}],\"inLanguage\":\"de-DE\"},{\"@type\":\"Organization\",\"@id\":\"https:\/\/cirmar.com\/#organization\",\"name\":\"Cirmar\",\"url\":\"https:\/\/cirmar.com\/\",\"logo\":{\"@type\":\"ImageObject\",\"inLanguage\":\"de-DE\",\"@id\":\"https:\/\/cirmar.com\/#\/schema\/logo\/image\/\",\"url\":\"https:\/\/www.cirmar.com\/app\/uploads\/2021\/09\/Group-14.png\",\"contentUrl\":\"https:\/\/www.cirmar.com\/app\/uploads\/2021\/09\/Group-14.png\",\"width\":233,\"height\":95,\"caption\":\"Cirmar\"},\"image\":{\"@id\":\"https:\/\/cirmar.com\/#\/schema\/logo\/image\/\"}}]}<\/script>\n<!-- \/ Yoast SEO plugin. -->","yoast_head_json":{"title":"Compliance-Scans - Cirmar","description":"Unsere Compliance-Scans zeigen Ihnen genau, was Sie tun m\u00fcssen, und gehen dar\u00fcber hinaus. Wir bewerten das Potenzial f\u00fcr Kreislaufwirtschaft und wie Sie dieses schaffen k\u00f6nnen.","robots":{"index":"index","follow":"follow","max-snippet":"max-snippet:-1","max-image-preview":"max-image-preview:large","max-video-preview":"max-video-preview:-1"},"canonical":"https:\/\/cirmar.com\/de\/compliance-scans\/","og_locale":"de_DE","og_type":"article","og_title":"Compliance-Scans - Cirmar","og_description":"Unsere Compliance-Scans zeigen Ihnen genau, was Sie tun m\u00fcssen, und gehen dar\u00fcber hinaus. Wir bewerten das Potenzial f\u00fcr Kreislaufwirtschaft und wie Sie dieses schaffen k\u00f6nnen.","og_url":"https:\/\/cirmar.com\/de\/compliance-scans\/","og_site_name":"Cirmar","og_image":[{"url":"https:\/\/cirmar.com\/\/app\/uploads\/2024\/03\/Scherm&#xAD;afbeelding-2024-03-27-om-15.19.23-1024x474.png"}],"twitter_card":"summary_large_image","twitter_misc":{"Est. reading time":"3 minutes"},"schema":{"@context":"https:\/\/schema.org","@graph":[{"@type":"WebPage","@id":"https:\/\/cirmar.com\/de\/compliance-scans\/","url":"https:\/\/cirmar.com\/de\/compliance-scans\/","name":"Compliance-Scans - Cirmar","isPartOf":{"@id":"https:\/\/cirmar.com\/#website"},"datePublished":"2026-04-21T09:43:10+00:00","dateModified":"2026-04-21T09:43:10+00:00","description":"Unsere Compliance-Scans zeigen Ihnen genau, was Sie tun m\u00fcssen, und gehen dar\u00fcber hinaus. Wir bewerten das Potenzial f\u00fcr Kreislaufwirtschaft und wie Sie dieses schaffen k\u00f6nnen.","breadcrumb":{"@id":"https:\/\/cirmar.com\/de\/compliance-scans\/#breadcrumb"},"inLanguage":"de-DE","potentialAction":[{"@type":"ReadAction","target":["https:\/\/cirmar.com\/de\/compliance-scans\/"]}]},{"@type":"BreadcrumbList","@id":"https:\/\/cirmar.com\/de\/compliance-scans\/#breadcrumb","itemListElement":[{"@type":"ListItem","position":1,"name":"Cirmar","item":"https:\/\/cirmar.com\/de\/"},{"@type":"ListItem","position":2,"name":"Compliance-Scans"}]},{"@type":"WebSite","@id":"https:\/\/cirmar.com\/#website","url":"https:\/\/cirmar.com\/","name":"Cirmar","description":"The Digital Product Passport","publisher":{"@id":"https:\/\/cirmar.com\/#organization"},"potentialAction":[{"@type":"SearchAction","target":{"@type":"EntryPoint","urlTemplate":"https:\/\/cirmar.com\/?s={search_term_string}"},"query-input":"required name=search_term_string"}],"inLanguage":"de-DE"},{"@type":"Organization","@id":"https:\/\/cirmar.com\/#organization","name":"Cirmar","url":"https:\/\/cirmar.com\/","logo":{"@type":"ImageObject","inLanguage":"de-DE","@id":"https:\/\/cirmar.com\/#\/schema\/logo\/image\/","url":"https:\/\/www.cirmar.com\/app\/uploads\/2021\/09\/Group-14.png","contentUrl":"https:\/\/www.cirmar.com\/app\/uploads\/2021\/09\/Group-14.png","width":233,"height":95,"caption":"Cirmar"},"image":{"@id":"https:\/\/cirmar.com\/#\/schema\/logo\/image\/"}}]}},"_links":{"self":[{"href":"https:\/\/cirmar.com\/de\/wp-json\/wp\/v2\/pages\/9424"}],"collection":[{"href":"https:\/\/cirmar.com\/de\/wp-json\/wp\/v2\/pages"}],"about":[{"href":"https:\/\/cirmar.com\/de\/wp-json\/wp\/v2\/types\/page"}],"author":[{"embeddable":true,"href":"https:\/\/cirmar.com\/de\/wp-json\/wp\/v2\/users\/2"}],"replies":[{"embeddable":true,"href":"https:\/\/cirmar.com\/de\/wp-json\/wp\/v2\/comments?post=9424"}],"version-history":[{"count":1,"href":"https:\/\/cirmar.com\/de\/wp-json\/wp\/v2\/pages\/9424\/revisions"}],"predecessor-version":[{"id":9427,"href":"https:\/\/cirmar.com\/de\/wp-json\/wp\/v2\/pages\/9424\/revisions\/9427"}],"wp:attachment":[{"href":"https:\/\/cirmar.com\/de\/wp-json\/wp\/v2\/media?parent=9424"}],"curies":[{"name":"wp","href":"https:\/\/api.w.org\/{rel}","templated":true}]}}