{"id":8512,"date":"2026-03-12T15:58:26","date_gmt":"2026-03-12T14:58:26","guid":{"rendered":"https:\/\/cirmar.com\/persoonlijke-beschermingsmiddelen-pbm\/"},"modified":"2026-04-08T11:39:47","modified_gmt":"2026-04-08T09:39:47","slug":"persoonlijke-beschermingsmiddelen-pbm","status":"publish","type":"page","link":"https:\/\/cirmar.com\/nl\/persoonlijke-beschermingsmiddelen-pbm\/","title":{"rendered":"Persoonlijke beschermingsmiddelen (PBM)"},"content":{"rendered":"\n<h2 class=\"wp-block-heading\"><strong>Circulariteit in een essenti\u00eble sector<\/strong><\/h2>\n\n\n\n<div style=\"height:74px\" aria-hidden=\"true\" class=\"wp-block-spacer\"><\/div>\n\n\n<p data-start=\"0\" data-end=\"358\"><strong>De industrie voor persoonlijke beschermingsmiddelen (PBM) speelt een essenti\u00eble rol bij het beschermen van werknemers, pati\u00ebnten en professionals in talloze sectoren. Tegelijkertijd is het een sector met complexe toeleveringsketens, strikte regelgeving en aanzienlijke materiaalstromen \u2014 waarvan veel momenteel een lineair pad volgen van productie tot afval. Nu de druk rond duurzaamheid, transparantie en kosteneffici\u00ebntie toeneemt, begint de PBM-sector opnieuw na te denken over hoe beschermingsmiddelen worden ontworpen, geproduceerd en gedurende hun gebruik worden beheerd.<\/strong><\/p>\n\n\n<p class=\"has-medium-font-size\">Cirmar is uitgebreid actief in de PBM-sector en ondersteunt fabrikanten, distributeurs, bedrijven in retourlogistiek en recyclers. Hierdoor hebben we een diepgaand begrip van zowel de operationele realiteit als van de regelgeving en prestatienormen waaraan moet worden voldaan. Nog belangrijker is dat dit ons in staat stelt bedrijven te helpen circulariteit te introduceren zonder concessies te doen aan veiligheid, naleving van regelgeving of productprestaties.<\/p>\n\n\n\n<div style=\"height:67px\" aria-hidden=\"true\" class=\"wp-block-spacer\"><\/div>\n\n\n\n<h2 class=\"wp-block-heading\"><strong>Een sector onder druk van duurzame verandering<\/strong><\/h2>\n\n\n\n<p class=\"has-medium-font-size\">De vraag naar PBM&#8217;s blijft groeien, maar de uitdagingen nemen eveneens toe. Van de gezondheidszorg tot de bouw kijken sectoren steeds kritischer naar de hoeveelheid beschermingsmiddelen die wordt gebruikt, het afval dat daarbij ontstaat en de transparantie van materialen en toeleveringsketens. Toezichthouders en grote inkopers beginnen steeds vaker duidelijkere documentatie te eisen over materiaalsamenstelling, productlevensduur, milieuprestaties en opties voor het einde van de gebruiksfase.<\/p>\n\n\n\n<p class=\"has-medium-font-size\">Voor veel PBM-bedrijven ligt de uitdaging in het navigeren door dit veranderende landschap, terwijl tegelijkertijd hoge veiligheidsnormen en betrouwbare toeleveringsketens behouden blijven. Circulariteit komt naar voren als een strategisch antwoord \u2014 niet om naleving van regelgeving te vervangen, maar om deze te versterken met betere materialen, slimmer ontwerp en verantwoordelijker productbeheer.<\/p>\n\n\n\n<div style=\"height:67px\" aria-hidden=\"true\" class=\"wp-block-spacer\"><\/div>\n\n\n\n<h2 class=\"wp-block-heading\"><strong>Circulariteit zonder compromissen op veiligheid<\/strong><\/h2>\n\n\n\n<p class=\"has-medium-font-size\">Bij PBM&#8217;s zijn prestaties en bescherming niet onderhandelbaar. Daarom moeten circulaire oplossingen nauwkeurig zijn, gevalideerd worden en gebaseerd zijn op echte productdata. Cirmar helpt bedrijven bij het verkennen en implementeren van circulaire strategie\u00ebn die aansluiten bij de strikte eisen. Deze strategie\u00ebn vari\u00ebren van het verbeteren van materiaaltraceerbaarheid en het mogelijk maken van hoogwaardige retourlogistiek en recycling, tot het ontwerpen van herbruikbare systemen waar dat passend is, of het optimaliseren van product- en verpakkingskeuzes om de milieu-impact te verminderen.<\/p>\n\n\n\n<p class=\"has-medium-font-size\">Belangrijk is dat we begrijpen dat circulariteit moet worden ge\u00efntegreerd in bestaande kwaliteits- en veiligheidskaders. Dit betekent dat er nauw wordt samengewerkt met productontwikkelaars, compliance-teams en partners in de toeleveringsketen om ervoor te zorgen dat elke verbetering zowel bescherming als prestaties ondersteunt.<\/p>\n\n\n\n<div style=\"height:67px\" aria-hidden=\"true\" class=\"wp-block-spacer\"><\/div>\n\n\n\n<div class=\"wp-block-media-text is-stacked-on-mobile\"><figure class=\"wp-block-media-text__media\"><img loading=\"lazy\" decoding=\"async\" width=\"1024\" height=\"653\" src=\"https:\/\/cirmar.com\/\/app\/uploads\/2026\/02\/frans-ispt-1024x653.jpeg\" alt=\"\" class=\"wp-image-7990 size-full\" srcset=\"https:\/\/cirmar.com\/\/app\/uploads\/2026\/02\/frans-ispt-1024x653.jpeg 1024w, https:\/\/cirmar.com\/\/app\/uploads\/2026\/02\/frans-ispt-300x191.jpeg 300w, https:\/\/cirmar.com\/\/app\/uploads\/2026\/02\/frans-ispt-768x490.jpeg 768w, https:\/\/cirmar.com\/\/app\/uploads\/2026\/02\/frans-ispt-1536x980.jpeg 1536w, https:\/\/cirmar.com\/\/app\/uploads\/2026\/02\/frans-ispt-1694x1080.jpeg 1694w, https:\/\/cirmar.com\/\/app\/uploads\/2026\/02\/frans-ispt-862x550.jpeg 862w, https:\/\/cirmar.com\/\/app\/uploads\/2026\/02\/frans-ispt-250x159.jpeg 250w, https:\/\/cirmar.com\/\/app\/uploads\/2026\/02\/frans-ispt-600x383.jpeg 600w, https:\/\/cirmar.com\/\/app\/uploads\/2026\/02\/frans-ispt.jpeg 2048w\" sizes=\"(max-width: 1024px) 100vw, 1024px\" \/><\/figure><div class=\"wp-block-media-text__content\">\n<p data-start=\"0\" data-end=\"273\">\u201cWe hebben diepe wortels in de PBM-sector, die altijd al goed geschikt is geweest voor de transitie naar circulariteit. Met grote productvolumes, sterke verbindingen in de toeleveringsketen en hoogwaardige materialen kunnen we de overstap maken naar duurzamere werkwijzen.\u201d<\/p>\n<p data-start=\"275\" data-end=\"293\" data-is-last-node=\"\" data-is-only-node=\"\"><strong>Frans Beckers<\/strong><\/p>\n<\/div><\/div>\n\n\n\n<div style=\"height:67px\" aria-hidden=\"true\" class=\"wp-block-spacer\"><\/div>\n\n\n\n<h2 class=\"wp-block-heading\"><strong>Digitale productpaspoorten voor PBM&#8217;s<\/strong><\/h2>\n\n\n\n<p class=\"has-medium-font-size\">Terwijl de EU zich voorbereidt op verplichte Digitale Productpaspoorten (DPP\u2019s) onder de Ecodesign for Sustainable Products Regulation (ESPR), komen PBM&#8217;s steeds meer binnen het toepassingsgebied vanwege het gebruik van textiel, kunststoffen, composieten en metalen \u2014 allemaal materiaalcategorie\u00ebn waarvoor meer transparantie vereist zal zijn. Voor fabrikanten en distributeurs van PBM&#8217;s bieden DPP\u2019s een gestructureerde manier om materialen, producteigenschappen, de milieuvoetafdruk en circulaire opties te documenteren.<\/p>\n\n\n\n<p class=\"has-medium-font-size\">Cirmar helpt bedrijven in deze sector om deze data effici\u00ebnt op te bouwen en te beheren. Met een duidelijke digitale structuur kunnen organisaties de informatie leveren die toezichthouders vereisen, klanten ondersteunen die verifieerbare duurzaamheidsdata nodig hebben en betere beslissingen nemen over productontwerp en het beheer van het einde van de gebruiksfase. Productpaspoorten worden zo een instrument voor vertrouwen in een sector waar veiligheid cruciaal is.<\/p>\n\n\n\n<div style=\"height:67px\" aria-hidden=\"true\" class=\"wp-block-spacer\"><\/div>\n\n\n\n<figure class=\"wp-block-gallery has-nested-images columns-default is-cropped wp-block-gallery-1 is-layout-flex wp-block-gallery-is-layout-flex\">\n<figure class=\"wp-block-image size-large\"><img loading=\"lazy\" decoding=\"async\" width=\"768\" height=\"576\" data-id=\"1691\" src=\"https:\/\/cirmar.com\/\/app\/uploads\/2023\/01\/GAIA-resource-box.png\" alt=\"GAIA Resource box - retourlogistiek\" class=\"wp-image-1691\" srcset=\"https:\/\/cirmar.com\/\/app\/uploads\/2023\/01\/GAIA-resource-box.png 768w, https:\/\/cirmar.com\/\/app\/uploads\/2023\/01\/GAIA-resource-box-300x225.png 300w, https:\/\/cirmar.com\/\/app\/uploads\/2023\/01\/GAIA-resource-box-733x550.png 733w, https:\/\/cirmar.com\/\/app\/uploads\/2023\/01\/GAIA-resource-box-250x188.png 250w, https:\/\/cirmar.com\/\/app\/uploads\/2023\/01\/GAIA-resource-box-600x450.png 600w\" sizes=\"(max-width: 768px) 100vw, 768px\" \/><\/figure>\n\n\n\n<figure class=\"wp-block-image size-large\"><img loading=\"lazy\" decoding=\"async\" width=\"1000\" height=\"760\" data-id=\"1370\" src=\"https:\/\/cirmar.com\/\/app\/uploads\/2022\/08\/11112-1.png\" alt=\"\" class=\"wp-image-1370\" srcset=\"https:\/\/cirmar.com\/\/app\/uploads\/2022\/08\/11112-1.png 1000w, https:\/\/cirmar.com\/\/app\/uploads\/2022\/08\/11112-1-300x228.png 300w, https:\/\/cirmar.com\/\/app\/uploads\/2022\/08\/11112-1-768x584.png 768w, https:\/\/cirmar.com\/\/app\/uploads\/2022\/08\/11112-1-724x550.png 724w, https:\/\/cirmar.com\/\/app\/uploads\/2022\/08\/11112-1-250x190.png 250w, https:\/\/cirmar.com\/\/app\/uploads\/2022\/08\/11112-1-592x450.png 592w\" sizes=\"(max-width: 1000px) 100vw, 1000px\" \/><\/figure>\n\n\n\n<figure class=\"wp-block-image size-large\"><img loading=\"lazy\" decoding=\"async\" width=\"1024\" height=\"741\" data-id=\"1343\" src=\"https:\/\/cirmar.com\/\/app\/uploads\/2022\/09\/102-V11-Comudius-1024x741.png\" alt=\"\" class=\"wp-image-1343\" srcset=\"https:\/\/cirmar.com\/\/app\/uploads\/2022\/09\/102-V11-Comudius-1024x741.png 1024w, https:\/\/cirmar.com\/\/app\/uploads\/2022\/09\/102-V11-Comudius-300x217.png 300w, https:\/\/cirmar.com\/\/app\/uploads\/2022\/09\/102-V11-Comudius-768x556.png 768w, https:\/\/cirmar.com\/\/app\/uploads\/2022\/09\/102-V11-Comudius-760x550.png 760w, https:\/\/cirmar.com\/\/app\/uploads\/2022\/09\/102-V11-Comudius-250x181.png 250w, https:\/\/cirmar.com\/\/app\/uploads\/2022\/09\/102-V11-Comudius-600x434.png 600w, https:\/\/cirmar.com\/\/app\/uploads\/2022\/09\/102-V11-Comudius.png 1250w\" sizes=\"(max-width: 1024px) 100vw, 1024px\" \/><\/figure>\n<\/figure>\n\n\n\n<div style=\"height:67px\" aria-hidden=\"true\" class=\"wp-block-spacer\"><\/div>\n\n\n\n<h2 class=\"wp-block-heading\"><strong>In dienst van de volledige waardecyclus<\/strong><\/h2>\n\n\n\n<p class=\"has-medium-font-size\">Cirmar ondersteunt bedrijven in alle schakels van de waardecyclus door een consistente aanpak te bieden voor circulariteit van material tot eindgebruiker.<\/p>\n\n\n\n<p class=\"has-medium-font-size\">Fabrikanten kunnen de materiaalkeuze, productdocumentatie en het ontwerp verbeteren. Distributeurs kunnen grote assortimenten beheren met beter inzicht in circulaire prestaties. Industri\u00eble gebruikers kunnen profiteren van duidelijke impactdata en meer verantwoorde afval- en inkooppraktijken. Wij ondersteunen aanbieders van retourlogistiek, evenals remanufacturing- en recyclingbedrijven, om ervoor te zorgen dat circulariteit ook in de praktijk wordt geborgd.<\/p>\n\n\n\n<div style=\"height:67px\" aria-hidden=\"true\" class=\"wp-block-spacer\"><\/div>\n\n\n\n<h2 class=\"wp-block-heading\"><strong>Een parktisch pad naar circulaire PBM&#8217;s<\/strong><\/h2>\n\n\n\n<p class=\"has-medium-font-size\">Wat de PBM-sector onderscheidt, is de combinatie van hoge normen, grote volumes en een grote verantwoordelijkheid. Circulariteit gaat in deze context niet alleen over het verminderen van afval \u2014 het gaat om het opbouwen van een veerkrachtigere en transparantere sector. Bedrijven die nu stappen zetten, zullen beter voorbereid zijn op veranderingen in regelgeving, verstoringen in de toeleveringsketen en groeiende verwachtingen van klanten.<\/p>\n\n\n\n<p class=\"has-medium-font-size\">Cirmar ondersteunt organisaties met een combinatie van strategisch inzicht en praktische tools, zodat circulariteit zowel haalbaar als waardevol wordt. Met duidelijke data, gestructureerde processen en realistische implementatieplannen kunnen PBM-bedrijven met vertrouwen toewerken naar een toekomst waarin bescherming en duurzaamheid elkaar versterken.<\/p>\n\n\n\n<div style=\"height:67px\" aria-hidden=\"true\" class=\"wp-block-spacer\"><\/div>\n\n\n\n<p class=\"has-medium-font-size\">Onze experts in circulaire PBM&#8217;s staan klaar om je bedrijf te transformeren.<\/p>\n\n\n\n<div class=\"wp-block-buttons is-layout-flex wp-block-buttons-is-layout-flex\">\n<div class=\"wp-block-button\"><a class=\"wp-block-button__link wp-element-button\" href=\"https:\/\/cirmar.com\/nl\/contact-2\/\">Neem nu contact op<\/a><\/div>\n<\/div>\n\n\n\n<div style=\"height:41px\" aria-hidden=\"true\" class=\"wp-block-spacer\"><\/div>\n\n\n\n<p class=\"has-medium-font-size\">Ontdek hoe we circulaire voortuigang boeken door onze verhalen te lezen<\/p>\n\n\n\n<div class=\"wp-block-buttons is-layout-flex wp-block-buttons-is-layout-flex\">\n<div class=\"wp-block-button\"><a class=\"wp-block-button__link wp-element-button\" href=\"https:\/\/cirmar.com\/use-cases\/gaia-circulair-return-logistics\/\">GAIA Circulair<\/a><\/div>\n\n\n\n<div class=\"wp-block-button\"><a class=\"wp-block-button__link wp-element-button\" href=\"https:\/\/cirmar.com\/use-cases\/emma-safety-footwear\/\">EMMA Safety Footwear<\/a><\/div>\n<\/div>\n\n\n\n<p><\/p>\n","protected":false},"excerpt":{"rendered":"<p>Circulariteit in een essenti\u00eble sector De industrie voor persoonlijke beschermingsmiddelen (PBM) speelt een essenti\u00eble rol bij het beschermen van werknemers, pati\u00ebnten en professionals in talloze sectoren. Tegelijkertijd is het een sector met complexe toeleveringsketens, strikte regelgeving en aanzienlijke materiaalstromen \u2014 waarvan veel momenteel een lineair pad volgen van productie tot afval. Nu de druk rond&#8230;<\/p>\n","protected":false},"author":2,"featured_media":0,"parent":0,"menu_order":0,"comment_status":"closed","ping_status":"closed","template":"","meta":{"footnotes":""},"class_list":["post-8512","page","type-page","status-publish","hentry"],"acf":[],"yoast_head":"<!-- This site is optimized with the Yoast SEO plugin v22.1 - https:\/\/yoast.com\/wordpress\/plugins\/seo\/ -->\n<title>Persoonlijke beschermingsmiddelen (PBM) - Cirmar<\/title>\n<meta name=\"description\" content=\"Persoonlijke beschermingsmiddelen zijn normaliter niet ontworpen voor recycling. Er is veel circulaire vooruitgang te boeken met PBM&#039;s.\" \/>\n<meta name=\"robots\" content=\"index, follow, max-snippet:-1, max-image-preview:large, max-video-preview:-1\" \/>\n<link rel=\"canonical\" href=\"https:\/\/cirmar.com\/nl\/persoonlijke-beschermingsmiddelen-pbm\/\" \/>\n<meta property=\"og:locale\" content=\"nl_NL\" \/>\n<meta property=\"og:type\" content=\"article\" \/>\n<meta property=\"og:title\" content=\"Persoonlijke beschermingsmiddelen (PBM) - Cirmar\" \/>\n<meta property=\"og:description\" content=\"Persoonlijke beschermingsmiddelen zijn normaliter niet ontworpen voor recycling. Er is veel circulaire vooruitgang te boeken met PBM&#039;s.\" \/>\n<meta property=\"og:url\" content=\"https:\/\/cirmar.com\/nl\/persoonlijke-beschermingsmiddelen-pbm\/\" \/>\n<meta property=\"og:site_name\" content=\"Cirmar\" \/>\n<meta property=\"article:modified_time\" content=\"2026-04-08T09:39:47+00:00\" \/>\n<meta property=\"og:image\" content=\"https:\/\/cirmar.com\/\/app\/uploads\/2026\/02\/frans-ispt-1024x653.jpeg\" \/>\n<meta name=\"twitter:card\" content=\"summary_large_image\" \/>\n<meta name=\"twitter:label1\" content=\"Geschatte leestijd\" \/>\n\t<meta name=\"twitter:data1\" content=\"5 minuten\" \/>\n<script type=\"application\/ld+json\" class=\"yoast-schema-graph\">{\"@context\":\"https:\/\/schema.org\",\"@graph\":[{\"@type\":\"WebPage\",\"@id\":\"https:\/\/cirmar.com\/nl\/persoonlijke-beschermingsmiddelen-pbm\/\",\"url\":\"https:\/\/cirmar.com\/nl\/persoonlijke-beschermingsmiddelen-pbm\/\",\"name\":\"Persoonlijke beschermingsmiddelen (PBM) - Cirmar\",\"isPartOf\":{\"@id\":\"https:\/\/cirmar.com\/#website\"},\"datePublished\":\"2026-03-12T14:58:26+00:00\",\"dateModified\":\"2026-04-08T09:39:47+00:00\",\"description\":\"Persoonlijke beschermingsmiddelen zijn normaliter niet ontworpen voor recycling. Er is veel circulaire vooruitgang te boeken met PBM's.\",\"breadcrumb\":{\"@id\":\"https:\/\/cirmar.com\/nl\/persoonlijke-beschermingsmiddelen-pbm\/#breadcrumb\"},\"inLanguage\":\"nl-NL\",\"potentialAction\":[{\"@type\":\"ReadAction\",\"target\":[\"https:\/\/cirmar.com\/nl\/persoonlijke-beschermingsmiddelen-pbm\/\"]}]},{\"@type\":\"BreadcrumbList\",\"@id\":\"https:\/\/cirmar.com\/nl\/persoonlijke-beschermingsmiddelen-pbm\/#breadcrumb\",\"itemListElement\":[{\"@type\":\"ListItem\",\"position\":1,\"name\":\"Cirmar\",\"item\":\"https:\/\/cirmar.com\/nl\/\"},{\"@type\":\"ListItem\",\"position\":2,\"name\":\"Persoonlijke beschermingsmiddelen (PBM)\"}]},{\"@type\":\"WebSite\",\"@id\":\"https:\/\/cirmar.com\/#website\",\"url\":\"https:\/\/cirmar.com\/\",\"name\":\"Cirmar\",\"description\":\"The Digital Product Passport\",\"publisher\":{\"@id\":\"https:\/\/cirmar.com\/#organization\"},\"potentialAction\":[{\"@type\":\"SearchAction\",\"target\":{\"@type\":\"EntryPoint\",\"urlTemplate\":\"https:\/\/cirmar.com\/?s={search_term_string}\"},\"query-input\":\"required name=search_term_string\"}],\"inLanguage\":\"nl-NL\"},{\"@type\":\"Organization\",\"@id\":\"https:\/\/cirmar.com\/#organization\",\"name\":\"Cirmar\",\"url\":\"https:\/\/cirmar.com\/\",\"logo\":{\"@type\":\"ImageObject\",\"inLanguage\":\"nl-NL\",\"@id\":\"https:\/\/cirmar.com\/#\/schema\/logo\/image\/\",\"url\":\"https:\/\/www.cirmar.com\/app\/uploads\/2021\/09\/Group-14.png\",\"contentUrl\":\"https:\/\/www.cirmar.com\/app\/uploads\/2021\/09\/Group-14.png\",\"width\":233,\"height\":95,\"caption\":\"Cirmar\"},\"image\":{\"@id\":\"https:\/\/cirmar.com\/#\/schema\/logo\/image\/\"}}]}<\/script>\n<!-- \/ Yoast SEO plugin. -->","yoast_head_json":{"title":"Persoonlijke beschermingsmiddelen (PBM) - Cirmar","description":"Persoonlijke beschermingsmiddelen zijn normaliter niet ontworpen voor recycling. Er is veel circulaire vooruitgang te boeken met PBM's.","robots":{"index":"index","follow":"follow","max-snippet":"max-snippet:-1","max-image-preview":"max-image-preview:large","max-video-preview":"max-video-preview:-1"},"canonical":"https:\/\/cirmar.com\/nl\/persoonlijke-beschermingsmiddelen-pbm\/","og_locale":"nl_NL","og_type":"article","og_title":"Persoonlijke beschermingsmiddelen (PBM) - Cirmar","og_description":"Persoonlijke beschermingsmiddelen zijn normaliter niet ontworpen voor recycling. Er is veel circulaire vooruitgang te boeken met PBM's.","og_url":"https:\/\/cirmar.com\/nl\/persoonlijke-beschermingsmiddelen-pbm\/","og_site_name":"Cirmar","article_modified_time":"2026-04-08T09:39:47+00:00","og_image":[{"url":"https:\/\/cirmar.com\/\/app\/uploads\/2026\/02\/frans-ispt-1024x653.jpeg"}],"twitter_card":"summary_large_image","twitter_misc":{"Geschatte leestijd":"5 minuten"},"schema":{"@context":"https:\/\/schema.org","@graph":[{"@type":"WebPage","@id":"https:\/\/cirmar.com\/nl\/persoonlijke-beschermingsmiddelen-pbm\/","url":"https:\/\/cirmar.com\/nl\/persoonlijke-beschermingsmiddelen-pbm\/","name":"Persoonlijke beschermingsmiddelen (PBM) - Cirmar","isPartOf":{"@id":"https:\/\/cirmar.com\/#website"},"datePublished":"2026-03-12T14:58:26+00:00","dateModified":"2026-04-08T09:39:47+00:00","description":"Persoonlijke beschermingsmiddelen zijn normaliter niet ontworpen voor recycling. Er is veel circulaire vooruitgang te boeken met PBM's.","breadcrumb":{"@id":"https:\/\/cirmar.com\/nl\/persoonlijke-beschermingsmiddelen-pbm\/#breadcrumb"},"inLanguage":"nl-NL","potentialAction":[{"@type":"ReadAction","target":["https:\/\/cirmar.com\/nl\/persoonlijke-beschermingsmiddelen-pbm\/"]}]},{"@type":"BreadcrumbList","@id":"https:\/\/cirmar.com\/nl\/persoonlijke-beschermingsmiddelen-pbm\/#breadcrumb","itemListElement":[{"@type":"ListItem","position":1,"name":"Cirmar","item":"https:\/\/cirmar.com\/nl\/"},{"@type":"ListItem","position":2,"name":"Persoonlijke beschermingsmiddelen (PBM)"}]},{"@type":"WebSite","@id":"https:\/\/cirmar.com\/#website","url":"https:\/\/cirmar.com\/","name":"Cirmar","description":"The Digital Product Passport","publisher":{"@id":"https:\/\/cirmar.com\/#organization"},"potentialAction":[{"@type":"SearchAction","target":{"@type":"EntryPoint","urlTemplate":"https:\/\/cirmar.com\/?s={search_term_string}"},"query-input":"required name=search_term_string"}],"inLanguage":"nl-NL"},{"@type":"Organization","@id":"https:\/\/cirmar.com\/#organization","name":"Cirmar","url":"https:\/\/cirmar.com\/","logo":{"@type":"ImageObject","inLanguage":"nl-NL","@id":"https:\/\/cirmar.com\/#\/schema\/logo\/image\/","url":"https:\/\/www.cirmar.com\/app\/uploads\/2021\/09\/Group-14.png","contentUrl":"https:\/\/www.cirmar.com\/app\/uploads\/2021\/09\/Group-14.png","width":233,"height":95,"caption":"Cirmar"},"image":{"@id":"https:\/\/cirmar.com\/#\/schema\/logo\/image\/"}}]}},"_links":{"self":[{"href":"https:\/\/cirmar.com\/nl\/wp-json\/wp\/v2\/pages\/8512"}],"collection":[{"href":"https:\/\/cirmar.com\/nl\/wp-json\/wp\/v2\/pages"}],"about":[{"href":"https:\/\/cirmar.com\/nl\/wp-json\/wp\/v2\/types\/page"}],"author":[{"embeddable":true,"href":"https:\/\/cirmar.com\/nl\/wp-json\/wp\/v2\/users\/2"}],"replies":[{"embeddable":true,"href":"https:\/\/cirmar.com\/nl\/wp-json\/wp\/v2\/comments?post=8512"}],"version-history":[{"count":2,"href":"https:\/\/cirmar.com\/nl\/wp-json\/wp\/v2\/pages\/8512\/revisions"}],"predecessor-version":[{"id":8881,"href":"https:\/\/cirmar.com\/nl\/wp-json\/wp\/v2\/pages\/8512\/revisions\/8881"}],"wp:attachment":[{"href":"https:\/\/cirmar.com\/nl\/wp-json\/wp\/v2\/media?parent=8512"}],"curies":[{"name":"wp","href":"https:\/\/api.w.org\/{rel}","templated":true}]}}