{"id":8845,"date":"2026-04-08T10:09:22","date_gmt":"2026-04-08T08:09:22","guid":{"rendered":"https:\/\/cirmar.com\/dpps-maken-met-codestandaarden\/"},"modified":"2026-04-08T10:09:22","modified_gmt":"2026-04-08T08:09:22","slug":"dpps-maken-met-codestandaarden","status":"publish","type":"page","link":"https:\/\/cirmar.com\/nl\/dpps-maken-met-codestandaarden\/","title":{"rendered":"DPP\u2019s maken met codestandaarden"},"content":{"rendered":"\n<h2 class=\"wp-block-heading\">Van code naar verbonden data<\/h2>\n\n<div style=\"height:86px\" aria-hidden=\"true\" class=\"wp-block-spacer\"><\/div>\n\n<p class=\"has-medium-font-size\"><strong>Digitale productpaspoorten (DPP\u2019s) leveren pas echte waarde op als ze schaalbaar zijn, betrouwbaar en aansluiten op bestaande data-ecosystemen. Bij Cirmar helpen we organisaties bij het cre\u00ebren van DPP&#8217;s die geen op zichzelf staande documenten zijn, maar volledig ge\u00efntegreerde gegevensstructuren \u2013 gebouwd op erkende codestandaarden zoals GTIN, artikelcodes, HS-codes en meer. Door DPP&#8217;s aan deze identificatiecodes te koppelen, kunnen bedrijven overstappen van handmatige gegevensverwerking naar geautomatiseerde, systeemgestuurde processen. Dit is een cruciale stap om circulaire strategie\u00ebn op grote schaal operationeel te maken.<\/strong><\/p>\n\n<div style=\"height:60px\" aria-hidden=\"true\" class=\"wp-block-spacer\"><\/div>\n\n<h2 class=\"wp-block-heading\"><strong>Codes als het fundament onder schaalbare DPP&#8217;s<\/strong><\/h2>\n\n<p class=\"has-medium-font-size\">Een digitaal productpaspoort zonder eenduidige identificatiecode is moeilijk te onderhouden, uit te wisselen of op te schalen. Codestandaarden bieden hier een oplossing voor. Ze fungeren als een universele sleutel die producten koppelt aan gegevens in verschillende systemen, organisaties en toeleveringsketens.<\/p>\n\n<p class=\"has-medium-font-size\">Of u nu werkt met GTIN\u2019s voor wereldwijde productidentificatie, interne artikelcodes voor ERP-integratie of HS-codes voor internationale handel: dankzij deze identificatiecodes kunnen DPP\u2019s worden ge\u00efntegreerd in uw bestaande digitale infrastructuur, in plaats van er als een extra laag bovenop te komen.<\/p>\n\n<p class=\"has-medium-font-size\">Dat maakt circulariteit haalbaar: wanneer productgegevens naadloos worden uitgewisseld tussen systemen, partners en de verschillende fasen van de gebruikscyclus.<\/p>\n\n<div style=\"height:60px\" aria-hidden=\"true\" class=\"wp-block-spacer\"><\/div>\n<div class=\"wp-block-image\">\n<figure class=\"aligncenter size-large\"><img decoding=\"async\" src=\"https:\/\/cirmar.com\/\/app\/uploads\/2026\/02\/Scherm&#xAD;afbeelding-2026-02-16-om-16.23.07-1024x593.png\" alt=\"\" class=\"wp-image-8032\"\/><\/figure><\/div>\n<div style=\"height:60px\" aria-hidden=\"true\" class=\"wp-block-spacer\"><\/div>\n\n<h2 class=\"wp-block-heading\"><strong>DPP-processen automatiseren<\/strong><\/h2>\n\n<p class=\"has-medium-font-size\">Door DPP\u2019s rond codes te structureren, maken we automatisering mogelijk gedurende de gehele gebruikscyclus. Op het Cirmar-platform fungeren codes als uitgangspunt voor het importeren, bijwerken en uitwisselen van productinformatie.<\/p>\n\n<p class=\"has-medium-font-size\">Onze importfuncties gebruiken deze identificatiecodes om gegevens uit verschillende bronnen automatisch op te halen en aan elkaar te koppelen. Dit voorkomt herhaaldelijke handmatige invoer, vermindert fouten en zorgt ervoor dat DPP\u2019s consistent en up-to-date blijven.<\/p>\n\n<p class=\"has-medium-font-size\">In plaats van paspoorten \u00e9\u00e9n voor \u00e9\u00e9n aan te maken, zet je een systeem op dat ze continu genereert en aanvult.<\/p>\n\n<div style=\"height:60px\" aria-hidden=\"true\" class=\"wp-block-spacer\"><\/div>\n\n<h2 class=\"wp-block-heading\"><strong>Aansluiting op het GS1-datalandschap<\/strong><\/h2>\n\n<p class=\"has-medium-font-size\">Om deze automatisering verder te versterken, beschikt ons platform over een API-koppeling met de GS1-datapool. Zo kun je productgerelateerde gegevens rechtstreeks ophalen uit GS1, een van de meest gebruikte wereldwijde datanetwerken.<\/p>\n\n<p class=\"has-medium-font-size\">Door GS1-gegevens te combineren met jeeigen productinformatie kun je snel uitgebreide en gestandaardiseerde DPP\u2019s opstellen. Dit verbetert niet alleen de gegevenskwaliteit, maar zorgt er ook voor dat je voldoet aan internationale normen en de verwachtingen binnen de toeleveringsketen.<\/p>\n\n<p class=\"has-medium-font-size\">Het resultaat is een toekomstbestendige aanpak van producttransparantie.<\/p>\n\n<div style=\"height:60px\" aria-hidden=\"true\" class=\"wp-block-spacer\"><\/div>\n\n<h2 class=\"wp-block-heading\"><strong>Van gefragmenteerde data naar ge\u00efntegreerde systemen<\/strong><\/h2>\n\n<p class=\"has-medium-font-size\">Veel organisaties hebben te kampen met gefragmenteerde data die verspreid zijn over ERP-systemen, leveranciersdatabases en externe platforms. Zonder een duidelijke structuur wordt het opstellen van DPP\u2019s tijdrovend en moeilijk te onderhouden.<\/p>\n\n<p class=\"has-medium-font-size\">Door de invoering van op code gebaseerde DPP\u2019s brengen we structuur in deze complexiteit. Gegevens worden eenvoudiger te ordenen, uit te wisselen en te valideren \u2013 zowel intern als met externe partners. Dit vormt een solide basis voor circulaire toepassingen zoals hergebruik, renovatie, recycling en rapportage over naleving.<\/p>\n\n<div style=\"height:60px\" aria-hidden=\"true\" class=\"wp-block-spacer\"><\/div>\n\n<div class=\"wp-block-media-text is-stacked-on-mobile\"><figure class=\"wp-block-media-text__media\"><img loading=\"lazy\" decoding=\"async\" width=\"1024\" height=\"973\" src=\"https:\/\/cirmar.com\/\/app\/uploads\/2026\/02\/afbeelding-1024x973.jpg\" alt=\"\" class=\"wp-image-7816 size-full\" srcset=\"https:\/\/cirmar.com\/\/app\/uploads\/2026\/02\/afbeelding-1024x973.jpg 1024w, https:\/\/cirmar.com\/\/app\/uploads\/2026\/02\/afbeelding-300x285.jpg 300w, https:\/\/cirmar.com\/\/app\/uploads\/2026\/02\/afbeelding-768x730.jpg 768w, https:\/\/cirmar.com\/\/app\/uploads\/2026\/02\/afbeelding-1137x1080.jpg 1137w, https:\/\/cirmar.com\/\/app\/uploads\/2026\/02\/afbeelding-579x550.jpg 579w, https:\/\/cirmar.com\/\/app\/uploads\/2026\/02\/afbeelding-232x220.jpg 232w, https:\/\/cirmar.com\/\/app\/uploads\/2026\/02\/afbeelding-263x250.jpg 263w, https:\/\/cirmar.com\/\/app\/uploads\/2026\/02\/afbeelding-474x450.jpg 474w, https:\/\/cirmar.com\/\/app\/uploads\/2026\/02\/afbeelding.jpg 1200w\" sizes=\"(max-width: 1024px) 100vw, 1024px\" \/><\/figure><div class=\"wp-block-media-text__content\">\n<p class=\"has-medium-font-size\">&#8216;C_passport\u00ae is ontworpen voor schaalbaarheid. Het platform kan worden gekoppeld aan bestaande databronnen \u2013 met of zonder hiaten in de informatie. Dit zorgt voor een eenvoudige uitrol en biedt tal van mogelijkheden om dat aan te vullen en inzichten te genereren.&#8217;<\/p>\n\n\n\n<p class=\"has-medium-font-size\"><strong>Rens van den Boorn<\/strong><\/p>\n<\/div><\/div>\n\n<div style=\"height:60px\" aria-hidden=\"true\" class=\"wp-block-spacer\"><\/div>\n\n<h2 class=\"wp-block-heading\">Circulaire strategie\u00ebn op grote schaal mogelijk maken<\/h2>\n\n<p class=\"has-medium-font-size\">Kringloopeconomie vereist meer dan alleen goede bedoelingen \u2013 er zijn systemen nodig die op grote schaal functioneren. Door DPP\u2019s te koppelen aan algemeen aanvaarde codestandaarden kunnen bedrijven circulaire data integreren in hun dagelijkse bedrijfsvoering.<\/p>\n\n<p class=\"has-medium-font-size\">Deze aanpak ondersteunt:<\/p>\n\n<ul class=\"wp-block-list has-medium-font-size\">\n<li>Snel aan de slag gaan met DPP&#8217;s en updates<\/li>\n<\/ul>\n\n<ul class=\"wp-block-list has-medium-font-size\">\n<li>Naadloze uitwisseling van data in de keten<\/li>\n<\/ul>\n\n<ul class=\"wp-block-list has-medium-font-size\">\n<li>Betere traceerbaarheid en aantoonbare compliance<\/li>\n<\/ul>\n\n<ul class=\"wp-block-list has-medium-font-size\">\n<li>Sterke integratie met bestaande IT-systemen<\/li>\n<\/ul>\n\n<p class=\"has-medium-font-size\">Het belangrijkste is dat DPP\u2019s hierdoor een dynamisch onderdeel van de organisatie worden, in plaats van een statische vereiste.<\/p>\n\n<div style=\"height:60px\" aria-hidden=\"true\" class=\"wp-block-spacer\"><\/div>\n<div class=\"wp-block-image\">\n<figure class=\"aligncenter size-large is-resized\"><img loading=\"lazy\" decoding=\"async\" width=\"1024\" height=\"1021\" src=\"https:\/\/cirmar.com\/\/app\/uploads\/2026\/03\/cirmar-systeem-1024x1021.png\" alt=\"\" class=\"wp-image-8548\" style=\"width:545px;height:auto\" srcset=\"https:\/\/cirmar.com\/\/app\/uploads\/2026\/03\/cirmar-systeem-1024x1021.png 1024w, https:\/\/cirmar.com\/\/app\/uploads\/2026\/03\/cirmar-systeem-300x300.png 300w, https:\/\/cirmar.com\/\/app\/uploads\/2026\/03\/cirmar-systeem-150x150.png 150w, https:\/\/cirmar.com\/\/app\/uploads\/2026\/03\/cirmar-systeem-768x766.png 768w, https:\/\/cirmar.com\/\/app\/uploads\/2026\/03\/cirmar-systeem-1083x1080.png 1083w, https:\/\/cirmar.com\/\/app\/uploads\/2026\/03\/cirmar-systeem-551x550.png 551w, https:\/\/cirmar.com\/\/app\/uploads\/2026\/03\/cirmar-systeem-180x180.png 180w, https:\/\/cirmar.com\/\/app\/uploads\/2026\/03\/cirmar-systeem-221x220.png 221w, https:\/\/cirmar.com\/\/app\/uploads\/2026\/03\/cirmar-systeem-251x250.png 251w, https:\/\/cirmar.com\/\/app\/uploads\/2026\/03\/cirmar-systeem-451x450.png 451w, https:\/\/cirmar.com\/\/app\/uploads\/2026\/03\/cirmar-systeem.png 1496w\" sizes=\"(max-width: 1024px) 100vw, 1024px\" \/><\/figure><\/div>\n<div style=\"height:60px\" aria-hidden=\"true\" class=\"wp-block-spacer\"><\/div>\n\n<h2 class=\"wp-block-heading\"><strong>Productdata voor je laten werken<\/strong><\/h2>\n\n<p class=\"has-medium-font-size\">Wanneer DPP\u2019s zijn gebaseerd op erkende standaarden en zijn gekoppeld aan betrouwbare gegevensbronnen, worden ze nog krachtigere instrumenten voor zowel naleving van regelgeving als het cre\u00ebren van waarde. Ze maken betere beslissingen mogelijk, openen nieuwe kansen op het gebied van de circulaire economie en versterken de samenwerking binnen de toeleveringsketen.<\/p>\n\n<p class=\"has-medium-font-size\">Cirmar ondersteunt organisaties bij het ontwerpen en implementeren van deze systemen, zodat digitale productpaspoorten niet alleen worden aangemaakt, maar ook daadwerkelijk worden ge\u00efntegreerd en klaar zijn voor de toekomst.<\/p>\n\n<div style=\"height:60px\" aria-hidden=\"true\" class=\"wp-block-spacer\"><\/div>\n\n<p class=\"has-medium-font-size\">Onze experts op het gebied van DPP-gegevenslandschappen staan klaar om je bedrijf te transformeren.<\/p>\n\n<div class=\"wp-block-buttons is-layout-flex wp-block-buttons-is-layout-flex\">\n<div class=\"wp-block-button\"><a class=\"wp-block-button__link wp-element-button\" href=\"https:\/\/cirmar.com\/nl\/contact-2\/\">Neem nu contact op<\/a><\/div>\n<\/div>\n\n<div style=\"height:41px\" aria-hidden=\"true\" class=\"wp-block-spacer\"><\/div>\n\n<p class=\"has-medium-font-size\">Ontdek hoe we circulaire voortuigang boeken door onze verhalen te lezen<\/p>\n\n<div class=\"wp-block-buttons is-layout-flex wp-block-buttons-is-layout-flex\">\n<div class=\"wp-block-button\"><a class=\"wp-block-button__link wp-element-button\" href=\"https:\/\/cirmar.com\/use-cases\/princess-traveller-recycled-suitcases\/\">Princess Traveller<\/a><\/div>\n\n\n\n<div class=\"wp-block-button\"><a class=\"wp-block-button__link wp-element-button\" href=\"https:\/\/cirmar.com\/use-cases\/securing-material-value-and-quality\/\">Jumbo<\/a><\/div>\n\n\n\n<div class=\"wp-block-button\"><a class=\"wp-block-button__link wp-element-button\" href=\"https:\/\/cirmar.com\/use-cases\/centerparcs-cottages\/\">Center Parcs<\/a><\/div>\n<\/div>\n\n<p><\/p>\n","protected":false},"excerpt":{"rendered":"<p>Van code naar verbonden data Digitale productpaspoorten (DPP\u2019s) leveren pas echte waarde op als ze schaalbaar zijn, betrouwbaar en aansluiten op bestaande data-ecosystemen. Bij Cirmar helpen we organisaties bij het cre\u00ebren van DPP&#8217;s die geen op zichzelf staande documenten zijn, maar volledig ge\u00efntegreerde gegevensstructuren \u2013 gebouwd op erkende codestandaarden zoals GTIN, artikelcodes, HS-codes en meer&#8230;.<\/p>\n","protected":false},"author":2,"featured_media":0,"parent":0,"menu_order":0,"comment_status":"closed","ping_status":"closed","template":"","meta":{"footnotes":""},"class_list":["post-8845","page","type-page","status-publish","hentry"],"acf":[],"yoast_head":"<!-- This site is optimized with the Yoast SEO plugin v22.1 - https:\/\/yoast.com\/wordpress\/plugins\/seo\/ -->\n<title>DPP\u2019s maken met codestandaarden - Cirmar<\/title>\n<meta name=\"description\" content=\"Codestandaarden zijn nuttig bij het opschalen van het DPP-landschap. Met Cirmar kunt je DPP\u2019s naadloos integreren door gebruik te maken van verschillende codes.\" \/>\n<meta name=\"robots\" content=\"index, follow, max-snippet:-1, max-image-preview:large, max-video-preview:-1\" \/>\n<link rel=\"canonical\" href=\"https:\/\/cirmar.com\/nl\/dpps-maken-met-codestandaarden\/\" \/>\n<meta property=\"og:locale\" content=\"nl_NL\" \/>\n<meta property=\"og:type\" content=\"article\" \/>\n<meta property=\"og:title\" content=\"DPP\u2019s maken met codestandaarden - Cirmar\" \/>\n<meta property=\"og:description\" content=\"Codestandaarden zijn nuttig bij het opschalen van het DPP-landschap. Met Cirmar kunt je DPP\u2019s naadloos integreren door gebruik te maken van verschillende codes.\" \/>\n<meta property=\"og:url\" content=\"https:\/\/cirmar.com\/nl\/dpps-maken-met-codestandaarden\/\" \/>\n<meta property=\"og:site_name\" content=\"Cirmar\" \/>\n<meta property=\"og:image\" content=\"https:\/\/cirmar.com\/\/app\/uploads\/2026\/02\/Scherm&#xAD;afbeelding-2026-02-16-om-16.23.07-1024x593.png\" \/>\n<meta name=\"twitter:card\" content=\"summary_large_image\" \/>\n<meta name=\"twitter:label1\" content=\"Geschatte leestijd\" \/>\n\t<meta name=\"twitter:data1\" content=\"4 minuten\" \/>\n<script type=\"application\/ld+json\" class=\"yoast-schema-graph\">{\"@context\":\"https:\/\/schema.org\",\"@graph\":[{\"@type\":\"WebPage\",\"@id\":\"https:\/\/cirmar.com\/nl\/dpps-maken-met-codestandaarden\/\",\"url\":\"https:\/\/cirmar.com\/nl\/dpps-maken-met-codestandaarden\/\",\"name\":\"DPP\u2019s maken met codestandaarden - Cirmar\",\"isPartOf\":{\"@id\":\"https:\/\/cirmar.com\/#website\"},\"datePublished\":\"2026-04-08T08:09:22+00:00\",\"dateModified\":\"2026-04-08T08:09:22+00:00\",\"description\":\"Codestandaarden zijn nuttig bij het opschalen van het DPP-landschap. Met Cirmar kunt je DPP\u2019s naadloos integreren door gebruik te maken van verschillende codes.\",\"breadcrumb\":{\"@id\":\"https:\/\/cirmar.com\/nl\/dpps-maken-met-codestandaarden\/#breadcrumb\"},\"inLanguage\":\"nl-NL\",\"potentialAction\":[{\"@type\":\"ReadAction\",\"target\":[\"https:\/\/cirmar.com\/nl\/dpps-maken-met-codestandaarden\/\"]}]},{\"@type\":\"BreadcrumbList\",\"@id\":\"https:\/\/cirmar.com\/nl\/dpps-maken-met-codestandaarden\/#breadcrumb\",\"itemListElement\":[{\"@type\":\"ListItem\",\"position\":1,\"name\":\"Cirmar\",\"item\":\"https:\/\/cirmar.com\/nl\/\"},{\"@type\":\"ListItem\",\"position\":2,\"name\":\"DPP\u2019s maken met codestandaarden\"}]},{\"@type\":\"WebSite\",\"@id\":\"https:\/\/cirmar.com\/#website\",\"url\":\"https:\/\/cirmar.com\/\",\"name\":\"Cirmar\",\"description\":\"The Digital Product Passport\",\"publisher\":{\"@id\":\"https:\/\/cirmar.com\/#organization\"},\"potentialAction\":[{\"@type\":\"SearchAction\",\"target\":{\"@type\":\"EntryPoint\",\"urlTemplate\":\"https:\/\/cirmar.com\/?s={search_term_string}\"},\"query-input\":\"required name=search_term_string\"}],\"inLanguage\":\"nl-NL\"},{\"@type\":\"Organization\",\"@id\":\"https:\/\/cirmar.com\/#organization\",\"name\":\"Cirmar\",\"url\":\"https:\/\/cirmar.com\/\",\"logo\":{\"@type\":\"ImageObject\",\"inLanguage\":\"nl-NL\",\"@id\":\"https:\/\/cirmar.com\/#\/schema\/logo\/image\/\",\"url\":\"https:\/\/www.cirmar.com\/app\/uploads\/2021\/09\/Group-14.png\",\"contentUrl\":\"https:\/\/www.cirmar.com\/app\/uploads\/2021\/09\/Group-14.png\",\"width\":233,\"height\":95,\"caption\":\"Cirmar\"},\"image\":{\"@id\":\"https:\/\/cirmar.com\/#\/schema\/logo\/image\/\"}}]}<\/script>\n<!-- \/ Yoast SEO plugin. -->","yoast_head_json":{"title":"DPP\u2019s maken met codestandaarden - Cirmar","description":"Codestandaarden zijn nuttig bij het opschalen van het DPP-landschap. Met Cirmar kunt je DPP\u2019s naadloos integreren door gebruik te maken van verschillende codes.","robots":{"index":"index","follow":"follow","max-snippet":"max-snippet:-1","max-image-preview":"max-image-preview:large","max-video-preview":"max-video-preview:-1"},"canonical":"https:\/\/cirmar.com\/nl\/dpps-maken-met-codestandaarden\/","og_locale":"nl_NL","og_type":"article","og_title":"DPP\u2019s maken met codestandaarden - Cirmar","og_description":"Codestandaarden zijn nuttig bij het opschalen van het DPP-landschap. Met Cirmar kunt je DPP\u2019s naadloos integreren door gebruik te maken van verschillende codes.","og_url":"https:\/\/cirmar.com\/nl\/dpps-maken-met-codestandaarden\/","og_site_name":"Cirmar","og_image":[{"url":"https:\/\/cirmar.com\/\/app\/uploads\/2026\/02\/Scherm&#xAD;afbeelding-2026-02-16-om-16.23.07-1024x593.png"}],"twitter_card":"summary_large_image","twitter_misc":{"Geschatte leestijd":"4 minuten"},"schema":{"@context":"https:\/\/schema.org","@graph":[{"@type":"WebPage","@id":"https:\/\/cirmar.com\/nl\/dpps-maken-met-codestandaarden\/","url":"https:\/\/cirmar.com\/nl\/dpps-maken-met-codestandaarden\/","name":"DPP\u2019s maken met codestandaarden - Cirmar","isPartOf":{"@id":"https:\/\/cirmar.com\/#website"},"datePublished":"2026-04-08T08:09:22+00:00","dateModified":"2026-04-08T08:09:22+00:00","description":"Codestandaarden zijn nuttig bij het opschalen van het DPP-landschap. Met Cirmar kunt je DPP\u2019s naadloos integreren door gebruik te maken van verschillende codes.","breadcrumb":{"@id":"https:\/\/cirmar.com\/nl\/dpps-maken-met-codestandaarden\/#breadcrumb"},"inLanguage":"nl-NL","potentialAction":[{"@type":"ReadAction","target":["https:\/\/cirmar.com\/nl\/dpps-maken-met-codestandaarden\/"]}]},{"@type":"BreadcrumbList","@id":"https:\/\/cirmar.com\/nl\/dpps-maken-met-codestandaarden\/#breadcrumb","itemListElement":[{"@type":"ListItem","position":1,"name":"Cirmar","item":"https:\/\/cirmar.com\/nl\/"},{"@type":"ListItem","position":2,"name":"DPP\u2019s maken met codestandaarden"}]},{"@type":"WebSite","@id":"https:\/\/cirmar.com\/#website","url":"https:\/\/cirmar.com\/","name":"Cirmar","description":"The Digital Product Passport","publisher":{"@id":"https:\/\/cirmar.com\/#organization"},"potentialAction":[{"@type":"SearchAction","target":{"@type":"EntryPoint","urlTemplate":"https:\/\/cirmar.com\/?s={search_term_string}"},"query-input":"required name=search_term_string"}],"inLanguage":"nl-NL"},{"@type":"Organization","@id":"https:\/\/cirmar.com\/#organization","name":"Cirmar","url":"https:\/\/cirmar.com\/","logo":{"@type":"ImageObject","inLanguage":"nl-NL","@id":"https:\/\/cirmar.com\/#\/schema\/logo\/image\/","url":"https:\/\/www.cirmar.com\/app\/uploads\/2021\/09\/Group-14.png","contentUrl":"https:\/\/www.cirmar.com\/app\/uploads\/2021\/09\/Group-14.png","width":233,"height":95,"caption":"Cirmar"},"image":{"@id":"https:\/\/cirmar.com\/#\/schema\/logo\/image\/"}}]}},"_links":{"self":[{"href":"https:\/\/cirmar.com\/nl\/wp-json\/wp\/v2\/pages\/8845"}],"collection":[{"href":"https:\/\/cirmar.com\/nl\/wp-json\/wp\/v2\/pages"}],"about":[{"href":"https:\/\/cirmar.com\/nl\/wp-json\/wp\/v2\/types\/page"}],"author":[{"embeddable":true,"href":"https:\/\/cirmar.com\/nl\/wp-json\/wp\/v2\/users\/2"}],"replies":[{"embeddable":true,"href":"https:\/\/cirmar.com\/nl\/wp-json\/wp\/v2\/comments?post=8845"}],"version-history":[{"count":1,"href":"https:\/\/cirmar.com\/nl\/wp-json\/wp\/v2\/pages\/8845\/revisions"}],"predecessor-version":[{"id":8848,"href":"https:\/\/cirmar.com\/nl\/wp-json\/wp\/v2\/pages\/8845\/revisions\/8848"}],"wp:attachment":[{"href":"https:\/\/cirmar.com\/nl\/wp-json\/wp\/v2\/media?parent=8845"}],"curies":[{"name":"wp","href":"https:\/\/api.w.org\/{rel}","templated":true}]}}