{"id":8851,"date":"2026-04-08T10:36:30","date_gmt":"2026-04-08T08:36:30","guid":{"rendered":"https:\/\/cirmar.com\/verbinden-met-pim-en-erp-systemen\/"},"modified":"2026-04-08T10:36:31","modified_gmt":"2026-04-08T08:36:31","slug":"verbinden-met-pim-en-erp-systemen","status":"publish","type":"page","link":"https:\/\/cirmar.com\/nl\/verbinden-met-pim-en-erp-systemen\/","title":{"rendered":"Verbinden met PIM- en ERP-systemen"},"content":{"rendered":"\n<h2 class=\"wp-block-heading\">Van bestaande data naar verrijkte DPP&#8217;s<\/h2>\n\n<div style=\"height:88px\" aria-hidden=\"true\" class=\"wp-block-spacer\"><\/div>\n\n<p class=\"has-medium-font-size\"><strong>Digitale productpaspoorten (DPP\u2019s) worden aanzienlijk krachtiger wanneer ze worden gekoppeld aan de systemen waarin de productgegevens al zijn opgeslagen. Wij helpen organisaties bij het integreren van DPP\u2019s met PIM- en ERP-systemen, waardoor bestaande data worden omgezet in een gestructureerde, schaalbare en continu bijgewerkte basis voor circulaire strategie\u00ebn. In plaats van gegevens te dupliceren of parallelle systemen op te zetten, sluiten we aan op wat er al is. Hierdoor kunnen bedrijven effici\u00ebnt DPP\u2019s opzetten, terwijl ze \u00e9\u00e9n betrouwbare bron van productinformatie behouden.<\/strong><\/p>\n\n<div style=\"height:76px\" aria-hidden=\"true\" class=\"wp-block-spacer\"><\/div>\n\n<h2 class=\"wp-block-heading has-medium-font-size\">Bestaande systemen als startpunt<\/h2>\n\n<p class=\"has-medium-font-size\">Voor veel organisaties bevatten PIM- en ERP-systemen al een groot deel van de productgerelateerde data: specificaties, materialen, leveranciers, logistieke informatie en meer. Deze systemen fungeren vaak \u2013 formeel of informeel \u2013 als de ruggengraat van het productdatabeheer.<\/p>\n\n<p class=\"has-medium-font-size\">Door C_passport\u00ae aan deze omgevingen te koppelen, zorgen we ervoor dat DPP\u2019s voortbouwen op bestaande kennis, in plaats van helemaal opnieuw te beginnen. Dit versnelt niet alleen de implementatie, maar verbetert ook de consistentie en betrouwbaarheid van de gegevens binnen de hele organisatie.<\/p>\n\n<p class=\"has-medium-font-size\">Tegelijkertijd beseffen we dat niet elke organisatie een PIM- of ERP-systeem nodig heeft. Voor bedrijven met een beperkt aantal producten kunnen eenvoudigere oplossingen effici\u00ebnter zijn. Ons platform is flexibel genoeg om beide benaderingen te ondersteunen \u2013 of je nu met geavanceerde systemen werkt of niet.<\/p>\n\n<div style=\"height:75px\" aria-hidden=\"true\" class=\"wp-block-spacer\"><\/div>\n<div class=\"wp-block-image\">\n<figure class=\"aligncenter size-large is-resized\"><img decoding=\"async\" src=\"https:\/\/cirmar.com\/\/app\/uploads\/2026\/02\/Scherm&#xAD;afbeelding-2026-02-16-om-16.23.07-1024x593.png\" alt=\"\" class=\"wp-image-8032\" style=\"width:753px;height:auto\"\/><\/figure><\/div>\n<div style=\"height:76px\" aria-hidden=\"true\" class=\"wp-block-spacer\"><\/div>\n\n<h2 class=\"wp-block-heading\">Van imports naar koppelingen<\/h2>\n\n<p class=\"has-medium-font-size\">We verbinden in verschillende fasen aan PIM- en ERP-systemen, afgestemd op het nut en de noodzaak van die verbinding. <\/p>\n\n<p class=\"has-medium-font-size\">Al in een vroeg stadium kan gestructureerde import aanzienlijke meerwaarde opleveren. Door productdata in het platform te importeren, kun je snel DPP\u2019s genereren en beginnen met het structureren van informatie.<\/p>\n\n<p class=\"has-medium-font-size\">Naarmate processen zich verder ontwikkelen, streven wij naar een diepere integratie via API\u2019s. Dit maakt data-uitwisseling in realtime of bijna realtime mogelijk, waardoor updates in PIM- of ERP-systemen automatisch worden doorgevoerd in DPP\u2019s.<\/p>\n\n<p class=\"has-medium-font-size\">Met deze gefaseerde aanpak kunnen organisaties snel van start gaan en tegelijkertijd toewerken naar een volledig ge\u00efntegreerd en geautomatiseerd datalandschap.<\/p>\n\n<div style=\"height:80px\" aria-hidden=\"true\" class=\"wp-block-spacer\"><\/div>\n\n<div class=\"wp-block-media-text is-stacked-on-mobile\"><figure class=\"wp-block-media-text__media\"><img loading=\"lazy\" decoding=\"async\" width=\"900\" height=\"600\" src=\"https:\/\/cirmar.com\/\/app\/uploads\/2024\/04\/presentatie-LIOF.jpeg\" alt=\"\" class=\"wp-image-3509 size-full\" srcset=\"https:\/\/cirmar.com\/\/app\/uploads\/2024\/04\/presentatie-LIOF.jpeg 900w, https:\/\/cirmar.com\/\/app\/uploads\/2024\/04\/presentatie-LIOF-300x200.jpeg 300w, https:\/\/cirmar.com\/\/app\/uploads\/2024\/04\/presentatie-LIOF-768x512.jpeg 768w, https:\/\/cirmar.com\/\/app\/uploads\/2024\/04\/presentatie-LIOF-825x550.jpeg 825w, https:\/\/cirmar.com\/\/app\/uploads\/2024\/04\/presentatie-LIOF-250x167.jpeg 250w, https:\/\/cirmar.com\/\/app\/uploads\/2024\/04\/presentatie-LIOF-600x400.jpeg 600w\" sizes=\"(max-width: 900px) 100vw, 900px\" \/><\/figure><div class=\"wp-block-media-text__content\">\n<p class=\"has-medium-font-size\">&#8216;We houden ervan om dingen praktisch aan te pakken: waar mogelijk bestaande data hergebruiken en verbanden leggen waar dat zinvol is. Het einddoel is om circulaire waarde te cre\u00ebren, en we ordenen de data om dat mogelijk te maken.&#8217;<\/p>\n\n\n\n<p class=\"has-medium-font-size\"><strong>Jasper Martin<\/strong><\/p>\n<\/div><\/div>\n\n<div style=\"height:76px\" aria-hidden=\"true\" class=\"wp-block-spacer\"><\/div>\n\n<h2 class=\"wp-block-heading\">De &#8216;single source of truth&#8217;<\/h2>\n\n<p class=\"has-medium-font-size\">Een van de belangrijkste voordelen van integratie met PIM- of ERP-systemen is de mogelijkheid om \u00e9\u00e9n duidelijke bron van waarheid &#8211; de single source of truth &#8211; voor productdata te cre\u00ebren.<\/p>\n\n<p class=\"has-medium-font-size\">Wanneer deze systemen worden ingezet als centraal knooppunt voor databeheer, fungeert C_passport\u00ae als een krachtige uitbreiding: het zet gestructureerde productdata om in digitale productpaspoorten en maakt deze toegankelijk gedurende de gehele waardeketen.<\/p>\n\n<p class=\"has-medium-font-size\">Dit vermindert dubbel werk, voorkomt inconsistenties en zorgt ervoor dat alle betrokkenen \u2013 interne teams, partners en klanten \u2013 met dezelfde, actuele informatie werken.<\/p>\n\n<div style=\"height:80px\" aria-hidden=\"true\" class=\"wp-block-spacer\"><\/div>\n\n<h2 class=\"wp-block-heading\">Van gefragmenteerde data naar gestructureerde flows<\/h2>\n\n<p class=\"has-medium-font-size\">Zonder integratie raken productdata vaak versnipperd over spreadsheets, systemen en afdelingen. Dit maakt het moeilijk om nauwkeurige DPP\u2019s bij te houden en beperkt de schaalbaarheid.<\/p>\n\n<p class=\"has-medium-font-size\">Door PIM- en ERP-systemen aan ons platform te koppelen, cre\u00ebren we gestructureerde datastromen. Informatie stroomt naadloos tussen systemen, wordt waar nodig aangevuld en is direct bruikbaar voor circulaire toepassingen.<\/p>\n\n<p class=\"has-medium-font-size\">Deze structuur is essentieel voor toepassingen zoals traceerbaarheid, naleving van regelgeving, hergebruiksstrategie\u00ebn en inzicht in de gebruikscyclus.<\/p>\n\n<div style=\"height:80px\" aria-hidden=\"true\" class=\"wp-block-spacer\"><\/div>\n\n<h2 class=\"wp-block-heading\">Schaalbare circulaire strategie\u00ebn mogelijk maken<\/h2>\n\n<p class=\"has-medium-font-size\">Circulariteit is afhankelijk van betrouwbare, toegankelijke en actuele productdata. Door DPP\u2019s te integreren met kernsystemen, maken we deze data een vast onderdeel van de dagelijkse bedrijfsvoering.<\/p>\n\n<p class=\"has-medium-font-size\">Deze aanpak ondersteunt:<\/p>\n\n<ul class=\"wp-block-list\">\n<li class=\"has-medium-font-size\">Effici\u00ebnt DPP&#8217;s aanmaken met bestaande data<\/li>\n\n\n\n<li class=\"has-medium-font-size\">Dynamisch updaten met systeemintegraties<\/li>\n\n\n\n<li class=\"has-medium-font-size\">Sterkere consistentie van data en betere samenwerking<\/li>\n\n\n\n<li class=\"has-medium-font-size\">Schaalbare processen voor groeiende productportfolio&#8217;s<\/li>\n<\/ul>\n\n<p class=\"has-medium-font-size\">Het belangrijkste is dat het ervoor zorgt dat DPP\u2019s geen op zichzelf staande oplossingen zijn, maar volledig zijn ge\u00efntegreerd in het digitale ecosysteem van je organisatie.<\/p>\n\n<div style=\"height:80px\" aria-hidden=\"true\" class=\"wp-block-spacer\"><\/div>\n\n<figure class=\"wp-block-gallery has-nested-images columns-default is-cropped wp-block-gallery-1 is-layout-flex wp-block-gallery-is-layout-flex\"><div class=\"wp-block-image\">\n<figure class=\"aligncenter size-large\"><img decoding=\"async\" data-id=\"8620\" src=\"https:\/\/cirmar.com\/\/app\/uploads\/2026\/03\/Scherm&#xAD;afbeelding-2026-03-20-om-16.23.04-1024x583.png\" alt=\"\" class=\"wp-image-8620\"\/><\/figure><\/div><\/figure>\n\n<div style=\"height:80px\" aria-hidden=\"true\" class=\"wp-block-spacer\"><\/div>\n\n<h2 class=\"wp-block-heading has-medium-font-size\">Systemen samen laten werken<\/h2>\n\n<p class=\"has-medium-font-size\">Het koppelen van PIM- en ERP-systemen aan C_passport\u00ae is niet alleen een technische stap, maar ook een strategische. Hierdoor kunnen organisaties de volledige waarde van hun bestaande data benutten en deze omzetten in zinvolle, bruikbare inzichten voor circulariteit.<\/p>\n\n<p class=\"has-medium-font-size\">Of je nu net begint met gestructureerde data of al complexe systeemlandschappen beheert, wij helpen bij het ontwerpen en implementeren van de juiste mate van integratie.<\/p>\n\n<p><\/p>\n\n<p class=\"has-medium-font-size\">Onze experts op het gebied van DPP-gegevenslandschappen staan klaar om je bedrijf te transformeren.<\/p>\n\n<div class=\"wp-block-buttons is-layout-flex wp-block-buttons-is-layout-flex\">\n<div class=\"wp-block-button\"><a class=\"wp-block-button__link wp-element-button\" href=\"https:\/\/cirmar.com\/nl\/contact-2\/\">Neem nu contact op<\/a><\/div>\n<\/div>\n\n<div style=\"height:41px\" aria-hidden=\"true\" class=\"wp-block-spacer\"><\/div>\n\n<p class=\"has-medium-font-size\">Ontdek hoe we circulaire voortuigang boeken door onze verhalen te lezen<\/p>\n\n<div class=\"wp-block-buttons is-layout-flex wp-block-buttons-is-layout-flex\">\n<div class=\"wp-block-button\"><a class=\"wp-block-button__link wp-element-button\" href=\"https:\/\/cirmar.com\/use-cases\/princess-traveller-recycled-suitcases\/\">Princess Traveller<\/a><\/div>\n\n\n\n<div class=\"wp-block-button\"><a class=\"wp-block-button__link wp-element-button\" href=\"https:\/\/cirmar.com\/use-cases\/securing-material-value-and-quality\/\">Jumbo<\/a><\/div>\n\n\n\n<div class=\"wp-block-button\"><a class=\"wp-block-button__link wp-element-button\" href=\"https:\/\/cirmar.com\/use-cases\/centerparcs-cottages\/\">Center Parcs<\/a><\/div>\n<\/div>\n\n<p><\/p>\n","protected":false},"excerpt":{"rendered":"<p>Van bestaande data naar verrijkte DPP&#8217;s Digitale productpaspoorten (DPP\u2019s) worden aanzienlijk krachtiger wanneer ze worden gekoppeld aan de systemen waarin de productgegevens al zijn opgeslagen. Wij helpen organisaties bij het integreren van DPP\u2019s met PIM- en ERP-systemen, waardoor bestaande data worden omgezet in een gestructureerde, schaalbare en continu bijgewerkte basis voor circulaire strategie\u00ebn. In plaats&#8230;<\/p>\n","protected":false},"author":2,"featured_media":0,"parent":0,"menu_order":0,"comment_status":"closed","ping_status":"closed","template":"","meta":{"footnotes":""},"class_list":["post-8851","page","type-page","status-publish","hentry"],"acf":[],"yoast_head":"<!-- This site is optimized with the Yoast SEO plugin v22.1 - https:\/\/yoast.com\/wordpress\/plugins\/seo\/ -->\n<title>Verbinden met PIM- en ERP-systemen - Cirmar<\/title>\n<meta name=\"description\" content=\"PIM- en ERP-systemen bevatten gegevens die van grote waarde zijn voor het DPP, en daarmee ook voor de transitie naar een circulaire economie. Wij helpen die waarde te ontsluiten.\" \/>\n<meta name=\"robots\" content=\"index, follow, max-snippet:-1, max-image-preview:large, max-video-preview:-1\" \/>\n<link rel=\"canonical\" href=\"https:\/\/cirmar.com\/nl\/verbinden-met-pim-en-erp-systemen\/\" \/>\n<meta property=\"og:locale\" content=\"nl_NL\" \/>\n<meta property=\"og:type\" content=\"article\" \/>\n<meta property=\"og:title\" content=\"Verbinden met PIM- en ERP-systemen - Cirmar\" \/>\n<meta property=\"og:description\" content=\"PIM- en ERP-systemen bevatten gegevens die van grote waarde zijn voor het DPP, en daarmee ook voor de transitie naar een circulaire economie. Wij helpen die waarde te ontsluiten.\" \/>\n<meta property=\"og:url\" content=\"https:\/\/cirmar.com\/nl\/verbinden-met-pim-en-erp-systemen\/\" \/>\n<meta property=\"og:site_name\" content=\"Cirmar\" \/>\n<meta property=\"article:modified_time\" content=\"2026-04-08T08:36:31+00:00\" \/>\n<meta property=\"og:image\" content=\"https:\/\/cirmar.com\/\/app\/uploads\/2026\/02\/Scherm&#xAD;afbeelding-2026-02-16-om-16.23.07-1024x593.png\" \/>\n<meta name=\"twitter:card\" content=\"summary_large_image\" \/>\n<meta name=\"twitter:label1\" content=\"Geschatte leestijd\" \/>\n\t<meta name=\"twitter:data1\" content=\"4 minuten\" \/>\n<script type=\"application\/ld+json\" class=\"yoast-schema-graph\">{\"@context\":\"https:\/\/schema.org\",\"@graph\":[{\"@type\":\"WebPage\",\"@id\":\"https:\/\/cirmar.com\/nl\/verbinden-met-pim-en-erp-systemen\/\",\"url\":\"https:\/\/cirmar.com\/nl\/verbinden-met-pim-en-erp-systemen\/\",\"name\":\"Verbinden met PIM- en ERP-systemen - Cirmar\",\"isPartOf\":{\"@id\":\"https:\/\/cirmar.com\/#website\"},\"datePublished\":\"2026-04-08T08:36:30+00:00\",\"dateModified\":\"2026-04-08T08:36:31+00:00\",\"description\":\"PIM- en ERP-systemen bevatten gegevens die van grote waarde zijn voor het DPP, en daarmee ook voor de transitie naar een circulaire economie. Wij helpen die waarde te ontsluiten.\",\"breadcrumb\":{\"@id\":\"https:\/\/cirmar.com\/nl\/verbinden-met-pim-en-erp-systemen\/#breadcrumb\"},\"inLanguage\":\"nl-NL\",\"potentialAction\":[{\"@type\":\"ReadAction\",\"target\":[\"https:\/\/cirmar.com\/nl\/verbinden-met-pim-en-erp-systemen\/\"]}]},{\"@type\":\"BreadcrumbList\",\"@id\":\"https:\/\/cirmar.com\/nl\/verbinden-met-pim-en-erp-systemen\/#breadcrumb\",\"itemListElement\":[{\"@type\":\"ListItem\",\"position\":1,\"name\":\"Cirmar\",\"item\":\"https:\/\/cirmar.com\/nl\/\"},{\"@type\":\"ListItem\",\"position\":2,\"name\":\"Verbinden met PIM- en ERP-systemen\"}]},{\"@type\":\"WebSite\",\"@id\":\"https:\/\/cirmar.com\/#website\",\"url\":\"https:\/\/cirmar.com\/\",\"name\":\"Cirmar\",\"description\":\"The Digital Product Passport\",\"publisher\":{\"@id\":\"https:\/\/cirmar.com\/#organization\"},\"potentialAction\":[{\"@type\":\"SearchAction\",\"target\":{\"@type\":\"EntryPoint\",\"urlTemplate\":\"https:\/\/cirmar.com\/?s={search_term_string}\"},\"query-input\":\"required name=search_term_string\"}],\"inLanguage\":\"nl-NL\"},{\"@type\":\"Organization\",\"@id\":\"https:\/\/cirmar.com\/#organization\",\"name\":\"Cirmar\",\"url\":\"https:\/\/cirmar.com\/\",\"logo\":{\"@type\":\"ImageObject\",\"inLanguage\":\"nl-NL\",\"@id\":\"https:\/\/cirmar.com\/#\/schema\/logo\/image\/\",\"url\":\"https:\/\/www.cirmar.com\/app\/uploads\/2021\/09\/Group-14.png\",\"contentUrl\":\"https:\/\/www.cirmar.com\/app\/uploads\/2021\/09\/Group-14.png\",\"width\":233,\"height\":95,\"caption\":\"Cirmar\"},\"image\":{\"@id\":\"https:\/\/cirmar.com\/#\/schema\/logo\/image\/\"}}]}<\/script>\n<!-- \/ Yoast SEO plugin. -->","yoast_head_json":{"title":"Verbinden met PIM- en ERP-systemen - Cirmar","description":"PIM- en ERP-systemen bevatten gegevens die van grote waarde zijn voor het DPP, en daarmee ook voor de transitie naar een circulaire economie. Wij helpen die waarde te ontsluiten.","robots":{"index":"index","follow":"follow","max-snippet":"max-snippet:-1","max-image-preview":"max-image-preview:large","max-video-preview":"max-video-preview:-1"},"canonical":"https:\/\/cirmar.com\/nl\/verbinden-met-pim-en-erp-systemen\/","og_locale":"nl_NL","og_type":"article","og_title":"Verbinden met PIM- en ERP-systemen - Cirmar","og_description":"PIM- en ERP-systemen bevatten gegevens die van grote waarde zijn voor het DPP, en daarmee ook voor de transitie naar een circulaire economie. Wij helpen die waarde te ontsluiten.","og_url":"https:\/\/cirmar.com\/nl\/verbinden-met-pim-en-erp-systemen\/","og_site_name":"Cirmar","article_modified_time":"2026-04-08T08:36:31+00:00","og_image":[{"url":"https:\/\/cirmar.com\/\/app\/uploads\/2026\/02\/Scherm&#xAD;afbeelding-2026-02-16-om-16.23.07-1024x593.png"}],"twitter_card":"summary_large_image","twitter_misc":{"Geschatte leestijd":"4 minuten"},"schema":{"@context":"https:\/\/schema.org","@graph":[{"@type":"WebPage","@id":"https:\/\/cirmar.com\/nl\/verbinden-met-pim-en-erp-systemen\/","url":"https:\/\/cirmar.com\/nl\/verbinden-met-pim-en-erp-systemen\/","name":"Verbinden met PIM- en ERP-systemen - Cirmar","isPartOf":{"@id":"https:\/\/cirmar.com\/#website"},"datePublished":"2026-04-08T08:36:30+00:00","dateModified":"2026-04-08T08:36:31+00:00","description":"PIM- en ERP-systemen bevatten gegevens die van grote waarde zijn voor het DPP, en daarmee ook voor de transitie naar een circulaire economie. Wij helpen die waarde te ontsluiten.","breadcrumb":{"@id":"https:\/\/cirmar.com\/nl\/verbinden-met-pim-en-erp-systemen\/#breadcrumb"},"inLanguage":"nl-NL","potentialAction":[{"@type":"ReadAction","target":["https:\/\/cirmar.com\/nl\/verbinden-met-pim-en-erp-systemen\/"]}]},{"@type":"BreadcrumbList","@id":"https:\/\/cirmar.com\/nl\/verbinden-met-pim-en-erp-systemen\/#breadcrumb","itemListElement":[{"@type":"ListItem","position":1,"name":"Cirmar","item":"https:\/\/cirmar.com\/nl\/"},{"@type":"ListItem","position":2,"name":"Verbinden met PIM- en ERP-systemen"}]},{"@type":"WebSite","@id":"https:\/\/cirmar.com\/#website","url":"https:\/\/cirmar.com\/","name":"Cirmar","description":"The Digital Product Passport","publisher":{"@id":"https:\/\/cirmar.com\/#organization"},"potentialAction":[{"@type":"SearchAction","target":{"@type":"EntryPoint","urlTemplate":"https:\/\/cirmar.com\/?s={search_term_string}"},"query-input":"required name=search_term_string"}],"inLanguage":"nl-NL"},{"@type":"Organization","@id":"https:\/\/cirmar.com\/#organization","name":"Cirmar","url":"https:\/\/cirmar.com\/","logo":{"@type":"ImageObject","inLanguage":"nl-NL","@id":"https:\/\/cirmar.com\/#\/schema\/logo\/image\/","url":"https:\/\/www.cirmar.com\/app\/uploads\/2021\/09\/Group-14.png","contentUrl":"https:\/\/www.cirmar.com\/app\/uploads\/2021\/09\/Group-14.png","width":233,"height":95,"caption":"Cirmar"},"image":{"@id":"https:\/\/cirmar.com\/#\/schema\/logo\/image\/"}}]}},"_links":{"self":[{"href":"https:\/\/cirmar.com\/nl\/wp-json\/wp\/v2\/pages\/8851"}],"collection":[{"href":"https:\/\/cirmar.com\/nl\/wp-json\/wp\/v2\/pages"}],"about":[{"href":"https:\/\/cirmar.com\/nl\/wp-json\/wp\/v2\/types\/page"}],"author":[{"embeddable":true,"href":"https:\/\/cirmar.com\/nl\/wp-json\/wp\/v2\/users\/2"}],"replies":[{"embeddable":true,"href":"https:\/\/cirmar.com\/nl\/wp-json\/wp\/v2\/comments?post=8851"}],"version-history":[{"count":1,"href":"https:\/\/cirmar.com\/nl\/wp-json\/wp\/v2\/pages\/8851\/revisions"}],"predecessor-version":[{"id":8854,"href":"https:\/\/cirmar.com\/nl\/wp-json\/wp\/v2\/pages\/8851\/revisions\/8854"}],"wp:attachment":[{"href":"https:\/\/cirmar.com\/nl\/wp-json\/wp\/v2\/media?parent=8851"}],"curies":[{"name":"wp","href":"https:\/\/api.w.org\/{rel}","templated":true}]}}